{"id":737,"date":"2025-01-24T13:41:04","date_gmt":"2025-01-24T16:41:04","guid":{"rendered":"https:\/\/igarapava.sp.gov.br\/site\/?page_id=737"},"modified":"2026-02-11T13:55:52","modified_gmt":"2026-02-11T16:55:52","slug":"ouvidoria-geral-do-municipio-de-igarapava","status":"publish","type":"page","link":"https:\/\/igarapava.sp.gov.br\/site\/ouvidoria-geral-do-municipio-de-igarapava\/","title":{"rendered":"Ouvidoria Geral do Munic\u00edpio de Igarapava"},"content":{"rendered":"\t\t<div data-elementor-type=\"wp-page\" data-elementor-id=\"737\" class=\"elementor elementor-737\" data-elementor-post-type=\"page\">\n\t\t\t\t<div class=\"elementor-element elementor-element-5e136ba e-flex e-con-boxed e-con e-parent\" data-id=\"5e136ba\" data-element_type=\"container\" data-e-type=\"container\">\n\t\t\t\t\t<div class=\"e-con-inner\">\n\t\t\t\t<div class=\"elementor-element elementor-element-e8a2a5f elementor-widget elementor-widget-image\" data-id=\"e8a2a5f\" data-element_type=\"widget\" data-e-type=\"widget\" data-widget_type=\"image.default\">\n\t\t\t\t\t\t\t\t\t\t\t\t\t\t\t<img fetchpriority=\"high\" decoding=\"async\" width=\"800\" height=\"250\" src=\"https:\/\/igarapava.sp.gov.br\/site\/wp-content\/uploads\/2025\/01\/ouvidoria2-1024x320.png\" class=\"attachment-large size-large wp-image-783\" alt=\"\" srcset=\"https:\/\/igarapava.sp.gov.br\/site\/wp-content\/uploads\/2025\/01\/ouvidoria2-1024x320.png 1024w, https:\/\/igarapava.sp.gov.br\/site\/wp-content\/uploads\/2025\/01\/ouvidoria2-300x94.png 300w, https:\/\/igarapava.sp.gov.br\/site\/wp-content\/uploads\/2025\/01\/ouvidoria2-768x240.png 768w, https:\/\/igarapava.sp.gov.br\/site\/wp-content\/uploads\/2025\/01\/ouvidoria2-1536x480.png 1536w, https:\/\/igarapava.sp.gov.br\/site\/wp-content\/uploads\/2025\/01\/ouvidoria2.png 1920w\" sizes=\"(max-width: 800px) 100vw, 800px\" \/>\t\t\t\t\t\t\t\t\t\t\t\t\t\t\t<\/div>\n\t\t\t\t<div class=\"elementor-element elementor-element-109316a elementor-widget elementor-widget-spacer\" data-id=\"109316a\" data-element_type=\"widget\" data-e-type=\"widget\" data-widget_type=\"spacer.default\">\n\t\t\t\t\t\t\t<div class=\"elementor-spacer\">\n\t\t\t<div class=\"elementor-spacer-inner\"><\/div>\n\t\t<\/div>\n\t\t\t\t\t\t<\/div>\n\t\t\t\t<div class=\"elementor-element elementor-element-a004138 elementor-widget elementor-widget-text-editor\" data-id=\"a004138\" data-element_type=\"widget\" data-e-type=\"widget\" data-widget_type=\"text-editor.default\">\n\t\t\t\t\t\t\t\t\t<p><strong>Ouvidoria Municipal de Igarapava<\/strong><\/p><p>A Prefeitura de Igarapava informa que a Ouvidoria Municipal foi institu\u00edda pela Lei Municipal n\u00ba 823, com o objetivo de estreitar a comunica\u00e7\u00e3o entre os cidad\u00e3os e a administra\u00e7\u00e3o p\u00fablica.<\/p><p>A Ouvidoria \u00e9 um canal essencial para registrar reclama\u00e7\u00f5es, den\u00fancias, sugest\u00f5es, elogios ou solicita\u00e7\u00f5es relacionadas aos servi\u00e7os p\u00fablicos municipais. Por meio dela, garantimos a transpar\u00eancia, a participa\u00e7\u00e3o popular e a melhoria cont\u00ednua na gest\u00e3o p\u00fablica.<\/p><p>Para acessar a Ouvidoria e registrar sua manifesta\u00e7\u00e3o, clique abaixo.<\/p>\t\t\t\t\t\t\t\t<\/div>\n\t\t\t\t<div class=\"elementor-element elementor-element-27a42d4 elementor-align-center elementor-widget elementor-widget-button\" data-id=\"27a42d4\" data-element_type=\"widget\" data-e-type=\"widget\" data-widget_type=\"button.default\">\n\t\t\t\t\t\t\t\t\t\t<a class=\"elementor-button elementor-button-link elementor-size-sm\" href=\"https:\/\/igarapava.1doc.com.br\/b.php?pg=wp\/wp&#038;itd=15\" target=\"_blank\">\n\t\t\t\t\t\t<span class=\"elementor-button-content-wrapper\">\n\t\t\t\t\t\t<span class=\"elementor-button-icon\">\n\t\t\t\t<svg aria-hidden=\"true\" class=\"e-font-icon-svg e-far-edit\" viewBox=\"0 0 576 512\" xmlns=\"http:\/\/www.w3.org\/2000\/svg\"><path d=\"M402.3 344.9l32-32c5-5 13.7-1.5 13.7 5.7V464c0 26.5-21.5 48-48 48H48c-26.5 0-48-21.5-48-48V112c0-26.5 21.5-48 48-48h273.5c7.1 0 10.7 8.6 5.7 13.7l-32 32c-1.5 1.5-3.5 2.3-5.7 2.3H48v352h352V350.5c0-2.1.8-4.1 2.3-5.6zm156.6-201.8L296.3 405.7l-90.4 10c-26.2 2.9-48.5-19.2-45.6-45.6l10-90.4L432.9 17.1c22.9-22.9 59.9-22.9 82.7 0l43.2 43.2c22.9 22.9 22.9 60 .1 82.8zM460.1 174L402 115.9 216.2 301.8l-7.3 65.3 65.3-7.3L460.1 174zm64.8-79.7l-43.2-43.2c-4.1-4.1-10.8-4.1-14.8 0L436 82l58.1 58.1 30.9-30.9c4-4.2 4-10.8-.1-14.9z\"><\/path><\/svg>\t\t\t<\/span>\n\t\t\t\t\t\t\t\t\t<span class=\"elementor-button-text\">Clique aqui e Envie sua demanda para a Prefeitura<\/span>\n\t\t\t\t\t<\/span>\n\t\t\t\t\t<\/a>\n\t\t\t\t\t\t\t\t<\/div>\n\t\t\t\t<div class=\"elementor-element elementor-element-002e297 elementor-widget elementor-widget-text-editor\" data-id=\"002e297\" data-element_type=\"widget\" data-e-type=\"widget\" data-widget_type=\"text-editor.default\">\n\t\t\t\t\t\t\t\t\t<h3>Links \u00fateis<\/h3>\t\t\t\t\t\t\t\t<\/div>\n\t\t\t\t<div class=\"elementor-element elementor-element-f4facd6 elementor-widget elementor-widget-button\" data-id=\"f4facd6\" data-element_type=\"widget\" data-e-type=\"widget\" data-widget_type=\"button.default\">\n\t\t\t\t\t\t\t\t\t\t<a class=\"elementor-button elementor-button-link elementor-size-sm\" href=\"https:\/\/igarapava.sp.gov.br\/site\/wp-content\/uploads\/2026\/02\/Carta-de-Servico-ao-Usuario-2026.pdf\" target=\"_blank\">\n\t\t\t\t\t\t<span class=\"elementor-button-content-wrapper\">\n\t\t\t\t\t\t\t\t\t<span class=\"elementor-button-text\">Carta de Servi\u00e7os ao Usu\u00e1rio<\/span>\n\t\t\t\t\t<\/span>\n\t\t\t\t\t<\/a>\n\t\t\t\t\t\t\t\t<\/div>\n\t\t\t\t<div class=\"elementor-element elementor-element-7940a27 elementor-widget elementor-widget-button\" data-id=\"7940a27\" data-element_type=\"widget\" data-e-type=\"widget\" data-widget_type=\"button.default\">\n\t\t\t\t\t\t\t\t\t\t<a class=\"elementor-button elementor-button-link elementor-size-sm\" href=\"https:\/\/igarapava.sp.gov.br\/site\/wp-content\/uploads\/2025\/01\/LEI-No-823-27-DE-NOVEMBRO-DE-2018-CRIA-OUVIDORIA-GERAL-DE-IGARAPAVA_000235.pdf\" target=\"_blank\">\n\t\t\t\t\t\t<span class=\"elementor-button-content-wrapper\">\n\t\t\t\t\t\t\t\t\t<span class=\"elementor-button-text\">Lei de Cria\u00e7\u00e3o da Ouvidoria Geral do Munic\u00edpio<\/span>\n\t\t\t\t\t<\/span>\n\t\t\t\t\t<\/a>\n\t\t\t\t\t\t\t\t<\/div>\n\t\t\t\t<div class=\"elementor-element elementor-element-cba3ae9 elementor-widget elementor-widget-spacer\" data-id=\"cba3ae9\" data-element_type=\"widget\" data-e-type=\"widget\" data-widget_type=\"spacer.default\">\n\t\t\t\t\t\t\t<div class=\"elementor-spacer\">\n\t\t\t<div class=\"elementor-spacer-inner\"><\/div>\n\t\t<\/div>\n\t\t\t\t\t\t<\/div>\n\t\t\t\t<div class=\"elementor-element elementor-element-3adc06c elementor-widget elementor-widget-text-editor\" data-id=\"3adc06c\" data-element_type=\"widget\" data-e-type=\"widget\" data-widget_type=\"text-editor.default\">\n\t\t\t\t\t\t\t\t\t<p>Exerc\u00edcio de 2025<\/p>\t\t\t\t\t\t\t\t<\/div>\n\t\t\t\t<div class=\"elementor-element elementor-element-02b51b4 elementor-widget elementor-widget-button\" data-id=\"02b51b4\" data-element_type=\"widget\" data-e-type=\"widget\" data-widget_type=\"button.default\">\n\t\t\t\t\t\t\t\t\t\t<a class=\"elementor-button elementor-button-link elementor-size-sm\" href=\"https:\/\/igarapava.sp.gov.br\/site\/wp-content\/uploads\/2025\/05\/RELATORIO-1\u00b0-QUADRIMESTRE-JAN-ABR-2025.pdf\" target=\"_blank\">\n\t\t\t\t\t\t<span class=\"elementor-button-content-wrapper\">\n\t\t\t\t\t\t\t\t\t<span class=\"elementor-button-text\">Relat\u00f3rio - 1\u00ba Quadrimestre 2025<\/span>\n\t\t\t\t\t<\/span>\n\t\t\t\t\t<\/a>\n\t\t\t\t\t\t\t\t<\/div>\n\t\t\t\t<div class=\"elementor-element elementor-element-c3d35f3 elementor-widget elementor-widget-button\" data-id=\"c3d35f3\" data-element_type=\"widget\" data-e-type=\"widget\" data-widget_type=\"button.default\">\n\t\t\t\t\t\t\t\t\t\t<a class=\"elementor-button elementor-button-link elementor-size-sm\" href=\"https:\/\/igarapava.sp.gov.br\/site\/wp-content\/uploads\/2025\/09\/RELATORIO-2\u00b0-QUADRIMESTRE-MAI-AGO-2025.pdf\" target=\"_blank\">\n\t\t\t\t\t\t<span class=\"elementor-button-content-wrapper\">\n\t\t\t\t\t\t\t\t\t<span class=\"elementor-button-text\">Relat\u00f3rio - 2\u00ba Quadrimestre 2025<\/span>\n\t\t\t\t\t<\/span>\n\t\t\t\t\t<\/a>\n\t\t\t\t\t\t\t\t<\/div>\n\t\t\t\t<div class=\"elementor-element elementor-element-6684059 elementor-widget elementor-widget-button\" data-id=\"6684059\" data-element_type=\"widget\" data-e-type=\"widget\" data-widget_type=\"button.default\">\n\t\t\t\t\t\t\t\t\t\t<a class=\"elementor-button elementor-button-link elementor-size-sm\" href=\"https:\/\/igarapava.sp.gov.br\/site\/wp-content\/uploads\/2026\/01\/RELATORIO-3\u00b0-QUADRIMESTRE-SET-DEZ-2025.pdf\" target=\"_blank\">\n\t\t\t\t\t\t<span class=\"elementor-button-content-wrapper\">\n\t\t\t\t\t\t\t\t\t<span class=\"elementor-button-text\">Relat\u00f3rio - 3\u00ba Quadrimestre 2025<\/span>\n\t\t\t\t\t<\/span>\n\t\t\t\t\t<\/a>\n\t\t\t\t\t\t\t\t<\/div>\n\t\t\t\t<div class=\"elementor-element elementor-element-6a910b9 elementor-widget elementor-widget-button\" data-id=\"6a910b9\" data-element_type=\"widget\" data-e-type=\"widget\" data-widget_type=\"button.default\">\n\t\t\t\t\t\t\t\t\t\t<a class=\"elementor-button elementor-button-link elementor-size-sm\" href=\"https:\/\/igarapava.sp.gov.br\/site\/wp-content\/uploads\/2026\/01\/RELATORIO-ANUAL-JAN-DEZ-2025.pdf\" target=\"_blank\">\n\t\t\t\t\t\t<span class=\"elementor-button-content-wrapper\">\n\t\t\t\t\t\t\t\t\t<span class=\"elementor-button-text\">Relat\u00f3rio Anual 2025<\/span>\n\t\t\t\t\t<\/span>\n\t\t\t\t\t<\/a>\n\t\t\t\t\t\t\t\t<\/div>\n\t\t\t\t<div class=\"elementor-element elementor-element-d93855b elementor-widget elementor-widget-spacer\" data-id=\"d93855b\" data-element_type=\"widget\" data-e-type=\"widget\" data-widget_type=\"spacer.default\">\n\t\t\t\t\t\t\t<div class=\"elementor-spacer\">\n\t\t\t<div class=\"elementor-spacer-inner\"><\/div>\n\t\t<\/div>\n\t\t\t\t\t\t<\/div>\n\t\t\t\t<div class=\"elementor-element elementor-element-56893f1 elementor-widget elementor-widget-text-editor\" data-id=\"56893f1\" data-element_type=\"widget\" data-e-type=\"widget\" data-widget_type=\"text-editor.default\">\n\t\t\t\t\t\t\t\t\t<p>Exerc\u00edcio de 2024<\/p>\t\t\t\t\t\t\t\t<\/div>\n\t\t\t\t<div class=\"elementor-element elementor-element-611a018 elementor-widget elementor-widget-button\" data-id=\"611a018\" data-element_type=\"widget\" data-e-type=\"widget\" data-widget_type=\"button.default\">\n\t\t\t\t\t\t\t\t\t\t<a class=\"elementor-button elementor-button-link elementor-size-sm\" href=\"https:\/\/igarapava.sp.gov.br\/site\/wp-content\/uploads\/2025\/01\/RELATORIO-1\u00b0-QUADRIMESTRE-JANEIRO-ABRIL-DE-2024.pdf\" target=\"_blank\">\n\t\t\t\t\t\t<span class=\"elementor-button-content-wrapper\">\n\t\t\t\t\t\t\t\t\t<span class=\"elementor-button-text\">Relat\u00f3rio - 1\u00ba Quadrimestre 2024<\/span>\n\t\t\t\t\t<\/span>\n\t\t\t\t\t<\/a>\n\t\t\t\t\t\t\t\t<\/div>\n\t\t\t\t<div class=\"elementor-element elementor-element-d2bfbf6 elementor-widget elementor-widget-button\" data-id=\"d2bfbf6\" data-element_type=\"widget\" data-e-type=\"widget\" data-widget_type=\"button.default\">\n\t\t\t\t\t\t\t\t\t\t<a class=\"elementor-button elementor-button-link elementor-size-sm\" href=\"https:\/\/igarapava.sp.gov.br\/site\/wp-content\/uploads\/2025\/01\/RELATORIO-2\u00b0-QUADRIMESTRE-MAI-AGO-2024.pdf\" target=\"_blank\">\n\t\t\t\t\t\t<span class=\"elementor-button-content-wrapper\">\n\t\t\t\t\t\t\t\t\t<span class=\"elementor-button-text\">Relat\u00f3rio - 2\u00ba Quadrimestre 2024<\/span>\n\t\t\t\t\t<\/span>\n\t\t\t\t\t<\/a>\n\t\t\t\t\t\t\t\t<\/div>\n\t\t\t\t<div class=\"elementor-element elementor-element-8a4120d elementor-widget elementor-widget-button\" data-id=\"8a4120d\" data-element_type=\"widget\" data-e-type=\"widget\" data-widget_type=\"button.default\">\n\t\t\t\t\t\t\t\t\t\t<a class=\"elementor-button elementor-button-link elementor-size-sm\" href=\"https:\/\/igarapava.sp.gov.br\/site\/wp-content\/uploads\/2025\/01\/RELATORIO-3o-QUADRIMESTRE-SET-ATE-DEZ-2024.pdf\" target=\"_blank\">\n\t\t\t\t\t\t<span class=\"elementor-button-content-wrapper\">\n\t\t\t\t\t\t\t\t\t<span class=\"elementor-button-text\">Relat\u00f3rio - 3\u00ba Quadrimestre 2024<\/span>\n\t\t\t\t\t<\/span>\n\t\t\t\t\t<\/a>\n\t\t\t\t\t\t\t\t<\/div>\n\t\t\t\t<div class=\"elementor-element elementor-element-d4222f5 elementor-widget elementor-widget-button\" data-id=\"d4222f5\" data-element_type=\"widget\" data-e-type=\"widget\" data-widget_type=\"button.default\">\n\t\t\t\t\t\t\t\t\t\t<a class=\"elementor-button elementor-button-link elementor-size-sm\" href=\"https:\/\/igarapava.sp.gov.br\/site\/wp-content\/uploads\/2025\/01\/RELATORIO-ANUAL-2024.pdf\" target=\"_blank\">\n\t\t\t\t\t\t<span class=\"elementor-button-content-wrapper\">\n\t\t\t\t\t\t\t\t\t<span class=\"elementor-button-text\">Relat\u00f3rio Anual 2024<\/span>\n\t\t\t\t\t<\/span>\n\t\t\t\t\t<\/a>\n\t\t\t\t\t\t\t\t<\/div>\n\t\t\t\t\t<\/div>\n\t\t\t\t<\/div>\n\t\t\t\t<\/div>\n\t\t","protected":false},"excerpt":{"rendered":"<p>Ouvidoria Municipal de Igarapava A Prefeitura de Igarapava informa que a Ouvidoria Municipal foi institu\u00edda pela Lei Municipal n\u00ba 823, com o objetivo de estreitar a comunica\u00e7\u00e3o entre os cidad\u00e3os e a administra\u00e7\u00e3o p\u00fablica. A Ouvidoria \u00e9 um canal essencial para registrar reclama\u00e7\u00f5es, den\u00fancias, sugest\u00f5es, elogios ou solicita\u00e7\u00f5es relacionadas aos servi\u00e7os p\u00fablicos municipais. Por meio [&hellip;]<\/p>\n","protected":false},"author":1,"featured_media":0,"parent":0,"menu_order":0,"comment_status":"closed","ping_status":"closed","template":"","meta":{"footnotes":""},"class_list":["post-737","page","type-page","status-publish","hentry"],"_links":{"self":[{"href":"https:\/\/igarapava.sp.gov.br\/site\/wp-json\/wp\/v2\/pages\/737","targetHints":{"allow":["GET"]}}],"collection":[{"href":"https:\/\/igarapava.sp.gov.br\/site\/wp-json\/wp\/v2\/pages"}],"about":[{"href":"https:\/\/igarapava.sp.gov.br\/site\/wp-json\/wp\/v2\/types\/page"}],"author":[{"embeddable":true,"href":"https:\/\/igarapava.sp.gov.br\/site\/wp-json\/wp\/v2\/users\/1"}],"replies":[{"embeddable":true,"href":"https:\/\/igarapava.sp.gov.br\/site\/wp-json\/wp\/v2\/comments?post=737"}],"version-history":[{"count":28,"href":"https:\/\/igarapava.sp.gov.br\/site\/wp-json\/wp\/v2\/pages\/737\/revisions"}],"predecessor-version":[{"id":5096,"href":"https:\/\/igarapava.sp.gov.br\/site\/wp-json\/wp\/v2\/pages\/737\/revisions\/5096"}],"wp:attachment":[{"href":"https:\/\/igarapava.sp.gov.br\/site\/wp-json\/wp\/v2\/media?parent=737"}],"curies":[{"name":"wp","href":"https:\/\/api.w.org\/{rel}","templated":true}]}}