{"id":5613,"date":"2026-04-01T12:40:38","date_gmt":"2026-04-01T15:40:38","guid":{"rendered":"https:\/\/igarapava.sp.gov.br\/site\/?page_id=5613"},"modified":"2026-04-06T12:21:08","modified_gmt":"2026-04-06T15:21:08","slug":"chamamento-publico-no-002-2025","status":"publish","type":"page","link":"https:\/\/igarapava.sp.gov.br\/site\/chamamento-publico-no-002-2025\/","title":{"rendered":"Chamamento P\u00fablico n\u00ba 002\/2025"},"content":{"rendered":"\t\t<div data-elementor-type=\"wp-page\" data-elementor-id=\"5613\" class=\"elementor elementor-5613\" data-elementor-post-type=\"page\">\n\t\t\t\t<div class=\"elementor-element elementor-element-bbef928 e-flex e-con-boxed e-con e-parent\" data-id=\"bbef928\" data-element_type=\"container\" data-e-type=\"container\">\n\t\t\t\t\t<div class=\"e-con-inner\">\n\t\t\t\t<div class=\"elementor-element elementor-element-64ee8a3 elementor-widget elementor-widget-spacer\" data-id=\"64ee8a3\" data-element_type=\"widget\" data-e-type=\"widget\" data-widget_type=\"spacer.default\">\n\t\t\t\t\t\t\t<div class=\"elementor-spacer\">\n\t\t\t<div class=\"elementor-spacer-inner\"><\/div>\n\t\t<\/div>\n\t\t\t\t\t\t<\/div>\n\t\t\t\t<div class=\"elementor-element elementor-element-8f2be35 elementor-widget elementor-widget-heading\" data-id=\"8f2be35\" data-element_type=\"widget\" data-e-type=\"widget\" data-widget_type=\"heading.default\">\n\t\t\t\t\t<h2 class=\"elementor-heading-title elementor-size-default\">Chamamento P\u00fablico n\u00ba 002\/2025<\/h2>\t\t\t\t<\/div>\n\t\t\t\t<div class=\"elementor-element elementor-element-d3bda37 elementor-widget elementor-widget-spacer\" data-id=\"d3bda37\" data-element_type=\"widget\" data-e-type=\"widget\" data-widget_type=\"spacer.default\">\n\t\t\t\t\t\t\t<div class=\"elementor-spacer\">\n\t\t\t<div class=\"elementor-spacer-inner\"><\/div>\n\t\t<\/div>\n\t\t\t\t\t\t<\/div>\n\t\t\t\t<div class=\"elementor-element elementor-element-56f1840 elementor-widget elementor-widget-text-editor\" data-id=\"56f1840\" data-element_type=\"widget\" data-e-type=\"widget\" data-widget_type=\"text-editor.default\">\n\t\t\t\t\t\t\t\t\t<p>Encontra \u2014 se aberto o <strong>Chamamento P\u00fablico n\u00b0 002\/2025<\/strong> para\u00a0 Financiamento de Projetos Voltados \u00e0 prote\u00e7\u00e3o e \u00e0 Defesa dos Direitos das Crian\u00e7as e dos Adolescentes.<\/p><p>A Prefeitura Municipal de Igarapava, por meio do<strong> Conselho Municipal dos Direitos da Crian\u00e7a e do Adolescente (CMDCA)<\/strong>, informa a abertura do Edital de Chamamento P\u00fablico n\u00b0 002\/2025. O objetivo \u00e9 a sele\u00e7\u00e3o de propostas \/ projetos de Organiza\u00e7\u00f5es da Sociedade Civil &#8211; OSCs, registradas no CMDCA (Conselho Municipal dos Direitos da Crian\u00e7a e do Adolescente), visando a celebra\u00e7\u00e3o e execu\u00e7\u00e3o de\u00a0 parcerias destinadas \u00e0 promo\u00e7\u00e3o, \u00e0\u00a0 prote\u00e7\u00e3o e \u00e0 Defesa dos Direitos das\u00a0 Crian\u00e7as e dos Adolescentes, a serem financiadas com recursos do <strong>Fundo Municipal dos Direitos da Crian\u00e7a e do Adolescente de Igarapava (FMDCA).<\/strong><\/p><p>Ser\u00e3o destinados at\u00e9 <strong>R$ 400.394,01<\/strong> do Fundo Municipal dos Direitos da\u00a0 Crian\u00e7a e do Adolescente de IGARAPAVA &#8211; FMDCA para apoiar iniciativas voltadas a promo\u00e7\u00e3o, prote\u00e7\u00e3o e defesa de direitos de crian\u00e7as e adolescentes em conformidade com as Pol\u00edticas P\u00fablicas da Crian\u00e7a e do Adolescente e com os eixos e diretrizes priorit\u00e1rias relacionadas no Edital, entre outras a\u00e7\u00f5es.<\/p><p>As propostas dever\u00e3o ser entregues entre os dias 06 de novembro de 2025 a 05 de dezembro de 2025, presencialmente ou via postal, conforme as regras do edital.<\/p>\t\t\t\t\t\t\t\t<\/div>\n\t\t\t\t<div class=\"elementor-element elementor-element-8aac472 elementor-widget elementor-widget-n-accordion\" data-id=\"8aac472\" data-element_type=\"widget\" data-e-type=\"widget\" data-settings=\"{&quot;default_state&quot;:&quot;all_collapsed&quot;,&quot;max_items_expended&quot;:&quot;one&quot;,&quot;n_accordion_animation_duration&quot;:{&quot;unit&quot;:&quot;ms&quot;,&quot;size&quot;:400,&quot;sizes&quot;:[]}}\" data-widget_type=\"nested-accordion.default\">\n\t\t\t\t\t\t\t<div class=\"e-n-accordion\" aria-label=\"Accordion. Open links with Enter or Space, close with Escape, and navigate with Arrow Keys\">\n\t\t\t\t\t\t<details id=\"e-n-accordion-item-1450\" class=\"e-n-accordion-item\" >\n\t\t\t\t<summary class=\"e-n-accordion-item-title\" data-accordion-index=\"1\" tabindex=\"0\" aria-expanded=\"false\" aria-controls=\"e-n-accordion-item-1450\" >\n\t\t\t\t\t<span class='e-n-accordion-item-title-header'><div class=\"e-n-accordion-item-title-text\"> Acesse o edital completo: <\/div><\/span>\n\t\t\t\t\t\t\t<span class='e-n-accordion-item-title-icon'>\n\t\t\t<span class='e-opened' ><svg aria-hidden=\"true\" class=\"e-font-icon-svg e-fas-minus\" viewBox=\"0 0 448 512\" xmlns=\"http:\/\/www.w3.org\/2000\/svg\"><path d=\"M416 208H32c-17.67 0-32 14.33-32 32v32c0 17.67 14.33 32 32 32h384c17.67 0 32-14.33 32-32v-32c0-17.67-14.33-32-32-32z\"><\/path><\/svg><\/span>\n\t\t\t<span class='e-closed'><svg aria-hidden=\"true\" class=\"e-font-icon-svg e-fas-plus\" viewBox=\"0 0 448 512\" xmlns=\"http:\/\/www.w3.org\/2000\/svg\"><path d=\"M416 208H272V64c0-17.67-14.33-32-32-32h-32c-17.67 0-32 14.33-32 32v144H32c-17.67 0-32 14.33-32 32v32c0 17.67 14.33 32 32 32h144v144c0 17.67 14.33 32 32 32h32c17.67 0 32-14.33 32-32V304h144c17.67 0 32-14.33 32-32v-32c0-17.67-14.33-32-32-32z\"><\/path><\/svg><\/span>\n\t\t<\/span>\n\n\t\t\t\t\t\t<\/summary>\n\t\t\t\t<div role=\"region\" aria-labelledby=\"e-n-accordion-item-1450\" class=\"elementor-element elementor-element-bfc50aa e-con-full e-flex e-con e-child\" data-id=\"bfc50aa\" data-element_type=\"container\" data-e-type=\"container\">\n\t\t\t\t<div class=\"elementor-element elementor-element-dbb2a79 elementor-widget elementor-widget-text-editor\" data-id=\"dbb2a79\" data-element_type=\"widget\" data-e-type=\"widget\" data-widget_type=\"text-editor.default\">\n\t\t\t\t\t\t\t\t\t<p><strong><img decoding=\"async\" class=\"emoji\" role=\"img\" draggable=\"false\" src=\"https:\/\/s.w.org\/images\/core\/emoji\/17.0.2\/svg\/1f517.svg\" alt=\"\ud83d\udd17\" \/> <a href=\"https:\/\/igarapava.sp.gov.br\/site\/wp-content\/uploads\/2026\/04\/Edital-02.2025-Chamamento-Publico-CMDCA-ok.pdf\" target=\"_blank\" rel=\"noopener\">Edital n\u00ba 02\/2025 &#8211; Chamamento P\u00fablico CMDCA<\/a><\/strong><\/p><p><strong><img decoding=\"async\" class=\"emoji\" role=\"img\" draggable=\"false\" src=\"https:\/\/s.w.org\/images\/core\/emoji\/17.0.2\/svg\/1f517.svg\" alt=\"\ud83d\udd17\" \/> <a href=\"https:\/\/igarapava.sp.gov.br\/site\/wp-content\/uploads\/2026\/04\/PUBLICACAO-EDITAL-CHAMAMENTO-DIARIO-OFICIAL.pdf\" target=\"_blank\" rel=\"noopener\">Publica\u00e7\u00e3o do Edital &#8211; Di\u00e1rio Oficial<\/a><\/strong><\/p><p><strong><img decoding=\"async\" class=\"emoji\" role=\"img\" draggable=\"false\" src=\"https:\/\/s.w.org\/images\/core\/emoji\/17.0.2\/svg\/1f517.svg\" alt=\"\ud83d\udd17\" \/> <a href=\"https:\/\/igarapava.sp.gov.br\/site\/wp-content\/uploads\/2026\/04\/PARECERES-CMDCA.pdf\" target=\"_blank\" rel=\"noopener\">Pareceres CMDCA<\/a><\/strong><\/p><p><strong><img decoding=\"async\" class=\"emoji\" role=\"img\" draggable=\"false\" src=\"https:\/\/s.w.org\/images\/core\/emoji\/17.0.2\/svg\/1f517.svg\" alt=\"\ud83d\udd17\" \/> <a href=\"https:\/\/igarapava.sp.gov.br\/site\/wp-content\/uploads\/2026\/04\/RESOLUCAO-05-2025-PROJETOS-APROVADOS.pdf\" target=\"_blank\" rel=\"noopener\">Resolu\u00e7\u00e3o n\u00ba 05\/2025 &#8211; Projetos Aprovados<\/a><\/strong><\/p><p><strong><img decoding=\"async\" class=\"emoji\" role=\"img\" draggable=\"false\" src=\"https:\/\/s.w.org\/images\/core\/emoji\/17.0.2\/svg\/1f517.svg\" alt=\"\ud83d\udd17\" \/> <a href=\"https:\/\/igarapava.sp.gov.br\/site\/wp-content\/uploads\/2026\/04\/EDITAL-DE-HOMOLOGACAO-DO-CHAMAMENTO-PUBLICO.pdf\" target=\"_blank\" rel=\"noopener\">Edital de Homologa\u00e7\u00e3o do Chamamento P\u00fablico<\/a><\/strong><\/p><p><strong><img decoding=\"async\" class=\"emoji\" role=\"img\" draggable=\"false\" src=\"https:\/\/s.w.org\/images\/core\/emoji\/17.0.2\/svg\/1f517.svg\" alt=\"\ud83d\udd17\" \/> <a href=\"https:\/\/igarapava.sp.gov.br\/site\/wp-content\/uploads\/2026\/04\/PARECERES-COMISSAO-DE-MONITORAMENTO-E-AVALIACAO-FASE-DE-CELEBRACAO.pdf\" target=\"_blank\" rel=\"noopener\">Pareceres da Comiss\u00e3o de Monitoramento e Avalia\u00e7\u00e3o &#8211; Fase de Celebra\u00e7\u00e3o<\/a><\/strong><\/p><p><strong><img decoding=\"async\" class=\"emoji\" role=\"img\" draggable=\"false\" src=\"https:\/\/s.w.org\/images\/core\/emoji\/17.0.2\/svg\/1f517.svg\" alt=\"\ud83d\udd17\" \/> <a href=\"https:\/\/igarapava.sp.gov.br\/site\/wp-content\/uploads\/2026\/04\/RESOLUCAO-01-2026-CMDCA.pdf\" target=\"_blank\" rel=\"noopener\">Resolu\u00e7\u00e3o 01\/2026 &#8211; CMDCA<\/a><\/strong><\/p><p><strong><img decoding=\"async\" class=\"emoji\" role=\"img\" draggable=\"false\" src=\"https:\/\/s.w.org\/images\/core\/emoji\/17.0.2\/svg\/1f517.svg\" alt=\"\ud83d\udd17\" \/> <a href=\"https:\/\/igarapava.sp.gov.br\/site\/wp-content\/uploads\/2026\/04\/AUTORIZACAO-PARA-FORMALIZACAO-DAS-PARCERIAS.pdf\" target=\"_blank\" rel=\"noopener\">Autoriza\u00e7\u00e3o para Formaliza\u00e7\u00e3o das Parcerias.<\/a><\/strong><\/p><p><strong><img decoding=\"async\" class=\"emoji\" role=\"img\" draggable=\"false\" src=\"https:\/\/s.w.org\/images\/core\/emoji\/17.0.2\/svg\/1f517.svg\" alt=\"\ud83d\udd17\" \/>\u00a0<a href=\"https:\/\/igarapava.sp.gov.br\/site\/wp-content\/uploads\/2026\/04\/TERMO-DE-FOMENTO-03-2026.pdf\">Termo de Fomento n\u00ba 03\/2026<\/a><\/strong><\/p><p><strong><img decoding=\"async\" class=\"emoji\" role=\"img\" draggable=\"false\" src=\"https:\/\/s.w.org\/images\/core\/emoji\/17.0.2\/svg\/1f517.svg\" alt=\"\ud83d\udd17\" \/>\u00a0<a href=\"https:\/\/igarapava.sp.gov.br\/site\/wp-content\/uploads\/2026\/04\/TERMO-DE-FOMENTO-04-2026.pdf\">Termo de Fomento n\u00ba 04\/2026<\/a><\/strong><\/p><p><strong><img decoding=\"async\" class=\"emoji\" role=\"img\" draggable=\"false\" src=\"https:\/\/s.w.org\/images\/core\/emoji\/17.0.2\/svg\/1f517.svg\" alt=\"\ud83d\udd17\" \/>\u00a0<a href=\"https:\/\/igarapava.sp.gov.br\/site\/wp-content\/uploads\/2026\/04\/TERMO-DE-FOMENTO-05-2026.pdf\">Termo de Fomento n\u00ba 05\/2026<\/a><\/strong><\/p><p><strong><img decoding=\"async\" class=\"emoji\" role=\"img\" draggable=\"false\" src=\"https:\/\/s.w.org\/images\/core\/emoji\/17.0.2\/svg\/1f517.svg\" alt=\"\ud83d\udd17\" \/>\u00a0<a href=\"https:\/\/igarapava.sp.gov.br\/site\/wp-content\/uploads\/2026\/04\/TERMO-DE-FOMENTO-06-2026.pdf\">Termo de Fomento n\u00ba 06\/2026<\/a><\/strong><\/p><p><strong><img decoding=\"async\" class=\"emoji\" role=\"img\" draggable=\"false\" src=\"https:\/\/s.w.org\/images\/core\/emoji\/17.0.2\/svg\/1f517.svg\" alt=\"\ud83d\udd17\" \/>\u00a0<a href=\"https:\/\/igarapava.sp.gov.br\/site\/wp-content\/uploads\/2026\/04\/TERMO-DE-FOMENTO-07-2026.pdf\">Termo de Fomento n\u00ba 07\/2026<\/a><\/strong><\/p><p><strong><img decoding=\"async\" class=\"emoji\" role=\"img\" draggable=\"false\" src=\"https:\/\/s.w.org\/images\/core\/emoji\/17.0.2\/svg\/1f517.svg\" alt=\"\ud83d\udd17\" \/>\u00a0<a href=\"https:\/\/igarapava.sp.gov.br\/site\/wp-content\/uploads\/2026\/04\/TERMO-DE-FOMENTO-08-2026.pdf\">Termo de Fomento n\u00ba 08\/2026<\/a><\/strong><\/p><p><strong><img decoding=\"async\" class=\"emoji\" role=\"img\" draggable=\"false\" src=\"https:\/\/s.w.org\/images\/core\/emoji\/17.0.2\/svg\/1f517.svg\" alt=\"\ud83d\udd17\" \/>\u00a0<a href=\"https:\/\/igarapava.sp.gov.br\/site\/wp-content\/uploads\/2026\/04\/PUBLICACAO-DOS-EXTRATOS.pdf\">Publica\u00e7\u00e3o dos Extratos<\/a><\/strong><\/p>\t\t\t\t\t\t\t\t<\/div>\n\t\t\t\t<\/div>\n\t\t\t\t\t<\/details>\n\t\t\t\t\t<\/div>\n\t\t\t\t\t\t<\/div>\n\t\t\t\t\t<\/div>\n\t\t\t\t<\/div>\n\t\t\t\t<\/div>\n\t\t","protected":false},"excerpt":{"rendered":"<p>Chamamento P\u00fablico n\u00ba 002\/2025 Encontra \u2014 se aberto o Chamamento P\u00fablico n\u00b0 002\/2025 para\u00a0 Financiamento de Projetos Voltados \u00e0 prote\u00e7\u00e3o e \u00e0 Defesa dos Direitos das Crian\u00e7as e dos Adolescentes. A Prefeitura Municipal de Igarapava, por meio do Conselho Municipal dos Direitos da Crian\u00e7a e do Adolescente (CMDCA), informa a abertura do Edital de Chamamento [&hellip;]<\/p>\n","protected":false},"author":1,"featured_media":0,"parent":0,"menu_order":0,"comment_status":"closed","ping_status":"closed","template":"","meta":{"footnotes":""},"class_list":["post-5613","page","type-page","status-publish","hentry"],"_links":{"self":[{"href":"https:\/\/igarapava.sp.gov.br\/site\/wp-json\/wp\/v2\/pages\/5613","targetHints":{"allow":["GET"]}}],"collection":[{"href":"https:\/\/igarapava.sp.gov.br\/site\/wp-json\/wp\/v2\/pages"}],"about":[{"href":"https:\/\/igarapava.sp.gov.br\/site\/wp-json\/wp\/v2\/types\/page"}],"author":[{"embeddable":true,"href":"https:\/\/igarapava.sp.gov.br\/site\/wp-json\/wp\/v2\/users\/1"}],"replies":[{"embeddable":true,"href":"https:\/\/igarapava.sp.gov.br\/site\/wp-json\/wp\/v2\/comments?post=5613"}],"version-history":[{"count":13,"href":"https:\/\/igarapava.sp.gov.br\/site\/wp-json\/wp\/v2\/pages\/5613\/revisions"}],"predecessor-version":[{"id":5651,"href":"https:\/\/igarapava.sp.gov.br\/site\/wp-json\/wp\/v2\/pages\/5613\/revisions\/5651"}],"wp:attachment":[{"href":"https:\/\/igarapava.sp.gov.br\/site\/wp-json\/wp\/v2\/media?parent=5613"}],"curies":[{"name":"wp","href":"https:\/\/api.w.org\/{rel}","templated":true}]}}