{"id":5422,"date":"2026-03-04T16:26:34","date_gmt":"2026-03-04T19:26:34","guid":{"rendered":"https:\/\/igarapava.sp.gov.br\/site\/?page_id=5422"},"modified":"2026-03-04T16:27:58","modified_gmt":"2026-03-04T19:27:58","slug":"gratuidade-das-pessoas-idosas","status":"publish","type":"page","link":"https:\/\/igarapava.sp.gov.br\/site\/gratuidade-das-pessoas-idosas\/","title":{"rendered":"Gratuidade das Pessoas Idosas"},"content":{"rendered":"\t\t<div data-elementor-type=\"wp-page\" data-elementor-id=\"5422\" class=\"elementor elementor-5422\" data-elementor-post-type=\"page\">\n\t\t\t\t<div class=\"elementor-element elementor-element-c66786a e-flex e-con-boxed e-con e-parent\" data-id=\"c66786a\" data-element_type=\"container\" data-e-type=\"container\">\n\t\t\t\t\t<div class=\"e-con-inner\">\n\t\t\t\t<div class=\"elementor-element elementor-element-5d06589 elementor-widget elementor-widget-text-editor\" data-id=\"5d06589\" data-element_type=\"widget\" data-e-type=\"widget\" data-widget_type=\"text-editor.default\">\n\t\t\t\t\t\t\t\t\t<p data-start=\"0\" data-end=\"321\">Nesta p\u00e1gina s\u00e3o disponibilizados os documentos referentes ao recebimento e \u00e0 aplica\u00e7\u00e3o de recursos do <strong data-start=\"103\" data-end=\"158\">Aux\u00edlio Emergencial \u00e0 Gratuidade das Pessoas Idosas<\/strong>, assist\u00eancia financeira destinada a auxiliar o custeio da gratuidade no transporte p\u00fablico coletivo urbano, institu\u00edda pela <strong data-start=\"283\" data-end=\"320\">Emenda Constitucional n\u00ba 123\/2022<\/strong>.<\/p><p data-start=\"323\" data-end=\"722\" data-is-last-node=\"\" data-is-only-node=\"\">Aqui ser\u00e3o publicados, de forma organizada e atualizada, os arquivos do Munic\u00edpio relacionados ao programa, como termo de ades\u00e3o, extratos, comprovantes de repasse, relat\u00f3rios de execu\u00e7\u00e3o e presta\u00e7\u00e3o de contas. Para informa\u00e7\u00f5es oficiais e orienta\u00e7\u00f5es gerais, acesse: <a class=\"decorated-link\" href=\"https:\/\/www.gov.br\/cidades\/pt-br\/acesso-a-informacao\/acoes-e-programas\/mobilidade-urbana\/auxilio-emergencial-a-gratuidade-dos-idosos?utm_source=chatgpt.com\" target=\"_new\" rel=\"noopener\" data-start=\"590\" data-end=\"722\" data-is-last-node=\"\">https:\/\/www.gov.br\/cidades\/pt-br\/acesso-a-informacao\/acoes-e-programas\/mobilidade-urbana\/auxilio-emergencial-a-gratuidade-dos-idosos<\/a><\/p>\t\t\t\t\t\t\t\t<\/div>\n\t\t\t\t<div class=\"elementor-element elementor-element-62b60d6 elementor-widget elementor-widget-n-accordion\" data-id=\"62b60d6\" data-element_type=\"widget\" data-e-type=\"widget\" data-settings=\"{&quot;default_state&quot;:&quot;all_collapsed&quot;,&quot;max_items_expended&quot;:&quot;one&quot;,&quot;n_accordion_animation_duration&quot;:{&quot;unit&quot;:&quot;ms&quot;,&quot;size&quot;:400,&quot;sizes&quot;:[]}}\" data-widget_type=\"nested-accordion.default\">\n\t\t\t\t\t\t\t<div class=\"e-n-accordion\" aria-label=\"Accordion. Open links with Enter or Space, close with Escape, and navigate with Arrow Keys\">\n\t\t\t\t\t\t<details id=\"e-n-accordion-item-1030\" class=\"e-n-accordion-item\" >\n\t\t\t\t<summary class=\"e-n-accordion-item-title\" data-accordion-index=\"1\" tabindex=\"0\" aria-expanded=\"false\" aria-controls=\"e-n-accordion-item-1030\" >\n\t\t\t\t\t<span class='e-n-accordion-item-title-header'><div class=\"e-n-accordion-item-title-text\"> Programa 30879820220001 - Gratuidade EC123\/22 <\/div><\/span>\n\t\t\t\t\t\t\t<span class='e-n-accordion-item-title-icon'>\n\t\t\t<span class='e-opened' ><svg aria-hidden=\"true\" class=\"e-font-icon-svg e-fas-minus\" viewBox=\"0 0 448 512\" xmlns=\"http:\/\/www.w3.org\/2000\/svg\"><path d=\"M416 208H32c-17.67 0-32 14.33-32 32v32c0 17.67 14.33 32 32 32h384c17.67 0 32-14.33 32-32v-32c0-17.67-14.33-32-32-32z\"><\/path><\/svg><\/span>\n\t\t\t<span class='e-closed'><svg aria-hidden=\"true\" class=\"e-font-icon-svg e-fas-plus\" viewBox=\"0 0 448 512\" xmlns=\"http:\/\/www.w3.org\/2000\/svg\"><path d=\"M416 208H272V64c0-17.67-14.33-32-32-32h-32c-17.67 0-32 14.33-32 32v144H32c-17.67 0-32 14.33-32 32v32c0 17.67 14.33 32 32 32h144v144c0 17.67 14.33 32 32 32h32c17.67 0 32-14.33 32-32V304h144c17.67 0 32-14.33 32-32v-32c0-17.67-14.33-32-32-32z\"><\/path><\/svg><\/span>\n\t\t<\/span>\n\n\t\t\t\t\t\t<\/summary>\n\t\t\t\t<div role=\"region\" aria-labelledby=\"e-n-accordion-item-1030\" class=\"elementor-element elementor-element-1056d8b e-flex e-con-boxed e-con e-child\" data-id=\"1056d8b\" data-element_type=\"container\" data-e-type=\"container\">\n\t\t\t\t\t<div class=\"e-con-inner\">\n\t\t\t\t<div class=\"elementor-element elementor-element-c84a3b4 elementor-widget elementor-widget-text-editor\" data-id=\"c84a3b4\" data-element_type=\"widget\" data-e-type=\"widget\" data-widget_type=\"text-editor.default\">\n\t\t\t\t\t\t\t\t\t<p><a href=\"https:\/\/igarapava.sp.gov.br\/site\/wp-content\/uploads\/2026\/03\/Declaracao-Auxilio-Emergencial-a-Gratuidade-das-Pessoas-Idosas.pdf\" target=\"_blank\" rel=\"noopener\">Declaracao-Auxilio-Emergencial-a-Gratuidade-das-Pessoas-Idosas<\/a><\/p><p><a href=\"https:\/\/igarapava.sp.gov.br\/site\/wp-content\/uploads\/2026\/03\/Extratos-aplicacao-financeira-outubro-22-a-outubro-25.pdf\" target=\"_blank\" rel=\"noopener\">Extratos-aplicacao-financeira-outubro-22-a-outubro-25<\/a><\/p><p><a href=\"https:\/\/igarapava.sp.gov.br\/site\/wp-content\/uploads\/2026\/03\/Extratos-conta-corrente-outubro-22-a-outubro-25.pdf\" target=\"_blank\" rel=\"noopener\">Extratos conta corrente outubro-22 \u00e0 outubro-25<\/a><\/p><p><a href=\"https:\/\/igarapava.sp.gov.br\/site\/wp-content\/uploads\/2026\/03\/GUIA-DE-RECOLHIMENTO-DA-UNIAO-GRU.pdf\" target=\"_blank\" rel=\"noopener\">GUIA DE RECOLHIMENTO DA UNI\u00c3O &#8211; GRU<\/a><\/p><p><a href=\"https:\/\/igarapava.sp.gov.br\/site\/wp-content\/uploads\/2026\/03\/PORTARIA-INTERMINISTERIAL-MDR_MMFDH-No-9-DE-26-DE-AGOSTO-DE-2022.pdf\" target=\"_blank\" rel=\"noopener\">PORTARIA INTERMINISTERIAL MDR_MMFDH N\u00ba 9, DE 26 DE AGOSTO DE 2022<\/a><\/p>\t\t\t\t\t\t\t\t<\/div>\n\t\t\t\t\t<\/div>\n\t\t\t\t<\/div>\n\t\t\t\t\t<\/details>\n\t\t\t\t\t<\/div>\n\t\t\t\t\t\t<\/div>\n\t\t\t\t\t<\/div>\n\t\t\t\t<\/div>\n\t\t\t\t<\/div>\n\t\t","protected":false},"excerpt":{"rendered":"<p>Nesta p\u00e1gina s\u00e3o disponibilizados os documentos referentes ao recebimento e \u00e0 aplica\u00e7\u00e3o de recursos do Aux\u00edlio Emergencial \u00e0 Gratuidade das Pessoas Idosas, assist\u00eancia financeira destinada a auxiliar o custeio da gratuidade no transporte p\u00fablico coletivo urbano, institu\u00edda pela Emenda Constitucional n\u00ba 123\/2022. Aqui ser\u00e3o publicados, de forma organizada e atualizada, os arquivos do Munic\u00edpio relacionados [&hellip;]<\/p>\n","protected":false},"author":1,"featured_media":0,"parent":0,"menu_order":0,"comment_status":"closed","ping_status":"closed","template":"","meta":{"footnotes":""},"class_list":["post-5422","page","type-page","status-publish","hentry"],"_links":{"self":[{"href":"https:\/\/igarapava.sp.gov.br\/site\/wp-json\/wp\/v2\/pages\/5422","targetHints":{"allow":["GET"]}}],"collection":[{"href":"https:\/\/igarapava.sp.gov.br\/site\/wp-json\/wp\/v2\/pages"}],"about":[{"href":"https:\/\/igarapava.sp.gov.br\/site\/wp-json\/wp\/v2\/types\/page"}],"author":[{"embeddable":true,"href":"https:\/\/igarapava.sp.gov.br\/site\/wp-json\/wp\/v2\/users\/1"}],"replies":[{"embeddable":true,"href":"https:\/\/igarapava.sp.gov.br\/site\/wp-json\/wp\/v2\/comments?post=5422"}],"version-history":[{"count":4,"href":"https:\/\/igarapava.sp.gov.br\/site\/wp-json\/wp\/v2\/pages\/5422\/revisions"}],"predecessor-version":[{"id":5426,"href":"https:\/\/igarapava.sp.gov.br\/site\/wp-json\/wp\/v2\/pages\/5422\/revisions\/5426"}],"wp:attachment":[{"href":"https:\/\/igarapava.sp.gov.br\/site\/wp-json\/wp\/v2\/media?parent=5422"}],"curies":[{"name":"wp","href":"https:\/\/api.w.org\/{rel}","templated":true}]}}