{"id":5403,"date":"2026-03-04T15:26:58","date_gmt":"2026-03-04T18:26:58","guid":{"rendered":"https:\/\/igarapava.sp.gov.br\/site\/?page_id=5403"},"modified":"2026-03-04T15:32:11","modified_gmt":"2026-03-04T18:32:11","slug":"comsep","status":"publish","type":"page","link":"https:\/\/igarapava.sp.gov.br\/site\/comsep\/","title":{"rendered":"COMSEP"},"content":{"rendered":"\t\t<div data-elementor-type=\"wp-page\" data-elementor-id=\"5403\" class=\"elementor elementor-5403\" data-elementor-post-type=\"page\">\n\t\t\t\t<div class=\"elementor-element elementor-element-8e1f350 e-flex e-con-boxed e-con e-parent\" data-id=\"8e1f350\" data-element_type=\"container\" data-e-type=\"container\">\n\t\t\t\t\t<div class=\"e-con-inner\">\n\t\t\t\t<div class=\"elementor-element elementor-element-a07aa1e elementor-widget elementor-widget-image\" data-id=\"a07aa1e\" data-element_type=\"widget\" data-e-type=\"widget\" data-widget_type=\"image.default\">\n\t\t\t\t\t\t\t\t\t\t\t\t\t\t\t<img fetchpriority=\"high\" decoding=\"async\" width=\"300\" height=\"263\" src=\"https:\/\/igarapava.sp.gov.br\/site\/wp-content\/uploads\/2026\/03\/IMG_4734-300x263.png\" class=\"attachment-medium size-medium wp-image-5402\" alt=\"\" srcset=\"https:\/\/igarapava.sp.gov.br\/site\/wp-content\/uploads\/2026\/03\/IMG_4734-300x263.png 300w, https:\/\/igarapava.sp.gov.br\/site\/wp-content\/uploads\/2026\/03\/IMG_4734-768x672.png 768w, https:\/\/igarapava.sp.gov.br\/site\/wp-content\/uploads\/2026\/03\/IMG_4734.png 1024w\" sizes=\"(max-width: 300px) 100vw, 300px\" \/>\t\t\t\t\t\t\t\t\t\t\t\t\t\t\t<\/div>\n\t\t\t\t<div class=\"elementor-element elementor-element-032d5e1 elementor-widget elementor-widget-text-editor\" data-id=\"032d5e1\" data-element_type=\"widget\" data-e-type=\"widget\" data-widget_type=\"text-editor.default\">\n\t\t\t\t\t\t\t\t\t<p class=\"tm7\"><span class=\"tm8\">O Conselho Municipal de Seguran\u00e7a P\u00fablica- COMSEP, institu\u00eddo pela <a href=\"https:\/\/igarapava.sp.gov.br\/site\/wp-content\/uploads\/2026\/03\/875-CRIACAO-CONS-MUN-SEF-PUBLICA-COMSEP.pdf\" target=\"_blank\" rel=\"noopener\">Lei Municipal n\u00ba. 875\/2019<\/a><\/span><span class=\"tm8\">, \u00e9 \u00f3rg\u00e3o colegiado de car\u00e1ter consultivo, deliberativo e fiscalizador, com a finalidade de formular, acompanhar e avaliar as pol\u00edticas publicadas voltadas \u00e0 seguran\u00e7a p\u00fablica no \u00e2mbito municipal.<\/span><\/p><p class=\"tm7\"><strong data-start=\"553\" data-end=\"596\"><img decoding=\"async\" class=\"emoji\" role=\"img\" draggable=\"false\" src=\"https:\/\/s.w.org\/images\/core\/emoji\/16.0.1\/svg\/1f3af.svg\" alt=\"\ud83c\udfaf\" width=\"11\" height=\"11\" \/><\/strong><strong><span class=\"tm12\">\u00a0<\/span><span class=\"tm11\">Finalidades e Atribui\u00e7\u00f5es Essenciais<\/span><\/strong><\/p><p class=\"tm14\"><span class=\"tm8\">Nos termos do art. 2\u00ba da <a href=\"https:\/\/igarapava.sp.gov.br\/site\/wp-content\/uploads\/2026\/03\/875-CRIACAO-CONS-MUN-SEF-PUBLICA-COMSEP.pdf\" target=\"_blank\" rel=\"noopener\">Lei Municipal n\u00ba. 875\/2019<\/a>, compete ao Conselho Municipal de Seguran\u00e7a P\u00fablica-COMSEP:<\/span><\/p><ul><li class=\"tm16\"><span class=\"tm17\">Analisar e sugerir medidas para a elabora\u00e7\u00e3o da pol\u00edtica municipal de seguran\u00e7a p\u00fablica;<\/span><\/li><li class=\"tm16\"><span class=\"tm17\">Zelar pela efetiva\u00e7\u00e3o de a\u00e7\u00f5es voltadas para a preven\u00e7\u00e3o da viol\u00eancia e para o combate \u00e0 criminalidade;<\/span><\/li><li class=\"tm16\"><span class=\"tm17\">Gerir, fiscalizar, acompanhar e avaliar a aplica\u00e7\u00e3o de recursos e o desempenho dos programas e projetos financiados pelo Fundo Municipal de Seguran\u00e7a P\u00fablica-FUMSEP;<\/span><\/li><li class=\"tm16\"><span class=\"tm17\">Propor crit\u00e9rios para celebra\u00e7\u00e3o de contratos ou conv\u00eanios entre os \u00f3rg\u00e3os governamentais na \u00e1rea de seguran\u00e7a;<\/span><\/li><li class=\"tm16\"><span class=\"tm17\">Propor a formula\u00e7\u00e3o de estudos e pesquisas com vistas a identificar situa\u00e7\u00f5es relevantes e a qualidade dos servi\u00e7os de seguran\u00e7a p\u00fablica no \u00e2mbito do Munic\u00edpio;<\/span><\/li><li class=\"tm16\"><span class=\"tm17\">Dar posse aos conselheiros a partir da sua instala\u00e7\u00e3o;<\/span><\/li><li class=\"tm16\"><span class=\"tm17\">Articular-se com a organiza\u00e7\u00e3o privadas e governamentais, nacionais e estrangeiras e propor interc\u00e2mbio, celebra\u00e7\u00e3o de conv\u00eanio ou outro meio, com vista a supera\u00e7\u00e3o de problemas de seguran\u00e7a p\u00fablica no Munic\u00edpio.<\/span><\/li><li class=\"tm16\"><span class=\"tm17\">Exercer outras atribui\u00e7\u00f5es correlatas, definidas em lei ou no seu Regimento Interno.<\/span><\/li><\/ul><p class=\"tm20\"><span class=\"tm17\">\u00a0<\/span><strong data-start=\"1559\" data-end=\"1576\"><img decoding=\"async\" class=\"emoji\" role=\"img\" draggable=\"false\" src=\"https:\/\/s.w.org\/images\/core\/emoji\/16.0.1\/svg\/1f465.svg\" alt=\"\ud83d\udc65\" \/> <\/strong><strong><span class=\"tm11\">Composi\u00e7\u00e3o Atual Do Conselho Municipal De Seguran\u00e7a P\u00fablica<\/span><\/strong><strong><span class=\"tm11\">\u00a0<\/span><\/strong><\/p><p class=\"tm24\"><span class=\"tm17\">Conforme Art. 3\u00ba, da Lei n\u00ba. 875\/2019 (Portaria de n\u00ba. 9786\/2026) <a href=\"https:\/\/dosp.com.br\/exibe_do.php?i=NzYyOTkw\">https:\/\/dosp.com.br\/exibe_do.php?i=NzYyOTkw<\/a><\/span><span class=\"tm8\">\u00a0<\/span><\/p><ul><li class=\"tm28\"><span class=\"tm17\">Um representante do Poder Executivo Municipal;<\/span><\/li><li class=\"tm28\"><span class=\"tm17\">Um representante da Pol\u00edcia Militar;<\/span><\/li><li class=\"tm28\"><span class=\"tm17\">Um representante da Pol\u00edcia Civil;<\/span><\/li><li class=\"tm28\"><span class=\"tm17\">Um representante da Defesa Civil do Munic\u00edpio;<\/span><\/li><li class=\"tm28\"><span class=\"tm17\">Um representante de entidades civis sem fins lucrativos, com atua\u00e7\u00e3o no munic\u00edpio h\u00e1 pelo menos dois anos;<\/span><\/li><li class=\"tm28\"><span class=\"tm17\">Um representante da Associa\u00e7\u00e3o Comercial e Industrial de Igarapava;<\/span><\/li><li class=\"tm28\"><span class=\"tm17\">Um representante do CONSEG.<\/span><\/li><\/ul><p class=\"tm30\"><span class=\"tm17\">\u00a0<\/span><\/p><p class=\"tm22\"><span class=\"tm31\"><img decoding=\"async\" class=\"emoji\" role=\"img\" draggable=\"false\" src=\"https:\/\/s.w.org\/images\/core\/emoji\/16.0.1\/svg\/1f4dd.svg\" alt=\"\ud83d\udcdd\" \/> <\/span><strong><span class=\"tm11\">Publica\u00e7\u00f5es<\/span><\/strong><\/p><p class=\"tm24\"><span class=\"tm17\">Edital n\u00ba. 01\/2026<br \/><\/span><a href=\"https:\/\/dosp.com.br\/exibe_do.php?i=Nzc3NzUx\" target=\"_blank\" rel=\"noopener\"><span class=\"tm32\">https:\/\/dosp.com.br\/exibe_do.php?i=Nzc3NzUx<\/span><\/a><\/p><p class=\"tm24\"><span class=\"tm17\">Ata de Reuni\u00e3o Ordin\u00e1ria (24\/02\/2026)<br \/><a href=\"https:\/\/dosp.com.br\/exibe_do.php?i=NzgxMjkw\">https:\/\/dosp.com.br\/exibe_do.php?i=NzgxMjkw<\/a><\/span><\/p>\t\t\t\t\t\t\t\t<\/div>\n\t\t\t\t\t<\/div>\n\t\t\t\t<\/div>\n\t\t\t\t<\/div>\n\t\t","protected":false},"excerpt":{"rendered":"<p>O Conselho Municipal de Seguran\u00e7a P\u00fablica- COMSEP, institu\u00eddo pela Lei Municipal n\u00ba. 875\/2019, \u00e9 \u00f3rg\u00e3o colegiado de car\u00e1ter consultivo, deliberativo e fiscalizador, com a finalidade de formular, acompanhar e avaliar as pol\u00edticas publicadas voltadas \u00e0 seguran\u00e7a p\u00fablica no \u00e2mbito municipal. \u00a0Finalidades e Atribui\u00e7\u00f5es Essenciais Nos termos do art. 2\u00ba da Lei Municipal n\u00ba. 875\/2019, compete [&hellip;]<\/p>\n","protected":false},"author":1,"featured_media":0,"parent":0,"menu_order":0,"comment_status":"closed","ping_status":"closed","template":"","meta":{"footnotes":""},"class_list":["post-5403","page","type-page","status-publish","hentry"],"_links":{"self":[{"href":"https:\/\/igarapava.sp.gov.br\/site\/wp-json\/wp\/v2\/pages\/5403","targetHints":{"allow":["GET"]}}],"collection":[{"href":"https:\/\/igarapava.sp.gov.br\/site\/wp-json\/wp\/v2\/pages"}],"about":[{"href":"https:\/\/igarapava.sp.gov.br\/site\/wp-json\/wp\/v2\/types\/page"}],"author":[{"embeddable":true,"href":"https:\/\/igarapava.sp.gov.br\/site\/wp-json\/wp\/v2\/users\/1"}],"replies":[{"embeddable":true,"href":"https:\/\/igarapava.sp.gov.br\/site\/wp-json\/wp\/v2\/comments?post=5403"}],"version-history":[{"count":7,"href":"https:\/\/igarapava.sp.gov.br\/site\/wp-json\/wp\/v2\/pages\/5403\/revisions"}],"predecessor-version":[{"id":5419,"href":"https:\/\/igarapava.sp.gov.br\/site\/wp-json\/wp\/v2\/pages\/5403\/revisions\/5419"}],"wp:attachment":[{"href":"https:\/\/igarapava.sp.gov.br\/site\/wp-json\/wp\/v2\/media?parent=5403"}],"curies":[{"name":"wp","href":"https:\/\/api.w.org\/{rel}","templated":true}]}}