{"id":5287,"date":"2026-02-25T13:21:51","date_gmt":"2026-02-25T16:21:51","guid":{"rendered":"https:\/\/igarapava.sp.gov.br\/site\/?page_id=5287"},"modified":"2026-02-25T13:47:56","modified_gmt":"2026-02-25T16:47:56","slug":"associacao-de-benemerencia-senhor-bom-jesus","status":"publish","type":"page","link":"https:\/\/igarapava.sp.gov.br\/site\/associacao-de-benemerencia-senhor-bom-jesus\/","title":{"rendered":"Associa\u00e7\u00e3o de Benemer\u00eancia Senhor Bom Jesus"},"content":{"rendered":"\t\t<div data-elementor-type=\"wp-page\" data-elementor-id=\"5287\" class=\"elementor elementor-5287\" data-elementor-post-type=\"page\">\n\t\t\t\t<div class=\"elementor-element elementor-element-4118f09 e-flex e-con-boxed e-con e-parent\" data-id=\"4118f09\" data-element_type=\"container\" data-e-type=\"container\">\n\t\t\t\t\t<div class=\"e-con-inner\">\n\t\t\t\t<div class=\"elementor-element elementor-element-6abd393 elementor-widget elementor-widget-image\" data-id=\"6abd393\" data-element_type=\"widget\" data-e-type=\"widget\" data-widget_type=\"image.default\">\n\t\t\t\t\t\t\t\t\t\t\t\t\t\t\t<img decoding=\"async\" width=\"336\" height=\"100\" src=\"https:\/\/igarapava.sp.gov.br\/site\/wp-content\/uploads\/2026\/02\/bom_jesus.png\" class=\"attachment-large size-large wp-image-5290\" alt=\"\" srcset=\"https:\/\/igarapava.sp.gov.br\/site\/wp-content\/uploads\/2026\/02\/bom_jesus.png 336w, https:\/\/igarapava.sp.gov.br\/site\/wp-content\/uploads\/2026\/02\/bom_jesus-300x89.png 300w\" sizes=\"(max-width: 336px) 100vw, 336px\" \/>\t\t\t\t\t\t\t\t\t\t\t\t\t\t\t<\/div>\n\t\t\t\t<div class=\"elementor-element elementor-element-5c62135 elementor-widget elementor-widget-spacer\" data-id=\"5c62135\" data-element_type=\"widget\" data-e-type=\"widget\" data-widget_type=\"spacer.default\">\n\t\t\t\t\t\t\t<div class=\"elementor-spacer\">\n\t\t\t<div class=\"elementor-spacer-inner\"><\/div>\n\t\t<\/div>\n\t\t\t\t\t\t<\/div>\n\t\t\t\t<div class=\"elementor-element elementor-element-f8616f5 elementor-widget elementor-widget-text-editor\" data-id=\"f8616f5\" data-element_type=\"widget\" data-e-type=\"widget\" data-widget_type=\"text-editor.default\">\n\t\t\t\t\t\t\t\t\t<h5>A Associa\u00e7\u00e3o de Benemer\u00eancia Senhor Bom Jesus \u00e9 uma entidade filantr\u00f3pica que atua na \u00e1rea da sa\u00fade, prestando servi\u00e7os hospitalares e assistenciais com foco na qualidade e na humaniza\u00e7\u00e3o do atendimento.<\/h5><h5 data-start=\"314\" data-end=\"570\">Por meio do Contrato de Gest\u00e3o firmado com o Munic\u00edpio, a Associa\u00e7\u00e3o \u00e9 respons\u00e1vel pela execu\u00e7\u00e3o e gerenciamento dos servi\u00e7os de sa\u00fade pactuados, contribuindo para o fortalecimento da rede p\u00fablica e para a amplia\u00e7\u00e3o do acesso da popula\u00e7\u00e3o aos atendimentos.<\/h5><h5 data-start=\"572\" data-end=\"623\">Para mais informa\u00e7\u00f5es, acesse:<a class=\"decorated-link\" href=\"https:\/\/hsbj.com.br\/\" target=\"_new\" rel=\"noopener\" data-start=\"603\" data-end=\"623\" data-is-last-node=\"\"> https:\/\/hsbj.com.br\/<\/a><\/h5>\t\t\t\t\t\t\t\t<\/div>\n\t\t\t\t\t<\/div>\n\t\t\t\t<\/div>\n\t\t<div class=\"elementor-element elementor-element-eb32f53 e-flex e-con-boxed e-con e-parent\" data-id=\"eb32f53\" data-element_type=\"container\" data-e-type=\"container\">\n\t\t\t\t\t<div class=\"e-con-inner\">\n\t\t<div class=\"elementor-element elementor-element-8d00b36 e-con-full e-flex e-con e-child\" data-id=\"8d00b36\" data-element_type=\"container\" data-e-type=\"container\">\n\t\t\t\t<div class=\"elementor-element elementor-element-c1cc1fc elementor-widget elementor-widget-heading\" data-id=\"c1cc1fc\" data-element_type=\"widget\" data-e-type=\"widget\" data-widget_type=\"heading.default\">\n\t\t\t\t\t<h2 class=\"elementor-heading-title elementor-size-default\">Documentos Auxiliares<\/h2>\t\t\t\t<\/div>\n\t\t\t\t<div class=\"elementor-element elementor-element-c0ff78e elementor-widget elementor-widget-spacer\" data-id=\"c0ff78e\" data-element_type=\"widget\" data-e-type=\"widget\" data-widget_type=\"spacer.default\">\n\t\t\t\t\t\t\t<div class=\"elementor-spacer\">\n\t\t\t<div class=\"elementor-spacer-inner\"><\/div>\n\t\t<\/div>\n\t\t\t\t\t\t<\/div>\n\t\t\t\t<div class=\"elementor-element elementor-element-7d4bc70 elementor-widget elementor-widget-n-accordion\" data-id=\"7d4bc70\" data-element_type=\"widget\" data-e-type=\"widget\" data-settings=\"{&quot;default_state&quot;:&quot;all_collapsed&quot;,&quot;max_items_expended&quot;:&quot;one&quot;,&quot;n_accordion_animation_duration&quot;:{&quot;unit&quot;:&quot;ms&quot;,&quot;size&quot;:400,&quot;sizes&quot;:[]}}\" data-widget_type=\"nested-accordion.default\">\n\t\t\t\t\t\t\t<div class=\"e-n-accordion\" aria-label=\"Accordion. Open links with Enter or Space, close with Escape, and navigate with Arrow Keys\">\n\t\t\t\t\t\t<details id=\"e-n-accordion-item-1310\" class=\"e-n-accordion-item\" >\n\t\t\t\t<summary class=\"e-n-accordion-item-title\" data-accordion-index=\"1\" tabindex=\"0\" aria-expanded=\"false\" aria-controls=\"e-n-accordion-item-1310\" >\n\t\t\t\t\t<span class='e-n-accordion-item-title-header'><div class=\"e-n-accordion-item-title-text\"> Exerc\u00edcio de 2026 <\/div><\/span>\n\t\t\t\t\t\t\t<span class='e-n-accordion-item-title-icon'>\n\t\t\t<span class='e-opened' ><svg aria-hidden=\"true\" class=\"e-font-icon-svg e-fas-minus\" viewBox=\"0 0 448 512\" xmlns=\"http:\/\/www.w3.org\/2000\/svg\"><path d=\"M416 208H32c-17.67 0-32 14.33-32 32v32c0 17.67 14.33 32 32 32h384c17.67 0 32-14.33 32-32v-32c0-17.67-14.33-32-32-32z\"><\/path><\/svg><\/span>\n\t\t\t<span class='e-closed'><svg aria-hidden=\"true\" class=\"e-font-icon-svg e-fas-plus\" viewBox=\"0 0 448 512\" xmlns=\"http:\/\/www.w3.org\/2000\/svg\"><path d=\"M416 208H272V64c0-17.67-14.33-32-32-32h-32c-17.67 0-32 14.33-32 32v144H32c-17.67 0-32 14.33-32 32v32c0 17.67 14.33 32 32 32h144v144c0 17.67 14.33 32 32 32h32c17.67 0 32-14.33 32-32V304h144c17.67 0 32-14.33 32-32v-32c0-17.67-14.33-32-32-32z\"><\/path><\/svg><\/span>\n\t\t<\/span>\n\n\t\t\t\t\t\t<\/summary>\n\t\t\t\t<div role=\"region\" aria-labelledby=\"e-n-accordion-item-1310\" class=\"elementor-element elementor-element-3dfc84f e-con-full e-flex e-con e-child\" data-id=\"3dfc84f\" data-element_type=\"container\" data-e-type=\"container\">\n\t\t\t\t<div class=\"elementor-element elementor-element-9d0c863 elementor-widget elementor-widget-n-accordion\" data-id=\"9d0c863\" data-element_type=\"widget\" data-e-type=\"widget\" data-settings=\"{&quot;default_state&quot;:&quot;all_collapsed&quot;,&quot;max_items_expended&quot;:&quot;one&quot;,&quot;n_accordion_animation_duration&quot;:{&quot;unit&quot;:&quot;ms&quot;,&quot;size&quot;:400,&quot;sizes&quot;:[]}}\" data-widget_type=\"nested-accordion.default\">\n\t\t\t\t\t\t\t<div class=\"e-n-accordion\" aria-label=\"Accordion. Open links with Enter or Space, close with Escape, and navigate with Arrow Keys\">\n\t\t\t\t\t\t<details id=\"e-n-accordion-item-1640\" class=\"e-n-accordion-item\" >\n\t\t\t\t<summary class=\"e-n-accordion-item-title\" data-accordion-index=\"1\" tabindex=\"0\" aria-expanded=\"false\" aria-controls=\"e-n-accordion-item-1640\" >\n\t\t\t\t\t<span class='e-n-accordion-item-title-header'><div class=\"e-n-accordion-item-title-text\"> Contrato de Gest\u00e3o 06-2026 <\/div><\/span>\n\t\t\t\t\t\t\t<span class='e-n-accordion-item-title-icon'>\n\t\t\t<span class='e-opened' ><svg aria-hidden=\"true\" class=\"e-font-icon-svg e-fas-minus\" viewBox=\"0 0 448 512\" xmlns=\"http:\/\/www.w3.org\/2000\/svg\"><path d=\"M416 208H32c-17.67 0-32 14.33-32 32v32c0 17.67 14.33 32 32 32h384c17.67 0 32-14.33 32-32v-32c0-17.67-14.33-32-32-32z\"><\/path><\/svg><\/span>\n\t\t\t<span class='e-closed'><svg aria-hidden=\"true\" class=\"e-font-icon-svg e-fas-plus\" viewBox=\"0 0 448 512\" xmlns=\"http:\/\/www.w3.org\/2000\/svg\"><path d=\"M416 208H272V64c0-17.67-14.33-32-32-32h-32c-17.67 0-32 14.33-32 32v144H32c-17.67 0-32 14.33-32 32v32c0 17.67 14.33 32 32 32h144v144c0 17.67 14.33 32 32 32h32c17.67 0 32-14.33 32-32V304h144c17.67 0 32-14.33 32-32v-32c0-17.67-14.33-32-32-32z\"><\/path><\/svg><\/span>\n\t\t<\/span>\n\n\t\t\t\t\t\t<\/summary>\n\t\t\t\t<div role=\"region region\" aria-labelledby=\"e-n-accordion-item-1310 e-n-accordion-item-1640\" class=\"elementor-element elementor-element-ca28a2b e-con-full e-flex e-con e-child\" data-id=\"ca28a2b\" data-element_type=\"container\" data-e-type=\"container\">\n\t\t\t\t<div class=\"elementor-element elementor-element-9ebd632 elementor-widget elementor-widget-shortcode\" data-id=\"9ebd632\" data-element_type=\"widget\" data-e-type=\"widget\" data-widget_type=\"shortcode.default\">\n\t\t\t\t\t\t\t<div class=\"elementor-shortcode\"><ul class=\"dlm-downloads\"><li><a  data-e-Disable-Page-Transition=\"true\" class=\"download-link\" title=\"\" href=\"https:\/\/igarapava.sp.gov.br\/site\/baixar\/5313\/?tmstv=1776451722\" rel=\"nofollow\" id=\"download-link-5313\" data-redirect=\"false\" >\n\tPLANO DE TRABALHO CONTRATO DE GEST\u00c3O 006-2026<\/a>\n<\/li><li><a  data-e-Disable-Page-Transition=\"true\" class=\"download-link\" title=\"Vers\u00e3o 2026\" href=\"https:\/\/igarapava.sp.gov.br\/site\/baixar\/5301\/?tmstv=1776451722\" rel=\"nofollow\" id=\"download-link-5301\" data-redirect=\"false\" >\n\tCONTRATO DE GEST\u00c3O 006-2026<\/a>\n<\/li><\/ul>\n\t\t\t\t<\/div>\n\t\t\t\t\t\t<\/div>\n\t\t\t\t<\/div>\n\t\t\t\t\t<\/details>\n\t\t\t\t\t<\/div>\n\t\t\t\t\t\t<\/div>\n\t\t\t\t<\/div>\n\t\t\t\t\t<\/details>\n\t\t\t\t\t<\/div>\n\t\t\t\t\t\t<\/div>\n\t\t\t\t<div class=\"elementor-element elementor-element-7fc3f39 elementor-widget elementor-widget-spacer\" data-id=\"7fc3f39\" data-element_type=\"widget\" data-e-type=\"widget\" data-widget_type=\"spacer.default\">\n\t\t\t\t\t\t\t<div class=\"elementor-spacer\">\n\t\t\t<div class=\"elementor-spacer-inner\"><\/div>\n\t\t<\/div>\n\t\t\t\t\t\t<\/div>\n\t\t\t\t<\/div>\n\t\t\t\t\t<\/div>\n\t\t\t\t<\/div>\n\t\t\t\t<\/div>\n\t\t","protected":false},"excerpt":{"rendered":"<p>A Associa\u00e7\u00e3o de Benemer\u00eancia Senhor Bom Jesus \u00e9 uma entidade filantr\u00f3pica que atua na \u00e1rea da sa\u00fade, prestando servi\u00e7os hospitalares e assistenciais com foco na qualidade e na humaniza\u00e7\u00e3o do atendimento. Por meio do Contrato de Gest\u00e3o firmado com o Munic\u00edpio, a Associa\u00e7\u00e3o \u00e9 respons\u00e1vel pela execu\u00e7\u00e3o e gerenciamento dos servi\u00e7os de sa\u00fade pactuados, contribuindo [&hellip;]<\/p>\n","protected":false},"author":1,"featured_media":0,"parent":0,"menu_order":0,"comment_status":"closed","ping_status":"closed","template":"","meta":{"footnotes":""},"class_list":["post-5287","page","type-page","status-publish","hentry"],"_links":{"self":[{"href":"https:\/\/igarapava.sp.gov.br\/site\/wp-json\/wp\/v2\/pages\/5287","targetHints":{"allow":["GET"]}}],"collection":[{"href":"https:\/\/igarapava.sp.gov.br\/site\/wp-json\/wp\/v2\/pages"}],"about":[{"href":"https:\/\/igarapava.sp.gov.br\/site\/wp-json\/wp\/v2\/types\/page"}],"author":[{"embeddable":true,"href":"https:\/\/igarapava.sp.gov.br\/site\/wp-json\/wp\/v2\/users\/1"}],"replies":[{"embeddable":true,"href":"https:\/\/igarapava.sp.gov.br\/site\/wp-json\/wp\/v2\/comments?post=5287"}],"version-history":[{"count":7,"href":"https:\/\/igarapava.sp.gov.br\/site\/wp-json\/wp\/v2\/pages\/5287\/revisions"}],"predecessor-version":[{"id":5297,"href":"https:\/\/igarapava.sp.gov.br\/site\/wp-json\/wp\/v2\/pages\/5287\/revisions\/5297"}],"wp:attachment":[{"href":"https:\/\/igarapava.sp.gov.br\/site\/wp-json\/wp\/v2\/media?parent=5287"}],"curies":[{"name":"wp","href":"https:\/\/api.w.org\/{rel}","templated":true}]}}