{"id":513,"date":"2025-01-21T12:55:23","date_gmt":"2025-01-21T15:55:23","guid":{"rendered":"https:\/\/igarapava.sp.gov.br\/portal\/?page_id=513"},"modified":"2025-09-17T13:56:59","modified_gmt":"2025-09-17T16:56:59","slug":"gestao-atual","status":"publish","type":"page","link":"https:\/\/igarapava.sp.gov.br\/site\/gestao-atual\/","title":{"rendered":"Gest\u00e3o Atual"},"content":{"rendered":"\t\t<div data-elementor-type=\"wp-page\" data-elementor-id=\"513\" class=\"elementor elementor-513\" data-elementor-post-type=\"page\">\n\t\t\t\t<div class=\"elementor-element elementor-element-0583e90 e-flex e-con-boxed e-con e-parent\" data-id=\"0583e90\" data-element_type=\"container\" data-e-type=\"container\">\n\t\t\t\t\t<div class=\"e-con-inner\">\n\t\t\t\t<div class=\"elementor-element elementor-element-b7055fe elementor-widget elementor-widget-heading\" data-id=\"b7055fe\" data-element_type=\"widget\" data-e-type=\"widget\" data-widget_type=\"heading.default\">\n\t\t\t\t\t<h2 class=\"elementor-heading-title elementor-size-default\"><u>ADMINISTRA\u00c7\u00c3O 2025 - 2028<\/u><\/h2>\t\t\t\t<\/div>\n\t\t\t\t<div class=\"elementor-element elementor-element-5f6b616 elementor-widget elementor-widget-spacer\" data-id=\"5f6b616\" data-element_type=\"widget\" data-e-type=\"widget\" data-widget_type=\"spacer.default\">\n\t\t\t\t\t\t\t<div class=\"elementor-spacer\">\n\t\t\t<div class=\"elementor-spacer-inner\"><\/div>\n\t\t<\/div>\n\t\t\t\t\t\t<\/div>\n\t\t\t\t<div class=\"elementor-element elementor-element-40c611f elementor-drop-cap-yes elementor-drop-cap-view-default elementor-widget elementor-widget-text-editor\" data-id=\"40c611f\" data-element_type=\"widget\" data-e-type=\"widget\" data-settings=\"{&quot;drop_cap&quot;:&quot;yes&quot;}\" data-widget_type=\"text-editor.default\">\n\t\t\t\t\t\t\t\t\t<p><strong>Prefeito<br \/><\/strong><span style=\"text-align: var(--text-align);\">Jos\u00e9 Humberto Lacerda Rodrigues\u00a0<\/span><\/p><p><strong>Vice &#8211; Prefeito<br \/><\/strong><span style=\"text-align: var(--text-align);\">Plinio Cesar Valim Vianna<\/span><\/p><p><span style=\"text-decoration: underline;\"><strong>Diretores de Departamento<\/strong><\/span><\/p><p><strong>Diretora do Departemento de Educa\u00e7\u00e3o, Cultura e Esportes:<\/strong> Rosa Maria Junqueira de Barros<\/p><p><strong>Diretor do Departamento Jur\u00eddico:\u00a0<\/strong>Jos\u00e9 Ramires Neto<\/p><p><strong>Diretor do Departemento de Finan\u00e7as: <\/strong>Arnaldo Terra Neto<\/p><p><strong>Diretor do Departamento de Engenharia:\u00a0<\/strong>Kleber Bizarro Menezes<\/p><p><strong>Diretor do Departamento de Administra\u00e7\u00e3o:\u00a0<\/strong>Wagner Jos\u00e9 dos Santos<\/p><p><strong>Diretor de Sa\u00fade: <\/strong>Marisa Pinheiro Alves Ferreira<\/p><p><strong>Diretora de Desenvolvimento Social:\u00a0<\/strong>Sandra Marcelo de Souza Paula<\/p><p><strong>Diretor de Manuten\u00e7\u00e3o e Servi\u00e7os P\u00fablicos: <\/strong>Andr\u00e9 Luis Clementino de Souza<\/p><p><strong>Diretor de Desenvolvimento Econ\u00f4mico: <\/strong>Elder Arcega<\/p><p><strong>Diretor de Recursos Humanos: <\/strong>Darc Aparecida Costa<\/p><p><strong>Chefe de Gabinete:\u00a0 <\/strong>Suzana K\u00eania Bonesso<\/p>\t\t\t\t\t\t\t\t<\/div>\n\t\t\t\t\t<\/div>\n\t\t\t\t<\/div>\n\t\t\t\t<\/div>\n\t\t","protected":false},"excerpt":{"rendered":"<p>ADMINISTRA\u00c7\u00c3O 2025 &#8211; 2028 PrefeitoJos\u00e9 Humberto Lacerda Rodrigues\u00a0 Vice &#8211; PrefeitoPlinio Cesar Valim Vianna Diretores de Departamento Diretora do Departemento de Educa\u00e7\u00e3o, Cultura e Esportes: Rosa Maria Junqueira de Barros Diretor do Departamento Jur\u00eddico:\u00a0Jos\u00e9 Ramires Neto Diretor do Departemento de Finan\u00e7as: Arnaldo Terra Neto Diretor do Departamento de Engenharia:\u00a0Kleber Bizarro Menezes Diretor do Departamento de [&hellip;]<\/p>\n","protected":false},"author":1,"featured_media":0,"parent":0,"menu_order":0,"comment_status":"closed","ping_status":"closed","template":"","meta":{"footnotes":""},"class_list":["post-513","page","type-page","status-publish","hentry"],"_links":{"self":[{"href":"https:\/\/igarapava.sp.gov.br\/site\/wp-json\/wp\/v2\/pages\/513","targetHints":{"allow":["GET"]}}],"collection":[{"href":"https:\/\/igarapava.sp.gov.br\/site\/wp-json\/wp\/v2\/pages"}],"about":[{"href":"https:\/\/igarapava.sp.gov.br\/site\/wp-json\/wp\/v2\/types\/page"}],"author":[{"embeddable":true,"href":"https:\/\/igarapava.sp.gov.br\/site\/wp-json\/wp\/v2\/users\/1"}],"replies":[{"embeddable":true,"href":"https:\/\/igarapava.sp.gov.br\/site\/wp-json\/wp\/v2\/comments?post=513"}],"version-history":[{"count":19,"href":"https:\/\/igarapava.sp.gov.br\/site\/wp-json\/wp\/v2\/pages\/513\/revisions"}],"predecessor-version":[{"id":4076,"href":"https:\/\/igarapava.sp.gov.br\/site\/wp-json\/wp\/v2\/pages\/513\/revisions\/4076"}],"wp:attachment":[{"href":"https:\/\/igarapava.sp.gov.br\/site\/wp-json\/wp\/v2\/media?parent=513"}],"curies":[{"name":"wp","href":"https:\/\/api.w.org\/{rel}","templated":true}]}}