{"id":505,"date":"2025-01-21T12:49:47","date_gmt":"2025-01-21T15:49:47","guid":{"rendered":"https:\/\/igarapava.sp.gov.br\/portal\/?page_id=505"},"modified":"2025-01-22T16:03:13","modified_gmt":"2025-01-22T19:03:13","slug":"simbolos","status":"publish","type":"page","link":"https:\/\/igarapava.sp.gov.br\/site\/simbolos\/","title":{"rendered":"S\u00edmbolos"},"content":{"rendered":"\t\t<div data-elementor-type=\"wp-page\" data-elementor-id=\"505\" class=\"elementor elementor-505\" data-elementor-post-type=\"page\">\n\t\t\t\t<div class=\"elementor-element elementor-element-7270373 e-flex e-con-boxed e-con e-parent\" data-id=\"7270373\" data-element_type=\"container\" data-e-type=\"container\">\n\t\t\t\t\t<div class=\"e-con-inner\">\n\t\t\t\t<div class=\"elementor-element elementor-element-7021c66 elementor-widget elementor-widget-heading\" data-id=\"7021c66\" data-element_type=\"widget\" data-e-type=\"widget\" data-widget_type=\"heading.default\">\n\t\t\t\t\t<h2 class=\"elementor-heading-title elementor-size-default\">Bras\u00e3o<\/h2>\t\t\t\t<\/div>\n\t\t\t\t<div class=\"elementor-element elementor-element-3877026 elementor-widget-divider--view-line elementor-widget elementor-widget-divider\" data-id=\"3877026\" data-element_type=\"widget\" data-e-type=\"widget\" data-widget_type=\"divider.default\">\n\t\t\t\t\t\t\t<div class=\"elementor-divider\">\n\t\t\t<span class=\"elementor-divider-separator\">\n\t\t\t\t\t\t<\/span>\n\t\t<\/div>\n\t\t\t\t\t\t<\/div>\n\t\t\t\t<div class=\"elementor-element elementor-element-a81a21f elementor-widget elementor-widget-text-editor\" data-id=\"a81a21f\" data-element_type=\"widget\" data-e-type=\"widget\" data-widget_type=\"text-editor.default\">\n\t\t\t\t\t\t\t\t\t<p>O bras\u00e3o de armas de Igarapava, institu\u00eddo pela Lei n\u00ba 230 de 23 de abril de 1957, apresenta os seguintes elementos e significados:<\/p><ul><li><p><strong>Escudo Portugu\u00eas de Ouro<\/strong>: Representa a heran\u00e7a portuguesa e a filia\u00e7\u00e3o primitiva, remetendo \u00e0 forma\u00e7\u00e3o da Capitania de S\u00e3o Paulo.<\/p><\/li><li><p><strong>Rosa dos Ventos em Negro e Prata<\/strong>: Simboliza as rotas seguidas pelos bandeirantes no desbravamento dos sert\u00f5es, indicando os quatro pontos cardeais.<\/p><\/li><li><p><strong>Data &#8220;1842&#8221;<\/strong>: Centralizada na rosa dos ventos, refere-se ao ano de funda\u00e7\u00e3o do povoado que originou a cidade.<\/p><\/li><li><p><strong>Faixa Ondeada de Azul com Canoa de Mon\u00e7\u00e3o Dourada<\/strong>: Representa o Rio Grande e a canoa simboliza o significado do nome da cidade em tupi-guarani: &#8220;IGARA&#8221; (canoa) e &#8220;PAVA&#8221; (porto).<\/p><\/li><li><p><strong>Coroa Mural de Ouro<\/strong>: Indica a sede do munic\u00edpio.<\/p><\/li><li><p><strong>Ramos de Cana-de-A\u00e7\u00facar entrela\u00e7ados<\/strong>: Destacam a import\u00e2ncia da agricultura, especialmente da cana-de-a\u00e7\u00facar, para a economia local.<\/p><\/li><li><p><strong>D\u00edstico &#8220;IGARAPAVA&#8221; em Letras de Prata sobre Listel Vermelho<\/strong>: Identifica o nome da cidade no bras\u00e3o.<\/p><\/li><\/ul>\t\t\t\t\t\t\t\t<\/div>\n\t\t\t\t<div class=\"elementor-element elementor-element-60a4bab elementor-widget elementor-widget-spacer\" data-id=\"60a4bab\" data-element_type=\"widget\" data-e-type=\"widget\" data-widget_type=\"spacer.default\">\n\t\t\t\t\t\t\t<div class=\"elementor-spacer\">\n\t\t\t<div class=\"elementor-spacer-inner\"><\/div>\n\t\t<\/div>\n\t\t\t\t\t\t<\/div>\n\t\t\t\t<div class=\"elementor-element elementor-element-62bbff1 elementor-widget elementor-widget-image\" data-id=\"62bbff1\" data-element_type=\"widget\" data-e-type=\"widget\" data-widget_type=\"image.default\">\n\t\t\t\t\t\t\t\t\t\t\t\t\t\t\t<img fetchpriority=\"high\" decoding=\"async\" width=\"246\" height=\"300\" src=\"https:\/\/igarapava.sp.gov.br\/site\/wp-content\/uploads\/2025\/01\/logo-246x300.png\" class=\"attachment-medium size-medium wp-image-9\" alt=\"\" srcset=\"https:\/\/igarapava.sp.gov.br\/site\/wp-content\/uploads\/2025\/01\/logo-246x300.png 246w, https:\/\/igarapava.sp.gov.br\/site\/wp-content\/uploads\/2025\/01\/logo.png 499w\" sizes=\"(max-width: 246px) 100vw, 246px\" \/>\t\t\t\t\t\t\t\t\t\t\t\t\t\t\t<\/div>\n\t\t\t\t<div class=\"elementor-element elementor-element-f9913e8 elementor-widget elementor-widget-spacer\" data-id=\"f9913e8\" data-element_type=\"widget\" data-e-type=\"widget\" data-widget_type=\"spacer.default\">\n\t\t\t\t\t\t\t<div class=\"elementor-spacer\">\n\t\t\t<div class=\"elementor-spacer-inner\"><\/div>\n\t\t<\/div>\n\t\t\t\t\t\t<\/div>\n\t\t\t\t<div class=\"elementor-element elementor-element-62c25cb elementor-widget elementor-widget-heading\" data-id=\"62c25cb\" data-element_type=\"widget\" data-e-type=\"widget\" data-widget_type=\"heading.default\">\n\t\t\t\t\t<h2 class=\"elementor-heading-title elementor-size-default\">Bandeira<\/h2>\t\t\t\t<\/div>\n\t\t\t\t<div class=\"elementor-element elementor-element-c1a3bd2 elementor-widget-divider--view-line elementor-widget elementor-widget-divider\" data-id=\"c1a3bd2\" data-element_type=\"widget\" data-e-type=\"widget\" data-widget_type=\"divider.default\">\n\t\t\t\t\t\t\t<div class=\"elementor-divider\">\n\t\t\t<span class=\"elementor-divider-separator\">\n\t\t\t\t\t\t<\/span>\n\t\t<\/div>\n\t\t\t\t\t\t<\/div>\n\t\t\t\t<div class=\"elementor-element elementor-element-65966fd elementor-widget elementor-widget-image\" data-id=\"65966fd\" data-element_type=\"widget\" data-e-type=\"widget\" data-widget_type=\"image.default\">\n\t\t\t\t\t\t\t\t\t\t\t\t\t\t\t<img decoding=\"async\" width=\"300\" height=\"231\" src=\"https:\/\/igarapava.sp.gov.br\/site\/wp-content\/uploads\/2025\/01\/BandeiraIgarapava-300x231.png\" class=\"attachment-medium size-medium wp-image-507\" alt=\"\" srcset=\"https:\/\/igarapava.sp.gov.br\/site\/wp-content\/uploads\/2025\/01\/BandeiraIgarapava-300x231.png 300w, https:\/\/igarapava.sp.gov.br\/site\/wp-content\/uploads\/2025\/01\/BandeiraIgarapava-768x591.png 768w, https:\/\/igarapava.sp.gov.br\/site\/wp-content\/uploads\/2025\/01\/BandeiraIgarapava.png 780w\" sizes=\"(max-width: 300px) 100vw, 300px\" \/>\t\t\t\t\t\t\t\t\t\t\t\t\t\t\t<\/div>\n\t\t\t\t\t<\/div>\n\t\t\t\t<\/div>\n\t\t\t\t<\/div>\n\t\t","protected":false},"excerpt":{"rendered":"<p>Bras\u00e3o O bras\u00e3o de armas de Igarapava, institu\u00eddo pela Lei n\u00ba 230 de 23 de abril de 1957, apresenta os seguintes elementos e significados: Escudo Portugu\u00eas de Ouro: Representa a heran\u00e7a portuguesa e a filia\u00e7\u00e3o primitiva, remetendo \u00e0 forma\u00e7\u00e3o da Capitania de S\u00e3o Paulo. Rosa dos Ventos em Negro e Prata: Simboliza as rotas seguidas [&hellip;]<\/p>\n","protected":false},"author":1,"featured_media":0,"parent":0,"menu_order":0,"comment_status":"closed","ping_status":"closed","template":"","meta":{"footnotes":""},"class_list":["post-505","page","type-page","status-publish","hentry"],"_links":{"self":[{"href":"https:\/\/igarapava.sp.gov.br\/site\/wp-json\/wp\/v2\/pages\/505","targetHints":{"allow":["GET"]}}],"collection":[{"href":"https:\/\/igarapava.sp.gov.br\/site\/wp-json\/wp\/v2\/pages"}],"about":[{"href":"https:\/\/igarapava.sp.gov.br\/site\/wp-json\/wp\/v2\/types\/page"}],"author":[{"embeddable":true,"href":"https:\/\/igarapava.sp.gov.br\/site\/wp-json\/wp\/v2\/users\/1"}],"replies":[{"embeddable":true,"href":"https:\/\/igarapava.sp.gov.br\/site\/wp-json\/wp\/v2\/comments?post=505"}],"version-history":[{"count":10,"href":"https:\/\/igarapava.sp.gov.br\/site\/wp-json\/wp\/v2\/pages\/505\/revisions"}],"predecessor-version":[{"id":579,"href":"https:\/\/igarapava.sp.gov.br\/site\/wp-json\/wp\/v2\/pages\/505\/revisions\/579"}],"wp:attachment":[{"href":"https:\/\/igarapava.sp.gov.br\/site\/wp-json\/wp\/v2\/media?parent=505"}],"curies":[{"name":"wp","href":"https:\/\/api.w.org\/{rel}","templated":true}]}}