{"id":5024,"date":"2026-01-15T14:55:34","date_gmt":"2026-01-15T17:55:34","guid":{"rendered":"https:\/\/igarapava.sp.gov.br\/site\/?page_id=5024"},"modified":"2026-01-15T15:07:29","modified_gmt":"2026-01-15T18:07:29","slug":"assistencia-social","status":"publish","type":"page","link":"https:\/\/igarapava.sp.gov.br\/site\/assistencia-social\/","title":{"rendered":"Assist\u00eancia Social"},"content":{"rendered":"\t\t<div data-elementor-type=\"wp-page\" data-elementor-id=\"5024\" class=\"elementor elementor-5024\" data-elementor-post-type=\"page\">\n\t\t\t\t<div class=\"elementor-element elementor-element-83a932b e-flex e-con-boxed e-con e-parent\" data-id=\"83a932b\" data-element_type=\"container\" data-e-type=\"container\">\n\t\t\t\t\t<div class=\"e-con-inner\">\n\t\t<div class=\"elementor-element elementor-element-5d33f89 e-con-full e-flex e-con e-child\" data-id=\"5d33f89\" data-element_type=\"container\" data-e-type=\"container\">\n\t\t\t\t<div class=\"elementor-element elementor-element-df42f22 elementor-widget elementor-widget-text-editor\" data-id=\"df42f22\" data-element_type=\"widget\" data-e-type=\"widget\" data-widget_type=\"text-editor.default\">\n\t\t\t\t\t\t\t\t\t<h3>CHAMAMENTO P\u00daBLICO N\u00ba 01\/2026<\/h3>\t\t\t\t\t\t\t\t<\/div>\n\t\t\t\t<div class=\"elementor-element elementor-element-9250436 elementor-widget elementor-widget-shortcode\" data-id=\"9250436\" data-element_type=\"widget\" data-e-type=\"widget\" data-widget_type=\"shortcode.default\">\n\t\t\t\t\t\t\t<div class=\"elementor-shortcode\"><ul class=\"dlm-downloads\"><li><a  data-e-Disable-Page-Transition=\"true\" class=\"download-link\" title=\"Vers\u00e3o 2026 p.a\" href=\"https:\/\/igarapava.sp.gov.br\/site\/baixar\/5046\/?tmstv=1776452102\" rel=\"nofollow\" id=\"download-link-5046\" data-redirect=\"false\" >\n\tERRATA EDITAL CHAMAMENTO P\u00daBLICO 001-2026 P.A. 3443-2025<\/a>\n<\/li><li><a  data-e-Disable-Page-Transition=\"true\" class=\"download-link\" title=\"\" href=\"https:\/\/igarapava.sp.gov.br\/site\/baixar\/5036\/?tmstv=1776452102\" rel=\"nofollow\" id=\"download-link-5036\" data-redirect=\"false\" >\n\tEDITAL E ANEXOS - CHAMAMENTO P\u00daBLICO 001\/2026 - ILPI<\/a>\n<\/li><\/ul>\n\t\t\t\t<\/div>\n\t\t\t\t\t\t<\/div>\n\t\t\t\t<div class=\"elementor-element elementor-element-859cb40 elementor-widget elementor-widget-shortcode\" data-id=\"859cb40\" data-element_type=\"widget\" data-e-type=\"widget\" data-widget_type=\"shortcode.default\">\n\t\t\t\t\t\t\t<div class=\"elementor-shortcode\"><ul class=\"dlm-downloads\"><li><a  data-e-Disable-Page-Transition=\"true\" class=\"download-link\" title=\"\" href=\"https:\/\/igarapava.sp.gov.br\/site\/baixar\/5466\/?tmstv=1776452102\" rel=\"nofollow\" id=\"download-link-5466\" data-redirect=\"false\" >\n\tEdital de Homologa\u00e7\u00e3o do Resultado Definitivo da Fase de Sele\u00e7\u00e3o - Chamamento P\u00fablico 01-2026 - ILPI<\/a>\n<\/li><li><a  data-e-Disable-Page-Transition=\"true\" class=\"download-link\" title=\"\" href=\"https:\/\/igarapava.sp.gov.br\/site\/baixar\/5383\/?tmstv=1776452102\" rel=\"nofollow\" id=\"download-link-5383\" data-redirect=\"false\" >\n\tEdital do Resultado Definitivo da Fase de Sele\u00e7\u00e3o - Chamamento P\u00fablico 01.2026 - ILPI<\/a>\n<\/li><li><a  data-e-Disable-Page-Transition=\"true\" class=\"download-link\" title=\"\" href=\"https:\/\/igarapava.sp.gov.br\/site\/baixar\/5254\/?tmstv=1776452102\" rel=\"nofollow\" id=\"download-link-5254\" data-redirect=\"false\" >\n\tPROCEDIMENTOS FASE SELE\u00c7\u00c3O CHAM. PUBLIC. 01.26<\/a>\n<\/li><li><a  data-e-Disable-Page-Transition=\"true\" class=\"download-link\" title=\"\" href=\"https:\/\/igarapava.sp.gov.br\/site\/baixar\/5042\/?tmstv=1776452102\" rel=\"nofollow\" id=\"download-link-5042\" data-redirect=\"false\" >\n\tEDITAL E ANEXOS - CHAMAMENTO P\u00daBLICO 001\/2026 - ILPI<\/a>\n<\/li><\/ul>\n\t\t\t\t<\/div>\n\t\t\t\t\t\t<\/div>\n\t\t\t\t<\/div>\n\t\t\t\t\t<\/div>\n\t\t\t\t<\/div>\n\t\t\t\t<\/div>\n\t\t","protected":false},"excerpt":{"rendered":"<p>CHAMAMENTO P\u00daBLICO N\u00ba 01\/2026<\/p>\n","protected":false},"author":1,"featured_media":0,"parent":0,"menu_order":0,"comment_status":"closed","ping_status":"closed","template":"","meta":{"footnotes":""},"class_list":["post-5024","page","type-page","status-publish","hentry"],"_links":{"self":[{"href":"https:\/\/igarapava.sp.gov.br\/site\/wp-json\/wp\/v2\/pages\/5024","targetHints":{"allow":["GET"]}}],"collection":[{"href":"https:\/\/igarapava.sp.gov.br\/site\/wp-json\/wp\/v2\/pages"}],"about":[{"href":"https:\/\/igarapava.sp.gov.br\/site\/wp-json\/wp\/v2\/types\/page"}],"author":[{"embeddable":true,"href":"https:\/\/igarapava.sp.gov.br\/site\/wp-json\/wp\/v2\/users\/1"}],"replies":[{"embeddable":true,"href":"https:\/\/igarapava.sp.gov.br\/site\/wp-json\/wp\/v2\/comments?post=5024"}],"version-history":[{"count":7,"href":"https:\/\/igarapava.sp.gov.br\/site\/wp-json\/wp\/v2\/pages\/5024\/revisions"}],"predecessor-version":[{"id":5035,"href":"https:\/\/igarapava.sp.gov.br\/site\/wp-json\/wp\/v2\/pages\/5024\/revisions\/5035"}],"wp:attachment":[{"href":"https:\/\/igarapava.sp.gov.br\/site\/wp-json\/wp\/v2\/media?parent=5024"}],"curies":[{"name":"wp","href":"https:\/\/api.w.org\/{rel}","templated":true}]}}