{"id":4522,"date":"2025-11-28T15:33:35","date_gmt":"2025-11-28T18:33:35","guid":{"rendered":"https:\/\/igarapava.sp.gov.br\/site\/?page_id=4522"},"modified":"2025-11-28T15:35:15","modified_gmt":"2025-11-28T18:35:15","slug":"comdesi","status":"publish","type":"page","link":"https:\/\/igarapava.sp.gov.br\/site\/comdesi\/","title":{"rendered":"COMDESI"},"content":{"rendered":"\t\t<div data-elementor-type=\"wp-page\" data-elementor-id=\"4522\" class=\"elementor elementor-4522\" data-elementor-post-type=\"page\">\n\t\t\t\t<div class=\"elementor-element elementor-element-fbdf3c8 e-flex e-con-boxed e-con e-parent\" data-id=\"fbdf3c8\" data-element_type=\"container\" data-e-type=\"container\">\n\t\t\t\t\t<div class=\"e-con-inner\">\n\t\t\t\t<div class=\"elementor-element elementor-element-f299d72 elementor-widget elementor-widget-image\" data-id=\"f299d72\" data-element_type=\"widget\" data-e-type=\"widget\" data-widget_type=\"image.default\">\n\t\t\t\t\t\t\t\t\t\t\t\t\t\t\t<img decoding=\"async\" width=\"150\" height=\"150\" src=\"https:\/\/igarapava.sp.gov.br\/site\/wp-content\/uploads\/2025\/11\/comdesi-logo_-150x150.png\" class=\"attachment-thumbnail size-thumbnail wp-image-4526\" alt=\"\" \/>\t\t\t\t\t\t\t\t\t\t\t\t\t\t\t<\/div>\n\t\t\t\t<div class=\"elementor-element elementor-element-98c554d elementor-widget elementor-widget-spacer\" data-id=\"98c554d\" data-element_type=\"widget\" data-e-type=\"widget\" data-widget_type=\"spacer.default\">\n\t\t\t\t\t\t\t<div class=\"elementor-spacer\">\n\t\t\t<div class=\"elementor-spacer-inner\"><\/div>\n\t\t<\/div>\n\t\t\t\t\t\t<\/div>\n\t\t\t\t<div class=\"elementor-element elementor-element-77d8ed4 elementor-widget elementor-widget-text-editor\" data-id=\"77d8ed4\" data-element_type=\"widget\" data-e-type=\"widget\" data-widget_type=\"text-editor.default\">\n\t\t\t\t\t\t\t\t\t<p data-start=\"370\" data-end=\"688\">O <strong data-start=\"372\" data-end=\"383\">COMDESI<\/strong> \u00e9 o \u00f3rg\u00e3o colegiado respons\u00e1vel por promover, acompanhar e avaliar a\u00e7\u00f5es voltadas ao <strong data-start=\"469\" data-end=\"507\">desenvolvimento econ\u00f4mico e social<\/strong> do Munic\u00edpio de Igarapava. <strong><a href=\"https:\/\/igarapava.sp.gov.br\/site\/wp-content\/uploads\/2025\/11\/LEI-No-1050-DE-25-DE-MAIO-DE-2022-CONSELHO-MUNICIPAL-DE-DESENVOLVIMENTO-ECONOMICO.pdf\"><em>(Lei Municipal n\u00ba 1.050\/22)<\/em><\/a><\/strong><br \/><br data-start=\"534\" data-end=\"537\" \/>\u00c9 vinculado ao Departamento de Desenvolvimento Econ\u00f4mico, Ind\u00fastria, Com\u00e9rcio, Turismo e Habita\u00e7\u00e3o. <em data-start=\"639\" data-end=\"650\">(Art. 1\u00ba)<\/em><\/p><p data-start=\"370\" data-end=\"688\">\u00a0<\/p><h2 data-start=\"695\" data-end=\"741\"><strong data-start=\"698\" data-end=\"741\"><img decoding=\"async\" class=\"emoji\" role=\"img\" draggable=\"false\" src=\"https:\/\/s.w.org\/images\/core\/emoji\/16.0.1\/svg\/1f3af.svg\" alt=\"\ud83c\udfaf\" \/> Finalidades e Atribui\u00e7\u00f5es Essenciais<\/strong><\/h2><p data-start=\"743\" data-end=\"832\">De acordo com o <strong data-start=\"759\" data-end=\"770\">Art. 3\u00ba<\/strong> da <strong><a href=\"https:\/\/igarapava.sp.gov.br\/site\/wp-content\/uploads\/2025\/11\/LEI-No-1050-DE-25-DE-MAIO-DE-2022-CONSELHO-MUNICIPAL-DE-DESENVOLVIMENTO-ECONOMICO.pdf\"><em>Lei Municipal n\u00ba 1.050\/22<\/em><\/a><\/strong>:<\/p><p data-start=\"743\" data-end=\"832\"><img decoding=\"async\" class=\"emoji\" role=\"img\" draggable=\"false\" src=\"https:\/\/s.w.org\/images\/core\/emoji\/16.0.1\/svg\/2714.svg\" alt=\"\u2714\ufe0f\" \/> Promover o desenvolvimento econ\u00f4mico de forma <strong data-start=\"885\" data-end=\"910\">planejada e integrada<\/strong>.<\/p><p data-start=\"743\" data-end=\"832\"><img decoding=\"async\" class=\"emoji\" role=\"img\" draggable=\"false\" src=\"https:\/\/s.w.org\/images\/core\/emoji\/16.0.1\/svg\/2714.svg\" alt=\"\u2714\ufe0f\" \/> Estimular o crescimento e fortalecimento de <strong data-start=\"963\" data-end=\"989\">empresas j\u00e1 instaladas<\/strong> no munic\u00edpio.<\/p><p data-start=\"743\" data-end=\"832\"><img decoding=\"async\" class=\"emoji\" role=\"img\" draggable=\"false\" src=\"https:\/\/s.w.org\/images\/core\/emoji\/16.0.1\/svg\/2714.svg\" alt=\"\u2714\ufe0f\" \/> Fomentar a <strong data-start=\"1022\" data-end=\"1056\">atra\u00e7\u00e3o de novos investimentos<\/strong>, priorizando gera\u00e7\u00e3o de empregos.<\/p><p data-start=\"743\" data-end=\"832\"><img decoding=\"async\" class=\"emoji\" role=\"img\" draggable=\"false\" src=\"https:\/\/s.w.org\/images\/core\/emoji\/16.0.1\/svg\/2714.svg\" alt=\"\u2714\ufe0f\" \/> Acompanhar e apoiar investimentos e empresas que atendam crit\u00e9rios como:<\/p><ul><li data-start=\"743\" data-end=\"832\">atividades estruturantes,<\/li><li data-start=\"743\" data-end=\"832\">base tecnol\u00f3gica,<\/li><li data-start=\"743\" data-end=\"832\">segmento tur\u00edstico,<\/li><li data-start=\"743\" data-end=\"832\">programas de qualidade,<\/li><li data-start=\"743\" data-end=\"832\">forma\u00e7\u00e3o de m\u00e3o de obra,<\/li><li data-start=\"743\" data-end=\"832\">preserva\u00e7\u00e3o ambiental.<\/li><\/ul><p><img decoding=\"async\" class=\"emoji\" role=\"img\" draggable=\"false\" src=\"https:\/\/s.w.org\/images\/core\/emoji\/16.0.1\/svg\/2714.svg\" alt=\"\u2714\ufe0f\" \/> Avaliar projetos relacionados a <strong data-start=\"1382\" data-end=\"1416\">Incentivos e Est\u00edmulos Fiscais<\/strong>, emitindo parecer.<\/p><p><img decoding=\"async\" class=\"emoji\" role=\"img\" draggable=\"false\" src=\"https:\/\/s.w.org\/images\/core\/emoji\/16.0.1\/svg\/2714.svg\" alt=\"\u2714\ufe0f\" \/> Fiscalizar empresas beneficiadas com incentivos, sugerindo provid\u00eancias em caso de irregularidades.<\/p><p><img decoding=\"async\" class=\"emoji\" role=\"img\" draggable=\"false\" src=\"https:\/\/s.w.org\/images\/core\/emoji\/16.0.1\/svg\/2714.svg\" alt=\"\u2714\ufe0f\" \/> Promover a divulga\u00e7\u00e3o da \u00e1rea econ\u00f4mica e social, apoiando eventos como congressos, feiras e palestras.<\/p><p><img decoding=\"async\" class=\"emoji\" role=\"img\" draggable=\"false\" src=\"https:\/\/s.w.org\/images\/core\/emoji\/16.0.1\/svg\/2714.svg\" alt=\"\u2714\ufe0f\" \/> Incentivar a cria\u00e7\u00e3o de <strong data-start=\"1685\" data-end=\"1703\">novos empregos<\/strong>.<\/p><p><img decoding=\"async\" class=\"emoji\" role=\"img\" draggable=\"false\" src=\"https:\/\/s.w.org\/images\/core\/emoji\/16.0.1\/svg\/2714.svg\" alt=\"\u2714\ufe0f\" \/> Promover, em parceria com institui\u00e7\u00f5es como SENAI, SENAC, SEBRAE e universidades, a\u00e7\u00f5es para <strong data-start=\"1805\" data-end=\"1853\">forma\u00e7\u00e3o e qualifica\u00e7\u00e3o da m\u00e3o de obra local<\/strong>.<\/p><p>\u00a0<\/p><h2 data-start=\"1863\" data-end=\"1894\"><strong data-start=\"1866\" data-end=\"1894\"><img decoding=\"async\" class=\"emoji\" role=\"img\" draggable=\"false\" src=\"https:\/\/s.w.org\/images\/core\/emoji\/16.0.1\/svg\/1f465.svg\" alt=\"\ud83d\udc65\" \/> Composi\u00e7\u00e3o do COMDESI<\/strong><\/h2><p data-start=\"1896\" data-end=\"1963\"><strong><a href=\"https:\/\/igarapava.sp.gov.br\/site\/wp-content\/uploads\/2025\/11\/PORTARIA-No-9719-DE-02.04.25-COMDESI.pdf\">Portaria n\u00ba 9719\/2025 (vigente)<\/a><\/strong><\/p><h5><strong data-start=\"1969\" data-end=\"2007\"><img decoding=\"async\" class=\"emoji\" role=\"img\" draggable=\"false\" src=\"https:\/\/s.w.org\/images\/core\/emoji\/16.0.1\/svg\/1f7e6.svg\" alt=\"\ud83d\udfe6\" \/> Representantes do Poder P\u00fablico<\/strong><\/h5><ol data-start=\"2008\" data-end=\"2188\"><li data-start=\"2008\" data-end=\"2033\"><p data-start=\"2011\" data-end=\"2033\">Gabinete do Prefeito<\/p><\/li><li data-start=\"2034\" data-end=\"2106\"><p data-start=\"2037\" data-end=\"2106\">Desenvolvimento Econ\u00f4mico, Ind\u00fastria, Com\u00e9rcio, Turismo e Habita\u00e7\u00e3o<\/p><\/li><li data-start=\"2107\" data-end=\"2125\"><p data-start=\"2110\" data-end=\"2125\">Meio Ambiente<\/p><\/li><li data-start=\"2126\" data-end=\"2151\"><p data-start=\"2129\" data-end=\"2151\">Planejamento e Metas<\/p><\/li><li data-start=\"2152\" data-end=\"2167\"><p data-start=\"2155\" data-end=\"2167\">Engenharia<\/p><\/li><li data-start=\"2168\" data-end=\"2188\"><p data-start=\"2171\" data-end=\"2188\">Poder Legislativo<\/p><\/li><\/ol><h5><strong data-start=\"2194\" data-end=\"2234\"><img decoding=\"async\" class=\"emoji\" role=\"img\" draggable=\"false\" src=\"https:\/\/s.w.org\/images\/core\/emoji\/16.0.1\/svg\/1f7e9.svg\" alt=\"\ud83d\udfe9\" \/> Sociedade Civil \/ Setor Produtivo<\/strong><\/h5><ol start=\"7\" data-start=\"2235\" data-end=\"2293\"><li data-start=\"2235\" data-end=\"2293\"><p data-start=\"2238\" data-end=\"2293\">ACEIG \u2013 Associa\u00e7\u00e3o Comercial e Empresarial de Igarapava<\/p><\/li><\/ol><p data-start=\"2295\" data-end=\"2538\"><img decoding=\"async\" class=\"emoji\" role=\"img\" draggable=\"false\" src=\"https:\/\/s.w.org\/images\/core\/emoji\/16.0.1\/svg\/1f4cc.svg\" alt=\"\ud83d\udccc\" \/> Suplentes s\u00e3o indicados pelos titulares. <em data-start=\"2339\" data-end=\"2355\">(Art. 2\u00ba, \u00a72\u00ba)<\/em><br data-start=\"2355\" data-end=\"2358\" \/><img decoding=\"async\" class=\"emoji\" role=\"img\" draggable=\"false\" src=\"https:\/\/s.w.org\/images\/core\/emoji\/16.0.1\/svg\/1f4cc.svg\" alt=\"\ud83d\udccc\" \/> Servi\u00e7o prestado ao Conselho <strong data-start=\"2390\" data-end=\"2410\">n\u00e3o \u00e9 remunerado<\/strong> e \u00e9 considerado de <strong data-start=\"2430\" data-end=\"2451\">relev\u00e2ncia social<\/strong>. <em data-start=\"2453\" data-end=\"2469\">(Art. 2\u00ba, \u00a73\u00ba)<\/em><br data-start=\"2469\" data-end=\"2472\" \/><img decoding=\"async\" class=\"emoji\" role=\"img\" draggable=\"false\" src=\"https:\/\/s.w.org\/images\/core\/emoji\/16.0.1\/svg\/1f4cc.svg\" alt=\"\ud83d\udccc\" \/> O Presidente pode ser designado pelo Prefeito. <em data-start=\"2522\" data-end=\"2538\">(Art. 2\u00ba, \u00a71\u00ba) &#8211; <strong><a href=\"https:\/\/igarapava.sp.gov.br\/site\/wp-content\/uploads\/2025\/11\/DECRETO-No-2982-DE-08.04.25-NOMEIA-PRESIDENTE-DO-COMDESI-1.pdf\">Decreto n\u00ba 2982\/2025.<\/a><\/strong><\/em><\/p><p data-start=\"2295\" data-end=\"2538\">\u00a0<\/p><h2 data-start=\"2545\" data-end=\"2578\"><strong data-start=\"2548\" data-end=\"2578\"><img decoding=\"async\" class=\"emoji\" role=\"img\" draggable=\"false\" src=\"https:\/\/s.w.org\/images\/core\/emoji\/16.0.1\/svg\/1f4c5.svg\" alt=\"\ud83d\udcc5\" \/> Reuni\u00f5es e Delibera\u00e7\u00f5es<\/strong><\/h2><ul data-start=\"2580\" data-end=\"2842\"><li data-start=\"2580\" data-end=\"2629\"><p data-start=\"2582\" data-end=\"2629\">Reuni\u00f5es ordin\u00e1rias: <strong data-start=\"2603\" data-end=\"2627\">uma vez por bimestre<\/strong><\/p><\/li><li data-start=\"2630\" data-end=\"2785\"><p data-start=\"2632\" data-end=\"2785\">Reuni\u00f5es extraordin\u00e1rias: sempre que convocadas pelo Presidente ou pela maioria simples dos membros<br data-start=\"2731\" data-end=\"2734\" \/><em data-start=\"2734\" data-end=\"2745\">(Art. 4\u00ba)<\/em><\/p><\/li><li data-start=\"2787\" data-end=\"2842\"><p data-start=\"2789\" data-end=\"2842\">Delibera\u00e7\u00f5es: por <strong data-start=\"2807\" data-end=\"2826\">maioria simples<\/strong><br data-start=\"2826\" data-end=\"2829\" \/><em data-start=\"2829\" data-end=\"2840\">(Art. 5\u00ba)<\/em><\/p><\/li><\/ul><p>\u00a0<\/p><h1 data-start=\"3267\" data-end=\"3287\"><strong data-start=\"3269\" data-end=\"3287\"><img decoding=\"async\" class=\"emoji\" role=\"img\" draggable=\"false\" src=\"https:\/\/s.w.org\/images\/core\/emoji\/16.0.1\/svg\/1f4da.svg\" alt=\"\ud83d\udcda\" \/> Publica\u00e7\u00f5es<\/strong><\/h1><p data-start=\"3289\" data-end=\"3312\">Ser\u00e3o disponibilizados:<\/p><ul data-start=\"3314\" data-end=\"3535\"><li data-start=\"3314\" data-end=\"3335\"><p data-start=\"3316\" data-end=\"3335\">Atas das reuni\u00f5es<\/p><\/li><li data-start=\"3336\" data-end=\"3361\"><p data-start=\"3338\" data-end=\"3361\">Portarias de nomea\u00e7\u00e3o<\/p><\/li><li data-start=\"3362\" data-end=\"3391\"><p data-start=\"3364\" data-end=\"3391\">Resolu\u00e7\u00f5es e delibera\u00e7\u00f5es<\/p><\/li><li data-start=\"3392\" data-end=\"3433\"><p data-start=\"3394\" data-end=\"3433\">Pareceres sobre incentivos e projetos<\/p><\/li><li data-start=\"3434\" data-end=\"3491\"><p data-start=\"3436\" data-end=\"3491\">Relat\u00f3rios de acompanhamento de empresas beneficiadas<\/p><\/li><li data-start=\"3492\" data-end=\"3535\"><p data-start=\"3494\" data-end=\"3535\">Documentos relacionados \u00e0s subcomiss\u00f5es<\/p><\/li><\/ul>\t\t\t\t\t\t\t\t<\/div>\n\t\t\t\t\t<\/div>\n\t\t\t\t<\/div>\n\t\t\t\t<\/div>\n\t\t","protected":false},"excerpt":{"rendered":"<p>O COMDESI \u00e9 o \u00f3rg\u00e3o colegiado respons\u00e1vel por promover, acompanhar e avaliar a\u00e7\u00f5es voltadas ao desenvolvimento econ\u00f4mico e social do Munic\u00edpio de Igarapava. (Lei Municipal n\u00ba 1.050\/22)\u00c9 vinculado ao Departamento de Desenvolvimento Econ\u00f4mico, Ind\u00fastria, Com\u00e9rcio, Turismo e Habita\u00e7\u00e3o. (Art. 1\u00ba) \u00a0 Finalidades e Atribui\u00e7\u00f5es Essenciais De acordo com o Art. 3\u00ba da Lei Municipal n\u00ba [&hellip;]<\/p>\n","protected":false},"author":1,"featured_media":0,"parent":0,"menu_order":0,"comment_status":"closed","ping_status":"closed","template":"","meta":{"footnotes":""},"class_list":["post-4522","page","type-page","status-publish","hentry"],"_links":{"self":[{"href":"https:\/\/igarapava.sp.gov.br\/site\/wp-json\/wp\/v2\/pages\/4522","targetHints":{"allow":["GET"]}}],"collection":[{"href":"https:\/\/igarapava.sp.gov.br\/site\/wp-json\/wp\/v2\/pages"}],"about":[{"href":"https:\/\/igarapava.sp.gov.br\/site\/wp-json\/wp\/v2\/types\/page"}],"author":[{"embeddable":true,"href":"https:\/\/igarapava.sp.gov.br\/site\/wp-json\/wp\/v2\/users\/1"}],"replies":[{"embeddable":true,"href":"https:\/\/igarapava.sp.gov.br\/site\/wp-json\/wp\/v2\/comments?post=4522"}],"version-history":[{"count":4,"href":"https:\/\/igarapava.sp.gov.br\/site\/wp-json\/wp\/v2\/pages\/4522\/revisions"}],"predecessor-version":[{"id":4552,"href":"https:\/\/igarapava.sp.gov.br\/site\/wp-json\/wp\/v2\/pages\/4522\/revisions\/4552"}],"wp:attachment":[{"href":"https:\/\/igarapava.sp.gov.br\/site\/wp-json\/wp\/v2\/media?parent=4522"}],"curies":[{"name":"wp","href":"https:\/\/api.w.org\/{rel}","templated":true}]}}