{"id":4490,"date":"2025-11-28T13:49:47","date_gmt":"2025-11-28T16:49:47","guid":{"rendered":"https:\/\/igarapava.sp.gov.br\/site\/?page_id=4490"},"modified":"2025-11-28T13:56:43","modified_gmt":"2025-11-28T16:56:43","slug":"comtur","status":"publish","type":"page","link":"https:\/\/igarapava.sp.gov.br\/site\/comtur\/","title":{"rendered":"COMTUR"},"content":{"rendered":"\t\t<div data-elementor-type=\"wp-page\" data-elementor-id=\"4490\" class=\"elementor elementor-4490\" data-elementor-post-type=\"page\">\n\t\t\t\t<div class=\"elementor-element elementor-element-ed0d3fe e-flex e-con-boxed e-con e-parent\" data-id=\"ed0d3fe\" data-element_type=\"container\" data-e-type=\"container\">\n\t\t\t\t\t<div class=\"e-con-inner\">\n\t\t\t\t<div class=\"elementor-element elementor-element-8533665 elementor-widget elementor-widget-image\" data-id=\"8533665\" data-element_type=\"widget\" data-e-type=\"widget\" data-widget_type=\"image.default\">\n\t\t\t\t\t\t\t\t\t\t\t\t\t\t\t<img fetchpriority=\"high\" decoding=\"async\" width=\"300\" height=\"189\" src=\"https:\/\/igarapava.sp.gov.br\/site\/wp-content\/uploads\/2025\/11\/logo-comtur-300x189.png\" class=\"attachment-medium size-medium wp-image-4488\" alt=\"\" srcset=\"https:\/\/igarapava.sp.gov.br\/site\/wp-content\/uploads\/2025\/11\/logo-comtur-300x189.png 300w, https:\/\/igarapava.sp.gov.br\/site\/wp-content\/uploads\/2025\/11\/logo-comtur-1024x645.png 1024w, https:\/\/igarapava.sp.gov.br\/site\/wp-content\/uploads\/2025\/11\/logo-comtur-768x484.png 768w, https:\/\/igarapava.sp.gov.br\/site\/wp-content\/uploads\/2025\/11\/logo-comtur-1536x967.png 1536w, https:\/\/igarapava.sp.gov.br\/site\/wp-content\/uploads\/2025\/11\/logo-comtur-2048x1289.png 2048w\" sizes=\"(max-width: 300px) 100vw, 300px\" \/>\t\t\t\t\t\t\t\t\t\t\t\t\t\t\t<\/div>\n\t\t\t\t<div class=\"elementor-element elementor-element-b13c5a3 elementor-widget elementor-widget-spacer\" data-id=\"b13c5a3\" data-element_type=\"widget\" data-e-type=\"widget\" data-widget_type=\"spacer.default\">\n\t\t\t\t\t\t\t<div class=\"elementor-spacer\">\n\t\t\t<div class=\"elementor-spacer-inner\"><\/div>\n\t\t<\/div>\n\t\t\t\t\t\t<\/div>\n\t\t\t\t<div class=\"elementor-element elementor-element-9a8d95d elementor-widget elementor-widget-text-editor\" data-id=\"9a8d95d\" data-element_type=\"widget\" data-e-type=\"widget\" data-widget_type=\"text-editor.default\">\n\t\t\t\t\t\t\t\t\t<p data-start=\"565\" data-end=\"878\">O <strong data-start=\"567\" data-end=\"577\">COMTUR<\/strong> \u00e9 o \u00f3rg\u00e3o local <strong data-start=\"594\" data-end=\"623\">deliberativo e consultivo<\/strong>, formado pela integra\u00e7\u00e3o entre Poder P\u00fablico e Sociedade Civil, respons\u00e1vel por assessorar e deliberar sobre a\u00e7\u00f5es e diretrizes do desenvolvimento tur\u00edstico do munic\u00edpio de Igarapava.<br data-start=\"807\" data-end=\"810\" \/><em data-start=\"810\" data-end=\"840\">(Art. 1\u00ba da <strong><a href=\"https:\/\/igarapava.sp.gov.br\/site\/wp-content\/uploads\/2025\/11\/LEI-No-768-19-DE-DEZEMBRO-DE-2017-CONSELHO-MUNICIPAL-DE-TURISMO-DO-MUNICIPIO-DE-IGARAPAVA-COMTUR.pdf\">Lei n\u00ba 768\/2017<\/a>)<\/strong><\/em><\/p><p data-start=\"565\" data-end=\"878\">\u00a0<\/p><h2 data-start=\"885\" data-end=\"932\"><strong data-start=\"888\" data-end=\"932\"><img decoding=\"async\" class=\"emoji\" role=\"img\" draggable=\"false\" src=\"https:\/\/s.w.org\/images\/core\/emoji\/16.0.1\/svg\/1f3af.svg\" alt=\"\ud83c\udfaf\" \/> Finalidades e Compet\u00eancias Principais<\/strong><\/h2><p data-start=\"934\" data-end=\"1075\">Conforme Art. 3\u00ba da<strong><em data-start=\"810\" data-end=\"840\"> <a href=\"https:\/\/igarapava.sp.gov.br\/site\/wp-content\/uploads\/2025\/11\/LEI-No-768-19-DE-DEZEMBRO-DE-2017-CONSELHO-MUNICIPAL-DE-TURISMO-DO-MUNICIPIO-DE-IGARAPAVA-COMTUR.pdf\">Lei n\u00ba 768\/2017<\/a><\/em><\/strong> (com altera\u00e7\u00f5es posteriores):<\/p><ul data-start=\"1077\" data-end=\"2098\"><li data-start=\"1077\" data-end=\"1143\"><p data-start=\"1079\" data-end=\"1143\"><img decoding=\"async\" class=\"emoji\" role=\"img\" draggable=\"false\" src=\"https:\/\/s.w.org\/images\/core\/emoji\/16.0.1\/svg\/2714.svg\" alt=\"\u2714\ufe0f\" \/> Avaliar e opinar sobre a <strong data-start=\"1107\" data-end=\"1140\">Pol\u00edtica Municipal de Turismo<\/strong>.<\/p><\/li><li data-start=\"1144\" data-end=\"1213\"><p data-start=\"1146\" data-end=\"1213\"><img decoding=\"async\" class=\"emoji\" role=\"img\" draggable=\"false\" src=\"https:\/\/s.w.org\/images\/core\/emoji\/16.0.1\/svg\/2714.svg\" alt=\"\u2714\ufe0f\" \/> Analisar planos anuais e estrat\u00e9gias para expans\u00e3o do turismo.<\/p><\/li><li data-start=\"1214\" data-end=\"1290\"><p data-start=\"1216\" data-end=\"1290\"><img decoding=\"async\" class=\"emoji\" role=\"img\" draggable=\"false\" src=\"https:\/\/s.w.org\/images\/core\/emoji\/16.0.1\/svg\/2714.svg\" alt=\"\u2714\ufe0f\" \/> Inventariar e manter atualizado o cadastro de informa\u00e7\u00f5es tur\u00edsticas.<\/p><\/li><li data-start=\"1291\" data-end=\"1399\"><p data-start=\"1293\" data-end=\"1399\"><img decoding=\"async\" class=\"emoji\" role=\"img\" draggable=\"false\" src=\"https:\/\/s.w.org\/images\/core\/emoji\/16.0.1\/svg\/2714.svg\" alt=\"\u2714\ufe0f\" \/> Programar debates, ouvir setores envolvidos e promover integra\u00e7\u00e3o entre entidades ligadas ao turismo.<\/p><\/li><li data-start=\"1400\" data-end=\"1487\"><p data-start=\"1402\" data-end=\"1487\"><img decoding=\"async\" class=\"emoji\" role=\"img\" draggable=\"false\" src=\"https:\/\/s.w.org\/images\/core\/emoji\/16.0.1\/svg\/2714.svg\" alt=\"\u2714\ufe0f\" \/> Propor resolu\u00e7\u00f5es, instru\u00e7\u00f5es e a\u00e7\u00f5es relacionadas ao desenvolvimento tur\u00edstico.<\/p><\/li><li data-start=\"1488\" data-end=\"1569\"><p data-start=\"1490\" data-end=\"1569\"><img decoding=\"async\" class=\"emoji\" role=\"img\" draggable=\"false\" src=\"https:\/\/s.w.org\/images\/core\/emoji\/16.0.1\/svg\/2714.svg\" alt=\"\u2714\ufe0f\" \/> Propor projetos, a\u00e7\u00f5es, feiras, eventos e campanhas de promo\u00e7\u00e3o tur\u00edstica.<\/p><\/li><li data-start=\"1570\" data-end=\"1664\"><p data-start=\"1572\" data-end=\"1664\"><img decoding=\"async\" class=\"emoji\" role=\"img\" draggable=\"false\" src=\"https:\/\/s.w.org\/images\/core\/emoji\/16.0.1\/svg\/2714.svg\" alt=\"\u2714\ufe0f\" \/> Propor mecanismos de capta\u00e7\u00e3o de recursos e emitir pareceres sobre projetos tur\u00edsticos.<\/p><\/li><li data-start=\"1665\" data-end=\"1770\"><p data-start=\"1667\" data-end=\"1770\"><img decoding=\"async\" class=\"emoji\" role=\"img\" draggable=\"false\" src=\"https:\/\/s.w.org\/images\/core\/emoji\/16.0.1\/svg\/2714.svg\" alt=\"\u2714\ufe0f\" \/> Monitorar o crescimento do turismo e sugerir medidas compat\u00edveis com a capacidade tur\u00edstica local.<\/p><\/li><li data-start=\"1771\" data-end=\"1842\"><p data-start=\"1773\" data-end=\"1842\"><img decoding=\"async\" class=\"emoji\" role=\"img\" draggable=\"false\" src=\"https:\/\/s.w.org\/images\/core\/emoji\/16.0.1\/svg\/2714.svg\" alt=\"\u2714\ufe0f\" \/> Analisar reclama\u00e7\u00f5es e sugest\u00f5es de turistas e propor melhorias.<\/p><\/li><li data-start=\"1843\" data-end=\"2033\"><p data-start=\"1845\" data-end=\"2033\"><img decoding=\"async\" class=\"emoji\" role=\"img\" draggable=\"false\" src=\"https:\/\/s.w.org\/images\/core\/emoji\/16.0.1\/svg\/2714.svg\" alt=\"\u2714\ufe0f\" \/> Acompanhar e fiscalizar a <strong data-start=\"1874\" data-end=\"1926\">gest\u00e3o de recursos do Fundo Municipal de Turismo<\/strong>, incluindo recursos da Lei Estadual 1.261\/2015. <em data-start=\"1975\" data-end=\"2031\">(Art. 3\u00ba, al\u00ednea \u201cu\u201d, inclu\u00edda pela Lei n\u00ba 1.116\/2023)<\/em><\/p><\/li><li data-start=\"2034\" data-end=\"2098\"><p data-start=\"2036\" data-end=\"2098\"><img decoding=\"async\" class=\"emoji\" role=\"img\" draggable=\"false\" src=\"https:\/\/s.w.org\/images\/core\/emoji\/16.0.1\/svg\/2714.svg\" alt=\"\u2714\ufe0f\" \/> Elaborar e aprovar o <strong data-start=\"2060\" data-end=\"2084\">Calend\u00e1rio Tur\u00edstico<\/strong> do munic\u00edpio.<\/p><\/li><\/ul><h2 data-start=\"2105\" data-end=\"2141\"><strong data-start=\"2108\" data-end=\"2141\"><img decoding=\"async\" class=\"emoji\" role=\"img\" draggable=\"false\" src=\"https:\/\/s.w.org\/images\/core\/emoji\/16.0.1\/svg\/1f465.svg\" alt=\"\ud83d\udc65\" \/> Composi\u00e7\u00e3o Atual do COMTUR<\/strong><\/h2><p data-start=\"2143\" data-end=\"2300\">Conforme <strong data-start=\"2152\" data-end=\"2182\">Art. 2\u00ba da Lei n\u00ba 768\/2017<\/strong>, atualizado pela <strong data-start=\"2200\" data-end=\"2221\">Lei n\u00ba 1.029\/2022<\/strong>:<\/p><h5><strong data-start=\"2306\" data-end=\"2344\"><img decoding=\"async\" class=\"emoji\" role=\"img\" draggable=\"false\" src=\"https:\/\/s.w.org\/images\/core\/emoji\/16.0.1\/svg\/1f7e6.svg\" alt=\"\ud83d\udfe6\" \/> Representantes do Poder P\u00fablico<\/strong><\/h5><ol data-start=\"2345\" data-end=\"2439\"><li data-start=\"2345\" data-end=\"2357\"><p data-start=\"2348\" data-end=\"2357\">Turismo<\/p><\/li><li data-start=\"2358\" data-end=\"2381\"><p data-start=\"2361\" data-end=\"2381\">Educa\u00e7\u00e3o e Cultura<\/p><\/li><li data-start=\"2382\" data-end=\"2407\"><p data-start=\"2385\" data-end=\"2407\">Ind\u00fastria e Com\u00e9rcio<\/p><\/li><li data-start=\"2408\" data-end=\"2439\"><p data-start=\"2411\" data-end=\"2439\">Engenharia \/ Meio Ambiente<\/p><\/li><\/ol><h5><strong data-start=\"2445\" data-end=\"2488\"><img decoding=\"async\" class=\"emoji\" role=\"img\" draggable=\"false\" src=\"https:\/\/s.w.org\/images\/core\/emoji\/16.0.1\/svg\/1f7e9.svg\" alt=\"\ud83d\udfe9\" \/> Representantes da Iniciativa Privada<\/strong><\/h5><ol data-start=\"2489\" data-end=\"2792\"><li data-start=\"2489\" data-end=\"2508\"><p data-start=\"2492\" data-end=\"2508\">Rede Hoteleira<\/p><\/li><li data-start=\"2509\" data-end=\"2534\"><p data-start=\"2512\" data-end=\"2534\">Restaurantes e Bares<\/p><\/li><li data-start=\"2535\" data-end=\"2568\"><p data-start=\"2538\" data-end=\"2568\">ACEIG \u2013 Associa\u00e7\u00e3o Comercial<\/p><\/li><li data-start=\"2569\" data-end=\"2635\"><p data-start=\"2572\" data-end=\"2635\">ADETUR \u2013 Ag\u00eancia de Desenvolvimento Tur\u00edstico da Alta Mogiana<\/p><\/li><li data-start=\"2636\" data-end=\"2672\"><p data-start=\"2639\" data-end=\"2672\">Usina Hidrel\u00e9trica de Igarapava<\/p><\/li><li data-start=\"2673\" data-end=\"2750\"><p data-start=\"2676\" data-end=\"2750\">Associa\u00e7\u00e3o Igarapavense de Ciclismo e Esportes de Aventura \u2013 Tribos Bike<\/p><\/li><li data-start=\"2751\" data-end=\"2778\"><p data-start=\"2754\" data-end=\"2778\">Associa\u00e7\u00e3o de Artes\u00e3os<\/p><\/li><li data-start=\"2779\" data-end=\"2792\"><p data-start=\"2782\" data-end=\"2792\">Imprensa<\/p><\/li><\/ol><p data-start=\"2794\" data-end=\"2988\"><img decoding=\"async\" class=\"emoji\" role=\"img\" draggable=\"false\" src=\"https:\/\/s.w.org\/images\/core\/emoji\/16.0.1\/svg\/1f4cc.svg\" alt=\"\ud83d\udccc\" \/> <em data-start=\"2797\" data-end=\"2850\">Cada representa\u00e7\u00e3o possui um titular e um suplente.<\/em><br data-start=\"2850\" data-end=\"2853\" \/><img decoding=\"async\" class=\"emoji\" role=\"img\" draggable=\"false\" src=\"https:\/\/s.w.org\/images\/core\/emoji\/16.0.1\/svg\/1f4cc.svg\" alt=\"\ud83d\udccc\" \/> <em data-start=\"2856\" data-end=\"2986\">Outros integrantes podem ser inclu\u00eddos se aprovados em reuni\u00e3o (Art. 1\u00ba, \u00a74\u00ba da Lei n\u00ba 768\/2017 e Art. 1\u00ba da Lei n\u00ba 1.029\/2022).<\/em><\/p><p data-start=\"2794\" data-end=\"2988\">\u00a0<\/p><h2 data-start=\"2995\" data-end=\"3023\"><strong data-start=\"2998\" data-end=\"3023\"><img decoding=\"async\" class=\"emoji\" role=\"img\" draggable=\"false\" src=\"https:\/\/s.w.org\/images\/core\/emoji\/16.0.1\/svg\/2696.svg\" alt=\"\u2696\ufe0f\" \/> Regras Importantes<\/strong><\/h2><p data-start=\"3025\" data-end=\"3135\">Com base nos Arts. 1\u00ba, 6\u00ba, 8\u00ba e 15 (alterados pela <strong><a href=\"https:\/\/igarapava.sp.gov.br\/site\/wp-content\/uploads\/2025\/11\/LEI-No-1116-DE-14.09.23-ALTERA-LEI-No-768-COMTUR.pdf\">Lei n\u00ba 1.116\/2023<\/a><\/strong>):<\/p><p data-start=\"3025\" data-end=\"3135\"><img decoding=\"async\" class=\"emoji\" style=\"background-color: #ffffff;\" role=\"img\" draggable=\"false\" src=\"https:\/\/s.w.org\/images\/core\/emoji\/16.0.1\/svg\/2714.svg\" alt=\"\u2714\ufe0f\" \/> Mandato dos membros: <strong data-start=\"3163\" data-end=\"3173\">2 anos<\/strong>, com possibilidade de recondu\u00e7\u00e3o.<\/p><p data-start=\"3025\" data-end=\"3135\"><img decoding=\"async\" class=\"emoji\" style=\"background-color: #ffffff;\" role=\"img\" draggable=\"false\" src=\"https:\/\/s.w.org\/images\/core\/emoji\/16.0.1\/svg\/2714.svg\" alt=\"\u2714\ufe0f\" \/> Presidente \u00e9 eleito por <strong data-start=\"3239\" data-end=\"3268\">vota\u00e7\u00e3o pessoal e secreta<\/strong> entre os membros.<\/p><p data-start=\"3025\" data-end=\"3135\"><img decoding=\"async\" class=\"emoji\" style=\"background-color: #ffffff;\" role=\"img\" draggable=\"false\" src=\"https:\/\/s.w.org\/images\/core\/emoji\/16.0.1\/svg\/2714.svg\" alt=\"\u2714\ufe0f\" \/> Reuni\u00f5es ordin\u00e1rias: <strong data-start=\"3315\" data-end=\"3325\">mensal<\/strong>, com reuni\u00f5es extraordin\u00e1rias quando necess\u00e1rio.<\/p><p data-start=\"3025\" data-end=\"3135\"><img decoding=\"async\" class=\"emoji\" style=\"background-color: #ffffff;\" role=\"img\" draggable=\"false\" src=\"https:\/\/s.w.org\/images\/core\/emoji\/16.0.1\/svg\/2714.svg\" alt=\"\u2714\ufe0f\" \/> Perde o mandato quem faltar:<\/p><ul><li data-start=\"3417\" data-end=\"3460\">3 reuni\u00f5es ordin\u00e1rias consecutivas <strong data-start=\"3452\" data-end=\"3458\">ou<\/strong><\/li><li data-start=\"3417\" data-end=\"3460\">6 alternadas no ano.<br \/><br \/><\/li><\/ul><p><img decoding=\"async\" class=\"emoji\" role=\"img\" draggable=\"false\" src=\"https:\/\/s.w.org\/images\/core\/emoji\/16.0.1\/svg\/2714.svg\" alt=\"\u2714\ufe0f\" \/> COMTUR pode propor a <strong data-start=\"3514\" data-end=\"3530\">reintegra\u00e7\u00e3o<\/strong> de membros eliminados, por vota\u00e7\u00e3o secreta e maioria absoluta.<\/p><p><img decoding=\"async\" class=\"emoji\" style=\"background-color: #ffffff;\" role=\"img\" draggable=\"false\" src=\"https:\/\/s.w.org\/images\/core\/emoji\/16.0.1\/svg\/2714.svg\" alt=\"\u2714\ufe0f\" \/> Fun\u00e7\u00e3o dos membros <strong data-start=\"3620\" data-end=\"3640\">n\u00e3o \u00e9 remunerada<\/strong>.<\/p><p>\u00a0<\/p><h1 data-start=\"3650\" data-end=\"3670\"><strong data-start=\"3652\" data-end=\"3670\"><img decoding=\"async\" class=\"emoji\" role=\"img\" draggable=\"false\" src=\"https:\/\/s.w.org\/images\/core\/emoji\/16.0.1\/svg\/1f4da.svg\" alt=\"\ud83d\udcda\" \/> Publica\u00e7\u00f5es<\/strong><\/h1><p data-start=\"3672\" data-end=\"3708\">Ser\u00e3o disponibilizados neste espa\u00e7o:<\/p><ul data-start=\"3710\" data-end=\"3908\"><li data-start=\"3710\" data-end=\"3731\"><p data-start=\"3712\" data-end=\"3731\"><strong><a href=\"https:\/\/igarapava.sp.gov.br\/site\/wp-content\/uploads\/2025\/11\/LEI-No-1189-DE-10.12.24-REVISAO-DO-PLANO-MUNICIPAL-DE-TURISMO-DO-MUNICIPIO.pdf\">Plano Municipal de Turismo<\/a><\/strong><\/p><\/li><li>Atas das reuni\u00f5es<\/li><li data-start=\"3732\" data-end=\"3761\"><p data-start=\"3734\" data-end=\"3761\">Resolu\u00e7\u00f5es e delibera\u00e7\u00f5es<\/p><\/li><li data-start=\"3762\" data-end=\"3787\"><p data-start=\"3764\" data-end=\"3787\">Portarias de nomea\u00e7\u00e3o<\/p><\/li><li data-start=\"3788\" data-end=\"3812\"><p data-start=\"3790\" data-end=\"3812\">Calend\u00e1rio Tur\u00edstico<\/p><\/li><li data-start=\"3813\" data-end=\"3859\"><p data-start=\"3815\" data-end=\"3859\">Pareceres e projetos avaliados pelo COMTUR<\/p><\/li><li data-start=\"3860\" data-end=\"3908\"><p data-start=\"3862\" data-end=\"3908\">Atos relativos ao Fundo Municipal de Turismo<\/p><\/li><\/ul>\t\t\t\t\t\t\t\t<\/div>\n\t\t\t\t\t<\/div>\n\t\t\t\t<\/div>\n\t\t\t\t<\/div>\n\t\t","protected":false},"excerpt":{"rendered":"<p>O COMTUR \u00e9 o \u00f3rg\u00e3o local deliberativo e consultivo, formado pela integra\u00e7\u00e3o entre Poder P\u00fablico e Sociedade Civil, respons\u00e1vel por assessorar e deliberar sobre a\u00e7\u00f5es e diretrizes do desenvolvimento tur\u00edstico do munic\u00edpio de Igarapava.(Art. 1\u00ba da Lei n\u00ba 768\/2017) \u00a0 Finalidades e Compet\u00eancias Principais Conforme Art. 3\u00ba da Lei n\u00ba 768\/2017 (com altera\u00e7\u00f5es posteriores): Avaliar [&hellip;]<\/p>\n","protected":false},"author":1,"featured_media":0,"parent":0,"menu_order":0,"comment_status":"closed","ping_status":"closed","template":"","meta":{"footnotes":""},"class_list":["post-4490","page","type-page","status-publish","hentry"],"_links":{"self":[{"href":"https:\/\/igarapava.sp.gov.br\/site\/wp-json\/wp\/v2\/pages\/4490","targetHints":{"allow":["GET"]}}],"collection":[{"href":"https:\/\/igarapava.sp.gov.br\/site\/wp-json\/wp\/v2\/pages"}],"about":[{"href":"https:\/\/igarapava.sp.gov.br\/site\/wp-json\/wp\/v2\/types\/page"}],"author":[{"embeddable":true,"href":"https:\/\/igarapava.sp.gov.br\/site\/wp-json\/wp\/v2\/users\/1"}],"replies":[{"embeddable":true,"href":"https:\/\/igarapava.sp.gov.br\/site\/wp-json\/wp\/v2\/comments?post=4490"}],"version-history":[{"count":4,"href":"https:\/\/igarapava.sp.gov.br\/site\/wp-json\/wp\/v2\/pages\/4490\/revisions"}],"predecessor-version":[{"id":4498,"href":"https:\/\/igarapava.sp.gov.br\/site\/wp-json\/wp\/v2\/pages\/4490\/revisions\/4498"}],"wp:attachment":[{"href":"https:\/\/igarapava.sp.gov.br\/site\/wp-json\/wp\/v2\/media?parent=4490"}],"curies":[{"name":"wp","href":"https:\/\/api.w.org\/{rel}","templated":true}]}}