{"id":4469,"date":"2025-11-28T13:19:56","date_gmt":"2025-11-28T16:19:56","guid":{"rendered":"https:\/\/igarapava.sp.gov.br\/site\/?page_id=4469"},"modified":"2025-11-28T13:21:58","modified_gmt":"2025-11-28T16:21:58","slug":"cms","status":"publish","type":"page","link":"https:\/\/igarapava.sp.gov.br\/site\/cms\/","title":{"rendered":"CMS"},"content":{"rendered":"\t\t<div data-elementor-type=\"wp-page\" data-elementor-id=\"4469\" class=\"elementor elementor-4469\" data-elementor-post-type=\"page\">\n\t\t\t\t<div class=\"elementor-element elementor-element-4b5f16a e-flex e-con-boxed e-con e-parent\" data-id=\"4b5f16a\" data-element_type=\"container\" data-e-type=\"container\">\n\t\t\t\t\t<div class=\"e-con-inner\">\n\t\t\t\t<div class=\"elementor-element elementor-element-afa88da elementor-widget elementor-widget-image\" data-id=\"afa88da\" data-element_type=\"widget\" data-e-type=\"widget\" data-widget_type=\"image.default\">\n\t\t\t\t\t\t\t\t\t\t\t\t\t\t\t<img decoding=\"async\" width=\"150\" height=\"150\" src=\"https:\/\/igarapava.sp.gov.br\/site\/wp-content\/uploads\/2025\/11\/CMS-LOGO-150x150.png\" class=\"attachment-thumbnail size-thumbnail wp-image-4450\" alt=\"\" \/>\t\t\t\t\t\t\t\t\t\t\t\t\t\t\t<\/div>\n\t\t\t\t<div class=\"elementor-element elementor-element-2bd7897 elementor-widget elementor-widget-spacer\" data-id=\"2bd7897\" data-element_type=\"widget\" data-e-type=\"widget\" data-widget_type=\"spacer.default\">\n\t\t\t\t\t\t\t<div class=\"elementor-spacer\">\n\t\t\t<div class=\"elementor-spacer-inner\"><\/div>\n\t\t<\/div>\n\t\t\t\t\t\t<\/div>\n\t\t\t\t<div class=\"elementor-element elementor-element-a7bdada elementor-widget elementor-widget-text-editor\" data-id=\"a7bdada\" data-element_type=\"widget\" data-e-type=\"widget\" data-widget_type=\"text-editor.default\">\n\t\t\t\t\t\t\t\t\t<p data-start=\"241\" data-end=\"543\">O <strong data-start=\"243\" data-end=\"280\">Conselho Municipal de Sa\u00fade (CMS)<\/strong> \u00e9 um \u00f3rg\u00e3o <strong data-start=\"292\" data-end=\"357\">colegiado, permanente, deliberativo, normativo e fiscalizador<\/strong> da Pol\u00edtica Municipal de Sa\u00fade. Atua no controle social do SUS, garantindo a participa\u00e7\u00e3o da sociedade nas decis\u00f5es do setor.<br data-start=\"483\" data-end=\"486\" \/><strong><a href=\"https:\/\/igarapava.sp.gov.br\/site\/wp-content\/uploads\/2025\/11\/Lei-N\u00b0552-DE-20.06.2013-ESTABELECE-A-COMPOSICAO-E-ATRIBUICOES-DO-CONSELHO-MUNICIPAL-DE-SAUDE-DE-IGARAPAVA.pdf\"><em data-start=\"486\" data-end=\"505\">(Lei n\u00ba 552\/2013)<\/em><\/a><\/strong><\/p><p data-start=\"241\" data-end=\"543\">\u00a0<\/p><h2 data-start=\"550\" data-end=\"596\"><strong data-start=\"553\" data-end=\"596\"><img decoding=\"async\" class=\"emoji\" role=\"img\" draggable=\"false\" src=\"https:\/\/s.w.org\/images\/core\/emoji\/16.0.1\/svg\/1f3af.svg\" alt=\"\ud83c\udfaf\" \/> Finalidades e Atribui\u00e7\u00f5es Principais<\/strong><\/h2><ul data-start=\"598\" data-end=\"1549\"><li data-start=\"598\" data-end=\"696\"><p data-start=\"600\" data-end=\"696\"><img decoding=\"async\" class=\"emoji\" role=\"img\" draggable=\"false\" src=\"https:\/\/s.w.org\/images\/core\/emoji\/16.0.1\/svg\/2714.svg\" alt=\"\u2714\ufe0f\" \/> Definir e aprovar diretrizes para o <strong data-start=\"639\" data-end=\"665\">Plano Diretor de Sa\u00fade<\/strong> e demais pol\u00edticas de sa\u00fade.<\/p><\/li><li data-start=\"697\" data-end=\"793\"><p data-start=\"699\" data-end=\"793\"><img decoding=\"async\" class=\"emoji\" role=\"img\" draggable=\"false\" src=\"https:\/\/s.w.org\/images\/core\/emoji\/16.0.1\/svg\/2714.svg\" alt=\"\u2714\ufe0f\" \/> Acompanhar, fiscalizar e avaliar servi\u00e7os p\u00fablicos e privados que atuam no SUS municipal.<\/p><\/li><li data-start=\"794\" data-end=\"929\"><p data-start=\"796\" data-end=\"929\"><img decoding=\"async\" class=\"emoji\" role=\"img\" draggable=\"false\" src=\"https:\/\/s.w.org\/images\/core\/emoji\/16.0.1\/svg\/2714.svg\" alt=\"\u2714\ufe0f\" \/> Analisar, aprovar e monitorar a <strong data-start=\"831\" data-end=\"854\">presta\u00e7\u00e3o de contas<\/strong> e aplica\u00e7\u00e3o de recursos da Sa\u00fade, inclusive do Fundo Municipal de Sa\u00fade.<\/p><\/li><li data-start=\"930\" data-end=\"1017\"><p data-start=\"932\" data-end=\"1017\"><img decoding=\"async\" class=\"emoji\" role=\"img\" draggable=\"false\" src=\"https:\/\/s.w.org\/images\/core\/emoji\/16.0.1\/svg\/2714.svg\" alt=\"\u2714\ufe0f\" \/> Deliberar sobre prioridades, metas, programas e a\u00e7\u00f5es estrat\u00e9gicas do munic\u00edpio.<\/p><\/li><li data-start=\"1018\" data-end=\"1093\"><p data-start=\"1020\" data-end=\"1093\"><img decoding=\"async\" class=\"emoji\" role=\"img\" draggable=\"false\" src=\"https:\/\/s.w.org\/images\/core\/emoji\/16.0.1\/svg\/2714.svg\" alt=\"\u2714\ufe0f\" \/> Aprovar a instala\u00e7\u00e3o, amplia\u00e7\u00e3o ou desativa\u00e7\u00e3o de servi\u00e7os de sa\u00fade.<\/p><\/li><li data-start=\"1094\" data-end=\"1177\"><p data-start=\"1096\" data-end=\"1177\"><img decoding=\"async\" class=\"emoji\" role=\"img\" draggable=\"false\" src=\"https:\/\/s.w.org\/images\/core\/emoji\/16.0.1\/svg\/2714.svg\" alt=\"\u2714\ufe0f\" \/> Examinar den\u00fancias e encaminhar provid\u00eancias, quando houver irregularidades.<\/p><\/li><li data-start=\"1178\" data-end=\"1257\"><p data-start=\"1180\" data-end=\"1257\"><img decoding=\"async\" class=\"emoji\" role=\"img\" draggable=\"false\" src=\"https:\/\/s.w.org\/images\/core\/emoji\/16.0.1\/svg\/2714.svg\" alt=\"\u2714\ufe0f\" \/> Solicitar auditorias, inspe\u00e7\u00f5es e avalia\u00e7\u00f5es t\u00e9cnicas quando necess\u00e1rio.<\/p><\/li><li data-start=\"1258\" data-end=\"1347\"><p data-start=\"1260\" data-end=\"1347\"><img decoding=\"async\" class=\"emoji\" role=\"img\" draggable=\"false\" src=\"https:\/\/s.w.org\/images\/core\/emoji\/16.0.1\/svg\/2714.svg\" alt=\"\u2714\ufe0f\" \/> Aprovar a proposta or\u00e7ament\u00e1ria anual da Sa\u00fade, conforme diretrizes estabelecidas.<\/p><\/li><li data-start=\"1348\" data-end=\"1417\"><p data-start=\"1350\" data-end=\"1417\"><img decoding=\"async\" class=\"emoji\" role=\"img\" draggable=\"false\" src=\"https:\/\/s.w.org\/images\/core\/emoji\/16.0.1\/svg\/2714.svg\" alt=\"\u2714\ufe0f\" \/> Promover a\u00e7\u00f5es de informa\u00e7\u00e3o, educa\u00e7\u00e3o e comunica\u00e7\u00e3o em sa\u00fade.<\/p><\/li><li data-start=\"1418\" data-end=\"1549\"><p data-start=\"1420\" data-end=\"1549\"><img decoding=\"async\" class=\"emoji\" role=\"img\" draggable=\"false\" src=\"https:\/\/s.w.org\/images\/core\/emoji\/16.0.1\/svg\/2714.svg\" alt=\"\u2714\ufe0f\" \/> Garantir o cumprimento das diretrizes do SUS: universalidade, integralidade, equidade, descentraliza\u00e7\u00e3o e participa\u00e7\u00e3o social.<\/p><\/li><\/ul><h2 data-start=\"1556\" data-end=\"1576\"><strong data-start=\"1559\" data-end=\"1576\"><img decoding=\"async\" class=\"emoji\" role=\"img\" draggable=\"false\" src=\"https:\/\/s.w.org\/images\/core\/emoji\/16.0.1\/svg\/1f465.svg\" alt=\"\ud83d\udc65\" \/> Composi\u00e7\u00e3o<\/strong><\/h2><p data-start=\"1578\" data-end=\"1683\">A composi\u00e7\u00e3o \u00e9 <strong data-start=\"1593\" data-end=\"1606\">parit\u00e1ria<\/strong>, conforme determina a Lei n\u00ba 552\/2013:<\/p><ul data-start=\"1685\" data-end=\"2068\"><li data-start=\"1685\" data-end=\"1814\"><p data-start=\"1687\" data-end=\"1814\"><strong data-start=\"1687\" data-end=\"1728\"><img decoding=\"async\" class=\"emoji\" role=\"img\" draggable=\"false\" src=\"https:\/\/s.w.org\/images\/core\/emoji\/16.0.1\/svg\/1f7e6.svg\" alt=\"\ud83d\udfe6\" \/> 50% Usu\u00e1rios dos servi\u00e7os de sa\u00fade<\/strong><br data-start=\"1728\" data-end=\"1731\" \/>Representantes da popula\u00e7\u00e3o, associa\u00e7\u00f5es, movimentos sociais, grupos organizados.<\/p><\/li><li data-start=\"1816\" data-end=\"1928\"><p data-start=\"1818\" data-end=\"1928\"><strong data-start=\"1818\" data-end=\"1851\"><img decoding=\"async\" class=\"emoji\" role=\"img\" draggable=\"false\" src=\"https:\/\/s.w.org\/images\/core\/emoji\/16.0.1\/svg\/1f7e9.svg\" alt=\"\ud83d\udfe9\" \/> 25% Trabalhadores da sa\u00fade<\/strong><br data-start=\"1851\" data-end=\"1854\" \/>Profissionais de sa\u00fade da rede p\u00fablica, privada, entidades e sindicatos.<\/p><\/li><li data-start=\"1930\" data-end=\"2068\"><p data-start=\"1932\" data-end=\"2068\"><strong data-start=\"1932\" data-end=\"1985\"><img decoding=\"async\" class=\"emoji\" role=\"img\" draggable=\"false\" src=\"https:\/\/s.w.org\/images\/core\/emoji\/16.0.1\/svg\/1f7e8.svg\" alt=\"\ud83d\udfe8\" \/> 25% Governo \/ Prestadores de servi\u00e7os de sa\u00fade<\/strong><br data-start=\"1985\" data-end=\"1988\" \/>Inclui a Secretaria Municipal de Sa\u00fade e institui\u00e7\u00f5es prestadoras de servi\u00e7os.<\/p><\/li><\/ul><h5><strong data-start=\"2074\" data-end=\"2096\">Regras importantes<\/strong><\/h5><ul data-start=\"2097\" data-end=\"2416\"><li data-start=\"2097\" data-end=\"2221\"><p data-start=\"2099\" data-end=\"2221\"><img decoding=\"async\" class=\"emoji\" role=\"img\" draggable=\"false\" src=\"https:\/\/s.w.org\/images\/core\/emoji\/16.0.1\/svg\/1f4cc.svg\" alt=\"\ud83d\udccc\" \/> A fun\u00e7\u00e3o de conselheiro \u00e9 de <strong data-start=\"2131\" data-end=\"2153\">relev\u00e2ncia p\u00fablica<\/strong>, garantindo dispensa para participa\u00e7\u00e3o em atividades do Conselho.<\/p><\/li><li data-start=\"2222\" data-end=\"2290\"><p data-start=\"2224\" data-end=\"2290\"><img decoding=\"async\" class=\"emoji\" role=\"img\" draggable=\"false\" src=\"https:\/\/s.w.org\/images\/core\/emoji\/16.0.1\/svg\/1f4cc.svg\" alt=\"\ud83d\udccc\" \/> As reuni\u00f5es devem ser <strong data-start=\"2249\" data-end=\"2261\">p\u00fablicas<\/strong>, garantindo transpar\u00eancia.<\/p><\/li><li data-start=\"2291\" data-end=\"2357\"><p data-start=\"2293\" data-end=\"2357\"><img decoding=\"async\" class=\"emoji\" role=\"img\" draggable=\"false\" src=\"https:\/\/s.w.org\/images\/core\/emoji\/16.0.1\/svg\/1f4cc.svg\" alt=\"\ud83d\udccc\" \/> Cada segmento deve indicar seus representantes por escrito.<\/p><\/li><li data-start=\"2358\" data-end=\"2416\"><p data-start=\"2360\" data-end=\"2416\"><img decoding=\"async\" class=\"emoji\" role=\"img\" draggable=\"false\" src=\"https:\/\/s.w.org\/images\/core\/emoji\/16.0.1\/svg\/1f4cc.svg\" alt=\"\ud83d\udccc\" \/> O CMS se re\u00fane <strong data-start=\"2378\" data-end=\"2393\">mensalmente<\/strong>, em car\u00e1ter ordin\u00e1rio.<\/p><\/li><\/ul><p data-start=\"2418\" data-end=\"2492\">\u00a0<\/p><h2 data-start=\"2499\" data-end=\"2554\"><strong data-start=\"2502\" data-end=\"2554\"><img decoding=\"async\" class=\"emoji\" role=\"img\" draggable=\"false\" src=\"https:\/\/s.w.org\/images\/core\/emoji\/16.0.1\/svg\/1f4b0.svg\" alt=\"\ud83d\udcb0\" \/> Fundo Municipal de Sa\u00fade \u2013 Atribui\u00e7\u00f5es do CMS<\/strong><\/h2><ul data-start=\"2556\" data-end=\"2772\"><li data-start=\"2556\" data-end=\"2636\"><p data-start=\"2558\" data-end=\"2636\"><img decoding=\"async\" class=\"emoji\" role=\"img\" draggable=\"false\" src=\"https:\/\/s.w.org\/images\/core\/emoji\/16.0.1\/svg\/2714.svg\" alt=\"\u2714\ufe0f\" \/> Aprovar e acompanhar a execu\u00e7\u00e3o dos recursos do Fundo Municipal de Sa\u00fade.<\/p><\/li><li data-start=\"2637\" data-end=\"2708\"><p data-start=\"2639\" data-end=\"2708\"><img decoding=\"async\" class=\"emoji\" role=\"img\" draggable=\"false\" src=\"https:\/\/s.w.org\/images\/core\/emoji\/16.0.1\/svg\/2714.svg\" alt=\"\u2714\ufe0f\" \/> Deliberar sobre crit\u00e9rios de movimenta\u00e7\u00e3o e controle financeiro.<\/p><\/li><li data-start=\"2709\" data-end=\"2772\"><p data-start=\"2711\" data-end=\"2772\"><img decoding=\"async\" class=\"emoji\" role=\"img\" draggable=\"false\" src=\"https:\/\/s.w.org\/images\/core\/emoji\/16.0.1\/svg\/2714.svg\" alt=\"\u2714\ufe0f\" \/> Avaliar e aprovar a presta\u00e7\u00e3o de contas anual e peri\u00f3dica.<\/p><\/li><li data-start=\"2709\" data-end=\"2772\">\u00a0<\/li><\/ul><h2 data-start=\"2779\" data-end=\"2800\"><strong data-start=\"2782\" data-end=\"2800\"><img decoding=\"async\" class=\"emoji\" role=\"img\" draggable=\"false\" src=\"https:\/\/s.w.org\/images\/core\/emoji\/16.0.1\/svg\/1f4da.svg\" alt=\"\ud83d\udcda\" \/> Publica\u00e7\u00f5es<\/strong><\/h2><p data-start=\"2802\" data-end=\"2838\">Ser\u00e3o disponibilizados neste espa\u00e7o:<\/p><ul data-start=\"2840\" data-end=\"3028\"><li data-start=\"2840\" data-end=\"2864\"><p data-start=\"2842\" data-end=\"2864\"><img decoding=\"async\" class=\"emoji\" role=\"img\" draggable=\"false\" src=\"https:\/\/s.w.org\/images\/core\/emoji\/16.0.1\/svg\/1f4dd.svg\" alt=\"\ud83d\udcdd\" \/> Atas das reuni\u00f5es<\/p><\/li><li data-start=\"2865\" data-end=\"2897\"><p data-start=\"2867\" data-end=\"2897\"><img decoding=\"async\" class=\"emoji\" role=\"img\" draggable=\"false\" src=\"https:\/\/s.w.org\/images\/core\/emoji\/16.0.1\/svg\/1f4dd.svg\" alt=\"\ud83d\udcdd\" \/> Resolu\u00e7\u00f5es e Delibera\u00e7\u00f5es<\/p><\/li><li data-start=\"2898\" data-end=\"2926\"><p data-start=\"2900\" data-end=\"2926\"><img decoding=\"async\" class=\"emoji\" role=\"img\" draggable=\"false\" src=\"https:\/\/s.w.org\/images\/core\/emoji\/16.0.1\/svg\/1f4dd.svg\" alt=\"\ud83d\udcdd\" \/> Portarias de Nomea\u00e7\u00e3o<\/p><\/li><li data-start=\"2927\" data-end=\"2953\"><p data-start=\"2929\" data-end=\"2953\"><img decoding=\"async\" class=\"emoji\" role=\"img\" draggable=\"false\" src=\"https:\/\/s.w.org\/images\/core\/emoji\/16.0.1\/svg\/1f4dd.svg\" alt=\"\ud83d\udcdd\" \/> Presta\u00e7\u00e3o de Contas<\/p><\/li><li data-start=\"2954\" data-end=\"2999\"><p data-start=\"2956\" data-end=\"2999\"><img decoding=\"async\" class=\"emoji\" role=\"img\" draggable=\"false\" src=\"https:\/\/s.w.org\/images\/core\/emoji\/16.0.1\/svg\/1f4dd.svg\" alt=\"\ud83d\udcdd\" \/> Relat\u00f3rios do Fundo Municipal de Sa\u00fade<\/p><\/li><li data-start=\"3000\" data-end=\"3028\"><p data-start=\"3002\" data-end=\"3028\"><img decoding=\"async\" class=\"emoji\" role=\"img\" draggable=\"false\" src=\"https:\/\/s.w.org\/images\/core\/emoji\/16.0.1\/svg\/1f4dd.svg\" alt=\"\ud83d\udcdd\" \/> Comunicados e editais<\/p><\/li><\/ul>\t\t\t\t\t\t\t\t<\/div>\n\t\t\t\t\t<\/div>\n\t\t\t\t<\/div>\n\t\t\t\t<\/div>\n\t\t","protected":false},"excerpt":{"rendered":"<p>O Conselho Municipal de Sa\u00fade (CMS) \u00e9 um \u00f3rg\u00e3o colegiado, permanente, deliberativo, normativo e fiscalizador da Pol\u00edtica Municipal de Sa\u00fade. Atua no controle social do SUS, garantindo a participa\u00e7\u00e3o da sociedade nas decis\u00f5es do setor.(Lei n\u00ba 552\/2013) \u00a0 Finalidades e Atribui\u00e7\u00f5es Principais Definir e aprovar diretrizes para o Plano Diretor de Sa\u00fade e demais pol\u00edticas [&hellip;]<\/p>\n","protected":false},"author":1,"featured_media":0,"parent":0,"menu_order":0,"comment_status":"closed","ping_status":"closed","template":"","meta":{"footnotes":""},"class_list":["post-4469","page","type-page","status-publish","hentry"],"_links":{"self":[{"href":"https:\/\/igarapava.sp.gov.br\/site\/wp-json\/wp\/v2\/pages\/4469","targetHints":{"allow":["GET"]}}],"collection":[{"href":"https:\/\/igarapava.sp.gov.br\/site\/wp-json\/wp\/v2\/pages"}],"about":[{"href":"https:\/\/igarapava.sp.gov.br\/site\/wp-json\/wp\/v2\/types\/page"}],"author":[{"embeddable":true,"href":"https:\/\/igarapava.sp.gov.br\/site\/wp-json\/wp\/v2\/users\/1"}],"replies":[{"embeddable":true,"href":"https:\/\/igarapava.sp.gov.br\/site\/wp-json\/wp\/v2\/comments?post=4469"}],"version-history":[{"count":5,"href":"https:\/\/igarapava.sp.gov.br\/site\/wp-json\/wp\/v2\/pages\/4469\/revisions"}],"predecessor-version":[{"id":5406,"href":"https:\/\/igarapava.sp.gov.br\/site\/wp-json\/wp\/v2\/pages\/4469\/revisions\/5406"}],"wp:attachment":[{"href":"https:\/\/igarapava.sp.gov.br\/site\/wp-json\/wp\/v2\/media?parent=4469"}],"curies":[{"name":"wp","href":"https:\/\/api.w.org\/{rel}","templated":true}]}}