{"id":4411,"date":"2025-11-28T11:02:33","date_gmt":"2025-11-28T14:02:33","guid":{"rendered":"https:\/\/igarapava.sp.gov.br\/site\/?page_id=4411"},"modified":"2026-04-09T09:13:22","modified_gmt":"2026-04-09T12:13:22","slug":"cmdca","status":"publish","type":"page","link":"https:\/\/igarapava.sp.gov.br\/site\/cmdca\/","title":{"rendered":"CMDCA"},"content":{"rendered":"\t\t<div data-elementor-type=\"wp-page\" data-elementor-id=\"4411\" class=\"elementor elementor-4411\" data-elementor-post-type=\"page\">\n\t\t\t\t<div class=\"elementor-element elementor-element-b7ebd6e e-flex e-con-boxed e-con e-parent\" data-id=\"b7ebd6e\" data-element_type=\"container\" data-e-type=\"container\">\n\t\t\t\t\t<div class=\"e-con-inner\">\n\t\t\t\t<div class=\"elementor-element elementor-element-ebe52e1 elementor-widget elementor-widget-image\" data-id=\"ebe52e1\" data-element_type=\"widget\" data-e-type=\"widget\" data-widget_type=\"image.default\">\n\t\t\t\t\t\t\t\t\t\t\t\t\t\t\t<img fetchpriority=\"high\" decoding=\"async\" width=\"342\" height=\"235\" src=\"https:\/\/igarapava.sp.gov.br\/site\/wp-content\/uploads\/2026\/04\/CMDCA-LOGO-1.png\" class=\"attachment-full size-full wp-image-5658\" alt=\"\" srcset=\"https:\/\/igarapava.sp.gov.br\/site\/wp-content\/uploads\/2026\/04\/CMDCA-LOGO-1.png 342w, https:\/\/igarapava.sp.gov.br\/site\/wp-content\/uploads\/2026\/04\/CMDCA-LOGO-1-300x206.png 300w\" sizes=\"(max-width: 342px) 100vw, 342px\" \/>\t\t\t\t\t\t\t\t\t\t\t\t\t\t\t<\/div>\n\t\t\t\t<div class=\"elementor-element elementor-element-8604523 elementor-widget elementor-widget-spacer\" data-id=\"8604523\" data-element_type=\"widget\" data-e-type=\"widget\" data-widget_type=\"spacer.default\">\n\t\t\t\t\t\t\t<div class=\"elementor-spacer\">\n\t\t\t<div class=\"elementor-spacer-inner\"><\/div>\n\t\t<\/div>\n\t\t\t\t\t\t<\/div>\n\t\t\t\t<div class=\"elementor-element elementor-element-613d611 elementor-widget elementor-widget-text-editor\" data-id=\"613d611\" data-element_type=\"widget\" data-e-type=\"widget\" data-widget_type=\"text-editor.default\">\n\t\t\t\t\t\t\t\t\t<h4><strong>O que \u00e9 o CMDCA?<\/strong><\/h4><p>O Conselho Municipal dos Direitos da Crian\u00e7a e do Adolescente do Munic\u00edpio de Igarapava\/SP, \u00e9 um \u00f3rg\u00e3o deliberativo da pol\u00edtica de promo\u00e7\u00e3o dos direitos da crian\u00e7a e do adolescente, controlador das a\u00e7\u00f5es, em todos os n\u00edveis, de implementa\u00e7\u00e3o desta mesma pol\u00edtica, e respons\u00e1vel por fixar crit\u00e9rios de utiliza\u00e7\u00e3o e planos de aplica\u00e7\u00e3o do Fundo Municipal dos Direitos da Crian\u00e7a e do Adolescente. <br \/>Criado pela <a href=\"https:\/\/igarapava.sp.gov.br\/site\/wp-content\/uploads\/2025\/11\/015-2001-CMDCA.pdf\">Lei Municipal 015\/2001<\/a>, com altera\u00e7\u00f5es realizadas em 2018, por meio da <a href=\"https:\/\/igarapava.sp.gov.br\/site\/wp-content\/uploads\/2025\/11\/LEI-COMPLEMENTAR-No-059-02.10.2018-ATENDIMENTO-DOS-DIREITOS-DA-CRIANCA-E-DO-ADOLESCENTE-_000320.pdf\" target=\"_blank\" rel=\"noopener\">Lei Complementar 059\/2018.<\/a><\/p><p><em><strong>Endere\u00e7o: Avenida Pereira Rebou\u00e7as, 1420 &#8211; Vila Marilene<\/strong><\/em><br \/><em><strong>Fone: (16) 3172-3758 \/ E-mail: cmdcaigarapava@hotmail.com<\/strong><\/em><br \/><em><strong>Hor\u00e1rio das reuni\u00f5es: Toda \u00faltima 4\u00aa feira de cada m\u00eas, \u00e0s 13:30 horas.<\/strong><\/em><\/p><p style=\"text-align: center;\"><span style=\"text-decoration: underline;\"><strong>COMPOSI\u00c7\u00c3O DO CMDCA \u2013 Bi\u00eanio 2025\/2027<\/strong><\/span><br \/>De acordo com a Portaria n\u00ba 1477 de 10 de fevereiro de 2026 <br \/>Publicada no Di\u00e1rio Oficial Eletr\u00f4nico no dia 11\/02\/202<\/p><p><strong><span style=\"text-decoration: underline;\">REPRESENTANTES DE ENTIDADES GOVERNAMENTAIS:<\/span><\/strong><\/p><p><strong>Departamento Municipal de Educa\u00e7\u00e3o<\/strong><br \/><strong><em>Titular:<\/em><\/strong> Fabiana Bisinoto Mendon\u00e7a<br \/><em><strong>Suplente<\/strong><\/em>: J\u00e9ssica Branquinho<\/p><p><strong>Departamento Municipal de Sa\u00fade<\/strong> <br \/><em><strong>Titular:<\/strong><\/em> Janaina Monteiro Natal, <br \/><strong><em>Suplente:<\/em><\/strong> Giselle Aparecida dos Santos Sim\u00f5es<\/p><p><strong>Departamento Municipal de Desenvolvimento Social<\/strong> <br \/><em><strong>Titular:<\/strong><\/em> Rovani Maria da Costa Oliveira<br \/><strong><em>Suplente:<\/em><\/strong> Ieda Priscila dos Santos<\/p><p><strong>Departamento Jur\u00eddico<\/strong> <br \/><strong><em>Titular:<\/em> <\/strong>Adilson Terlone<br \/><strong><em>Suplente:<\/em><\/strong> Filipe da Silva Rodrigues Correa<\/p><p><span style=\"text-decoration: underline;\"><strong>REPRESENTANTES DE ENTIDADES N\u00c3O GOVERNAMENTAIS<\/strong><\/span><\/p><p><strong>Associa\u00e7\u00e3o de Crian\u00e7as e Adolescentes de Igarapava (AMIGA).<\/strong> <br \/><em><strong>Titular:<\/strong><\/em> Ana Maria Vieira da Silva Filetto<\/p><p><strong>Associa\u00e7\u00e3o de Prote\u00e7\u00e3o \u00e0 Maternidade e \u00e0 Inf\u00e2ncia de Igarapava (Casa da Crian\u00e7a).<\/strong><br \/><em><strong>Titular:<\/strong><\/em> Mara Denisa Carrer Gobbi<\/p><p><strong>Lar Vov\u00f3 Querubina<\/strong><br \/><em><strong>Titular:<\/strong><\/em> Fernando Takeo Malagutti Kodama<\/p><p><strong>Instituto Eur\u00edpedes Barsanulfo<\/strong><br \/><em><strong>Titular:<\/strong><\/em> Rosalina Balieiro Moreira Leal<br \/><strong><em>Suplente:<\/em><\/strong> Marceli Rodrigues Caldeira Rocha<\/p><p style=\"text-align: center;\"><span style=\"text-decoration: underline;\"><strong>COMPOSI\u00c7\u00c3O DA MESA DIRETORA- Bi\u00eanio: 2025\/2027<\/strong><\/span><\/p><p><strong>Presidente:<\/strong> Rosalina Balieiro Moreira Leal<br \/><strong>Vice-Presidente:<\/strong> Mara Denisa Carrer Gobbi<br \/><strong>1\u00aa Secret\u00e1ria:<\/strong> Janaina Monteiro Natal <br \/><strong>2\u00aa Secret\u00e1ria:<\/strong> Ana Maria Vieira da Silva Filetto.<\/p><p style=\"text-align: center;\"><span style=\"text-decoration: underline;\"><strong>LEGISLA\u00c7\u00c3O<\/strong><\/span><br \/><strong><a href=\"https:\/\/igarapava.sp.gov.br\/site\/wp-content\/uploads\/2025\/11\/015-2001-CMDCA.pdf\" target=\"_blank\" rel=\"noopener\">Lei n\u00ba 015\/2001<\/a> \u2013 Cria\u00e7\u00e3o do CMDCA e FMDCA<\/strong><br \/><strong><a href=\"https:\/\/igarapava.sp.gov.br\/site\/wp-content\/uploads\/2025\/11\/LEI-COMPLEMENTAR-No-059-02.10.2018-ATENDIMENTO-DOS-DIREITOS-DA-CRIANCA-E-DO-ADOLESCENTE-_000320.pdf\" target=\"_blank\" rel=\"noopener\">Lei Complementar 059\/2018<\/a> \u2013 Atualiza\u00e7\u00e3o da Lei 015\/2001<\/strong><\/p><p style=\"text-align: center;\"><strong><span style=\"text-decoration: underline;\">PUBLICA\u00c7\u00d5ES<\/span><\/strong><\/p>\t\t\t\t\t\t\t\t<\/div>\n\t\t\t\t<div class=\"elementor-element elementor-element-1d69230 elementor-widget elementor-widget-n-accordion\" data-id=\"1d69230\" data-element_type=\"widget\" data-e-type=\"widget\" data-settings=\"{&quot;default_state&quot;:&quot;all_collapsed&quot;,&quot;max_items_expended&quot;:&quot;one&quot;,&quot;n_accordion_animation_duration&quot;:{&quot;unit&quot;:&quot;ms&quot;,&quot;size&quot;:400,&quot;sizes&quot;:[]}}\" data-widget_type=\"nested-accordion.default\">\n\t\t\t\t\t\t\t<div class=\"e-n-accordion\" aria-label=\"Accordion. Open links with Enter or Space, close with Escape, and navigate with Arrow Keys\">\n\t\t\t\t\t\t<details id=\"e-n-accordion-item-3080\" class=\"e-n-accordion-item\" >\n\t\t\t\t<summary class=\"e-n-accordion-item-title\" data-accordion-index=\"1\" tabindex=\"0\" aria-expanded=\"false\" aria-controls=\"e-n-accordion-item-3080\" >\n\t\t\t\t\t<span class='e-n-accordion-item-title-header'><div class=\"e-n-accordion-item-title-text\"> Editais <\/div><\/span>\n\t\t\t\t\t\t\t<span class='e-n-accordion-item-title-icon'>\n\t\t\t<span class='e-opened' ><svg aria-hidden=\"true\" class=\"e-font-icon-svg e-fas-minus\" viewBox=\"0 0 448 512\" xmlns=\"http:\/\/www.w3.org\/2000\/svg\"><path d=\"M416 208H32c-17.67 0-32 14.33-32 32v32c0 17.67 14.33 32 32 32h384c17.67 0 32-14.33 32-32v-32c0-17.67-14.33-32-32-32z\"><\/path><\/svg><\/span>\n\t\t\t<span class='e-closed'><svg aria-hidden=\"true\" class=\"e-font-icon-svg e-fas-plus\" viewBox=\"0 0 448 512\" xmlns=\"http:\/\/www.w3.org\/2000\/svg\"><path d=\"M416 208H272V64c0-17.67-14.33-32-32-32h-32c-17.67 0-32 14.33-32 32v144H32c-17.67 0-32 14.33-32 32v32c0 17.67 14.33 32 32 32h144v144c0 17.67 14.33 32 32 32h32c17.67 0 32-14.33 32-32V304h144c17.67 0 32-14.33 32-32v-32c0-17.67-14.33-32-32-32z\"><\/path><\/svg><\/span>\n\t\t<\/span>\n\n\t\t\t\t\t\t<\/summary>\n\t\t\t\t<div role=\"region\" aria-labelledby=\"e-n-accordion-item-3080\" class=\"elementor-element elementor-element-80f9c74 e-con-full e-flex e-con e-child\" data-id=\"80f9c74\" data-element_type=\"container\" data-e-type=\"container\">\n\t\t\t\t<div class=\"elementor-element elementor-element-7c6e2cb elementor-widget elementor-widget-n-accordion\" data-id=\"7c6e2cb\" data-element_type=\"widget\" data-e-type=\"widget\" data-settings=\"{&quot;default_state&quot;:&quot;all_collapsed&quot;,&quot;max_items_expended&quot;:&quot;one&quot;,&quot;n_accordion_animation_duration&quot;:{&quot;unit&quot;:&quot;ms&quot;,&quot;size&quot;:400,&quot;sizes&quot;:[]}}\" data-widget_type=\"nested-accordion.default\">\n\t\t\t\t\t\t\t<div class=\"e-n-accordion\" aria-label=\"Accordion. Open links with Enter or Space, close with Escape, and navigate with Arrow Keys\">\n\t\t\t\t\t\t<details id=\"e-n-accordion-item-1300\" class=\"e-n-accordion-item\" >\n\t\t\t\t<summary class=\"e-n-accordion-item-title\" data-accordion-index=\"1\" tabindex=\"0\" aria-expanded=\"false\" aria-controls=\"e-n-accordion-item-1300\" >\n\t\t\t\t\t<span class='e-n-accordion-item-title-header'><div class=\"e-n-accordion-item-title-text\"> 2025 <\/div><\/span>\n\t\t\t\t\t\t\t<span class='e-n-accordion-item-title-icon'>\n\t\t\t<span class='e-opened' ><svg aria-hidden=\"true\" class=\"e-font-icon-svg e-fas-minus\" viewBox=\"0 0 448 512\" xmlns=\"http:\/\/www.w3.org\/2000\/svg\"><path d=\"M416 208H32c-17.67 0-32 14.33-32 32v32c0 17.67 14.33 32 32 32h384c17.67 0 32-14.33 32-32v-32c0-17.67-14.33-32-32-32z\"><\/path><\/svg><\/span>\n\t\t\t<span class='e-closed'><svg aria-hidden=\"true\" class=\"e-font-icon-svg e-fas-plus\" viewBox=\"0 0 448 512\" xmlns=\"http:\/\/www.w3.org\/2000\/svg\"><path d=\"M416 208H272V64c0-17.67-14.33-32-32-32h-32c-17.67 0-32 14.33-32 32v144H32c-17.67 0-32 14.33-32 32v32c0 17.67 14.33 32 32 32h144v144c0 17.67 14.33 32 32 32h32c17.67 0 32-14.33 32-32V304h144c17.67 0 32-14.33 32-32v-32c0-17.67-14.33-32-32-32z\"><\/path><\/svg><\/span>\n\t\t<\/span>\n\n\t\t\t\t\t\t<\/summary>\n\t\t\t\t<div role=\"region region\" aria-labelledby=\"e-n-accordion-item-3080 e-n-accordion-item-1300\" class=\"elementor-element elementor-element-6a560f6 e-con-full e-flex e-con e-child\" data-id=\"6a560f6\" data-element_type=\"container\" data-e-type=\"container\">\n\t\t\t\t<div class=\"elementor-element elementor-element-9ed8385 elementor-widget elementor-widget-text-editor\" data-id=\"9ed8385\" data-element_type=\"widget\" data-e-type=\"widget\" data-widget_type=\"text-editor.default\">\n\t\t\t\t\t\t\t\t\t<p><a href=\"https:\/\/igarapava.sp.gov.br\/site\/wp-content\/uploads\/2026\/04\/EDITAL-DE-CHAMAMENTO-PUBLICO-No-01.2025.pdf\" target=\"_blank\" rel=\"noopener\">Chamamento P\u00fablico n\u00ba 001\/2025<\/a><br \/><a href=\"https:\/\/igarapava.sp.gov.br\/site\/chamamento-publico-no-002-2025\/\" target=\"_blank\" rel=\"noopener\">Chamamento P\u00fablico n\u00ba 002\/2025<\/a><\/p>\t\t\t\t\t\t\t\t<\/div>\n\t\t\t\t<\/div>\n\t\t\t\t\t<\/details>\n\t\t\t\t\t<\/div>\n\t\t\t\t\t\t<\/div>\n\t\t\t\t<\/div>\n\t\t\t\t\t<\/details>\n\t\t\t\t\t\t<details id=\"e-n-accordion-item-3081\" class=\"e-n-accordion-item\" >\n\t\t\t\t<summary class=\"e-n-accordion-item-title\" data-accordion-index=\"2\" tabindex=\"-1\" aria-expanded=\"false\" aria-controls=\"e-n-accordion-item-3081\" >\n\t\t\t\t\t<span class='e-n-accordion-item-title-header'><div class=\"e-n-accordion-item-title-text\"> Regimento Interno <\/div><\/span>\n\t\t\t\t\t\t\t<span class='e-n-accordion-item-title-icon'>\n\t\t\t<span class='e-opened' ><svg aria-hidden=\"true\" class=\"e-font-icon-svg e-fas-minus\" viewBox=\"0 0 448 512\" xmlns=\"http:\/\/www.w3.org\/2000\/svg\"><path d=\"M416 208H32c-17.67 0-32 14.33-32 32v32c0 17.67 14.33 32 32 32h384c17.67 0 32-14.33 32-32v-32c0-17.67-14.33-32-32-32z\"><\/path><\/svg><\/span>\n\t\t\t<span class='e-closed'><svg aria-hidden=\"true\" class=\"e-font-icon-svg e-fas-plus\" viewBox=\"0 0 448 512\" xmlns=\"http:\/\/www.w3.org\/2000\/svg\"><path d=\"M416 208H272V64c0-17.67-14.33-32-32-32h-32c-17.67 0-32 14.33-32 32v144H32c-17.67 0-32 14.33-32 32v32c0 17.67 14.33 32 32 32h144v144c0 17.67 14.33 32 32 32h32c17.67 0 32-14.33 32-32V304h144c17.67 0 32-14.33 32-32v-32c0-17.67-14.33-32-32-32z\"><\/path><\/svg><\/span>\n\t\t<\/span>\n\n\t\t\t\t\t\t<\/summary>\n\t\t\t\t<div role=\"region\" aria-labelledby=\"e-n-accordion-item-3081\" class=\"elementor-element elementor-element-e4013cf e-con-full e-flex e-con e-child\" data-id=\"e4013cf\" data-element_type=\"container\" data-e-type=\"container\">\n\t\t\t\t<div class=\"elementor-element elementor-element-f68a197 elementor-widget elementor-widget-text-editor\" data-id=\"f68a197\" data-element_type=\"widget\" data-e-type=\"widget\" data-widget_type=\"text-editor.default\">\n\t\t\t\t\t\t\t\t\t<p><a href=\"https:\/\/igarapava.sp.gov.br\/site\/wp-content\/uploads\/2026\/04\/Regimento-Interno-Resolucao-01.-2019.pdf\" target=\"_blank\" rel=\"noopener\">Regimento Interno<\/a><\/p>\t\t\t\t\t\t\t\t<\/div>\n\t\t\t\t<\/div>\n\t\t\t\t\t<\/details>\n\t\t\t\t\t\t<details id=\"e-n-accordion-item-3082\" class=\"e-n-accordion-item\" >\n\t\t\t\t<summary class=\"e-n-accordion-item-title\" data-accordion-index=\"3\" tabindex=\"-1\" aria-expanded=\"false\" aria-controls=\"e-n-accordion-item-3082\" >\n\t\t\t\t\t<span class='e-n-accordion-item-title-header'><div class=\"e-n-accordion-item-title-text\"> Portarias e Decretos <\/div><\/span>\n\t\t\t\t\t\t\t<span class='e-n-accordion-item-title-icon'>\n\t\t\t<span class='e-opened' ><svg aria-hidden=\"true\" class=\"e-font-icon-svg e-fas-minus\" viewBox=\"0 0 448 512\" xmlns=\"http:\/\/www.w3.org\/2000\/svg\"><path d=\"M416 208H32c-17.67 0-32 14.33-32 32v32c0 17.67 14.33 32 32 32h384c17.67 0 32-14.33 32-32v-32c0-17.67-14.33-32-32-32z\"><\/path><\/svg><\/span>\n\t\t\t<span class='e-closed'><svg aria-hidden=\"true\" class=\"e-font-icon-svg e-fas-plus\" viewBox=\"0 0 448 512\" xmlns=\"http:\/\/www.w3.org\/2000\/svg\"><path d=\"M416 208H272V64c0-17.67-14.33-32-32-32h-32c-17.67 0-32 14.33-32 32v144H32c-17.67 0-32 14.33-32 32v32c0 17.67 14.33 32 32 32h144v144c0 17.67 14.33 32 32 32h32c17.67 0 32-14.33 32-32V304h144c17.67 0 32-14.33 32-32v-32c0-17.67-14.33-32-32-32z\"><\/path><\/svg><\/span>\n\t\t<\/span>\n\n\t\t\t\t\t\t<\/summary>\n\t\t\t\t<div role=\"region\" aria-labelledby=\"e-n-accordion-item-3082\" class=\"elementor-element elementor-element-09fb813 e-con-full e-flex e-con e-child\" data-id=\"09fb813\" data-element_type=\"container\" data-e-type=\"container\">\n\t\t\t\t<div class=\"elementor-element elementor-element-a031b11 elementor-widget elementor-widget-text-editor\" data-id=\"a031b11\" data-element_type=\"widget\" data-e-type=\"widget\" data-widget_type=\"text-editor.default\">\n\t\t\t\t\t\t\t\t\t<p><a href=\"https:\/\/igarapava.sp.gov.br\/site\/wp-content\/uploads\/2026\/04\/Portaria-9792-10.02.-26-Designa-os-membros-CMDCA-p.-3.pdf\" target=\"_blank\" rel=\"noopener\">Portaria n\u00ba 9792 &#8211; Designa os membros do CMDCA<\/a><\/p><p><a href=\"https:\/\/igarapava.sp.gov.br\/site\/wp-content\/uploads\/2026\/04\/Portaria-9804-12.03.26-Comissao-permanente-de-monitoramento-e-avaliacao-p.3-e-4.pdf\" target=\"_blank\" rel=\"noopener\">Portaria n\u00ba 9804 &#8211; Comiss\u00e3o permanente de monitoramento e avalia\u00e7\u00e3o<\/a><\/p><p><a href=\"https:\/\/igarapava.sp.gov.br\/site\/wp-content\/uploads\/2026\/04\/Decreto-Municipal-3123-07.04.26-Nomeia-o-Gestor-e-Tesoureiro-do-FMDCA-p.-3.pdf\" target=\"_blank\" rel=\"noopener\">Decreto Municipal n\u00ba 3123 &#8211; Nomeia o Gestor e Tesoureiro do FMDCA<\/a><\/p>\t\t\t\t\t\t\t\t<\/div>\n\t\t\t\t<\/div>\n\t\t\t\t\t<\/details>\n\t\t\t\t\t\t<details id=\"e-n-accordion-item-3083\" class=\"e-n-accordion-item\" >\n\t\t\t\t<summary class=\"e-n-accordion-item-title\" data-accordion-index=\"4\" tabindex=\"-1\" aria-expanded=\"false\" aria-controls=\"e-n-accordion-item-3083\" >\n\t\t\t\t\t<span class='e-n-accordion-item-title-header'><div class=\"e-n-accordion-item-title-text\"> Atas <\/div><\/span>\n\t\t\t\t\t\t\t<span class='e-n-accordion-item-title-icon'>\n\t\t\t<span class='e-opened' ><svg aria-hidden=\"true\" class=\"e-font-icon-svg e-fas-minus\" viewBox=\"0 0 448 512\" xmlns=\"http:\/\/www.w3.org\/2000\/svg\"><path d=\"M416 208H32c-17.67 0-32 14.33-32 32v32c0 17.67 14.33 32 32 32h384c17.67 0 32-14.33 32-32v-32c0-17.67-14.33-32-32-32z\"><\/path><\/svg><\/span>\n\t\t\t<span class='e-closed'><svg aria-hidden=\"true\" class=\"e-font-icon-svg e-fas-plus\" viewBox=\"0 0 448 512\" xmlns=\"http:\/\/www.w3.org\/2000\/svg\"><path d=\"M416 208H272V64c0-17.67-14.33-32-32-32h-32c-17.67 0-32 14.33-32 32v144H32c-17.67 0-32 14.33-32 32v32c0 17.67 14.33 32 32 32h144v144c0 17.67 14.33 32 32 32h32c17.67 0 32-14.33 32-32V304h144c17.67 0 32-14.33 32-32v-32c0-17.67-14.33-32-32-32z\"><\/path><\/svg><\/span>\n\t\t<\/span>\n\n\t\t\t\t\t\t<\/summary>\n\t\t\t\t<div role=\"region\" aria-labelledby=\"e-n-accordion-item-3083\" class=\"elementor-element elementor-element-2f356ca e-flex e-con-boxed e-con e-child\" data-id=\"2f356ca\" data-element_type=\"container\" data-e-type=\"container\">\n\t\t\t\t\t<div class=\"e-con-inner\">\n\t\t\t\t\t<\/div>\n\t\t\t\t<\/div>\n\t\t\t\t\t<\/details>\n\t\t\t\t\t\t<details id=\"e-n-accordion-item-3084\" class=\"e-n-accordion-item\" >\n\t\t\t\t<summary class=\"e-n-accordion-item-title\" data-accordion-index=\"5\" tabindex=\"-1\" aria-expanded=\"false\" aria-controls=\"e-n-accordion-item-3084\" >\n\t\t\t\t\t<span class='e-n-accordion-item-title-header'><div class=\"e-n-accordion-item-title-text\"> Resolu\u00e7\u00f5es <\/div><\/span>\n\t\t\t\t\t\t\t<span class='e-n-accordion-item-title-icon'>\n\t\t\t<span class='e-opened' ><svg aria-hidden=\"true\" class=\"e-font-icon-svg e-fas-minus\" viewBox=\"0 0 448 512\" xmlns=\"http:\/\/www.w3.org\/2000\/svg\"><path d=\"M416 208H32c-17.67 0-32 14.33-32 32v32c0 17.67 14.33 32 32 32h384c17.67 0 32-14.33 32-32v-32c0-17.67-14.33-32-32-32z\"><\/path><\/svg><\/span>\n\t\t\t<span class='e-closed'><svg aria-hidden=\"true\" class=\"e-font-icon-svg e-fas-plus\" viewBox=\"0 0 448 512\" xmlns=\"http:\/\/www.w3.org\/2000\/svg\"><path d=\"M416 208H272V64c0-17.67-14.33-32-32-32h-32c-17.67 0-32 14.33-32 32v144H32c-17.67 0-32 14.33-32 32v32c0 17.67 14.33 32 32 32h144v144c0 17.67 14.33 32 32 32h32c17.67 0 32-14.33 32-32V304h144c17.67 0 32-14.33 32-32v-32c0-17.67-14.33-32-32-32z\"><\/path><\/svg><\/span>\n\t\t<\/span>\n\n\t\t\t\t\t\t<\/summary>\n\t\t\t\t<div role=\"region\" aria-labelledby=\"e-n-accordion-item-3084\" class=\"elementor-element elementor-element-080534e e-flex e-con-boxed e-con e-child\" data-id=\"080534e\" data-element_type=\"container\" data-e-type=\"container\">\n\t\t\t\t\t<div class=\"e-con-inner\">\n\t\t\t\t<div class=\"elementor-element elementor-element-29f1e20 elementor-widget elementor-widget-n-accordion\" data-id=\"29f1e20\" data-element_type=\"widget\" data-e-type=\"widget\" data-settings=\"{&quot;default_state&quot;:&quot;all_collapsed&quot;,&quot;max_items_expended&quot;:&quot;one&quot;,&quot;n_accordion_animation_duration&quot;:{&quot;unit&quot;:&quot;ms&quot;,&quot;size&quot;:400,&quot;sizes&quot;:[]}}\" data-widget_type=\"nested-accordion.default\">\n\t\t\t\t\t\t\t<div class=\"e-n-accordion\" aria-label=\"Accordion. Open links with Enter or Space, close with Escape, and navigate with Arrow Keys\">\n\t\t\t\t\t\t<details id=\"e-n-accordion-item-4390\" class=\"e-n-accordion-item\" >\n\t\t\t\t<summary class=\"e-n-accordion-item-title\" data-accordion-index=\"1\" tabindex=\"0\" aria-expanded=\"false\" aria-controls=\"e-n-accordion-item-4390\" >\n\t\t\t\t\t<span class='e-n-accordion-item-title-header'><div class=\"e-n-accordion-item-title-text\"> 2026 <\/div><\/span>\n\t\t\t\t\t\t\t<span class='e-n-accordion-item-title-icon'>\n\t\t\t<span class='e-opened' ><svg aria-hidden=\"true\" class=\"e-font-icon-svg e-fas-minus\" viewBox=\"0 0 448 512\" xmlns=\"http:\/\/www.w3.org\/2000\/svg\"><path d=\"M416 208H32c-17.67 0-32 14.33-32 32v32c0 17.67 14.33 32 32 32h384c17.67 0 32-14.33 32-32v-32c0-17.67-14.33-32-32-32z\"><\/path><\/svg><\/span>\n\t\t\t<span class='e-closed'><svg aria-hidden=\"true\" class=\"e-font-icon-svg e-fas-plus\" viewBox=\"0 0 448 512\" xmlns=\"http:\/\/www.w3.org\/2000\/svg\"><path d=\"M416 208H272V64c0-17.67-14.33-32-32-32h-32c-17.67 0-32 14.33-32 32v144H32c-17.67 0-32 14.33-32 32v32c0 17.67 14.33 32 32 32h144v144c0 17.67 14.33 32 32 32h32c17.67 0 32-14.33 32-32V304h144c17.67 0 32-14.33 32-32v-32c0-17.67-14.33-32-32-32z\"><\/path><\/svg><\/span>\n\t\t<\/span>\n\n\t\t\t\t\t\t<\/summary>\n\t\t\t\t<div role=\"region region\" aria-labelledby=\"e-n-accordion-item-3084 e-n-accordion-item-4390\" class=\"elementor-element elementor-element-a7a8183 e-con-full e-flex e-con e-child\" data-id=\"a7a8183\" data-element_type=\"container\" data-e-type=\"container\">\n\t\t\t\t<div class=\"elementor-element elementor-element-f86ae56 elementor-widget elementor-widget-text-editor\" data-id=\"f86ae56\" data-element_type=\"widget\" data-e-type=\"widget\" data-widget_type=\"text-editor.default\">\n\t\t\t\t\t\t\t\t\t<p><a href=\"https:\/\/igarapava.sp.gov.br\/site\/wp-content\/uploads\/2026\/04\/Resolucao-01-26-Fase-Celebracao-assinado-1.pdf\" target=\"_blank\" rel=\"noopener\">Resolu\u00e7\u00e3o n\u00ba 01\/2026<\/a><\/p><p><a href=\"https:\/\/igarapava.sp.gov.br\/site\/wp-content\/uploads\/2026\/04\/Resolucao-02-2026-Comissao_de_inscricao_ok_assinado.pdf\" target=\"_blank\" rel=\"noopener\">Resolu\u00e7\u00e3o n\u00ba 02\/2026<\/a><\/p><p><a href=\"https:\/\/igarapava.sp.gov.br\/site\/wp-content\/uploads\/2026\/04\/Resolucao-03-2026-Aprovacao-de-documentos-para-formalizacao-de-Termo-de-Fomento.pdf\" target=\"_blank\" rel=\"noopener\">Resolu\u00e7\u00e3o n\u00ba 03\/2026<\/a><\/p>\t\t\t\t\t\t\t\t<\/div>\n\t\t\t\t<\/div>\n\t\t\t\t\t<\/details>\n\t\t\t\t\t\t<details id=\"e-n-accordion-item-4391\" class=\"e-n-accordion-item\" >\n\t\t\t\t<summary class=\"e-n-accordion-item-title\" data-accordion-index=\"2\" tabindex=\"-1\" aria-expanded=\"false\" aria-controls=\"e-n-accordion-item-4391\" >\n\t\t\t\t\t<span class='e-n-accordion-item-title-header'><div class=\"e-n-accordion-item-title-text\"> 2025 <\/div><\/span>\n\t\t\t\t\t\t\t<span class='e-n-accordion-item-title-icon'>\n\t\t\t<span class='e-opened' ><svg aria-hidden=\"true\" class=\"e-font-icon-svg e-fas-minus\" viewBox=\"0 0 448 512\" xmlns=\"http:\/\/www.w3.org\/2000\/svg\"><path d=\"M416 208H32c-17.67 0-32 14.33-32 32v32c0 17.67 14.33 32 32 32h384c17.67 0 32-14.33 32-32v-32c0-17.67-14.33-32-32-32z\"><\/path><\/svg><\/span>\n\t\t\t<span class='e-closed'><svg aria-hidden=\"true\" class=\"e-font-icon-svg e-fas-plus\" viewBox=\"0 0 448 512\" xmlns=\"http:\/\/www.w3.org\/2000\/svg\"><path d=\"M416 208H272V64c0-17.67-14.33-32-32-32h-32c-17.67 0-32 14.33-32 32v144H32c-17.67 0-32 14.33-32 32v32c0 17.67 14.33 32 32 32h144v144c0 17.67 14.33 32 32 32h32c17.67 0 32-14.33 32-32V304h144c17.67 0 32-14.33 32-32v-32c0-17.67-14.33-32-32-32z\"><\/path><\/svg><\/span>\n\t\t<\/span>\n\n\t\t\t\t\t\t<\/summary>\n\t\t\t\t<div role=\"region region\" aria-labelledby=\"e-n-accordion-item-3084 e-n-accordion-item-4391\" class=\"elementor-element elementor-element-18a6012 e-con-full e-flex e-con e-child\" data-id=\"18a6012\" data-element_type=\"container\" data-e-type=\"container\">\n\t\t\t\t<div class=\"elementor-element elementor-element-c3e63ed elementor-widget elementor-widget-text-editor\" data-id=\"c3e63ed\" data-element_type=\"widget\" data-e-type=\"widget\" data-widget_type=\"text-editor.default\">\n\t\t\t\t\t\t\t\t\t<p><a href=\"https:\/\/igarapava.sp.gov.br\/site\/wp-content\/uploads\/2026\/04\/Resolucao-02-2025.pdf\" target=\"_blank\" rel=\"noopener\">Resolu\u00e7\u00e3o n\u00ba 02\/2025<\/a><\/p><p><a href=\"https:\/\/igarapava.sp.gov.br\/site\/wp-content\/uploads\/2026\/04\/Resolucao-03-Plano-de-Acao-CMDCA-2025.pdf\" target=\"_blank\" rel=\"noopener\">Resolu\u00e7\u00e3o n\u00ba 03\/2025<\/a><\/p><p><a href=\"https:\/\/igarapava.sp.gov.br\/site\/wp-content\/uploads\/2026\/04\/Resolucao-04-25-Comissao-de-Captacao-de-recursos.pdf\" target=\"_blank\" rel=\"noopener\">Resolu\u00e7\u00e3o n\u00ba 04\/2025<\/a><\/p><p><a href=\"https:\/\/igarapava.sp.gov.br\/site\/wp-content\/uploads\/2026\/04\/Resolucao-05-2025.pdf\" target=\"_blank\" rel=\"noopener\">Resolu\u00e7\u00e3o n\u00ba 05\/2025<\/a><\/p>\t\t\t\t\t\t\t\t<\/div>\n\t\t\t\t<\/div>\n\t\t\t\t\t<\/details>\n\t\t\t\t\t<\/div>\n\t\t\t\t\t\t<\/div>\n\t\t\t\t\t<\/div>\n\t\t\t\t<\/div>\n\t\t\t\t\t<\/details>\n\t\t\t\t\t<\/div>\n\t\t\t\t\t\t<\/div>\n\t\t\t\t\t<\/div>\n\t\t\t\t<\/div>\n\t\t\t\t<\/div>\n\t\t","protected":false},"excerpt":{"rendered":"<p>O que \u00e9 o CMDCA? O Conselho Municipal dos Direitos da Crian\u00e7a e do Adolescente do Munic\u00edpio de Igarapava\/SP, \u00e9 um \u00f3rg\u00e3o deliberativo da pol\u00edtica de promo\u00e7\u00e3o dos direitos da crian\u00e7a e do adolescente, controlador das a\u00e7\u00f5es, em todos os n\u00edveis, de implementa\u00e7\u00e3o desta mesma pol\u00edtica, e respons\u00e1vel por fixar crit\u00e9rios de utiliza\u00e7\u00e3o e planos [&hellip;]<\/p>\n","protected":false},"author":1,"featured_media":0,"parent":0,"menu_order":0,"comment_status":"closed","ping_status":"closed","template":"","meta":{"footnotes":""},"class_list":["post-4411","page","type-page","status-publish","hentry"],"_links":{"self":[{"href":"https:\/\/igarapava.sp.gov.br\/site\/wp-json\/wp\/v2\/pages\/4411","targetHints":{"allow":["GET"]}}],"collection":[{"href":"https:\/\/igarapava.sp.gov.br\/site\/wp-json\/wp\/v2\/pages"}],"about":[{"href":"https:\/\/igarapava.sp.gov.br\/site\/wp-json\/wp\/v2\/types\/page"}],"author":[{"embeddable":true,"href":"https:\/\/igarapava.sp.gov.br\/site\/wp-json\/wp\/v2\/users\/1"}],"replies":[{"embeddable":true,"href":"https:\/\/igarapava.sp.gov.br\/site\/wp-json\/wp\/v2\/comments?post=4411"}],"version-history":[{"count":19,"href":"https:\/\/igarapava.sp.gov.br\/site\/wp-json\/wp\/v2\/pages\/4411\/revisions"}],"predecessor-version":[{"id":5687,"href":"https:\/\/igarapava.sp.gov.br\/site\/wp-json\/wp\/v2\/pages\/4411\/revisions\/5687"}],"wp:attachment":[{"href":"https:\/\/igarapava.sp.gov.br\/site\/wp-json\/wp\/v2\/media?parent=4411"}],"curies":[{"name":"wp","href":"https:\/\/api.w.org\/{rel}","templated":true}]}}