{"id":4387,"date":"2025-11-28T08:58:20","date_gmt":"2025-11-28T11:58:20","guid":{"rendered":"https:\/\/igarapava.sp.gov.br\/site\/?page_id=4387"},"modified":"2026-04-13T09:23:02","modified_gmt":"2026-04-13T12:23:02","slug":"cmdpi","status":"publish","type":"page","link":"https:\/\/igarapava.sp.gov.br\/site\/cmdpi\/","title":{"rendered":"CMDPI"},"content":{"rendered":"\t\t<div data-elementor-type=\"wp-page\" data-elementor-id=\"4387\" class=\"elementor elementor-4387\" data-elementor-post-type=\"page\">\n\t\t\t\t<div class=\"elementor-element elementor-element-ada384d e-flex e-con-boxed e-con e-parent\" data-id=\"ada384d\" data-element_type=\"container\" data-e-type=\"container\">\n\t\t\t\t\t<div class=\"e-con-inner\">\n\t\t\t\t<div class=\"elementor-element elementor-element-05da003 elementor-widget elementor-widget-image\" data-id=\"05da003\" data-element_type=\"widget\" data-e-type=\"widget\" data-widget_type=\"image.default\">\n\t\t\t\t\t\t\t\t\t\t\t\t\t\t\t<img decoding=\"async\" width=\"150\" height=\"150\" src=\"https:\/\/igarapava.sp.gov.br\/site\/wp-content\/uploads\/2025\/11\/CMDPI-LOGO-150x150.png\" class=\"attachment-thumbnail size-thumbnail wp-image-4442\" alt=\"\" \/>\t\t\t\t\t\t\t\t\t\t\t\t\t\t\t<\/div>\n\t\t\t\t<div class=\"elementor-element elementor-element-9de3ca5 elementor-widget elementor-widget-spacer\" data-id=\"9de3ca5\" data-element_type=\"widget\" data-e-type=\"widget\" data-widget_type=\"spacer.default\">\n\t\t\t\t\t\t\t<div class=\"elementor-spacer\">\n\t\t\t<div class=\"elementor-spacer-inner\"><\/div>\n\t\t<\/div>\n\t\t\t\t\t\t<\/div>\n\t\t\t\t<div class=\"elementor-element elementor-element-49d4866 elementor-widget elementor-widget-text-editor\" data-id=\"49d4866\" data-element_type=\"widget\" data-e-type=\"widget\" data-widget_type=\"text-editor.default\">\n\t\t\t\t\t\t\t\t\t<p data-start=\"266\" data-end=\"667\">O <strong data-start=\"268\" data-end=\"326\">Conselho Municipal de Direitos da Pessoa Idosa (CMDPI)<\/strong> \u00e9 um \u00f3rg\u00e3o permanente, parit\u00e1rio, consultivo, deliberativo, fiscalizador e controlador das pol\u00edticas p\u00fablicas destinadas \u00e0s pessoas idosas no Munic\u00edpio de Igarapava.<br data-start=\"492\" data-end=\"495\" \/>Criado pela <a href=\"https:\/\/igarapava.sp.gov.br\/site\/wp-content\/uploads\/2025\/11\/Lei-849-CMDPI.pdf\"><strong data-start=\"507\" data-end=\"555\">Lei Municipal n\u00ba 849, de 09 de abril de 2019<\/strong><\/a>, o Conselho reafirma o compromisso do Munic\u00edpio com a promo\u00e7\u00e3o, defesa e garantia dos direitos da pessoa idosa.<\/p><h2 data-start=\"674\" data-end=\"710\"><strong data-start=\"677\" data-end=\"710\"><img decoding=\"async\" class=\"emoji\" role=\"img\" draggable=\"false\" src=\"https:\/\/s.w.org\/images\/core\/emoji\/16.0.1\/svg\/1f3af.svg\" alt=\"\ud83c\udfaf\" \/> Finalidades e Compet\u00eancias<\/strong><\/h2><p data-start=\"712\" data-end=\"755\">O Conselho tem como principais atribui\u00e7\u00f5es:<\/p><p data-start=\"712\" data-end=\"755\"><img decoding=\"async\" class=\"emoji\" style=\"background-color: #ffffff;\" role=\"img\" draggable=\"false\" src=\"https:\/\/s.w.org\/images\/core\/emoji\/16.0.1\/svg\/2714.svg\" alt=\"\u2714\ufe0f\" \/> Zelar pela implementa\u00e7\u00e3o, promo\u00e7\u00e3o e defesa dos direitos da pessoa idosa.<\/p><p data-start=\"712\" data-end=\"755\"><img decoding=\"async\" class=\"emoji\" style=\"background-color: #ffffff;\" role=\"img\" draggable=\"false\" src=\"https:\/\/s.w.org\/images\/core\/emoji\/16.0.1\/svg\/2714.svg\" alt=\"\u2714\ufe0f\" \/> Acompanhar e fiscalizar pol\u00edticas, programas e projetos direcionados \u00e0s pessoas idosas.<\/p><p data-start=\"712\" data-end=\"755\"><img decoding=\"async\" class=\"emoji\" style=\"background-color: #ffffff;\" role=\"img\" draggable=\"false\" src=\"https:\/\/s.w.org\/images\/core\/emoji\/16.0.1\/svg\/2714.svg\" alt=\"\u2714\ufe0f\" \/> Propor diretrizes para o planejamento de a\u00e7\u00f5es p\u00fablicas voltadas ao envelhecimento digno.<\/p><p data-start=\"712\" data-end=\"755\"><img decoding=\"async\" class=\"emoji\" style=\"background-color: #ffffff;\" role=\"img\" draggable=\"false\" src=\"https:\/\/s.w.org\/images\/core\/emoji\/16.0.1\/svg\/2714.svg\" alt=\"\u2714\ufe0f\" \/> Articular governo e sociedade civil para ampliar prote\u00e7\u00e3o e inclus\u00e3o.<\/p><p data-start=\"712\" data-end=\"755\"><img decoding=\"async\" class=\"emoji\" style=\"background-color: #ffffff;\" role=\"img\" draggable=\"false\" src=\"https:\/\/s.w.org\/images\/core\/emoji\/16.0.1\/svg\/2714.svg\" alt=\"\u2714\ufe0f\" \/> Estimular pesquisas, estudos e a\u00e7\u00f5es educativas sobre envelhecimento.<\/p><p data-start=\"712\" data-end=\"755\"><img decoding=\"async\" class=\"emoji\" style=\"background-color: #ffffff;\" role=\"img\" draggable=\"false\" src=\"https:\/\/s.w.org\/images\/core\/emoji\/16.0.1\/svg\/2714.svg\" alt=\"\u2714\ufe0f\" \/> Participar da elabora\u00e7\u00e3o do PPA, LDO e LOA, assegurando recursos espec\u00edficos.<\/p><p data-start=\"712\" data-end=\"755\"><img decoding=\"async\" class=\"emoji\" style=\"background-color: #ffffff;\" role=\"img\" draggable=\"false\" src=\"https:\/\/s.w.org\/images\/core\/emoji\/16.0.1\/svg\/2714.svg\" alt=\"\u2714\ufe0f\" \/> Realizar confer\u00eancias, debates e eventos de participa\u00e7\u00e3o social<\/p><h2 data-start=\"1345\" data-end=\"1365\"><strong data-start=\"1348\" data-end=\"1365\"><img decoding=\"async\" class=\"emoji\" role=\"img\" draggable=\"false\" src=\"https:\/\/s.w.org\/images\/core\/emoji\/16.0.1\/svg\/1f465.svg\" alt=\"\ud83d\udc65\" \/> Composi\u00e7\u00e3o<\/strong><\/h2><p data-start=\"1367\" data-end=\"1405\">O CMDPI \u00e9 composto por representantes:<\/p><ul data-start=\"1407\" data-end=\"1490\"><li data-start=\"1407\" data-end=\"1448\"><p data-start=\"1409\" data-end=\"1448\"><img decoding=\"async\" class=\"emoji\" role=\"img\" draggable=\"false\" src=\"https:\/\/s.w.org\/images\/core\/emoji\/16.0.1\/svg\/1f3db.svg\" alt=\"\ud83c\udfdb\ufe0f\" \/> <strong data-start=\"1413\" data-end=\"1443\">Do Poder P\u00fablico Municipal &#8211; <a href=\"https:\/\/igarapava.sp.gov.br\/site\/wp-content\/uploads\/2025\/11\/PORTARIA-No-9766-DE-07.10.25-MEMBROS-DO-PODER-PUBLICO-CMDPI.pdf\">Portaria n\u00ba 9766\/2025.<\/a><\/strong><\/p><\/li><li data-start=\"1449\" data-end=\"1490\"><p data-start=\"1451\" data-end=\"1490\"><img decoding=\"async\" class=\"emoji\" role=\"img\" draggable=\"false\" src=\"https:\/\/s.w.org\/images\/core\/emoji\/16.0.1\/svg\/1f91d.svg\" alt=\"\ud83e\udd1d\" \/> <strong data-start=\"1454\" data-end=\"1487\">Da Sociedade Civil organizada &#8211; <a href=\"https:\/\/igarapava.sp.gov.br\/site\/wp-content\/uploads\/2025\/11\/PORTARIA-No-9767-DE-09.10.25-CMDPI-MEMBROS-DA-SOCIEDADE-CIVIL.pdf\">Portaria n\u00ba 9767\/2025.<\/a><\/strong><\/p><\/li><\/ul><p data-start=\"1492\" data-end=\"1566\">de forma <strong data-start=\"1501\" data-end=\"1514\">parit\u00e1ria<\/strong>, garantindo participa\u00e7\u00e3o equilibrada e democr\u00e1tica.<\/p><p data-start=\"1568\" data-end=\"1675\">Os membros do Conselho exercem suas fun\u00e7\u00f5es <strong data-start=\"1612\" data-end=\"1631\">sem remunera\u00e7\u00e3o<\/strong>, em car\u00e1ter de relevante interesse p\u00fablico.<\/p><h2 data-start=\"1841\" data-end=\"1882\"><strong data-start=\"1844\" data-end=\"1882\"><img decoding=\"async\" class=\"emoji\" role=\"img\" draggable=\"false\" src=\"https:\/\/s.w.org\/images\/core\/emoji\/16.0.1\/svg\/1f4b0.svg\" alt=\"\ud83d\udcb0\" \/> Fundo Municipal da Pessoa Idosa<\/strong><\/h2><p data-start=\"1884\" data-end=\"2013\">A Lei n\u00ba 849\/2019 institui o <strong data-start=\"1913\" data-end=\"1948\">Fundo Municipal da Pessoa Idosa<\/strong>, respons\u00e1vel pela capta\u00e7\u00e3o e aplica\u00e7\u00e3o de recursos destinados a:<\/p><ul data-start=\"2015\" data-end=\"2251\"><li data-start=\"2015\" data-end=\"2093\"><p data-start=\"2017\" data-end=\"2093\"><img decoding=\"async\" class=\"emoji\" role=\"img\" draggable=\"false\" src=\"https:\/\/s.w.org\/images\/core\/emoji\/16.0.1\/svg\/1f4cc.svg\" alt=\"\ud83d\udccc\" \/> Projetos sociais, educacionais e assistenciais voltados \u00e0 pessoa idosa;<\/p><\/li><li data-start=\"2094\" data-end=\"2150\"><p data-start=\"2096\" data-end=\"2150\"><img decoding=\"async\" class=\"emoji\" role=\"img\" draggable=\"false\" src=\"https:\/\/s.w.org\/images\/core\/emoji\/16.0.1\/svg\/1f4cc.svg\" alt=\"\ud83d\udccc\" \/> Programas governamentais aprovados pelo Conselho;<\/p><\/li><li data-start=\"2151\" data-end=\"2251\"><p data-start=\"2153\" data-end=\"2251\"><img decoding=\"async\" class=\"emoji\" role=\"img\" draggable=\"false\" src=\"https:\/\/s.w.org\/images\/core\/emoji\/16.0.1\/svg\/1f4cc.svg\" alt=\"\ud83d\udccc\" \/> A\u00e7\u00f5es e iniciativas p\u00fablicas ou privadas que promovam qualidade de vida, prote\u00e7\u00e3o e inclus\u00e3o.<\/p><\/li><\/ul><p data-start=\"2253\" data-end=\"2361\">A gest\u00e3o dos recursos \u00e9 acompanhada diretamente pelo Conselho, garantindo transpar\u00eancia e finalidade social.<\/p><h2 data-start=\"2368\" data-end=\"2421\"><strong data-start=\"2371\" data-end=\"2421\"><img decoding=\"async\" class=\"emoji\" role=\"img\" draggable=\"false\" src=\"https:\/\/s.w.org\/images\/core\/emoji\/16.0.1\/svg\/1f33f.svg\" alt=\"\ud83c\udf3f\" \/> Compromisso com a Dignidade da Pessoa Idosa<\/strong><\/h2><p data-start=\"2423\" data-end=\"2767\">O Conselho Municipal de Direitos da Pessoa Idosa atua como um espa\u00e7o de defesa, di\u00e1logo e fiscaliza\u00e7\u00e3o das a\u00e7\u00f5es governamentais voltadas ao envelhecimento digno, saud\u00e1vel e protegido.<br data-start=\"2606\" data-end=\"2609\" \/>Sua atua\u00e7\u00e3o fortalece pol\u00edticas p\u00fablicas, incentiva a participa\u00e7\u00e3o social e contribui para uma sociedade mais justa e acolhedora para todas as pessoas idosas.<\/p><hr data-start=\"2769\" data-end=\"2772\" \/><h1 data-start=\"2774\" data-end=\"2794\"><strong data-start=\"2776\" data-end=\"2794\"><img decoding=\"async\" class=\"emoji\" role=\"img\" draggable=\"false\" src=\"https:\/\/s.w.org\/images\/core\/emoji\/16.0.1\/svg\/1f4da.svg\" alt=\"\ud83d\udcda\" \/> Publica\u00e7\u00f5es<\/strong><\/h1><h1 data-start=\"2774\" data-end=\"2794\"><img decoding=\"async\" class=\"emoji\" style=\"background-color: #ffffff; font-size: 16px;\" role=\"img\" draggable=\"false\" src=\"https:\/\/s.w.org\/images\/core\/emoji\/16.0.1\/svg\/1f4c4.svg\" alt=\"\ud83d\udcc4\" \/><a href=\"https:\/\/igarapava.sp.gov.br\/site\/conselho-municipal-de-direitos-da-pessoa-idosa\/\"><span style=\"font-size: 16px;\"> Chamamento P\u00fablico n\u00ba 001\/2025.<\/span><\/a><\/h1><h1 data-start=\"2774\" data-end=\"2794\" data-wp-editing=\"1\"><img decoding=\"async\" class=\"emoji\" style=\"background-color: #ffffff; font-size: 16px;\" role=\"img\" draggable=\"false\" src=\"https:\/\/s.w.org\/images\/core\/emoji\/16.0.1\/svg\/1f4c4.svg\" alt=\"\ud83d\udcc4\" \/><a href=\"https:\/\/igarapava.sp.gov.br\/site\/wp-content\/uploads\/2026\/04\/Resolucao_Eleicao_CMDPI_2026_07_04_2026.pdf\" target=\"_blank\" rel=\"noopener\"><span style=\"font-size: 16px;\"> Resolu\u00e7\u00e3o n\u00ba. 01\/2026.<\/span><\/a><\/h1><h1 data-start=\"2774\" data-end=\"2794\" data-wp-editing=\"1\"><img decoding=\"async\" class=\"emoji\" style=\"background-color: #ffffff; font-size: 16px;\" role=\"img\" draggable=\"false\" src=\"https:\/\/s.w.org\/images\/core\/emoji\/16.0.1\/svg\/1f4c4.svg\" alt=\"\ud83d\udcc4\" \/><a href=\"https:\/\/igarapava.sp.gov.br\/site\/wp-content\/uploads\/2026\/04\/Edital_Eleicao_CMDPI_2026.pdf\" target=\"_blank\" rel=\"noopener\"><span style=\"font-size: 16px;\"> Edital de Elei\u00e7\u00e3o.<\/span><\/a><\/h1>\t\t\t\t\t\t\t\t<\/div>\n\t\t\t\t\t<\/div>\n\t\t\t\t<\/div>\n\t\t\t\t<\/div>\n\t\t","protected":false},"excerpt":{"rendered":"<p>O Conselho Municipal de Direitos da Pessoa Idosa (CMDPI) \u00e9 um \u00f3rg\u00e3o permanente, parit\u00e1rio, consultivo, deliberativo, fiscalizador e controlador das pol\u00edticas p\u00fablicas destinadas \u00e0s pessoas idosas no Munic\u00edpio de Igarapava.Criado pela Lei Municipal n\u00ba 849, de 09 de abril de 2019, o Conselho reafirma o compromisso do Munic\u00edpio com a promo\u00e7\u00e3o, defesa e garantia dos [&hellip;]<\/p>\n","protected":false},"author":1,"featured_media":0,"parent":0,"menu_order":0,"comment_status":"closed","ping_status":"closed","template":"","meta":{"footnotes":""},"class_list":["post-4387","page","type-page","status-publish","hentry"],"_links":{"self":[{"href":"https:\/\/igarapava.sp.gov.br\/site\/wp-json\/wp\/v2\/pages\/4387","targetHints":{"allow":["GET"]}}],"collection":[{"href":"https:\/\/igarapava.sp.gov.br\/site\/wp-json\/wp\/v2\/pages"}],"about":[{"href":"https:\/\/igarapava.sp.gov.br\/site\/wp-json\/wp\/v2\/types\/page"}],"author":[{"embeddable":true,"href":"https:\/\/igarapava.sp.gov.br\/site\/wp-json\/wp\/v2\/users\/1"}],"replies":[{"embeddable":true,"href":"https:\/\/igarapava.sp.gov.br\/site\/wp-json\/wp\/v2\/comments?post=4387"}],"version-history":[{"count":13,"href":"https:\/\/igarapava.sp.gov.br\/site\/wp-json\/wp\/v2\/pages\/4387\/revisions"}],"predecessor-version":[{"id":5711,"href":"https:\/\/igarapava.sp.gov.br\/site\/wp-json\/wp\/v2\/pages\/4387\/revisions\/5711"}],"wp:attachment":[{"href":"https:\/\/igarapava.sp.gov.br\/site\/wp-json\/wp\/v2\/media?parent=4387"}],"curies":[{"name":"wp","href":"https:\/\/api.w.org\/{rel}","templated":true}]}}