{"id":4344,"date":"2025-11-27T15:55:26","date_gmt":"2025-11-27T18:55:26","guid":{"rendered":"https:\/\/igarapava.sp.gov.br\/site\/?page_id=4344"},"modified":"2025-11-28T12:26:54","modified_gmt":"2025-11-28T15:26:54","slug":"conselho-municipal-de-educacao","status":"publish","type":"page","link":"https:\/\/igarapava.sp.gov.br\/site\/conselho-municipal-de-educacao\/","title":{"rendered":"Conselho Municipal de Educa\u00e7\u00e3o"},"content":{"rendered":"\t\t<div data-elementor-type=\"wp-page\" data-elementor-id=\"4344\" class=\"elementor elementor-4344\" data-elementor-post-type=\"page\">\n\t\t\t\t<div class=\"elementor-element elementor-element-8bb0b07 e-flex e-con-boxed e-con e-parent\" data-id=\"8bb0b07\" data-element_type=\"container\" data-e-type=\"container\">\n\t\t\t\t\t<div class=\"e-con-inner\">\n\t\t\t\t<div class=\"elementor-element elementor-element-bd1a53f elementor-widget__width-initial elementor-widget elementor-widget-image\" data-id=\"bd1a53f\" data-element_type=\"widget\" data-e-type=\"widget\" data-widget_type=\"image.default\">\n\t\t\t\t\t\t\t\t\t\t\t\t\t\t\t<img fetchpriority=\"high\" decoding=\"async\" width=\"300\" height=\"295\" src=\"https:\/\/igarapava.sp.gov.br\/site\/wp-content\/uploads\/2025\/11\/CME-LOGO-300x295.png\" class=\"attachment-medium size-medium wp-image-4429\" alt=\"\" srcset=\"https:\/\/igarapava.sp.gov.br\/site\/wp-content\/uploads\/2025\/11\/CME-LOGO-300x295.png 300w, https:\/\/igarapava.sp.gov.br\/site\/wp-content\/uploads\/2025\/11\/CME-LOGO-1024x1008.png 1024w, https:\/\/igarapava.sp.gov.br\/site\/wp-content\/uploads\/2025\/11\/CME-LOGO-768x756.png 768w, https:\/\/igarapava.sp.gov.br\/site\/wp-content\/uploads\/2025\/11\/CME-LOGO-1536x1512.png 1536w, https:\/\/igarapava.sp.gov.br\/site\/wp-content\/uploads\/2025\/11\/CME-LOGO-2048x2016.png 2048w\" sizes=\"(max-width: 300px) 100vw, 300px\" \/>\t\t\t\t\t\t\t\t\t\t\t\t\t\t\t<\/div>\n\t\t\t\t\t<\/div>\n\t\t\t\t<\/div>\n\t\t<div class=\"elementor-element elementor-element-a77de32 e-flex e-con-boxed e-con e-parent\" data-id=\"a77de32\" data-element_type=\"container\" data-e-type=\"container\">\n\t\t\t\t\t<div class=\"e-con-inner\">\n\t\t\t\t<div class=\"elementor-element elementor-element-4429602 elementor-widget elementor-widget-text-editor\" data-id=\"4429602\" data-element_type=\"widget\" data-e-type=\"widget\" data-widget_type=\"text-editor.default\">\n\t\t\t\t\t\t\t\t\t<p style=\"text-align: left;\"><strong>O Conselho Municipal de Educa\u00e7\u00e3o de Igarapava (CME),<\/strong> institu\u00eddo pela <a href=\"https:\/\/igarapava.sp.gov.br\/site\/wp-content\/uploads\/2025\/11\/LEI-No-946-DE-13.05.21-CONSELHO-MUNICIPAL-DE-EDUCACAO_000034.pdf\" target=\"_blank\" rel=\"noopener\">Lei Municipal n\u00ba 946, de 13 de maio de 2021<\/a>, \u00e9 um \u00f3rg\u00e3o deliberativo, normativo, participativo e consultivo, respons\u00e1vel por acompanhar e orientar a pol\u00edtica educacional no \u00e2mbito do munic\u00edpio.<\/p><p>\u00a0<\/p><h2 data-start=\"674\" data-end=\"710\"><strong data-start=\"677\" data-end=\"710\"><img decoding=\"async\" class=\"emoji\" role=\"img\" draggable=\"false\" src=\"https:\/\/s.w.org\/images\/core\/emoji\/16.0.1\/svg\/1f3af.svg\" alt=\"\ud83c\udfaf\" \/> Finalidades e Compet\u00eancias<\/strong><\/h2><p style=\"text-align: left;\">O CME tem como principal objetivo assegurar a participa\u00e7\u00e3o da comunidade na defini\u00e7\u00e3o das diretrizes da educa\u00e7\u00e3o municipal, fortalecendo a qualidade da oferta educacional e garantindo a observ\u00e2ncia das legisla\u00e7\u00f5es vigentes. (Art. 2\u00ba)<\/p><p style=\"text-align: left;\">Entre suas compet\u00eancias, destacam-se:<\/p><p style=\"text-align: left;\"><img decoding=\"async\" class=\"emoji\" style=\"background-color: #ffffff;\" role=\"img\" draggable=\"false\" src=\"https:\/\/s.w.org\/images\/core\/emoji\/16.0.1\/svg\/2714.svg\" alt=\"\u2714\ufe0f\" \/> Emitir pareceres sobre assuntos e demandas da \u00e1rea educacional;<\/p><p style=\"text-align: left;\"><img decoding=\"async\" class=\"emoji\" style=\"background-color: #ffffff;\" role=\"img\" draggable=\"false\" src=\"https:\/\/s.w.org\/images\/core\/emoji\/16.0.1\/svg\/2714.svg\" alt=\"\u2714\ufe0f\" \/> Estabelecer normas complementares para a Rede Municipal de Ensino;<\/p><p style=\"text-align: left;\"><img decoding=\"async\" class=\"emoji\" style=\"background-color: #ffffff;\" role=\"img\" draggable=\"false\" src=\"https:\/\/s.w.org\/images\/core\/emoji\/16.0.1\/svg\/2714.svg\" alt=\"\u2714\ufe0f\" \/> Analisar e deliberar sobre credenciamento e autoriza\u00e7\u00e3o de funcionamento de unidades educacionais municipais;<\/p><p style=\"text-align: left;\"><img decoding=\"async\" class=\"emoji\" style=\"background-color: #ffffff;\" role=\"img\" draggable=\"false\" src=\"https:\/\/s.w.org\/images\/core\/emoji\/16.0.1\/svg\/2714.svg\" alt=\"\u2714\ufe0f\" \/> Acompanhar a elabora\u00e7\u00e3o, execu\u00e7\u00e3o e avalia\u00e7\u00e3o do Plano Decenal Municipal de Educa\u00e7\u00e3o (PDME);<\/p><p><img decoding=\"async\" class=\"emoji\" style=\"background-color: #ffffff;\" role=\"img\" draggable=\"false\" src=\"https:\/\/s.w.org\/images\/core\/emoji\/16.0.1\/svg\/2714.svg\" alt=\"\u2714\ufe0f\" \/>Assessorar o Departamento de Educa\u00e7\u00e3o na identifica\u00e7\u00e3o de necessidades e propostas de melhoria;<\/p><p><img decoding=\"async\" class=\"emoji\" style=\"background-color: #ffffff;\" role=\"img\" draggable=\"false\" src=\"https:\/\/s.w.org\/images\/core\/emoji\/16.0.1\/svg\/2714.svg\" alt=\"\u2714\ufe0f\" \/> Zelar pelo cumprimento da legisla\u00e7\u00e3o educacional;<\/p><p><img decoding=\"async\" class=\"emoji\" style=\"background-color: #ffffff;\" role=\"img\" draggable=\"false\" src=\"https:\/\/s.w.org\/images\/core\/emoji\/16.0.1\/svg\/2714.svg\" alt=\"\u2714\ufe0f\" \/> Indicar representantes para \u00f3rg\u00e3os colegiados, como o Conselho do FUNDEB.<\/p><p>\u00a0<\/p><h2 data-start=\"1345\" data-end=\"1365\"><strong data-start=\"1348\" data-end=\"1365\"><img decoding=\"async\" class=\"emoji\" role=\"img\" draggable=\"false\" src=\"https:\/\/s.w.org\/images\/core\/emoji\/16.0.1\/svg\/1f465.svg\" alt=\"\ud83d\udc65\" \/> Composi\u00e7\u00e3o<\/strong><\/h2><p style=\"text-align: left;\">O Conselho \u00e9 composto por 12 membros titulares e 12 suplentes, representando diversos segmentos da comunidade escolar e da sociedade civil.\u00a0<\/p><p><span style=\"color: #ff0000;\">Atual composi\u00e7\u00e3o &#8211;\u00a0<strong><a style=\"color: #ff0000;\" href=\"https:\/\/igarapava.sp.gov.br\/site\/wp-content\/uploads\/2025\/11\/DECRETO_N_3019_DE_30_09_25_CONSELHO_MUNICIPAL_DE_EDUCACAO_CME.pdf\" target=\"_blank\" rel=\"noopener\">Decreto Municipal n\u00ba 3019\/2025.<\/a><\/strong><\/span><\/p><p style=\"text-align: left;\">O CME re\u00fane-se ordinariamente uma vez por m\u00eas, podendo ser convocado extraordinariamente sempre que necess\u00e1rio.<\/p><p>\u00a0<\/p><h1 data-start=\"2774\" data-end=\"2794\"><strong data-start=\"2776\" data-end=\"2794\"><img decoding=\"async\" class=\"emoji\" role=\"img\" draggable=\"false\" src=\"https:\/\/s.w.org\/images\/core\/emoji\/16.0.1\/svg\/1f4da.svg\" alt=\"\ud83d\udcda\" \/> Publica\u00e7\u00f5es<\/strong><\/h1><p><br \/><strong>\ud83d\udd17 <a href=\"https:\/\/igarapava.sp.gov.br\/site\/wp-content\/uploads\/2025\/11\/DECRETO-No-2465-DE-07.07.2021-HOMOLOGA-O-REGIMENTO-INTERNO-DO-CONSELHO-MUNICIPAL-DE-EDUCACAO-1-1.pdf\" target=\"_blank\" rel=\"noopener\">Regimento Interno\u00a0<\/a><\/strong><\/p><p style=\"text-align: left;\"><strong><a href=\"https:\/\/igarapava.sp.gov.br\/site\/wp-content\/uploads\/2025\/11\/ata-eleicao-mandato-2025-2026.pdf\" target=\"_blank\" rel=\"noopener\">\ud83d\udd17 Ata de Reuni\u00e3o &#8211; 29\/09\/2025.<\/a><\/strong><\/p><p style=\"text-align: left;\"><strong><a href=\"https:\/\/igarapava.sp.gov.br\/site\/wp-content\/uploads\/2025\/11\/Resolucao-001-de-25.pdf\" target=\"_blank\" rel=\"noopener\">\ud83d\udd17 Resolu\u00e7\u00e3o n\u00ba 001\/2025.<\/a><\/strong><\/p>\t\t\t\t\t\t\t\t<\/div>\n\t\t\t\t\t<\/div>\n\t\t\t\t<\/div>\n\t\t<div class=\"elementor-element elementor-element-aeeaf4d e-flex e-con-boxed e-con e-parent\" data-id=\"aeeaf4d\" data-element_type=\"container\" data-e-type=\"container\">\n\t\t\t\t\t<div class=\"e-con-inner\">\n\t\t\t\t\t<\/div>\n\t\t\t\t<\/div>\n\t\t\t\t<\/div>\n\t\t","protected":false},"excerpt":{"rendered":"<p>O Conselho Municipal de Educa\u00e7\u00e3o de Igarapava (CME), institu\u00eddo pela Lei Municipal n\u00ba 946, de 13 de maio de 2021, \u00e9 um \u00f3rg\u00e3o deliberativo, normativo, participativo e consultivo, respons\u00e1vel por acompanhar e orientar a pol\u00edtica educacional no \u00e2mbito do munic\u00edpio. \u00a0 Finalidades e Compet\u00eancias O CME tem como principal objetivo assegurar a participa\u00e7\u00e3o da comunidade [&hellip;]<\/p>\n","protected":false},"author":1,"featured_media":0,"parent":0,"menu_order":0,"comment_status":"closed","ping_status":"closed","template":"","meta":{"footnotes":""},"class_list":["post-4344","page","type-page","status-publish","hentry"],"_links":{"self":[{"href":"https:\/\/igarapava.sp.gov.br\/site\/wp-json\/wp\/v2\/pages\/4344","targetHints":{"allow":["GET"]}}],"collection":[{"href":"https:\/\/igarapava.sp.gov.br\/site\/wp-json\/wp\/v2\/pages"}],"about":[{"href":"https:\/\/igarapava.sp.gov.br\/site\/wp-json\/wp\/v2\/types\/page"}],"author":[{"embeddable":true,"href":"https:\/\/igarapava.sp.gov.br\/site\/wp-json\/wp\/v2\/users\/1"}],"replies":[{"embeddable":true,"href":"https:\/\/igarapava.sp.gov.br\/site\/wp-json\/wp\/v2\/comments?post=4344"}],"version-history":[{"count":21,"href":"https:\/\/igarapava.sp.gov.br\/site\/wp-json\/wp\/v2\/pages\/4344\/revisions"}],"predecessor-version":[{"id":4434,"href":"https:\/\/igarapava.sp.gov.br\/site\/wp-json\/wp\/v2\/pages\/4344\/revisions\/4434"}],"wp:attachment":[{"href":"https:\/\/igarapava.sp.gov.br\/site\/wp-json\/wp\/v2\/media?parent=4344"}],"curies":[{"name":"wp","href":"https:\/\/api.w.org\/{rel}","templated":true}]}}