{"id":4256,"date":"2025-11-12T13:43:15","date_gmt":"2025-11-12T16:43:15","guid":{"rendered":"https:\/\/igarapava.sp.gov.br\/site\/?page_id=4256"},"modified":"2026-01-28T12:44:10","modified_gmt":"2026-01-28T15:44:10","slug":"cargos-e-salarios","status":"publish","type":"page","link":"https:\/\/igarapava.sp.gov.br\/site\/cargos-e-salarios\/","title":{"rendered":"Cargos e Sal\u00e1rios"},"content":{"rendered":"\t\t<div data-elementor-type=\"wp-page\" data-elementor-id=\"4256\" class=\"elementor elementor-4256\" data-elementor-post-type=\"page\">\n\t\t\t\t<div class=\"elementor-element elementor-element-642d88f e-flex e-con-boxed e-con e-parent\" data-id=\"642d88f\" data-element_type=\"container\" data-e-type=\"container\">\n\t\t\t\t\t<div class=\"e-con-inner\">\n\t\t\t\t<div class=\"elementor-element elementor-element-d3a903e elementor-widget elementor-widget-heading\" data-id=\"d3a903e\" data-element_type=\"widget\" data-e-type=\"widget\" data-widget_type=\"heading.default\">\n\t\t\t\t\t<h2 class=\"elementor-heading-title elementor-size-default\">Cargos e Sal\u00e1rios<\/h2>\t\t\t\t<\/div>\n\t\t\t\t<div class=\"elementor-element elementor-element-9cfc58c elementor-widget-divider--view-line elementor-widget elementor-widget-divider\" data-id=\"9cfc58c\" data-element_type=\"widget\" data-e-type=\"widget\" data-widget_type=\"divider.default\">\n\t\t\t\t\t\t\t<div class=\"elementor-divider\">\n\t\t\t<span class=\"elementor-divider-separator\">\n\t\t\t\t\t\t<\/span>\n\t\t<\/div>\n\t\t\t\t\t\t<\/div>\n\t\t\t\t<div class=\"elementor-element elementor-element-cebb60b elementor-widget elementor-widget-image\" data-id=\"cebb60b\" data-element_type=\"widget\" data-e-type=\"widget\" data-widget_type=\"image.default\">\n\t\t\t\t\t\t\t\t\t\t\t\t\t\t\t<img fetchpriority=\"high\" decoding=\"async\" width=\"768\" height=\"768\" src=\"https:\/\/igarapava.sp.gov.br\/site\/wp-content\/uploads\/2025\/11\/ChatGPT-Image-12-de-nov.-de-2025-14_11_24-768x768.png\" class=\"attachment-medium_large size-medium_large wp-image-4263\" alt=\"\" srcset=\"https:\/\/igarapava.sp.gov.br\/site\/wp-content\/uploads\/2025\/11\/ChatGPT-Image-12-de-nov.-de-2025-14_11_24-768x768.png 768w, https:\/\/igarapava.sp.gov.br\/site\/wp-content\/uploads\/2025\/11\/ChatGPT-Image-12-de-nov.-de-2025-14_11_24-300x300.png 300w, https:\/\/igarapava.sp.gov.br\/site\/wp-content\/uploads\/2025\/11\/ChatGPT-Image-12-de-nov.-de-2025-14_11_24-150x150.png 150w, https:\/\/igarapava.sp.gov.br\/site\/wp-content\/uploads\/2025\/11\/ChatGPT-Image-12-de-nov.-de-2025-14_11_24.png 1024w\" sizes=\"(max-width: 768px) 100vw, 768px\" \/>\t\t\t\t\t\t\t\t\t\t\t\t\t\t\t<\/div>\n\t\t\t\t\t<\/div>\n\t\t\t\t<\/div>\n\t\t<div class=\"elementor-element elementor-element-3bf1105 e-flex e-con-boxed e-con e-parent\" data-id=\"3bf1105\" data-element_type=\"container\" data-e-type=\"container\">\n\t\t\t\t\t<div class=\"e-con-inner\">\n\t\t\t\t<div class=\"elementor-element elementor-element-129a442 elementor-widget elementor-widget-text-editor\" data-id=\"129a442\" data-element_type=\"widget\" data-e-type=\"widget\" data-widget_type=\"text-editor.default\">\n\t\t\t\t\t\t\t\t\t<div style=\"width: 100%; max-width: 100%; padding: 10px 5px;\"><p style=\"text-align: justify; line-height: 1.6; margin-bottom: 15px;\">Em atendimento ao princ\u00edpio da publicidade e \u00e0 <strong>Lei Federal n\u00ba 12.527\/2011 (Lei de Acesso \u00e0 Informa\u00e7\u00e3o)<\/strong>, a Prefeitura Municipal de Igarapava torna p\u00fablica a rela\u00e7\u00e3o de cargos, fun\u00e7\u00f5es e respectivas faixas salariais dos servidores municipais.<\/p><p style=\"text-align: justify; line-height: 1.6; margin-bottom: 25px;\">A divulga\u00e7\u00e3o tem como finalidade assegurar a transpar\u00eancia ativa dos atos da Administra\u00e7\u00e3o P\u00fablica, possibilitando ao cidad\u00e3o o acompanhamento das informa\u00e7\u00f5es referentes \u00e0 estrutura funcional e remunerat\u00f3ria do Munic\u00edpio.<\/p><h3 style=\"color: #004aad; margin-top: 25px; margin-bottom: 10px; text-align: justify;\">Exerc\u00edcio de 2025<\/h3><p style=\"text-align: justify; margin-bottom: 10px;\">Consulte abaixo o arquivo em formato PDF contendo a estrutura de cargos, fun\u00e7\u00f5es e respectivas faixas salariais da Prefeitura Municipal de Igarapava para o exerc\u00edcio de 2025:<\/p><p style=\"text-align: justify; margin-bottom: 25px;\">\ud83d\udcc4 <a style=\"color: #004aad; font-weight: 600;\" href=\"https:\/\/igarapava.sp.gov.br\/site\/wp-content\/uploads\/2025\/11\/error.png\" target=\"_blank\" rel=\"noopener\">Cargos e Sal\u00e1rios (2025)<\/a><\/p><h3 style=\"color: #004aad; margin-top: 25px; margin-bottom: 10px; text-align: justify;\">Exerc\u00edcio de 2024<\/h3><p style=\"text-align: justify; margin-bottom: 10px;\">Consulte abaixo o arquivo em formato PDF contendo a estrutura de cargos, fun\u00e7\u00f5es e respectivas faixas salariais da Prefeitura Municipal de Igarapava para o exerc\u00edcio de 2024:<\/p><p style=\"text-align: justify; margin-bottom: 25px;\">\ud83d\udcc4 <a style=\"color: #004aad; font-weight: 600;\" href=\"https:\/\/igarapava.sp.gov.br\/site\/wp-content\/uploads\/2025\/01\/RELACAO-DE-CARGOS-REFERENCIAS-SALARIAIS_2024_revisao-anual-462.pdf\" target=\"_blank\" rel=\"noopener\">Cargos e Sal\u00e1rios (2024)<\/a><\/p><p><!-- BLOCO AUTOM\u00c1TICO DE DATA --><\/p><p id=\"update-date\" style=\"text-align: justify; margin-top: 30px; color: #555; font-size: 14px; line-height: 1.5;\">\ud83d\udcc5 <strong>Data da publica\u00e7\u00e3o: 12\/11\/2025.<\/strong><\/p><\/div>\t\t\t\t\t\t\t\t<\/div>\n\t\t\t\t\t<\/div>\n\t\t\t\t<\/div>\n\t\t\t\t<\/div>\n\t\t","protected":false},"excerpt":{"rendered":"<p>Cargos e Sal\u00e1rios Em atendimento ao princ\u00edpio da publicidade e \u00e0 Lei Federal n\u00ba 12.527\/2011 (Lei de Acesso \u00e0 Informa\u00e7\u00e3o), a Prefeitura Municipal de Igarapava torna p\u00fablica a rela\u00e7\u00e3o de cargos, fun\u00e7\u00f5es e respectivas faixas salariais dos servidores municipais. A divulga\u00e7\u00e3o tem como finalidade assegurar a transpar\u00eancia ativa dos atos da Administra\u00e7\u00e3o P\u00fablica, possibilitando ao [&hellip;]<\/p>\n","protected":false},"author":1,"featured_media":0,"parent":0,"menu_order":0,"comment_status":"closed","ping_status":"closed","template":"","meta":{"footnotes":""},"class_list":["post-4256","page","type-page","status-publish","hentry"],"_links":{"self":[{"href":"https:\/\/igarapava.sp.gov.br\/site\/wp-json\/wp\/v2\/pages\/4256","targetHints":{"allow":["GET"]}}],"collection":[{"href":"https:\/\/igarapava.sp.gov.br\/site\/wp-json\/wp\/v2\/pages"}],"about":[{"href":"https:\/\/igarapava.sp.gov.br\/site\/wp-json\/wp\/v2\/types\/page"}],"author":[{"embeddable":true,"href":"https:\/\/igarapava.sp.gov.br\/site\/wp-json\/wp\/v2\/users\/1"}],"replies":[{"embeddable":true,"href":"https:\/\/igarapava.sp.gov.br\/site\/wp-json\/wp\/v2\/comments?post=4256"}],"version-history":[{"count":19,"href":"https:\/\/igarapava.sp.gov.br\/site\/wp-json\/wp\/v2\/pages\/4256\/revisions"}],"predecessor-version":[{"id":5054,"href":"https:\/\/igarapava.sp.gov.br\/site\/wp-json\/wp\/v2\/pages\/4256\/revisions\/5054"}],"wp:attachment":[{"href":"https:\/\/igarapava.sp.gov.br\/site\/wp-json\/wp\/v2\/media?parent=4256"}],"curies":[{"name":"wp","href":"https:\/\/api.w.org\/{rel}","templated":true}]}}