{"id":4180,"date":"2025-10-10T14:09:23","date_gmt":"2025-10-10T17:09:23","guid":{"rendered":"https:\/\/igarapava.sp.gov.br\/site\/?page_id=4180"},"modified":"2025-10-10T14:30:43","modified_gmt":"2025-10-10T17:30:43","slug":"cep","status":"publish","type":"page","link":"https:\/\/igarapava.sp.gov.br\/site\/cep\/","title":{"rendered":"CEP"},"content":{"rendered":"\t\t<div data-elementor-type=\"wp-page\" data-elementor-id=\"4180\" class=\"elementor elementor-4180\" data-elementor-post-type=\"page\">\n\t\t\t\t<div class=\"elementor-element elementor-element-cd575a0 e-flex e-con-boxed e-con e-parent\" data-id=\"cd575a0\" data-element_type=\"container\" data-e-type=\"container\">\n\t\t\t\t\t<div class=\"e-con-inner\">\n\t\t\t\t<div class=\"elementor-element elementor-element-fa182a7 elementor-widget elementor-widget-heading\" data-id=\"fa182a7\" data-element_type=\"widget\" data-e-type=\"widget\" data-widget_type=\"heading.default\">\n\t\t\t\t\t<h2 class=\"elementor-heading-title elementor-size-default\">Consulte seu novo CEP!<\/h2>\t\t\t\t<\/div>\n\t\t\t\t<div class=\"elementor-element elementor-element-fea2503 elementor-widget elementor-widget-image\" data-id=\"fea2503\" data-element_type=\"widget\" data-e-type=\"widget\" data-widget_type=\"image.default\">\n\t\t\t\t\t\t\t\t\t\t\t\t\t\t\t<img fetchpriority=\"high\" decoding=\"async\" width=\"426\" height=\"146\" src=\"https:\/\/igarapava.sp.gov.br\/site\/wp-content\/uploads\/2025\/10\/image.png\" class=\"attachment-large size-large wp-image-4185\" alt=\"\" srcset=\"https:\/\/igarapava.sp.gov.br\/site\/wp-content\/uploads\/2025\/10\/image.png 426w, https:\/\/igarapava.sp.gov.br\/site\/wp-content\/uploads\/2025\/10\/image-300x103.png 300w\" sizes=\"(max-width: 426px) 100vw, 426px\" \/>\t\t\t\t\t\t\t\t\t\t\t\t\t\t\t<\/div>\n\t\t\t\t<div class=\"elementor-element elementor-element-86b275f elementor-widget elementor-widget-text-editor\" data-id=\"86b275f\" data-element_type=\"widget\" data-e-type=\"widget\" data-widget_type=\"text-editor.default\">\n\t\t\t\t\t\t\t\t\t<p data-start=\"149\" data-end=\"380\">Os <strong data-start=\"152\" data-end=\"164\">Correios<\/strong> est\u00e3o atualizando os <strong data-start=\"186\" data-end=\"211\">CEPs em todo o Brasil<\/strong>, criando c\u00f3digos \u00fanicos para cada rua e bairro.<br data-start=\"259\" data-end=\"262\" \/>O objetivo \u00e9 <strong data-start=\"275\" data-end=\"317\">melhorar a entrega de correspond\u00eancias<\/strong>, facilitar cadastros e acompanhar o crescimento das cidades.<br \/><br \/><\/p><p data-start=\"382\" data-end=\"509\">Em Igarapava, os logradouros receberam novos CEPs \u2014 Para consultar, os moradores podem acessar o <strong>site dos <a href=\"https:\/\/www.correios.com.br\/?fbclid=IwY2xjawJFArBleHRuA2FlbQIxMAABHfDu_lhhGF1TjPK5_DSsK3ZRPSbird84IWB_SddOoBvQB9Uw7b6wndwdfQ_aem_iqBndcTBGc0MQFWlrJ77pw\">Correios<\/a><\/strong>\u00a0na op\u00e7\u00e3o \u201cBusca CEP ou Endere\u00e7o\u201d ou comparecer \u00e0 ag\u00eancia local.<br \/><br \/><\/p><p><strong>\ud83d\udcc4 A lista completa voc\u00ea confre <a href=\"https:\/\/igarapava.sp.gov.br\/site\/wp-content\/uploads\/2025\/10\/Relacao_CEPs_Igarapava_CEPs.pdf\" target=\"_blank\" rel=\"noopener\">AQUI<\/a>.<br \/><br \/><br \/><\/strong><\/p><p data-start=\"511\" data-end=\"683\">\ud83d\udc49 As mudan\u00e7as fazem parte do programa nacional <strong data-start=\"559\" data-end=\"583\">\u201cCEP por Logradouro\u201d<\/strong>, que est\u00e1 modernizando o sistema postal e ampliando o acesso a endere\u00e7os oficiais em todo o pa\u00eds.<\/p><p data-start=\"792\" data-end=\"865\">\u00a0<\/p>\t\t\t\t\t\t\t\t<\/div>\n\t\t\t\t\t<\/div>\n\t\t\t\t<\/div>\n\t\t\t\t<\/div>\n\t\t","protected":false},"excerpt":{"rendered":"<p>Consulte seu novo CEP! Os Correios est\u00e3o atualizando os CEPs em todo o Brasil, criando c\u00f3digos \u00fanicos para cada rua e bairro.O objetivo \u00e9 melhorar a entrega de correspond\u00eancias, facilitar cadastros e acompanhar o crescimento das cidades. Em Igarapava, os logradouros receberam novos CEPs \u2014 Para consultar, os moradores podem acessar o site dos Correios\u00a0na [&hellip;]<\/p>\n","protected":false},"author":1,"featured_media":0,"parent":0,"menu_order":0,"comment_status":"closed","ping_status":"closed","template":"","meta":{"footnotes":""},"class_list":["post-4180","page","type-page","status-publish","hentry"],"_links":{"self":[{"href":"https:\/\/igarapava.sp.gov.br\/site\/wp-json\/wp\/v2\/pages\/4180","targetHints":{"allow":["GET"]}}],"collection":[{"href":"https:\/\/igarapava.sp.gov.br\/site\/wp-json\/wp\/v2\/pages"}],"about":[{"href":"https:\/\/igarapava.sp.gov.br\/site\/wp-json\/wp\/v2\/types\/page"}],"author":[{"embeddable":true,"href":"https:\/\/igarapava.sp.gov.br\/site\/wp-json\/wp\/v2\/users\/1"}],"replies":[{"embeddable":true,"href":"https:\/\/igarapava.sp.gov.br\/site\/wp-json\/wp\/v2\/comments?post=4180"}],"version-history":[{"count":7,"href":"https:\/\/igarapava.sp.gov.br\/site\/wp-json\/wp\/v2\/pages\/4180\/revisions"}],"predecessor-version":[{"id":4193,"href":"https:\/\/igarapava.sp.gov.br\/site\/wp-json\/wp\/v2\/pages\/4180\/revisions\/4193"}],"wp:attachment":[{"href":"https:\/\/igarapava.sp.gov.br\/site\/wp-json\/wp\/v2\/media?parent=4180"}],"curies":[{"name":"wp","href":"https:\/\/api.w.org\/{rel}","templated":true}]}}