{"id":392,"date":"2025-01-16T16:49:26","date_gmt":"2025-01-16T16:49:26","guid":{"rendered":"https:\/\/igarapava.sp.gov.br\/portal\/?page_id=392"},"modified":"2025-07-24T08:50:22","modified_gmt":"2025-07-24T11:50:22","slug":"concursos-publicos-e-processos-seletivos","status":"publish","type":"page","link":"https:\/\/igarapava.sp.gov.br\/site\/concursos-publicos-e-processos-seletivos\/","title":{"rendered":"Concursos P\u00fablicos e Processos Seletivos"},"content":{"rendered":"\t\t<div data-elementor-type=\"wp-page\" data-elementor-id=\"392\" class=\"elementor elementor-392\" data-elementor-post-type=\"page\">\n\t\t\t\t<div class=\"elementor-element elementor-element-fbb685b e-flex e-con-boxed e-con e-parent\" data-id=\"fbb685b\" data-element_type=\"container\" data-e-type=\"container\">\n\t\t\t\t\t<div class=\"e-con-inner\">\n\t\t\t\t<div class=\"elementor-element elementor-element-a74fbc7 elementor-widget__width-initial elementor-widget elementor-widget-image\" data-id=\"a74fbc7\" data-element_type=\"widget\" data-e-type=\"widget\" data-widget_type=\"image.default\">\n\t\t\t\t\t\t\t\t\t\t\t\t\t\t\t<img fetchpriority=\"high\" decoding=\"async\" width=\"800\" height=\"534\" src=\"https:\/\/igarapava.sp.gov.br\/site\/wp-content\/uploads\/2025\/07\/ef7c48cb-c555-408e-95b2-5ab20d6a8b85-1024x683.png\" class=\"attachment-large size-large wp-image-3836\" alt=\"\" srcset=\"https:\/\/igarapava.sp.gov.br\/site\/wp-content\/uploads\/2025\/07\/ef7c48cb-c555-408e-95b2-5ab20d6a8b85-1024x683.png 1024w, https:\/\/igarapava.sp.gov.br\/site\/wp-content\/uploads\/2025\/07\/ef7c48cb-c555-408e-95b2-5ab20d6a8b85-300x200.png 300w, https:\/\/igarapava.sp.gov.br\/site\/wp-content\/uploads\/2025\/07\/ef7c48cb-c555-408e-95b2-5ab20d6a8b85-768x512.png 768w, https:\/\/igarapava.sp.gov.br\/site\/wp-content\/uploads\/2025\/07\/ef7c48cb-c555-408e-95b2-5ab20d6a8b85.png 1536w\" sizes=\"(max-width: 800px) 100vw, 800px\" \/>\t\t\t\t\t\t\t\t\t\t\t\t\t\t\t<\/div>\n\t\t\t\t<div class=\"elementor-element elementor-element-b3c37b0 elementor-widget elementor-widget-text-editor\" data-id=\"b3c37b0\" data-element_type=\"widget\" data-e-type=\"widget\" data-widget_type=\"text-editor.default\">\n\t\t\t\t\t\t\t\t\t<p>Aqui voc\u00ea encontra as informa\u00e7\u00f5es sobre os concursos p\u00fablicos e processos seletivos mais recentes promovidos pela Prefeitura de Igarapava. Fique atento aos prazos, editais e demais comunicados para n\u00e3o perder nenhuma oportunidade!<\/p>\t\t\t\t\t\t\t\t<\/div>\n\t\t\t\t<div class=\"elementor-element elementor-element-16c7e5d elementor-widget elementor-widget-button\" data-id=\"16c7e5d\" data-element_type=\"widget\" data-e-type=\"widget\" data-widget_type=\"button.default\">\n\t\t\t\t\t\t\t\t\t\t<a class=\"elementor-button elementor-button-link elementor-size-sm\" href=\"https:\/\/igarapava.sp.gov.br\/site\/portaria-de-nomeacao\/\" target=\"_blank\">\n\t\t\t\t\t\t<span class=\"elementor-button-content-wrapper\">\n\t\t\t\t\t\t\t\t\t<span class=\"elementor-button-text\">CONCURSO P\u00daBLICO N\u00ba 001\/2024<\/span>\n\t\t\t\t\t<\/span>\n\t\t\t\t\t<\/a>\n\t\t\t\t\t\t\t\t<\/div>\n\t\t\t\t\t<\/div>\n\t\t\t\t<\/div>\n\t\t\t\t<\/div>\n\t\t","protected":false},"excerpt":{"rendered":"<p>Aqui voc\u00ea encontra as informa\u00e7\u00f5es sobre os concursos p\u00fablicos e processos seletivos mais recentes promovidos pela Prefeitura de Igarapava. Fique atento aos prazos, editais e demais comunicados para n\u00e3o perder nenhuma oportunidade! CONCURSO P\u00daBLICO N\u00ba 001\/2024<\/p>\n","protected":false},"author":1,"featured_media":0,"parent":0,"menu_order":0,"comment_status":"closed","ping_status":"closed","template":"","meta":{"footnotes":""},"class_list":["post-392","page","type-page","status-publish","hentry"],"_links":{"self":[{"href":"https:\/\/igarapava.sp.gov.br\/site\/wp-json\/wp\/v2\/pages\/392","targetHints":{"allow":["GET"]}}],"collection":[{"href":"https:\/\/igarapava.sp.gov.br\/site\/wp-json\/wp\/v2\/pages"}],"about":[{"href":"https:\/\/igarapava.sp.gov.br\/site\/wp-json\/wp\/v2\/types\/page"}],"author":[{"embeddable":true,"href":"https:\/\/igarapava.sp.gov.br\/site\/wp-json\/wp\/v2\/users\/1"}],"replies":[{"embeddable":true,"href":"https:\/\/igarapava.sp.gov.br\/site\/wp-json\/wp\/v2\/comments?post=392"}],"version-history":[{"count":22,"href":"https:\/\/igarapava.sp.gov.br\/site\/wp-json\/wp\/v2\/pages\/392\/revisions"}],"predecessor-version":[{"id":3842,"href":"https:\/\/igarapava.sp.gov.br\/site\/wp-json\/wp\/v2\/pages\/392\/revisions\/3842"}],"wp:attachment":[{"href":"https:\/\/igarapava.sp.gov.br\/site\/wp-json\/wp\/v2\/media?parent=392"}],"curies":[{"name":"wp","href":"https:\/\/api.w.org\/{rel}","templated":true}]}}