{"id":383,"date":"2025-01-16T16:43:48","date_gmt":"2025-01-16T16:43:48","guid":{"rendered":"https:\/\/igarapava.sp.gov.br\/portal\/?page_id=383"},"modified":"2025-12-16T09:32:20","modified_gmt":"2025-12-16T12:32:20","slug":"feriados-municipais","status":"publish","type":"page","link":"https:\/\/igarapava.sp.gov.br\/site\/feriados-municipais\/","title":{"rendered":"Feriados Municipais"},"content":{"rendered":"\t\t<div data-elementor-type=\"wp-page\" data-elementor-id=\"383\" class=\"elementor elementor-383\" data-elementor-post-type=\"page\">\n\t\t\t\t<div class=\"elementor-element elementor-element-36efb73f e-flex e-con-boxed e-con e-parent\" data-id=\"36efb73f\" data-element_type=\"container\" data-e-type=\"container\">\n\t\t\t\t\t<div class=\"e-con-inner\">\n\t\t\t\t<div class=\"elementor-element elementor-element-0a0246f elementor-widget elementor-widget-heading\" data-id=\"0a0246f\" data-element_type=\"widget\" data-e-type=\"widget\" data-widget_type=\"heading.default\">\n\t\t\t\t\t<h2 class=\"elementor-heading-title elementor-size-default\">Feriados Municipais<\/h2>\t\t\t\t<\/div>\n\t\t\t\t<div class=\"elementor-element elementor-element-e1fe001 elementor-widget elementor-widget-spacer\" data-id=\"e1fe001\" data-element_type=\"widget\" data-e-type=\"widget\" data-widget_type=\"spacer.default\">\n\t\t\t\t\t\t\t<div class=\"elementor-spacer\">\n\t\t\t<div class=\"elementor-spacer-inner\"><\/div>\n\t\t<\/div>\n\t\t\t\t\t\t<\/div>\n\t\t\t\t<div class=\"elementor-element elementor-element-795d6aff elementor-widget elementor-widget-text-editor\" data-id=\"795d6aff\" data-element_type=\"widget\" data-e-type=\"widget\" data-widget_type=\"text-editor.default\">\n\t\t\t\t\t\t\t\t\t<p>A Prefeitura de Igarapava informa que foi fixado o calend\u00e1rio oficial de feriados e pontos facultativos para os \u00f3rg\u00e3os da administra\u00e7\u00e3o direta e indireta do munic\u00edpio. A medida visa organizar as atividades e garantir transpar\u00eancia para os servidores e a popula\u00e7\u00e3o.<\/p>\n<p><!-- \/wp:paragraph --><!-- wp:paragraph --><\/p>\n<p>O calend\u00e1rio contempla os feriados nacionais, estaduais e municipais, bem como os pontos facultativos definidos pelo Executivo Municipal.<\/p>\n<p><!-- \/wp:paragraph --><!-- wp:paragraph --><\/p>\n<p>Ressaltamos que os servi\u00e7os essenciais, como sa\u00fade, seguran\u00e7a e coleta de lixo, continuar\u00e3o funcionando normalmente, de acordo com as escalas de plant\u00e3o definidas pelos respectivos \u00f3rg\u00e3os.<\/p>\n<p><!-- \/wp:paragraph --><\/p>\t\t\t\t\t\t\t\t<\/div>\n\t\t\t\t\t<\/div>\n\t\t\t\t<\/div>\n\t\t<div class=\"elementor-element elementor-element-ae979e6 e-flex e-con-boxed e-con e-parent\" data-id=\"ae979e6\" data-element_type=\"container\" data-e-type=\"container\">\n\t\t\t\t\t<div class=\"e-con-inner\">\n\t\t\t\t<div class=\"elementor-element elementor-element-9469711 elementor-widget elementor-widget-button\" data-id=\"9469711\" data-element_type=\"widget\" data-e-type=\"widget\" data-widget_type=\"button.default\">\n\t\t\t\t\t\t\t\t\t\t<a class=\"elementor-button elementor-button-link elementor-size-sm\" href=\"https:\/\/igarapava.sp.gov.br\/site\/wp-content\/uploads\/2025\/01\/DECRETO-No-2936-DE-05.12.24-FERIADOS-E-PONTOS-FACULTATIVOS-DE-2025-1.pdf\" target=\"_blank\">\n\t\t\t\t\t\t<span class=\"elementor-button-content-wrapper\">\n\t\t\t\t\t\t\t\t\t<span class=\"elementor-button-text\">FERIADOS E PONTOS FACULTATIVOS 2025<\/span>\n\t\t\t\t\t<\/span>\n\t\t\t\t\t<\/a>\n\t\t\t\t\t\t\t\t<\/div>\n\t\t\t\t<div class=\"elementor-element elementor-element-ccbdd27 elementor-widget elementor-widget-button\" data-id=\"ccbdd27\" data-element_type=\"widget\" data-e-type=\"widget\" data-widget_type=\"button.default\">\n\t\t\t\t\t\t\t\t\t\t<a class=\"elementor-button elementor-button-link elementor-size-sm\" href=\"https:\/\/igarapava.sp.gov.br\/site\/wp-content\/uploads\/2025\/10\/DECRETO-No-3028-DE-21.10.25-CALENDARIO-DOS-FERIADOS-E-PONTOS-FACULTATIVOS-2026.pdf\" target=\"_blank\">\n\t\t\t\t\t\t<span class=\"elementor-button-content-wrapper\">\n\t\t\t\t\t\t\t\t\t<span class=\"elementor-button-text\">FERIADOS E PONTOS FACULTATIVOS 2026<\/span>\n\t\t\t\t\t<\/span>\n\t\t\t\t\t<\/a>\n\t\t\t\t\t\t\t\t<\/div>\n\t\t\t\t\t<\/div>\n\t\t\t\t<\/div>\n\t\t<div class=\"elementor-element elementor-element-2eb9212 e-flex e-con-boxed e-con e-parent\" data-id=\"2eb9212\" data-element_type=\"container\" data-e-type=\"container\">\n\t\t\t\t\t<div class=\"e-con-inner\">\n\t\t\t\t\t<\/div>\n\t\t\t\t<\/div>\n\t\t<div class=\"elementor-element elementor-element-cede24b e-flex e-con-boxed e-con e-parent\" data-id=\"cede24b\" data-element_type=\"container\" data-e-type=\"container\">\n\t\t\t\t\t<div class=\"e-con-inner\">\n\t\t\t\t\t<\/div>\n\t\t\t\t<\/div>\n\t\t\t\t<\/div>\n\t\t","protected":false},"excerpt":{"rendered":"<p>Feriados Municipais A Prefeitura de Igarapava informa que foi fixado o calend\u00e1rio oficial de feriados e pontos facultativos para os \u00f3rg\u00e3os da administra\u00e7\u00e3o direta e indireta do munic\u00edpio. A medida visa organizar as atividades e garantir transpar\u00eancia para os servidores e a popula\u00e7\u00e3o. O calend\u00e1rio contempla os feriados nacionais, estaduais e municipais, bem como os [&hellip;]<\/p>\n","protected":false},"author":1,"featured_media":0,"parent":0,"menu_order":0,"comment_status":"closed","ping_status":"closed","template":"","meta":{"footnotes":""},"class_list":["post-383","page","type-page","status-publish","hentry"],"_links":{"self":[{"href":"https:\/\/igarapava.sp.gov.br\/site\/wp-json\/wp\/v2\/pages\/383","targetHints":{"allow":["GET"]}}],"collection":[{"href":"https:\/\/igarapava.sp.gov.br\/site\/wp-json\/wp\/v2\/pages"}],"about":[{"href":"https:\/\/igarapava.sp.gov.br\/site\/wp-json\/wp\/v2\/types\/page"}],"author":[{"embeddable":true,"href":"https:\/\/igarapava.sp.gov.br\/site\/wp-json\/wp\/v2\/users\/1"}],"replies":[{"embeddable":true,"href":"https:\/\/igarapava.sp.gov.br\/site\/wp-json\/wp\/v2\/comments?post=383"}],"version-history":[{"count":11,"href":"https:\/\/igarapava.sp.gov.br\/site\/wp-json\/wp\/v2\/pages\/383\/revisions"}],"predecessor-version":[{"id":4757,"href":"https:\/\/igarapava.sp.gov.br\/site\/wp-json\/wp\/v2\/pages\/383\/revisions\/4757"}],"wp:attachment":[{"href":"https:\/\/igarapava.sp.gov.br\/site\/wp-json\/wp\/v2\/media?parent=383"}],"curies":[{"name":"wp","href":"https:\/\/api.w.org\/{rel}","templated":true}]}}