{"id":35,"date":"2025-01-14T21:05:43","date_gmt":"2025-01-14T21:05:43","guid":{"rendered":"https:\/\/igarapava.sp.gov.br\/portal\/?page_id=35"},"modified":"2026-03-06T13:13:33","modified_gmt":"2026-03-06T16:13:33","slug":"conselhos-municipais","status":"publish","type":"page","link":"https:\/\/igarapava.sp.gov.br\/site\/conselhos-municipais\/","title":{"rendered":"Conselhos Municipais"},"content":{"rendered":"\t\t<div data-elementor-type=\"wp-page\" data-elementor-id=\"35\" class=\"elementor elementor-35\" data-elementor-post-type=\"page\">\n\t\t\t\t<div class=\"elementor-element elementor-element-95ef39c e-flex e-con-boxed e-con e-parent\" data-id=\"95ef39c\" data-element_type=\"container\" data-e-type=\"container\">\n\t\t\t\t\t<div class=\"e-con-inner\">\n\t\t\t\t<div class=\"elementor-element elementor-element-f519d34 elementor-widget elementor-widget-image\" data-id=\"f519d34\" data-element_type=\"widget\" data-e-type=\"widget\" data-widget_type=\"image.default\">\n\t\t\t\t\t\t\t\t\t\t\t\t\t\t\t<img fetchpriority=\"high\" decoding=\"async\" width=\"1024\" height=\"360\" src=\"https:\/\/igarapava.sp.gov.br\/site\/wp-content\/uploads\/2025\/11\/unnamed-2.jpg\" class=\"attachment-2048x2048 size-2048x2048 wp-image-4583\" alt=\"\" srcset=\"https:\/\/igarapava.sp.gov.br\/site\/wp-content\/uploads\/2025\/11\/unnamed-2.jpg 1024w, https:\/\/igarapava.sp.gov.br\/site\/wp-content\/uploads\/2025\/11\/unnamed-2-300x105.jpg 300w, https:\/\/igarapava.sp.gov.br\/site\/wp-content\/uploads\/2025\/11\/unnamed-2-768x270.jpg 768w\" sizes=\"(max-width: 1024px) 100vw, 1024px\" \/>\t\t\t\t\t\t\t\t\t\t\t\t\t\t\t<\/div>\n\t\t\t\t<div class=\"elementor-element elementor-element-37f4982 elementor-widget elementor-widget-text-editor\" data-id=\"37f4982\" data-element_type=\"widget\" data-e-type=\"widget\" data-widget_type=\"text-editor.default\">\n\t\t\t\t\t\t\t\t\t<p data-start=\"224\" data-end=\"555\">Os <strong data-start=\"227\" data-end=\"251\">Conselhos Municipais<\/strong> s\u00e3o espa\u00e7os permanentes de <strong data-start=\"279\" data-end=\"302\">participa\u00e7\u00e3o social<\/strong>, criados para aproximar a comunidade do Poder P\u00fablico e garantir que as pol\u00edticas p\u00fablicas sejam constru\u00eddas de forma democr\u00e1tica e transparente.<br data-start=\"448\" data-end=\"451\" \/>Formados por representantes da sociedade civil e do governo, esses colegiados t\u00eam a responsabilidade de:<\/p><ul data-start=\"557\" data-end=\"807\"><li data-start=\"557\" data-end=\"593\"><p data-start=\"559\" data-end=\"593\">\ud83d\udcdd <strong data-start=\"562\" data-end=\"572\">Propor<\/strong> a\u00e7\u00f5es e diretrizes<\/p><\/li><li data-start=\"594\" data-end=\"650\"><p data-start=\"596\" data-end=\"650\">\ud83d\udc41\ufe0f <strong data-start=\"600\" data-end=\"627\">Acompanhar e fiscalizar<\/strong> pol\u00edticas e servi\u00e7os<\/p><\/li><li data-start=\"651\" data-end=\"731\"><p data-start=\"653\" data-end=\"731\">\ud83d\uddf3\ufe0f <strong data-start=\"657\" data-end=\"670\">Deliberar<\/strong> sobre temas essenciais para o desenvolvimento do munic\u00edpio<\/p><\/li><li data-start=\"732\" data-end=\"807\"><p data-start=\"734\" data-end=\"807\">\ud83e\udd1d <strong data-start=\"737\" data-end=\"757\">Promover di\u00e1logo<\/strong> entre cidad\u00e3os, entidades e administra\u00e7\u00e3o p\u00fablica<\/p><\/li><\/ul><p data-start=\"809\" data-end=\"864\">A atua\u00e7\u00e3o dos conselhos contribui para uma gest\u00e3o mais:<\/p><ul data-start=\"866\" data-end=\"956\"><li data-start=\"866\" data-end=\"889\"><p data-start=\"868\" data-end=\"889\">\ud83d\udd0e <strong data-start=\"871\" data-end=\"887\">Transparente<\/strong><\/p><\/li><li data-start=\"890\" data-end=\"914\"><p data-start=\"892\" data-end=\"914\">\ud83e\udded <strong data-start=\"895\" data-end=\"912\">Participativa<\/strong><\/p><\/li><li data-start=\"915\" data-end=\"937\"><p data-start=\"917\" data-end=\"937\">\u2696\ufe0f <strong data-start=\"920\" data-end=\"935\">Equilibrada<\/strong><\/p><\/li><li data-start=\"938\" data-end=\"956\"><p data-start=\"940\" data-end=\"956\">\ud83d\udcc8 <strong data-start=\"943\" data-end=\"956\">Eficiente<\/strong><\/p><\/li><\/ul><p data-start=\"958\" data-end=\"1131\">Al\u00e9m disso, os conselhos fortalecem a cidadania ao permitir que a popula\u00e7\u00e3o participe diretamente das decis\u00f5es que influenciam a qualidade de vida e o desenvolvimento local.<\/p><p data-start=\"958\" data-end=\"1131\">\u00a0<\/p><h2 data-start=\"1138\" data-end=\"1169\"><strong data-start=\"1141\" data-end=\"1169\">\ud83d\udcda Acesso \u00e0s Informa\u00e7\u00f5es<\/strong><\/h2><p data-start=\"1171\" data-end=\"1199\">Nesta p\u00e1gina, voc\u00ea encontra:<\/p><ul data-start=\"1201\" data-end=\"1321\"><li data-start=\"1201\" data-end=\"1219\"><p data-start=\"1203\" data-end=\"1219\">\ud83d\udcc4 Legisla\u00e7\u00f5es<\/p><\/li><li data-start=\"1220\" data-end=\"1251\"><p data-start=\"1222\" data-end=\"1251\">\ud83d\udc65 Composi\u00e7\u00e3o dos conselhos<\/p><\/li><li data-start=\"1252\" data-end=\"1280\"><p data-start=\"1254\" data-end=\"1280\">\ud83d\uddc2\ufe0f Publica\u00e7\u00f5es oficiais<\/p><\/li><li data-start=\"1281\" data-end=\"1321\"><p data-start=\"1283\" data-end=\"1321\">\ud83c\udfdb\ufe0f Atribui\u00e7\u00f5es e atos deliberativos<\/p><\/li><\/ul><p data-start=\"1323\" data-end=\"1387\"><strong data-start=\"1323\" data-end=\"1387\">Abaixo est\u00e3o os links para acesso a cada Conselho Municipal:<\/strong><\/p>\t\t\t\t\t\t\t\t<\/div>\n\t\t\t\t\t<\/div>\n\t\t\t\t<\/div>\n\t\t<div class=\"elementor-element elementor-element-7d58f9b e-flex e-con-boxed e-con e-parent\" data-id=\"7d58f9b\" data-element_type=\"container\" data-e-type=\"container\" data-settings=\"{&quot;background_background&quot;:&quot;classic&quot;}\">\n\t\t\t\t\t<div class=\"e-con-inner\">\n\t\t<div class=\"elementor-element elementor-element-a67dbc7 e-con-full e-flex e-con e-child\" data-id=\"a67dbc7\" data-element_type=\"container\" data-e-type=\"container\">\n\t\t\t\t<div class=\"elementor-element elementor-element-f660a8a elementor-widget__width-initial elementor-widget elementor-widget-image\" data-id=\"f660a8a\" data-element_type=\"widget\" data-e-type=\"widget\" data-widget_type=\"image.default\">\n\t\t\t\t\t\t\t\t\t\t\t\t<figure class=\"wp-caption\">\n\t\t\t\t\t\t\t\t\t\t\t<a href=\"https:\/\/igarapava.sp.gov.br\/site\/conselho-municipal-de-educacao\/\" target=\"_blank\">\n\t\t\t\t\t\t\t<img decoding=\"async\" width=\"150\" height=\"150\" src=\"https:\/\/igarapava.sp.gov.br\/site\/wp-content\/uploads\/2025\/11\/CME-LOGO-150x150.png\" class=\"elementor-animation-grow attachment-thumbnail size-thumbnail wp-image-4429\" alt=\"\" \/>\t\t\t\t\t\t\t\t<\/a>\n\t\t\t\t\t\t\t\t\t\t\t<figcaption class=\"widget-image-caption wp-caption-text\"><\/figcaption>\n\t\t\t\t\t\t\t\t\t\t<\/figure>\n\t\t\t\t\t\t\t\t\t<\/div>\n\t\t\t\t<\/div>\n\t\t<div class=\"elementor-element elementor-element-7a73396 e-con-full e-flex e-con e-child\" data-id=\"7a73396\" data-element_type=\"container\" data-e-type=\"container\">\n\t\t\t\t<div class=\"elementor-element elementor-element-f90ddbe elementor-widget__width-initial elementor-widget elementor-widget-image\" data-id=\"f90ddbe\" data-element_type=\"widget\" data-e-type=\"widget\" data-widget_type=\"image.default\">\n\t\t\t\t\t\t\t\t\t\t\t\t<figure class=\"wp-caption\">\n\t\t\t\t\t\t\t\t\t\t\t<a href=\"https:\/\/igarapava.sp.gov.br\/site\/cmdpi\/\" target=\"_blank\">\n\t\t\t\t\t\t\t<img decoding=\"async\" width=\"150\" height=\"150\" src=\"https:\/\/igarapava.sp.gov.br\/site\/wp-content\/uploads\/2025\/11\/CMDPI-LOGO-150x150.png\" class=\"elementor-animation-grow attachment-thumbnail size-thumbnail wp-image-4442\" alt=\"\" \/>\t\t\t\t\t\t\t\t<\/a>\n\t\t\t\t\t\t\t\t\t\t\t<figcaption class=\"widget-image-caption wp-caption-text\"><\/figcaption>\n\t\t\t\t\t\t\t\t\t\t<\/figure>\n\t\t\t\t\t\t\t\t\t<\/div>\n\t\t\t\t<\/div>\n\t\t<div class=\"elementor-element elementor-element-4dfa906 e-con-full e-flex e-con e-child\" data-id=\"4dfa906\" data-element_type=\"container\" data-e-type=\"container\">\n\t\t\t\t<div class=\"elementor-element elementor-element-3474ee2 elementor-widget__width-initial elementor-widget elementor-widget-image\" data-id=\"3474ee2\" data-element_type=\"widget\" data-e-type=\"widget\" data-widget_type=\"image.default\">\n\t\t\t\t\t\t\t\t\t\t\t\t<figure class=\"wp-caption\">\n\t\t\t\t\t\t\t\t\t\t\t<a href=\"https:\/\/igarapava.sp.gov.br\/site\/cmdca\/\" target=\"_blank\">\n\t\t\t\t\t\t\t<img loading=\"lazy\" decoding=\"async\" width=\"150\" height=\"150\" src=\"https:\/\/igarapava.sp.gov.br\/site\/wp-content\/uploads\/2025\/11\/CMDCA-LOGO-150x150.png\" class=\"elementor-animation-grow attachment-thumbnail size-thumbnail wp-image-4435\" alt=\"\" \/>\t\t\t\t\t\t\t\t<\/a>\n\t\t\t\t\t\t\t\t\t\t\t<figcaption class=\"widget-image-caption wp-caption-text\"><\/figcaption>\n\t\t\t\t\t\t\t\t\t\t<\/figure>\n\t\t\t\t\t\t\t\t\t<\/div>\n\t\t\t\t<\/div>\n\t\t<div class=\"elementor-element elementor-element-f0a7252 e-con-full e-flex e-con e-child\" data-id=\"f0a7252\" data-element_type=\"container\" data-e-type=\"container\">\n\t\t\t\t<div class=\"elementor-element elementor-element-ea43521 elementor-widget__width-initial elementor-widget elementor-widget-image\" data-id=\"ea43521\" data-element_type=\"widget\" data-e-type=\"widget\" data-widget_type=\"image.default\">\n\t\t\t\t\t\t\t\t\t\t\t\t<figure class=\"wp-caption\">\n\t\t\t\t\t\t\t\t\t\t\t<a href=\"https:\/\/igarapava.sp.gov.br\/site\/cmas\" target=\"_blank\">\n\t\t\t\t\t\t\t<img loading=\"lazy\" decoding=\"async\" width=\"150\" height=\"150\" src=\"https:\/\/igarapava.sp.gov.br\/site\/wp-content\/uploads\/2025\/11\/cmas-logo-150x150.png\" class=\"elementor-animation-grow attachment-thumbnail size-thumbnail wp-image-4425\" alt=\"\" \/>\t\t\t\t\t\t\t\t<\/a>\n\t\t\t\t\t\t\t\t\t\t\t<figcaption class=\"widget-image-caption wp-caption-text\"><\/figcaption>\n\t\t\t\t\t\t\t\t\t\t<\/figure>\n\t\t\t\t\t\t\t\t\t<\/div>\n\t\t\t\t<\/div>\n\t\t<div class=\"elementor-element elementor-element-8e699b4 e-con-full e-flex e-con e-child\" data-id=\"8e699b4\" data-element_type=\"container\" data-e-type=\"container\">\n\t\t\t\t<div class=\"elementor-element elementor-element-b55ef73 elementor-widget__width-initial elementor-widget elementor-widget-image\" data-id=\"b55ef73\" data-element_type=\"widget\" data-e-type=\"widget\" data-widget_type=\"image.default\">\n\t\t\t\t\t\t\t\t\t\t\t\t<figure class=\"wp-caption\">\n\t\t\t\t\t\t\t\t\t\t\t<a href=\"https:\/\/igarapava.sp.gov.br\/site\/cms\" target=\"_blank\">\n\t\t\t\t\t\t\t<img loading=\"lazy\" decoding=\"async\" width=\"150\" height=\"150\" src=\"https:\/\/igarapava.sp.gov.br\/site\/wp-content\/uploads\/2025\/11\/CMS-LOGO-150x150.png\" class=\"elementor-animation-grow attachment-thumbnail size-thumbnail wp-image-4450\" alt=\"\" \/>\t\t\t\t\t\t\t\t<\/a>\n\t\t\t\t\t\t\t\t\t\t\t<figcaption class=\"widget-image-caption wp-caption-text\"><\/figcaption>\n\t\t\t\t\t\t\t\t\t\t<\/figure>\n\t\t\t\t\t\t\t\t\t<\/div>\n\t\t\t\t<\/div>\n\t\t<div class=\"elementor-element elementor-element-1200a2b e-con-full e-flex e-con e-child\" data-id=\"1200a2b\" data-element_type=\"container\" data-e-type=\"container\">\n\t\t\t\t<div class=\"elementor-element elementor-element-a4669d1 elementor-widget__width-initial elementor-widget elementor-widget-image\" data-id=\"a4669d1\" data-element_type=\"widget\" data-e-type=\"widget\" data-widget_type=\"image.default\">\n\t\t\t\t\t\t\t\t\t\t\t\t<figure class=\"wp-caption\">\n\t\t\t\t\t\t\t\t\t\t\t<a href=\"https:\/\/igarapava.sp.gov.br\/site\/cacs-fundeb\" target=\"_blank\">\n\t\t\t\t\t\t\t<img loading=\"lazy\" decoding=\"async\" width=\"300\" height=\"242\" src=\"https:\/\/igarapava.sp.gov.br\/site\/wp-content\/uploads\/2025\/11\/FUNDEB-LOGO-300x242.png\" class=\"elementor-animation-grow attachment-medium size-medium wp-image-4465\" alt=\"\" srcset=\"https:\/\/igarapava.sp.gov.br\/site\/wp-content\/uploads\/2025\/11\/FUNDEB-LOGO-300x242.png 300w, https:\/\/igarapava.sp.gov.br\/site\/wp-content\/uploads\/2025\/11\/FUNDEB-LOGO-1024x825.png 1024w, https:\/\/igarapava.sp.gov.br\/site\/wp-content\/uploads\/2025\/11\/FUNDEB-LOGO-768x619.png 768w, https:\/\/igarapava.sp.gov.br\/site\/wp-content\/uploads\/2025\/11\/FUNDEB-LOGO-1536x1237.png 1536w, https:\/\/igarapava.sp.gov.br\/site\/wp-content\/uploads\/2025\/11\/FUNDEB-LOGO-2048x1650.png 2048w\" sizes=\"(max-width: 300px) 100vw, 300px\" \/>\t\t\t\t\t\t\t\t<\/a>\n\t\t\t\t\t\t\t\t\t\t\t<figcaption class=\"widget-image-caption wp-caption-text\"><\/figcaption>\n\t\t\t\t\t\t\t\t\t\t<\/figure>\n\t\t\t\t\t\t\t\t\t<\/div>\n\t\t\t\t<\/div>\n\t\t<div class=\"elementor-element elementor-element-b1f9c83 e-con-full e-flex e-con e-child\" data-id=\"b1f9c83\" data-element_type=\"container\" data-e-type=\"container\">\n\t\t\t\t<div class=\"elementor-element elementor-element-adcc6ec elementor-widget__width-initial elementor-widget elementor-widget-image\" data-id=\"adcc6ec\" data-element_type=\"widget\" data-e-type=\"widget\" data-widget_type=\"image.default\">\n\t\t\t\t\t\t\t\t\t\t\t\t<figure class=\"wp-caption\">\n\t\t\t\t\t\t\t\t\t\t\t<a href=\"https:\/\/igarapava.sp.gov.br\/site\/comtur\" target=\"_blank\">\n\t\t\t\t\t\t\t<img loading=\"lazy\" decoding=\"async\" width=\"300\" height=\"189\" src=\"https:\/\/igarapava.sp.gov.br\/site\/wp-content\/uploads\/2025\/11\/logo-comtur-300x189.png\" class=\"elementor-animation-grow attachment-medium size-medium wp-image-4488\" alt=\"\" srcset=\"https:\/\/igarapava.sp.gov.br\/site\/wp-content\/uploads\/2025\/11\/logo-comtur-300x189.png 300w, https:\/\/igarapava.sp.gov.br\/site\/wp-content\/uploads\/2025\/11\/logo-comtur-1024x645.png 1024w, https:\/\/igarapava.sp.gov.br\/site\/wp-content\/uploads\/2025\/11\/logo-comtur-768x484.png 768w, https:\/\/igarapava.sp.gov.br\/site\/wp-content\/uploads\/2025\/11\/logo-comtur-1536x967.png 1536w, https:\/\/igarapava.sp.gov.br\/site\/wp-content\/uploads\/2025\/11\/logo-comtur-2048x1289.png 2048w\" sizes=\"(max-width: 300px) 100vw, 300px\" \/>\t\t\t\t\t\t\t\t<\/a>\n\t\t\t\t\t\t\t\t\t\t\t<figcaption class=\"widget-image-caption wp-caption-text\"><\/figcaption>\n\t\t\t\t\t\t\t\t\t\t<\/figure>\n\t\t\t\t\t\t\t\t\t<\/div>\n\t\t\t\t<\/div>\n\t\t<div class=\"elementor-element elementor-element-4c1abaa e-con-full e-flex e-con e-child\" data-id=\"4c1abaa\" data-element_type=\"container\" data-e-type=\"container\">\n\t\t\t\t<div class=\"elementor-element elementor-element-5faad47 elementor-widget__width-initial elementor-widget elementor-widget-image\" data-id=\"5faad47\" data-element_type=\"widget\" data-e-type=\"widget\" data-widget_type=\"image.default\">\n\t\t\t\t\t\t\t\t\t\t\t\t<figure class=\"wp-caption\">\n\t\t\t\t\t\t\t\t\t\t\t<a href=\"https:\/\/igarapava.sp.gov.br\/site\/cmdr\/\" target=\"_blank\">\n\t\t\t\t\t\t\t<img loading=\"lazy\" decoding=\"async\" width=\"150\" height=\"150\" src=\"https:\/\/igarapava.sp.gov.br\/site\/wp-content\/uploads\/2025\/11\/logo-conselho-desenvolvimento-rural-150x150.png\" class=\"elementor-animation-grow attachment-thumbnail size-thumbnail wp-image-4503\" alt=\"\" \/>\t\t\t\t\t\t\t\t<\/a>\n\t\t\t\t\t\t\t\t\t\t\t<figcaption class=\"widget-image-caption wp-caption-text\"><\/figcaption>\n\t\t\t\t\t\t\t\t\t\t<\/figure>\n\t\t\t\t\t\t\t\t\t<\/div>\n\t\t\t\t<\/div>\n\t\t<div class=\"elementor-element elementor-element-83301e7 e-con-full e-flex e-con e-child\" data-id=\"83301e7\" data-element_type=\"container\" data-e-type=\"container\">\n\t\t\t\t<div class=\"elementor-element elementor-element-c25ee27 elementor-widget elementor-widget-image\" data-id=\"c25ee27\" data-element_type=\"widget\" data-e-type=\"widget\" data-widget_type=\"image.default\">\n\t\t\t\t\t\t\t\t\t\t\t\t\t\t\t\t<a href=\"https:\/\/igarapava.sp.gov.br\/site\/comdesi\">\n\t\t\t\t\t\t\t<img loading=\"lazy\" decoding=\"async\" width=\"150\" height=\"150\" src=\"https:\/\/igarapava.sp.gov.br\/site\/wp-content\/uploads\/2025\/11\/comdesi-logo_-150x150.png\" class=\"attachment-thumbnail size-thumbnail wp-image-4526\" alt=\"\" \/>\t\t\t\t\t\t\t\t<\/a>\n\t\t\t\t\t\t\t\t\t\t\t\t\t\t\t<\/div>\n\t\t\t\t<\/div>\n\t\t<div class=\"elementor-element elementor-element-8b913ec e-con-full e-flex e-con e-child\" data-id=\"8b913ec\" data-element_type=\"container\" data-e-type=\"container\">\n\t\t\t\t<div class=\"elementor-element elementor-element-e424714 elementor-widget elementor-widget-image\" data-id=\"e424714\" data-element_type=\"widget\" data-e-type=\"widget\" data-widget_type=\"image.default\">\n\t\t\t\t\t\t\t\t\t\t\t\t\t\t\t\t<a href=\"https:\/\/igarapava.sp.gov.br\/site\/comsep\/\">\n\t\t\t\t\t\t\t<img loading=\"lazy\" decoding=\"async\" width=\"800\" height=\"700\" src=\"https:\/\/igarapava.sp.gov.br\/site\/wp-content\/uploads\/2026\/03\/IMG_4734.png\" class=\"attachment-large size-large wp-image-5402\" alt=\"\" srcset=\"https:\/\/igarapava.sp.gov.br\/site\/wp-content\/uploads\/2026\/03\/IMG_4734.png 1024w, https:\/\/igarapava.sp.gov.br\/site\/wp-content\/uploads\/2026\/03\/IMG_4734-300x263.png 300w, https:\/\/igarapava.sp.gov.br\/site\/wp-content\/uploads\/2026\/03\/IMG_4734-768x672.png 768w\" sizes=\"(max-width: 800px) 100vw, 800px\" \/>\t\t\t\t\t\t\t\t<\/a>\n\t\t\t\t\t\t\t\t\t\t\t\t\t\t\t<\/div>\n\t\t\t\t<\/div>\n\t\t<div class=\"elementor-element elementor-element-b100b2a e-con-full e-flex e-con e-child\" data-id=\"b100b2a\" data-element_type=\"container\" data-e-type=\"container\">\n\t\t\t\t<\/div>\n\t\t<div class=\"elementor-element elementor-element-c589668 e-con-full e-flex e-con e-child\" data-id=\"c589668\" data-element_type=\"container\" data-e-type=\"container\">\n\t\t\t\t<\/div>\n\t\t<div class=\"elementor-element elementor-element-1fb0894 e-con-full e-flex e-con e-child\" data-id=\"1fb0894\" data-element_type=\"container\" data-e-type=\"container\">\n\t\t\t\t<\/div>\n\t\t<div class=\"elementor-element elementor-element-0a6b521 e-con-full e-flex e-con e-child\" data-id=\"0a6b521\" data-element_type=\"container\" data-e-type=\"container\">\n\t\t\t\t<\/div>\n\t\t<div class=\"elementor-element elementor-element-efd31ec e-con-full e-flex e-con e-child\" data-id=\"efd31ec\" data-element_type=\"container\" data-e-type=\"container\">\n\t\t\t\t<\/div>\n\t\t\t\t\t<\/div>\n\t\t\t\t<\/div>\n\t\t\t\t<\/div>\n\t\t","protected":false},"excerpt":{"rendered":"<p>Os Conselhos Municipais s\u00e3o espa\u00e7os permanentes de participa\u00e7\u00e3o social, criados para aproximar a comunidade do Poder P\u00fablico e garantir que as pol\u00edticas p\u00fablicas sejam constru\u00eddas de forma democr\u00e1tica e transparente.Formados por representantes da sociedade civil e do governo, esses colegiados t\u00eam a responsabilidade de: \ud83d\udcdd Propor a\u00e7\u00f5es e diretrizes \ud83d\udc41\ufe0f Acompanhar e fiscalizar pol\u00edticas e [&hellip;]<\/p>\n","protected":false},"author":1,"featured_media":0,"parent":0,"menu_order":0,"comment_status":"closed","ping_status":"closed","template":"","meta":{"footnotes":""},"class_list":["post-35","page","type-page","status-publish","hentry"],"_links":{"self":[{"href":"https:\/\/igarapava.sp.gov.br\/site\/wp-json\/wp\/v2\/pages\/35","targetHints":{"allow":["GET"]}}],"collection":[{"href":"https:\/\/igarapava.sp.gov.br\/site\/wp-json\/wp\/v2\/pages"}],"about":[{"href":"https:\/\/igarapava.sp.gov.br\/site\/wp-json\/wp\/v2\/types\/page"}],"author":[{"embeddable":true,"href":"https:\/\/igarapava.sp.gov.br\/site\/wp-json\/wp\/v2\/users\/1"}],"replies":[{"embeddable":true,"href":"https:\/\/igarapava.sp.gov.br\/site\/wp-json\/wp\/v2\/comments?post=35"}],"version-history":[{"count":86,"href":"https:\/\/igarapava.sp.gov.br\/site\/wp-json\/wp\/v2\/pages\/35\/revisions"}],"predecessor-version":[{"id":5660,"href":"https:\/\/igarapava.sp.gov.br\/site\/wp-json\/wp\/v2\/pages\/35\/revisions\/5660"}],"wp:attachment":[{"href":"https:\/\/igarapava.sp.gov.br\/site\/wp-json\/wp\/v2\/media?parent=35"}],"curies":[{"name":"wp","href":"https:\/\/api.w.org\/{rel}","templated":true}]}}