{"id":33,"date":"2025-01-14T21:05:30","date_gmt":"2025-01-14T21:05:30","guid":{"rendered":"https:\/\/igarapava.sp.gov.br\/portal\/?page_id=33"},"modified":"2026-02-25T13:48:03","modified_gmt":"2026-02-25T16:48:03","slug":"terceiro-setor","status":"publish","type":"page","link":"https:\/\/igarapava.sp.gov.br\/site\/terceiro-setor\/","title":{"rendered":"Terceiro Setor"},"content":{"rendered":"\t\t<div data-elementor-type=\"wp-page\" data-elementor-id=\"33\" class=\"elementor elementor-33\" data-elementor-post-type=\"page\">\n\t\t\t\t<div class=\"elementor-element elementor-element-43f46a54 e-flex e-con-boxed e-con e-parent\" data-id=\"43f46a54\" data-element_type=\"container\" data-e-type=\"container\">\n\t\t\t\t\t<div class=\"e-con-inner\">\n\t\t\t\t<div class=\"elementor-element elementor-element-76164566 elementor-widget elementor-widget-text-editor\" data-id=\"76164566\" data-element_type=\"widget\" data-e-type=\"widget\" data-widget_type=\"text-editor.default\">\n\t\t\t\t\t\t\t\t\t<h2 class=\"wp-block-heading\" style=\"text-align: justify;\"><strong>O que \u00e9 o Terceiro Setor?<\/strong><\/h2>\n<p style=\"text-align: justify;\"><!-- \/wp:heading --><!-- wp:paragraph --><\/p>\n<p style=\"text-align: justify;\"><em>Conceito: O primeiro setor \u00e9 o governo, que \u00e9 respons\u00e1vel pelas quest\u00f5es sociais. O segundo setor \u00e9 o privado, respons\u00e1vel pelas\u00a0quest\u00f5es individuais. Com a fal\u00eancia do Estado, o setor privado come\u00e7ou\u00a0a ajudar\u00a0nas quest\u00f5es sociais, atrav\u00e9s das in\u00fameras institui\u00e7\u00f5es que comp\u00f5em o chamado terceiro setor. Ou seja, o terceiro setor \u00e9 constitu\u00eddo por organiza\u00e7\u00f5es sem fins lucrativos e n\u00e3o governamentais, que tem como objetivo gerar servi\u00e7os de car\u00e1ter p\u00fablico.<\/em><\/p>\n<p style=\"text-align: justify;\"><!-- \/wp:paragraph --><!-- wp:paragraph --><\/p>\n<p style=\"text-align: justify;\">Fonte:\u00a0<a href=\"http:\/\/www.filantropia.org\/OqueeTerceiroSetor.htm\">http:\/\/www.filantropia.org\/OqueeTerceiroSetor.htm<\/a><br \/><br \/><br \/><\/p>\n<p style=\"text-align: justify;\"><!-- \/wp:paragraph --><!-- wp:paragraph --><\/p>\n<p style=\"text-align: justify;\"><!-- \/wp:paragraph --><!-- wp:separator --><\/p>\n<hr class=\"wp-block-separator has-alpha-channel-opacity\" \/>\n<p><!-- \/wp:separator --><\/p>\t\t\t\t\t\t\t\t<\/div>\n\t\t\t\t<div class=\"elementor-element elementor-element-d420c1a elementor-widget elementor-widget-text-editor\" data-id=\"d420c1a\" data-element_type=\"widget\" data-e-type=\"widget\" data-widget_type=\"text-editor.default\">\n\t\t\t\t\t\t\t\t\t<h3>Entidades do Terceiro Setor<\/h3>\t\t\t\t\t\t\t\t<\/div>\n\t\t\t\t<div class=\"elementor-element elementor-element-730661d elementor-widget elementor-widget-button\" data-id=\"730661d\" data-element_type=\"widget\" data-e-type=\"widget\" data-widget_type=\"button.default\">\n\t\t\t\t\t\t\t\t\t\t<a class=\"elementor-button elementor-button-link elementor-size-sm\" href=\"https:\/\/igarapava.sp.gov.br\/site\/assistencia-social\/\">\n\t\t\t\t\t\t<span class=\"elementor-button-content-wrapper\">\n\t\t\t\t\t\t\t\t\t<span class=\"elementor-button-text\">ASSIST\u00caNCIA SOCIAL<\/span>\n\t\t\t\t\t<\/span>\n\t\t\t\t\t<\/a>\n\t\t\t\t\t\t\t\t<\/div>\n\t\t\t\t<div class=\"elementor-element elementor-element-8a6aca8 elementor-widget elementor-widget-button\" data-id=\"8a6aca8\" data-element_type=\"widget\" data-e-type=\"widget\" data-widget_type=\"button.default\">\n\t\t\t\t\t\t\t\t\t\t<a class=\"elementor-button elementor-button-link elementor-size-sm\" href=\"https:\/\/igarapava.sp.gov.br\/site\/inexigibilidade\/\">\n\t\t\t\t\t\t<span class=\"elementor-button-content-wrapper\">\n\t\t\t\t\t\t\t\t\t<span class=\"elementor-button-text\">INEXIGIBILIDADE<\/span>\n\t\t\t\t\t<\/span>\n\t\t\t\t\t<\/a>\n\t\t\t\t\t\t\t\t<\/div>\n\t\t\t\t<div class=\"elementor-element elementor-element-a60e19e elementor-widget elementor-widget-button\" data-id=\"a60e19e\" data-element_type=\"widget\" data-e-type=\"widget\" data-widget_type=\"button.default\">\n\t\t\t\t\t\t\t\t\t\t<a class=\"elementor-button elementor-button-link elementor-size-sm\" href=\"https:\/\/igarapava.sp.gov.br\/site\/associacao-de-criancas-e-adolescentes-de-igarapava-amiga\/\">\n\t\t\t\t\t\t<span class=\"elementor-button-content-wrapper\">\n\t\t\t\t\t\t\t\t\t<span class=\"elementor-button-text\">AMIGA<\/span>\n\t\t\t\t\t<\/span>\n\t\t\t\t\t<\/a>\n\t\t\t\t\t\t\t\t<\/div>\n\t\t\t\t<div class=\"elementor-element elementor-element-7793783 elementor-widget elementor-widget-button\" data-id=\"7793783\" data-element_type=\"widget\" data-e-type=\"widget\" data-widget_type=\"button.default\">\n\t\t\t\t\t\t\t\t\t\t<a class=\"elementor-button elementor-button-link elementor-size-sm\" href=\"https:\/\/igarapava.sp.gov.br\/site\/associacao-de-pais-e-amigos-dos-excepcionais-apae-ituverava\/\">\n\t\t\t\t\t\t<span class=\"elementor-button-content-wrapper\">\n\t\t\t\t\t\t\t\t\t<span class=\"elementor-button-text\">APAE ITUVERAVA<\/span>\n\t\t\t\t\t<\/span>\n\t\t\t\t\t<\/a>\n\t\t\t\t\t\t\t\t<\/div>\n\t\t\t\t<div class=\"elementor-element elementor-element-2f9040e elementor-widget elementor-widget-button\" data-id=\"2f9040e\" data-element_type=\"widget\" data-e-type=\"widget\" data-widget_type=\"button.default\">\n\t\t\t\t\t\t\t\t\t\t<a class=\"elementor-button elementor-button-link elementor-size-sm\" href=\"https:\/\/igarapava.sp.gov.br\/site\/associacao-de-benemerencia-senhor-bom-jesus\/\">\n\t\t\t\t\t\t<span class=\"elementor-button-content-wrapper\">\n\t\t\t\t\t\t\t\t\t<span class=\"elementor-button-text\">ASSOCIA\u00c7\u00c3O DE BENEMER\u00caNCIA SENHOR BOM JESUS<\/span>\n\t\t\t\t\t<\/span>\n\t\t\t\t\t<\/a>\n\t\t\t\t\t\t\t\t<\/div>\n\t\t\t\t<div class=\"elementor-element elementor-element-5c27f82 elementor-widget elementor-widget-button\" data-id=\"5c27f82\" data-element_type=\"widget\" data-e-type=\"widget\" data-widget_type=\"button.default\">\n\t\t\t\t\t\t\t\t\t\t<a class=\"elementor-button elementor-button-link elementor-size-sm\" href=\"https:\/\/igarapava.sp.gov.br\/site\/associacao-de-protecao-a-maternidade-e-a-infancia-de-igarapava-creche-escola-casa-da-crianca\/\">\n\t\t\t\t\t\t<span class=\"elementor-button-content-wrapper\">\n\t\t\t\t\t\t\t\t\t<span class=\"elementor-button-text\">CRECHE ESCOLA - CASA DA CRIAN\u00c7A<\/span>\n\t\t\t\t\t<\/span>\n\t\t\t\t\t<\/a>\n\t\t\t\t\t\t\t\t<\/div>\n\t\t\t\t<div class=\"elementor-element elementor-element-e7c578a elementor-widget elementor-widget-button\" data-id=\"e7c578a\" data-element_type=\"widget\" data-e-type=\"widget\" data-widget_type=\"button.default\">\n\t\t\t\t\t\t\t\t\t\t<a class=\"elementor-button elementor-button-link elementor-size-sm\" href=\"https:\/\/igarapava.sp.gov.br\/site\/instituto-euripedes-barsanulfo\/\">\n\t\t\t\t\t\t<span class=\"elementor-button-content-wrapper\">\n\t\t\t\t\t\t\t\t\t<span class=\"elementor-button-text\">IEB - INSTITUTO EUR\u00cdPEDES BARSANULFO<\/span>\n\t\t\t\t\t<\/span>\n\t\t\t\t\t<\/a>\n\t\t\t\t\t\t\t\t<\/div>\n\t\t\t\t<div class=\"elementor-element elementor-element-5f6e901 elementor-widget elementor-widget-button\" data-id=\"5f6e901\" data-element_type=\"widget\" data-e-type=\"widget\" data-widget_type=\"button.default\">\n\t\t\t\t\t\t\t\t\t\t<a class=\"elementor-button elementor-button-link elementor-size-sm\" href=\"https:\/\/igarapava.sp.gov.br\/site\/lar-e-abrigo-do-idosos-de-igarapava\/\">\n\t\t\t\t\t\t<span class=\"elementor-button-content-wrapper\">\n\t\t\t\t\t\t\t\t\t<span class=\"elementor-button-text\">LAR E ABRIGO DOS IDOSOS DE IGARAPAVA<\/span>\n\t\t\t\t\t<\/span>\n\t\t\t\t\t<\/a>\n\t\t\t\t\t\t\t\t<\/div>\n\t\t\t\t<div class=\"elementor-element elementor-element-bbfcce1 elementor-widget elementor-widget-button\" data-id=\"bbfcce1\" data-element_type=\"widget\" data-e-type=\"widget\" data-widget_type=\"button.default\">\n\t\t\t\t\t\t\t\t\t\t<a class=\"elementor-button elementor-button-link elementor-size-sm\" href=\"https:\/\/igarapava.sp.gov.br\/site\/lar-vovo-querubina\/\">\n\t\t\t\t\t\t<span class=\"elementor-button-content-wrapper\">\n\t\t\t\t\t\t\t\t\t<span class=\"elementor-button-text\">LAR VOV\u00d3 QUERUBINA<\/span>\n\t\t\t\t\t<\/span>\n\t\t\t\t\t<\/a>\n\t\t\t\t\t\t\t\t<\/div>\n\t\t\t\t<div class=\"elementor-element elementor-element-7faffa4 elementor-widget elementor-widget-button\" data-id=\"7faffa4\" data-element_type=\"widget\" data-e-type=\"widget\" data-widget_type=\"button.default\">\n\t\t\t\t\t\t\t\t\t\t<a class=\"elementor-button elementor-button-link elementor-size-sm\" href=\"https:\/\/igarapava.sp.gov.br\/site\/santa-casa-de-misericordia-de-igarapava\/\">\n\t\t\t\t\t\t<span class=\"elementor-button-content-wrapper\">\n\t\t\t\t\t\t\t\t\t<span class=\"elementor-button-text\">SANTA CASA DE MISERIC\u00d3RDIA DE IGARAPAVA<\/span>\n\t\t\t\t\t<\/span>\n\t\t\t\t\t<\/a>\n\t\t\t\t\t\t\t\t<\/div>\n\t\t\t\t<div class=\"elementor-element elementor-element-4b2c4b2 elementor-widget elementor-widget-button\" data-id=\"4b2c4b2\" data-element_type=\"widget\" data-e-type=\"widget\" data-widget_type=\"button.default\">\n\t\t\t\t\t\t\t\t\t\t<a class=\"elementor-button elementor-button-link elementor-size-sm\" href=\"https:\/\/igarapava.sp.gov.br\/site\/santa-casa-de-misericordia-de-ituverava\/\">\n\t\t\t\t\t\t<span class=\"elementor-button-content-wrapper\">\n\t\t\t\t\t\t\t\t\t<span class=\"elementor-button-text\">SANTA CASA DE MISERIC\u00d3RDIA DE ITUVERAVA<\/span>\n\t\t\t\t\t<\/span>\n\t\t\t\t\t<\/a>\n\t\t\t\t\t\t\t\t<\/div>\n\t\t\t\t<div class=\"elementor-element elementor-element-544036d elementor-widget elementor-widget-button\" data-id=\"544036d\" data-element_type=\"widget\" data-e-type=\"widget\" data-widget_type=\"button.default\">\n\t\t\t\t\t\t\t\t\t\t<a class=\"elementor-button elementor-button-link elementor-size-sm\" href=\"https:\/\/igarapava.sp.gov.br\/site\/uniao-saude-apoio-usa\/\">\n\t\t\t\t\t\t<span class=\"elementor-button-content-wrapper\">\n\t\t\t\t\t\t\t\t\t<span class=\"elementor-button-text\">UNI\u00c3O APOIO SA\u00daDE - USA<\/span>\n\t\t\t\t\t<\/span>\n\t\t\t\t\t<\/a>\n\t\t\t\t\t\t\t\t<\/div>\n\t\t\t\t\t<\/div>\n\t\t\t\t<\/div>\n\t\t\t\t<\/div>\n\t\t","protected":false},"excerpt":{"rendered":"<p>O que \u00e9 o Terceiro Setor? Conceito: O primeiro setor \u00e9 o governo, que \u00e9 respons\u00e1vel pelas quest\u00f5es sociais. O segundo setor \u00e9 o privado, respons\u00e1vel pelas\u00a0quest\u00f5es individuais. Com a fal\u00eancia do Estado, o setor privado come\u00e7ou\u00a0a ajudar\u00a0nas quest\u00f5es sociais, atrav\u00e9s das in\u00fameras institui\u00e7\u00f5es que comp\u00f5em o chamado terceiro setor. Ou seja, o terceiro setor [&hellip;]<\/p>\n","protected":false},"author":1,"featured_media":0,"parent":0,"menu_order":0,"comment_status":"closed","ping_status":"closed","template":"","meta":{"footnotes":""},"class_list":["post-33","page","type-page","status-publish","hentry"],"_links":{"self":[{"href":"https:\/\/igarapava.sp.gov.br\/site\/wp-json\/wp\/v2\/pages\/33","targetHints":{"allow":["GET"]}}],"collection":[{"href":"https:\/\/igarapava.sp.gov.br\/site\/wp-json\/wp\/v2\/pages"}],"about":[{"href":"https:\/\/igarapava.sp.gov.br\/site\/wp-json\/wp\/v2\/types\/page"}],"author":[{"embeddable":true,"href":"https:\/\/igarapava.sp.gov.br\/site\/wp-json\/wp\/v2\/users\/1"}],"replies":[{"embeddable":true,"href":"https:\/\/igarapava.sp.gov.br\/site\/wp-json\/wp\/v2\/comments?post=33"}],"version-history":[{"count":57,"href":"https:\/\/igarapava.sp.gov.br\/site\/wp-json\/wp\/v2\/pages\/33\/revisions"}],"predecessor-version":[{"id":5300,"href":"https:\/\/igarapava.sp.gov.br\/site\/wp-json\/wp\/v2\/pages\/33\/revisions\/5300"}],"wp:attachment":[{"href":"https:\/\/igarapava.sp.gov.br\/site\/wp-json\/wp\/v2\/media?parent=33"}],"curies":[{"name":"wp","href":"https:\/\/api.w.org\/{rel}","templated":true}]}}