{"id":329,"date":"2025-01-16T13:09:12","date_gmt":"2025-01-16T13:09:12","guid":{"rendered":"https:\/\/igarapava.sp.gov.br\/portal\/?page_id=329"},"modified":"2025-09-23T10:12:25","modified_gmt":"2025-09-23T13:12:25","slug":"audiencias-publicas","status":"publish","type":"page","link":"https:\/\/igarapava.sp.gov.br\/site\/audiencias-publicas\/","title":{"rendered":"Audi\u00eancias P\u00fablicas"},"content":{"rendered":"\t\t<div data-elementor-type=\"wp-page\" data-elementor-id=\"329\" class=\"elementor elementor-329\" data-elementor-post-type=\"page\">\n\t\t\t\t<div class=\"elementor-element elementor-element-49ee7d7 e-flex e-con-boxed e-con e-parent\" data-id=\"49ee7d7\" data-element_type=\"container\" data-e-type=\"container\">\n\t\t\t\t\t<div class=\"e-con-inner\">\n\t\t\t\t<div class=\"elementor-element elementor-element-b289c73 elementor-grid-3 elementor-grid-tablet-2 elementor-grid-mobile-1 elementor-posts--thumbnail-top elementor-widget elementor-widget-posts\" data-id=\"b289c73\" data-element_type=\"widget\" data-e-type=\"widget\" data-settings=\"{&quot;classic_columns&quot;:&quot;3&quot;,&quot;classic_columns_tablet&quot;:&quot;2&quot;,&quot;classic_columns_mobile&quot;:&quot;1&quot;,&quot;classic_row_gap&quot;:{&quot;unit&quot;:&quot;px&quot;,&quot;size&quot;:35,&quot;sizes&quot;:[]},&quot;classic_row_gap_tablet&quot;:{&quot;unit&quot;:&quot;px&quot;,&quot;size&quot;:&quot;&quot;,&quot;sizes&quot;:[]},&quot;classic_row_gap_mobile&quot;:{&quot;unit&quot;:&quot;px&quot;,&quot;size&quot;:&quot;&quot;,&quot;sizes&quot;:[]}}\" data-widget_type=\"posts.classic\">\n\t\t\t\t<div class=\"elementor-widget-container\">\n\t\t\t\t\t\t\t<div class=\"elementor-posts-container elementor-posts elementor-posts--skin-classic elementor-grid\" role=\"list\">\n\t\t\t\t<article class=\"elementor-post elementor-grid-item post-5086 post type-post status-publish format-standard has-post-thumbnail hentry category-audiencia-publica\" role=\"listitem\">\n\t\t\t\t<a class=\"elementor-post__thumbnail__link\" href=\"https:\/\/igarapava.sp.gov.br\/site\/audiancia-publica-3o-quadrimestre-2025\/\" tabindex=\"-1\" >\n\t\t\t<div class=\"elementor-post__thumbnail\"><img decoding=\"async\" width=\"300\" height=\"145\" src=\"https:\/\/igarapava.sp.gov.br\/site\/wp-content\/uploads\/2026\/02\/audiencia_publica_avaliacao-300x145.png\" class=\"attachment-medium size-medium wp-image-5087\" alt=\"\" srcset=\"https:\/\/igarapava.sp.gov.br\/site\/wp-content\/uploads\/2026\/02\/audiencia_publica_avaliacao-300x145.png 300w, https:\/\/igarapava.sp.gov.br\/site\/wp-content\/uploads\/2026\/02\/audiencia_publica_avaliacao-1024x495.png 1024w, https:\/\/igarapava.sp.gov.br\/site\/wp-content\/uploads\/2026\/02\/audiencia_publica_avaliacao-768x372.png 768w, https:\/\/igarapava.sp.gov.br\/site\/wp-content\/uploads\/2026\/02\/audiencia_publica_avaliacao-1536x743.png 1536w, https:\/\/igarapava.sp.gov.br\/site\/wp-content\/uploads\/2026\/02\/audiencia_publica_avaliacao-2048x991.png 2048w\" sizes=\"(max-width: 300px) 100vw, 300px\" \/><\/div>\n\t\t<\/a>\n\t\t\t\t<div class=\"elementor-post__text\">\n\t\t\t\t<div class=\"elementor-post__meta-data\">\n\t\t\t\t\t<span class=\"elementor-post-date\">\n\t\t\t05\/02\/2026\t\t<\/span>\n\t\t\t\t<\/div>\n\t\t\n\t\t<a class=\"elementor-post__read-more\" href=\"https:\/\/igarapava.sp.gov.br\/site\/audiancia-publica-3o-quadrimestre-2025\/\" aria-label=\"Leia mais sobre Audi\u00e2ncia P\u00fablica &#8211; 3\u00ba quadrimestre 2025\" tabindex=\"-1\" >\n\t\t\tLeia mais \u00bb\t\t<\/a>\n\n\t\t\t\t<\/div>\n\t\t\t\t<\/article>\n\t\t\t\t<article class=\"elementor-post elementor-grid-item post-4089 post type-post status-publish format-standard has-post-thumbnail hentry category-arquivado category-audiencia-publica tag-arquivado tag-audiencia-publica\" role=\"listitem\">\n\t\t\t\t<a class=\"elementor-post__thumbnail__link\" href=\"https:\/\/igarapava.sp.gov.br\/site\/audiencia-publica-loa\/\" tabindex=\"-1\" >\n\t\t\t<div class=\"elementor-post__thumbnail\"><img fetchpriority=\"high\" decoding=\"async\" width=\"300\" height=\"200\" src=\"https:\/\/igarapava.sp.gov.br\/site\/wp-content\/uploads\/2025\/09\/9e40065b-4e6c-47e2-8f3c-ac74ed62bef3-300x200.png\" class=\"attachment-medium size-medium wp-image-4087\" alt=\"\" srcset=\"https:\/\/igarapava.sp.gov.br\/site\/wp-content\/uploads\/2025\/09\/9e40065b-4e6c-47e2-8f3c-ac74ed62bef3-300x200.png 300w, https:\/\/igarapava.sp.gov.br\/site\/wp-content\/uploads\/2025\/09\/9e40065b-4e6c-47e2-8f3c-ac74ed62bef3-1024x683.png 1024w, https:\/\/igarapava.sp.gov.br\/site\/wp-content\/uploads\/2025\/09\/9e40065b-4e6c-47e2-8f3c-ac74ed62bef3-768x512.png 768w, https:\/\/igarapava.sp.gov.br\/site\/wp-content\/uploads\/2025\/09\/9e40065b-4e6c-47e2-8f3c-ac74ed62bef3.png 1536w\" sizes=\"(max-width: 300px) 100vw, 300px\" \/><\/div>\n\t\t<\/a>\n\t\t\t\t<div class=\"elementor-post__text\">\n\t\t\t\t<div class=\"elementor-post__meta-data\">\n\t\t\t\t\t<span class=\"elementor-post-date\">\n\t\t\t19\/09\/2025\t\t<\/span>\n\t\t\t\t<\/div>\n\t\t\n\t\t<a class=\"elementor-post__read-more\" href=\"https:\/\/igarapava.sp.gov.br\/site\/audiencia-publica-loa\/\" aria-label=\"Leia mais sobre Audi\u00eancia P\u00fablica &#8211; LOA\" tabindex=\"-1\" >\n\t\t\tLeia mais \u00bb\t\t<\/a>\n\n\t\t\t\t<\/div>\n\t\t\t\t<\/article>\n\t\t\t\t<article class=\"elementor-post elementor-grid-item post-3952 post type-post status-publish format-standard has-post-thumbnail hentry category-audiencia-publica tag-audiencia-publica\" role=\"listitem\">\n\t\t\t\t<a class=\"elementor-post__thumbnail__link\" href=\"https:\/\/igarapava.sp.gov.br\/site\/audiencia-publica-de-elaboracao\/\" tabindex=\"-1\" >\n\t\t\t<div class=\"elementor-post__thumbnail\"><img decoding=\"async\" width=\"300\" height=\"145\" src=\"https:\/\/igarapava.sp.gov.br\/site\/wp-content\/uploads\/2025\/08\/Audiencia__-300x145.png\" class=\"attachment-medium size-medium wp-image-4667\" alt=\"\" srcset=\"https:\/\/igarapava.sp.gov.br\/site\/wp-content\/uploads\/2025\/08\/Audiencia__-300x145.png 300w, https:\/\/igarapava.sp.gov.br\/site\/wp-content\/uploads\/2025\/08\/Audiencia__-1024x495.png 1024w, https:\/\/igarapava.sp.gov.br\/site\/wp-content\/uploads\/2025\/08\/Audiencia__-768x372.png 768w, https:\/\/igarapava.sp.gov.br\/site\/wp-content\/uploads\/2025\/08\/Audiencia__-1536x743.png 1536w, https:\/\/igarapava.sp.gov.br\/site\/wp-content\/uploads\/2025\/08\/Audiencia__-2048x991.png 2048w\" sizes=\"(max-width: 300px) 100vw, 300px\" \/><\/div>\n\t\t<\/a>\n\t\t\t\t<div class=\"elementor-post__text\">\n\t\t\t\t<div class=\"elementor-post__meta-data\">\n\t\t\t\t\t<span class=\"elementor-post-date\">\n\t\t\t25\/08\/2025\t\t<\/span>\n\t\t\t\t<\/div>\n\t\t\n\t\t<a class=\"elementor-post__read-more\" href=\"https:\/\/igarapava.sp.gov.br\/site\/audiencia-publica-de-elaboracao\/\" aria-label=\"Leia mais sobre Audi\u00eancia P\u00fablica de Elabora\u00e7\u00e3o\" tabindex=\"-1\" >\n\t\t\tLeia mais \u00bb\t\t<\/a>\n\n\t\t\t\t<\/div>\n\t\t\t\t<\/article>\n\t\t\t\t<article class=\"elementor-post elementor-grid-item post-3778 post type-post status-publish format-standard has-post-thumbnail hentry category-arquivado category-audiencia-publica tag-arquivado tag-audiencia-publica\" role=\"listitem\">\n\t\t\t\t<a class=\"elementor-post__thumbnail__link\" href=\"https:\/\/igarapava.sp.gov.br\/site\/audiencia-publica-plano-regional-de-residuos-solidos\/\" tabindex=\"-1\" >\n\t\t\t<div class=\"elementor-post__thumbnail\"><img loading=\"lazy\" decoding=\"async\" width=\"300\" height=\"200\" src=\"https:\/\/igarapava.sp.gov.br\/site\/wp-content\/uploads\/2025\/07\/4444444444444444ChatGPT-Image-21-de-jul.-de-2025-16_04_19-300x200.png\" class=\"attachment-medium size-medium wp-image-3802\" alt=\"\" srcset=\"https:\/\/igarapava.sp.gov.br\/site\/wp-content\/uploads\/2025\/07\/4444444444444444ChatGPT-Image-21-de-jul.-de-2025-16_04_19-300x200.png 300w, https:\/\/igarapava.sp.gov.br\/site\/wp-content\/uploads\/2025\/07\/4444444444444444ChatGPT-Image-21-de-jul.-de-2025-16_04_19-1024x683.png 1024w, https:\/\/igarapava.sp.gov.br\/site\/wp-content\/uploads\/2025\/07\/4444444444444444ChatGPT-Image-21-de-jul.-de-2025-16_04_19-768x512.png 768w, https:\/\/igarapava.sp.gov.br\/site\/wp-content\/uploads\/2025\/07\/4444444444444444ChatGPT-Image-21-de-jul.-de-2025-16_04_19.png 1536w\" sizes=\"(max-width: 300px) 100vw, 300px\" \/><\/div>\n\t\t<\/a>\n\t\t\t\t<div class=\"elementor-post__text\">\n\t\t\t\t<div class=\"elementor-post__meta-data\">\n\t\t\t\t\t<span class=\"elementor-post-date\">\n\t\t\t21\/07\/2025\t\t<\/span>\n\t\t\t\t<\/div>\n\t\t\n\t\t<a class=\"elementor-post__read-more\" href=\"https:\/\/igarapava.sp.gov.br\/site\/audiencia-publica-plano-regional-de-residuos-solidos\/\" aria-label=\"Leia mais sobre Audi\u00eancia P\u00fablica &#8211; Plano Regional de Res\u00edduos S\u00f3lidos\" tabindex=\"-1\" >\n\t\t\tLeia mais \u00bb\t\t<\/a>\n\n\t\t\t\t<\/div>\n\t\t\t\t<\/article>\n\t\t\t\t<article class=\"elementor-post elementor-grid-item post-3622 post type-post status-publish format-standard has-post-thumbnail hentry category-audiencia-publica tag-arquivado tag-audiencia-publica\" role=\"listitem\">\n\t\t\t\t<a class=\"elementor-post__thumbnail__link\" href=\"https:\/\/igarapava.sp.gov.br\/site\/audiencia-publica\/\" tabindex=\"-1\" >\n\t\t\t<div class=\"elementor-post__thumbnail\"><img loading=\"lazy\" decoding=\"async\" width=\"300\" height=\"265\" src=\"https:\/\/igarapava.sp.gov.br\/site\/wp-content\/uploads\/2025\/07\/222222-2-300x265.png\" class=\"attachment-medium size-medium wp-image-3629\" alt=\"\" srcset=\"https:\/\/igarapava.sp.gov.br\/site\/wp-content\/uploads\/2025\/07\/222222-2-300x265.png 300w, https:\/\/igarapava.sp.gov.br\/site\/wp-content\/uploads\/2025\/07\/222222-2.png 500w\" sizes=\"(max-width: 300px) 100vw, 300px\" \/><\/div>\n\t\t<\/a>\n\t\t\t\t<div class=\"elementor-post__text\">\n\t\t\t\t<div class=\"elementor-post__meta-data\">\n\t\t\t\t\t<span class=\"elementor-post-date\">\n\t\t\t07\/07\/2025\t\t<\/span>\n\t\t\t\t<\/div>\n\t\t\n\t\t<a class=\"elementor-post__read-more\" href=\"https:\/\/igarapava.sp.gov.br\/site\/audiencia-publica\/\" aria-label=\"Leia mais sobre Audi\u00eancia P\u00fablica\" tabindex=\"-1\" >\n\t\t\tLeia mais \u00bb\t\t<\/a>\n\n\t\t\t\t<\/div>\n\t\t\t\t<\/article>\n\t\t\t\t<article class=\"elementor-post elementor-grid-item post-3581 post type-post status-publish format-standard has-post-thumbnail hentry category-audiencia-publica tag-arquivado tag-audiencia-publica\" role=\"listitem\">\n\t\t\t\t<a class=\"elementor-post__thumbnail__link\" href=\"https:\/\/igarapava.sp.gov.br\/site\/consulta-publica-ldo-loa-ppa-2026-a-2029\/\" tabindex=\"-1\" >\n\t\t\t<div class=\"elementor-post__thumbnail\"><img loading=\"lazy\" decoding=\"async\" width=\"300\" height=\"200\" src=\"https:\/\/igarapava.sp.gov.br\/site\/wp-content\/uploads\/2025\/07\/ChatGPT-Image-8-de-jul.-de-2025-09_35_25-300x200.png\" class=\"attachment-medium size-medium wp-image-3644\" alt=\"\" srcset=\"https:\/\/igarapava.sp.gov.br\/site\/wp-content\/uploads\/2025\/07\/ChatGPT-Image-8-de-jul.-de-2025-09_35_25-300x200.png 300w, https:\/\/igarapava.sp.gov.br\/site\/wp-content\/uploads\/2025\/07\/ChatGPT-Image-8-de-jul.-de-2025-09_35_25-1024x683.png 1024w, https:\/\/igarapava.sp.gov.br\/site\/wp-content\/uploads\/2025\/07\/ChatGPT-Image-8-de-jul.-de-2025-09_35_25-768x512.png 768w, https:\/\/igarapava.sp.gov.br\/site\/wp-content\/uploads\/2025\/07\/ChatGPT-Image-8-de-jul.-de-2025-09_35_25.png 1536w\" sizes=\"(max-width: 300px) 100vw, 300px\" \/><\/div>\n\t\t<\/a>\n\t\t\t\t<div class=\"elementor-post__text\">\n\t\t\t\t<div class=\"elementor-post__meta-data\">\n\t\t\t\t\t<span class=\"elementor-post-date\">\n\t\t\t03\/07\/2025\t\t<\/span>\n\t\t\t\t<\/div>\n\t\t\n\t\t<a class=\"elementor-post__read-more\" href=\"https:\/\/igarapava.sp.gov.br\/site\/consulta-publica-ldo-loa-ppa-2026-a-2029\/\" aria-label=\"Leia mais sobre Consulta P\u00fablica &#8211; LOA, PPA 2026 a 2029\" tabindex=\"-1\" >\n\t\t\tLeia mais \u00bb\t\t<\/a>\n\n\t\t\t\t<\/div>\n\t\t\t\t<\/article>\n\t\t\t\t<\/div>\n\t\t\n\t\t\t\t\t\t<\/div>\n\t\t\t\t<\/div>\n\t\t\t\t\t<\/div>\n\t\t\t\t<\/div>\n\t\t\t\t<\/div>\n\t\t","protected":false},"excerpt":{"rendered":"","protected":false},"author":1,"featured_media":0,"parent":0,"menu_order":0,"comment_status":"closed","ping_status":"closed","template":"","meta":{"footnotes":""},"class_list":["post-329","page","type-page","status-publish","hentry"],"_links":{"self":[{"href":"https:\/\/igarapava.sp.gov.br\/site\/wp-json\/wp\/v2\/pages\/329","targetHints":{"allow":["GET"]}}],"collection":[{"href":"https:\/\/igarapava.sp.gov.br\/site\/wp-json\/wp\/v2\/pages"}],"about":[{"href":"https:\/\/igarapava.sp.gov.br\/site\/wp-json\/wp\/v2\/types\/page"}],"author":[{"embeddable":true,"href":"https:\/\/igarapava.sp.gov.br\/site\/wp-json\/wp\/v2\/users\/1"}],"replies":[{"embeddable":true,"href":"https:\/\/igarapava.sp.gov.br\/site\/wp-json\/wp\/v2\/comments?post=329"}],"version-history":[{"count":16,"href":"https:\/\/igarapava.sp.gov.br\/site\/wp-json\/wp\/v2\/pages\/329\/revisions"}],"predecessor-version":[{"id":4098,"href":"https:\/\/igarapava.sp.gov.br\/site\/wp-json\/wp\/v2\/pages\/329\/revisions\/4098"}],"wp:attachment":[{"href":"https:\/\/igarapava.sp.gov.br\/site\/wp-json\/wp\/v2\/media?parent=329"}],"curies":[{"name":"wp","href":"https:\/\/api.w.org\/{rel}","templated":true}]}}