{"id":31,"date":"2025-01-14T21:05:09","date_gmt":"2025-01-14T21:05:09","guid":{"rendered":"https:\/\/igarapava.sp.gov.br\/portal\/?page_id=31"},"modified":"2025-02-12T16:50:38","modified_gmt":"2025-02-12T19:50:38","slug":"contato","status":"publish","type":"page","link":"https:\/\/igarapava.sp.gov.br\/site\/contato\/","title":{"rendered":"Telefones \u00fateis"},"content":{"rendered":"\t\t<div data-elementor-type=\"wp-page\" data-elementor-id=\"31\" class=\"elementor elementor-31\" data-elementor-post-type=\"page\">\n\t\t\t\t<div class=\"elementor-element elementor-element-3097ceb e-flex e-con-boxed e-con e-parent\" data-id=\"3097ceb\" data-element_type=\"container\" data-e-type=\"container\">\n\t\t\t\t\t<div class=\"e-con-inner\">\n\t\t\t\t<div class=\"elementor-element elementor-element-cabec3f elementor-widget elementor-widget-text-editor\" data-id=\"cabec3f\" data-element_type=\"widget\" data-e-type=\"widget\" data-widget_type=\"text-editor.default\">\n\t\t\t\t\t\t\t\t\t<h2 class=\"tm9\"><strong style=\"color: inherit; font-family: inherit; text-align: var(--text-align); font-size: 1.5rem;\"><span class=\"tm10\">PREFEITURA MUNICIPAL DE IGARAPAVA<\/span><span class=\"tm10\">\u00a0<\/span><span class=\"tm10\">:<\/span><span class=\"tm12\">\u00a0016 3173-8200<\/span><\/strong><\/h2><h5 class=\"tm14\"><span class=\"tm16\">CHEFE DE GABINETE:<\/span><span class=\"tm16\">\u00a0<\/span><span class=\"tm17\">3173-8211<\/span><\/h5><h5 class=\"tm14\"><span class=\"tm16\">GABINETE DO PREFEITO:\u00a0<\/span><span class=\"tm17\">3173-8202<\/span><\/h5><h5 class=\"tm14\"><span class=\"tm16\">COMPRAS:\u00a0<\/span><span class=\"tm17\">3173-8203<\/span><\/h5><h5 class=\"tm14\"><span class=\"tm16\">CONTABILIDADE:\u00a0<\/span><span class=\"tm17\">3173-8205<\/span><\/h5><h5 class=\"tm14\"><span class=\"tm16\">ENGENHARIA:\u00a0<\/span><span class=\"tm17\">3173-8208<\/span><\/h5><h5 class=\"tm14\"><span class=\"tm16\">EXECU\u00c7\u00c3O FISCAL:\u00a0<\/span><span class=\"tm17\">3173-8209<\/span><\/h5><h5 class=\"tm14\"><span class=\"tm16\">FINANCEIRO:\u00a0<\/span><span class=\"tm17\">3173-8210<\/span><\/h5><h5 class=\"tm14\"><span class=\"tm16\">JUR\u00cdDICO:\u00a0<\/span><span class=\"tm17\">3173-8212<\/span><\/h5><h5 class=\"tm14\"><span class=\"tm16\">LICITA\u00c7\u00c3O:\u00a0<\/span><span class=\"tm17\">3173-8213<\/span><\/h5><h5 class=\"tm14\"><span class=\"tm16\">OUVIDORIA:\u00a0<\/span><span class=\"tm17\">3173-8214<\/span><\/h5><h5 class=\"tm14\"><span class=\"tm16\">PROTOCOLO:\u00a0<\/span><span class=\"tm17\">3173-8215<\/span><\/h5><h5 class=\"tm14\"><span class=\"tm16\">RECURSOS HUMANOS:\u00a0<\/span><span class=\"tm17\">3173-8216 \/ <\/span><span class=\"tm19\">3172 \u2013 3878<\/span><\/h5><h5 class=\"tm14\"><span class=\"tm16\">SECRETARIA:\u00a0<\/span><span class=\"tm17\">3173-8217<\/span><\/h5><h5 class=\"tm14\"><span class=\"tm16\">TESOURARIA:\u00a0<\/span><span class=\"tm17\">3173-8218<\/span><\/h5><h5 class=\"tm14\"><span class=\"tm16\">TRIBUTA\u00c7\u00c3O:\u00a0<\/span><span class=\"tm17\">3173-8219<\/span><\/h5><h5 class=\"tm9\"><span class=\"tm18\">DESTACAMENTO MILITAR:<\/span><span class=\"tm18\">\u00a0<\/span><span class=\"tm19\">3172 \u2013 2824.<\/span><\/h5><h5 class=\"tm9\"><span class=\"tm18\">DELEGACIA:<\/span><span class=\"tm18\">\u00a0<\/span><span class=\"tm19\">3172 \u2013 1144.<\/span><\/h5><h5 class=\"tm9\"><span class=\"tm18\">CONSELHO TUTELAR:<\/span><span class=\"tm18\">\u00a0<\/span><span class=\"tm19\">3172 \u2013 3758 \/ 98875-6609<\/span><\/h5><h5 class=\"tm9\"><span class=\"tm18\">CENTRO OPERACIONAL:<\/span><span class=\"tm18\">\u00a0<\/span><span class=\"tm19\">3172 \u2013 1582 \/ 3172-1022 \/ 3173 &#8211; 8199<\/span><\/h5><h5 class=\"tm9\"><span class=\"tm18\">CASA DA CULTURA:<\/span><span class=\"tm18\">\u00a0<\/span><span class=\"tm19\">3172 \u2013 4222<\/span><\/h5><h5 class=\"tm9\"><span class=\"tm18\">C\u00c2MARA MUNICIPAL:<\/span><span class=\"tm10\">\u00a0<\/span><span class=\"tm19\">3172 \u2013 1023<\/span><\/h5><h5 class=\"tm9\"><span class=\"tm18\">COZINHA PILOTO :<\/span><span class=\"tm18\">\u00a0<\/span><span class=\"tm19\">3172-5858<\/span><\/h5><h5 class=\"tm9\"><span class=\"tm18\">CLUBE DA TERCEIRA IDADE :<\/span><span class=\"tm18\">\u00a0<\/span><span class=\"tm19\">3172-2923<\/span><\/h5><h5 class=\"tm9\"><span class=\"tm18\">\u00a0\u00a0<\/span><span class=\"tm18\">\u00a0DEPARTAMENTO DE DESENVOLVIMENTO SOCIAL :<\/span><span class=\"tm18\">\u00a0<\/span><span class=\"tm19\">3172 \u2013 1910<\/span><\/h5><h5 class=\"tm9\"><span class=\"tm18\">FUNDO SOCIAL :<\/span><span class=\"tm10\">\u00a0<\/span><span class=\"tm19\">\u00a03172-2086<\/span><\/h5><h5 class=\"tm9\"><span class=\"tm18\">PREV IGARAPAVA:\u00a0<\/span><span class=\"tm19\">3172 \u2013 4776.<\/span><span class=\"tm18\">\u00a0\u00a0<\/span><\/h5><h5 class=\"tm9\"><span class=\"tm18\">TIRO DE GUERRA:<\/span><span class=\"tm18\">\u00a0<\/span><span class=\"tm19\">3172 \u2013 4022<\/span><\/h5><h5 class=\"tm9\"><span class=\"tm18\">VIGIL\u00c2NCIA SANIT\u00c1RIA:\u00a0<\/span><span class=\"tm19\">3172- 1016<\/span><\/h5><h5 class=\"tm9\"><span class=\"tm18\">SECRETARIA MUNICIPAL DE SA\u00daDE:<\/span><span class=\"tm19\">\u00a0016 3172-3086\u00a0<\/span><\/h5><h5 class=\"tm9\"><span class=\"tm18\">CENTRO DE ESPECIALIZA\u00c7\u00c3O M\u00c9DICA:<\/span><span class=\"tm18\">\u00a0<\/span><span class=\"tm19\">3172 \u2013 5547<\/span><\/h5><h5 class=\"tm9\"><span class=\"tm18\">CENTRO DE ATEN\u00c7\u00c3O PSICOSSOCIAL -CAPS:<\/span><span class=\"tm10\">\u00a0<\/span><span class=\"tm19\">3172 \u2013 5801<\/span><\/h5><h5 class=\"tm9\"><span class=\"tm18\">ESF WALDIR:<\/span><span class=\"tm18\">\u00a0<\/span><span class=\"tm19\">3172 \u2013 7559<\/span><\/h5><h5 class=\"tm9\"><span class=\"tm18\">ESF VALDA MARIA DOS SANTOS SOUZA:<\/span><span class=\"tm18\">\u00a0<\/span><span class=\"tm19\">3172 \u2013 7567<\/span><\/h5><h5 class=\"tm9\"><span class=\"tm18\">ESF EVARISTO RODRIGUES NUNES:<\/span><span class=\"tm10\">\u00a0<\/span><span class=\"tm19\">3172 \u2013 4960<\/span><\/h5><h5 class=\"tm9\"><span class=\"tm18\">ESF VILA GOMES:<\/span><span class=\"tm18\">\u00a0<\/span><span class=\"tm19\">3172 \u2013 5016<\/span><\/h5><h5 class=\"tm9\"><span class=\"tm18\">ESF SAUDADE:<\/span><span class=\"tm18\">\u00a0<\/span><span class=\"tm19\">3172 \u2013 1289<\/span><\/h5><h5 class=\"tm9\"><span class=\"tm18\">ESF POSTO CENTRAL:<\/span><span class=\"tm18\">\u00a0<\/span><span class=\"tm19\">3172 \u2013 4581<\/span><\/h5><h5 class=\"tm9\"><span class=\"tm18\">ESTA\u00c7\u00c3O SA\u00daDE:<\/span><span class=\"tm18\">\u00a0<\/span><span class=\"tm19\">3172 \u2013 2922.<\/span><\/h5><h5 class=\"tm9\"><span class=\"tm18\">SANTA CASA DE IGARAPAVA:<\/span><span class=\"tm19\">\u00a03172 \u2013 1090<\/span><\/h5><h5 class=\"tm9\"><span class=\"tm18\">SECRETARIA MUNICIPAL DE EDUCA\u00c7\u00c3O:\u00a0<\/span><span class=\"tm19\">16 3172-6395\u00a0\/ 3172-5691<\/span><\/h5><h5 class=\"tm9\"><span class=\"tm18\">EE. Prof. MARTINHO SYLVIO BIZUTTI:<\/span><span class=\"tm19\">\u00a03172 \u2013 1621<\/span><\/h5><h5 class=\"tm9\"><span class=\"tm18\">EM DR. NICOLAU SAAD:<\/span><span class=\"tm18\">\u00a0<\/span><span class=\"tm19\">3172-4876<\/span><\/h5><h5 class=\"tm9\"><span class=\"tm18\">EMEF ALFREDO CES\u00c1RIO:<\/span><span class=\"tm18\">\u00a0<\/span><span class=\"tm19\">3172-1405<\/span><\/h5><h5 class=\"tm9\"><span class=\"tm18\">EMEF CORONEL QUITO JUNQUEIRA:\u00a0<\/span><span class=\"tm19\">3172- 0339<\/span><\/h5><h5 class=\"tm9\"><span class=\"tm18\">EMEI MARIA CONCEI\u00c7\u00c3O:\u00a0<\/span><span class=\"tm19\">3172-6732<\/span><\/h5><h5 class=\"tm9\"><span class=\"tm18\">EMEI LUCY ELENA GOMES BORTOLETO:<\/span><span class=\"tm18\">\u00a0<\/span><span class=\"tm19\">3172-1004.<\/span><\/h5><h5 class=\"tm9\"><span class=\"tm18\">EMEI JARDEL DOMENGHI:\u00a0<\/span><span class=\"tm19\">3172-3331\u00a0OU\u00a03172-2994<\/span><\/h5><h5 class=\"tm9\"><span class=\"tm18\">EMEI ORLANDO GOMES DA SILVA:\u00a0<\/span><span class=\"tm19\">3172-3189\u00a0OU\u00a03172-1762<\/span><\/h5><h5 class=\"tm9\"><span class=\"tm18\">EMEI PAULO BORTOLETTO:\u00a0<\/span><span class=\"tm19\">3172 \u2013 5863<\/span><\/h5><h5 class=\"tm9\"><span class=\"tm18\">EMEI DIANA CALIL JARDIM:\u00a0<\/span><span class=\"tm19\">3172 \u2013 7563<\/span><\/h5><h5 class=\"tm9\"><span class=\"tm18\">EMEI WALDEMAR B. PESSOA:\u00a0<\/span><span class=\"tm19\">3172 \u2013 0163<\/span><\/h5><h5 class=\"tm9\"><span class=\"tm18\">EMEI. LUC\u00c9LIA DE SOUZA:<\/span><span class=\"tm18\">\u00a0<\/span><span class=\"tm19\">3172 \u2013 1113<\/span><\/h5><h5 class=\"tm9\"><span class=\"tm18\">EMEI CHEDA JOS\u00c9:<\/span><span class=\"tm18\">\u00a0<\/span><span class=\"tm19\">3172-2339<\/span><\/h5><h5 class=\"tm9\"><span class=\"tm18\">EMEI ALBERTO FARIA:\u00a0<\/span><span class=\"tm19\">3172-2314<\/span><\/h5><h5 class=\"tm9\"><span class=\"tm18\">EMEF ALFREDO CES\u00c1RIO:<\/span><span class=\"tm18\">\u00a0<\/span><span class=\"tm19\">3172-1405<\/span><\/h5><h5 class=\"tm9\"><span class=\"tm18\">EMEF CHICO RIBEIRO:\u00a0<\/span><span class=\"tm19\">3172-1809<\/span><\/h5><h5 class=\"tm9\"><span class=\"tm18\">EMEF DANTES:<\/span><span class=\"tm19\">\u00a03172-1301<\/span><\/h5><h5 class=\"tm9\"><span class=\"tm18\">ETEC. ANTONI<\/span><span class=\"tm18\">O JUNQUEIRA DA VEIGA:<\/span><span class=\"tm19\">\u00a03172 \u2013 1814.<\/span><\/h5>\t\t\t\t\t\t\t\t<\/div>\n\t\t\t\t\t<\/div>\n\t\t\t\t<\/div>\n\t\t\t\t<\/div>\n\t\t","protected":false},"excerpt":{"rendered":"<p>PREFEITURA MUNICIPAL DE IGARAPAVA\u00a0:\u00a0016 3173-8200 CHEFE DE GABINETE:\u00a03173-8211 GABINETE DO PREFEITO:\u00a03173-8202 COMPRAS:\u00a03173-8203 CONTABILIDADE:\u00a03173-8205 ENGENHARIA:\u00a03173-8208 EXECU\u00c7\u00c3O FISCAL:\u00a03173-8209 FINANCEIRO:\u00a03173-8210 JUR\u00cdDICO:\u00a03173-8212 LICITA\u00c7\u00c3O:\u00a03173-8213 OUVIDORIA:\u00a03173-8214 PROTOCOLO:\u00a03173-8215 RECURSOS HUMANOS:\u00a03173-8216 \/ 3172 \u2013 3878 SECRETARIA:\u00a03173-8217 TESOURARIA:\u00a03173-8218 TRIBUTA\u00c7\u00c3O:\u00a03173-8219 DESTACAMENTO MILITAR:\u00a03172 \u2013 2824. DELEGACIA:\u00a03172 \u2013 1144. CONSELHO TUTELAR:\u00a03172 \u2013 3758 \/ 98875-6609 CENTRO OPERACIONAL:\u00a03172 \u2013 1582 \/ 3172-1022 \/ 3173 &#8211; 8199 CASA DA [&hellip;]<\/p>\n","protected":false},"author":1,"featured_media":0,"parent":0,"menu_order":0,"comment_status":"closed","ping_status":"closed","template":"","meta":{"footnotes":""},"class_list":["post-31","page","type-page","status-publish","hentry"],"_links":{"self":[{"href":"https:\/\/igarapava.sp.gov.br\/site\/wp-json\/wp\/v2\/pages\/31","targetHints":{"allow":["GET"]}}],"collection":[{"href":"https:\/\/igarapava.sp.gov.br\/site\/wp-json\/wp\/v2\/pages"}],"about":[{"href":"https:\/\/igarapava.sp.gov.br\/site\/wp-json\/wp\/v2\/types\/page"}],"author":[{"embeddable":true,"href":"https:\/\/igarapava.sp.gov.br\/site\/wp-json\/wp\/v2\/users\/1"}],"replies":[{"embeddable":true,"href":"https:\/\/igarapava.sp.gov.br\/site\/wp-json\/wp\/v2\/comments?post=31"}],"version-history":[{"count":23,"href":"https:\/\/igarapava.sp.gov.br\/site\/wp-json\/wp\/v2\/pages\/31\/revisions"}],"predecessor-version":[{"id":1561,"href":"https:\/\/igarapava.sp.gov.br\/site\/wp-json\/wp\/v2\/pages\/31\/revisions\/1561"}],"wp:attachment":[{"href":"https:\/\/igarapava.sp.gov.br\/site\/wp-json\/wp\/v2\/media?parent=31"}],"curies":[{"name":"wp","href":"https:\/\/api.w.org\/{rel}","templated":true}]}}