{"id":2724,"date":"2025-05-05T10:50:47","date_gmt":"2025-05-05T13:50:47","guid":{"rendered":"https:\/\/igarapava.sp.gov.br\/site\/?page_id=2724"},"modified":"2026-03-02T15:20:26","modified_gmt":"2026-03-02T18:20:26","slug":"lei-aldir-blanc","status":"publish","type":"page","link":"https:\/\/igarapava.sp.gov.br\/site\/lei-aldir-blanc\/","title":{"rendered":"Lei Aldir Blanc"},"content":{"rendered":"\t\t<div data-elementor-type=\"wp-page\" data-elementor-id=\"2724\" class=\"elementor elementor-2724\" data-elementor-post-type=\"page\">\n\t\t\t\t<div class=\"elementor-element elementor-element-230765f9 e-flex e-con-boxed e-con e-parent\" data-id=\"230765f9\" data-element_type=\"container\" data-e-type=\"container\">\n\t\t\t\t\t<div class=\"e-con-inner\">\n\t\t\t\t<div class=\"elementor-element elementor-element-c10cd25 elementor-widget elementor-widget-image\" data-id=\"c10cd25\" data-element_type=\"widget\" data-e-type=\"widget\" data-widget_type=\"image.default\">\n\t\t\t\t\t\t\t\t\t\t\t\t\t\t\t<img decoding=\"async\" width=\"150\" height=\"150\" src=\"https:\/\/igarapava.sp.gov.br\/site\/wp-content\/uploads\/2025\/08\/Sem-Titulo-1-150x150.jpg\" class=\"attachment-thumbnail size-thumbnail wp-image-3941\" alt=\"\" \/>\t\t\t\t\t\t\t\t\t\t\t\t\t\t\t<\/div>\n\t\t\t\t<div class=\"elementor-element elementor-element-f110475 elementor-widget elementor-widget-text-editor\" data-id=\"f110475\" data-element_type=\"widget\" data-e-type=\"widget\" data-widget_type=\"text-editor.default\">\n\t\t\t\t\t\t\t\t\t<p>A Lei n\u00ba 14.399, de 8 de julho de 2022, que cria a Pol\u00edtica Nacional Aldir Blanc de Fomento \u00e0 Cultura &#8211; PNAB (Pol\u00edtica Nacional Aldir Blanc de Fomento \u00e0 Cultura) de 2024 \u00e9 uma iniciativa do governo federal que visa apoiar o setor cultural de forma cont\u00ednua, atrav\u00e9s de repasses de recursos da Uni\u00e3o para estados, munic\u00edpios e o Distrito Federal. O objetivo \u00e9 fomentar a cultura em todo o Brasil, estruturando o sistema federativo de financiamento \u00e0 cultura para diversos setores culturais, incluindo artes visuais, m\u00fasica, teatro, audiovisual, entre outros.<br \/><br \/>Acesse os documentos a seguir:<\/p>\t\t\t\t\t\t\t\t<\/div>\n\t\t\t\t<div class=\"elementor-element elementor-element-092d01b elementor-widget elementor-widget-n-accordion\" data-id=\"092d01b\" data-element_type=\"widget\" data-e-type=\"widget\" data-settings=\"{&quot;default_state&quot;:&quot;all_collapsed&quot;,&quot;max_items_expended&quot;:&quot;one&quot;,&quot;n_accordion_animation_duration&quot;:{&quot;unit&quot;:&quot;ms&quot;,&quot;size&quot;:400,&quot;sizes&quot;:[]}}\" data-widget_type=\"nested-accordion.default\">\n\t\t\t\t\t\t\t<div class=\"e-n-accordion\" aria-label=\"Accordion. Open links with Enter or Space, close with Escape, and navigate with Arrow Keys\">\n\t\t\t\t\t\t<details id=\"e-n-accordion-item-9620\" class=\"e-n-accordion-item\" >\n\t\t\t\t<summary class=\"e-n-accordion-item-title\" data-accordion-index=\"1\" tabindex=\"0\" aria-expanded=\"false\" aria-controls=\"e-n-accordion-item-9620\" >\n\t\t\t\t\t<span class='e-n-accordion-item-title-header'><div class=\"e-n-accordion-item-title-text\"> 2025 <\/div><\/span>\n\t\t\t\t\t\t\t<span class='e-n-accordion-item-title-icon'>\n\t\t\t<span class='e-opened' ><svg aria-hidden=\"true\" class=\"e-font-icon-svg e-fas-minus\" viewBox=\"0 0 448 512\" xmlns=\"http:\/\/www.w3.org\/2000\/svg\"><path d=\"M416 208H32c-17.67 0-32 14.33-32 32v32c0 17.67 14.33 32 32 32h384c17.67 0 32-14.33 32-32v-32c0-17.67-14.33-32-32-32z\"><\/path><\/svg><\/span>\n\t\t\t<span class='e-closed'><svg aria-hidden=\"true\" class=\"e-font-icon-svg e-fas-plus\" viewBox=\"0 0 448 512\" xmlns=\"http:\/\/www.w3.org\/2000\/svg\"><path d=\"M416 208H272V64c0-17.67-14.33-32-32-32h-32c-17.67 0-32 14.33-32 32v144H32c-17.67 0-32 14.33-32 32v32c0 17.67 14.33 32 32 32h144v144c0 17.67 14.33 32 32 32h32c17.67 0 32-14.33 32-32V304h144c17.67 0 32-14.33 32-32v-32c0-17.67-14.33-32-32-32z\"><\/path><\/svg><\/span>\n\t\t<\/span>\n\n\t\t\t\t\t\t<\/summary>\n\t\t\t\t<div role=\"region\" aria-labelledby=\"e-n-accordion-item-9620\" class=\"elementor-element elementor-element-91a0764 e-con-full e-flex e-con e-child\" data-id=\"91a0764\" data-element_type=\"container\" data-e-type=\"container\">\n\t\t\t\t<div class=\"elementor-element elementor-element-18082714 elementor-widget elementor-widget-text-editor\" data-id=\"18082714\" data-element_type=\"widget\" data-e-type=\"widget\" data-widget_type=\"text-editor.default\">\n\t\t\t\t\t\t\t\t\t<p><a href=\"https:\/\/igarapava.sp.gov.br\/site\/wp-content\/uploads\/2025\/10\/RESULTADO-FINAL-Edital-PNAB-no.-02-2025-IGARAPAVA-FESTIVAL.pdf\">RESULTADO FINAL Edital PNAB no. 02-2025 IGARAPAVA FESTIVAL<\/a><\/p>\n<p><a href=\"https:\/\/igarapava.sp.gov.br\/site\/wp-content\/uploads\/2025\/10\/edital-PNAB-no-02-2025-SELECIONADOS-E-NAO-SELECIONADOS.pdf\">Edital PNAB n\u00ba 02-2025-SELECIONADOS E N\u00c3O SELECIONADOS<\/a><\/p>\n<p><a href=\"https:\/\/igarapava.sp.gov.br\/site\/wp-content\/uploads\/2025\/10\/edital-02-2025-LISTA-DE-INSCRITOS-PNAB-IGARAPAVA-FESTIVAL.pdf\">LISTA DE INSCRITOS<\/a><\/p>\n<p><span style=\"font-weight: bolder;\"><a href=\"https:\/\/igarapava.sp.gov.br\/site\/wp-content\/uploads\/2025\/09\/PRORROGACAO-Edital-02-2025-PNAB-CICLO1-.pdf\">PRORROGA\u00c7\u00c3O Edital 02-2025 PNAB CICLO1<\/a><\/span><\/p>\n<p><a href=\"https:\/\/igarapava.sp.gov.br\/site\/wp-content\/uploads\/2025\/09\/EDITAL-FOMENTO-FESTIVAL-IGARAPAVA-2.pdf\">EDITAL FOMENTO FESTIVAL IGARAPAVA<\/a><\/p>\n<p><a href=\"https:\/\/igarapava.sp.gov.br\/site\/wp-content\/uploads\/2025\/09\/ANEXO-I-VALORES-FESTIVAL-IGARAPAVA.pdf\">ANEXO I VALORES FESTIVAL IGARAPAVA<\/a><\/p>\n<p><a style=\"background-color: #ffffff;\" href=\"https:\/\/igarapava.sp.gov.br\/site\/wp-content\/uploads\/2025\/09\/ANEXO-II-INSCRICAO-IGARAPAVA.docx\">ANEXO II &#8211; INSCRI\u00c7\u00c3O IGARAPAVA<\/a><\/p>\n<p><a style=\"background-color: #ffffff;\" href=\"https:\/\/igarapava.sp.gov.br\/site\/wp-content\/uploads\/2025\/09\/ANEXO-III-CRITERIOS-PARA-IGARAPAVA.docx\">ANEXO III CRIT\u00c9RIOS PARA IGARAPAVA<\/a><\/p>\n<p><a style=\"background-color: #ffffff;\" href=\"https:\/\/igarapava.sp.gov.br\/site\/wp-content\/uploads\/2025\/09\/ANEXO-IV-TERMO-EXECUCAO-FESTIVAL-IGARAPAVA.docx\">ANEXO IV TERMO EXECU\u00c7\u00c3O FESTIVAL IGARAPAVA<\/a><\/p>\n<p><a style=\"background-color: #ffffff;\" href=\"https:\/\/igarapava.sp.gov.br\/site\/wp-content\/uploads\/2025\/09\/ANEXO-V-RELATORIO-FINAL-POS-TERMINO-PROJETOS-IGARAPAVA.docx\">ANEXO V RELAT\u00d3RIO FINAL P\u00d3S T\u00c9RMINO PROJETOS IGARAPAVA<\/a><\/p>\n<p><a style=\"background-color: #ffffff;\" href=\"https:\/\/igarapava.sp.gov.br\/site\/wp-content\/uploads\/2025\/09\/ANEXO-VI-REPRESENTACAO-GRUPOS-IGARAPAVA-1.docx\">ANEXO VI REPRESENTA\u00c7\u00c3O GRUPOS IGARAPAVA (1)<\/a><\/p>\n<p><a style=\"background-color: #ffffff;\" href=\"https:\/\/igarapava.sp.gov.br\/site\/wp-content\/uploads\/2025\/09\/ANEXO-VII-COTAS-IGARAPAVA.docx\">ANEXO VII COTAS IGARAPAVA<\/a><\/p>\n<p><a style=\"background-color: #ffffff;\" href=\"https:\/\/igarapava.sp.gov.br\/site\/wp-content\/uploads\/2025\/09\/ANEXO-VIII-MODELO-PROJETO-FESTIVAL-IGARAPAVA.docx\">ANEXO VIII MODELO PROJETO FESTIVAL IGARAPAVA<\/a><\/p>\n<p><a href=\"https:\/\/igarapava.sp.gov.br\/site\/wp-content\/uploads\/2025\/09\/ANEXO-IX-MODELO-DE-RECURSO-IGARAPAVA.docx\">ANEXO IX MODELO DE RECURSO IGARAPAVA<\/a><\/p>\n<p>\u00a0<\/p>\n<h2><strong>CICLO 01<\/strong><\/h2>\n<a  data-e-Disable-Page-Transition=\"true\" class=\"download-link\" title=\"\" href=\"https:\/\/igarapava.sp.gov.br\/site\/baixar\/3213\/?tmstv=1775546140\" rel=\"nofollow\" id=\"download-link-3213\" data-redirect=\"false\" >\n\tRESULTADO FINAL PNAB IGARAPAVA<\/a>\n\n<p><a href=\"https:\/\/igarapava.sp.gov.br\/site\/wp-content\/uploads\/2025\/05\/SELECIONADOS-E-NAO-SELECIONADOS.pdf\" target=\"_blank\" rel=\"noopener\">SELECIONADOS E N\u00c3O SELECIONADOS<\/a><\/p>\n<a  data-e-Disable-Page-Transition=\"true\" class=\"download-link\" title=\"\" href=\"https:\/\/igarapava.sp.gov.br\/site\/baixar\/3180\/?tmstv=1775546140\" rel=\"nofollow\" id=\"download-link-3180\" data-redirect=\"false\" >\n\tRETIFICACAO-DA-LISTA-DE-INSCRITOS-PNAB-IGARAPAVA-1.pdf<\/a>\n\n<p><a  data-e-Disable-Page-Transition=\"true\" class=\"download-link\" title=\"\" href=\"https:\/\/igarapava.sp.gov.br\/site\/baixar\/3169\/?tmstv=1775546140\" rel=\"nofollow\" id=\"download-link-3169\" data-redirect=\"false\" >\n\tLISTA-DE-INSCRITOS-PNAB-IGARAPAVA-1.pdf<\/a>\n<strong><br \/><\/strong><\/p>\n<p><!-- \/wp:paragraph --><!-- wp:file {\"id\":2820,\"href\":\"https:\/\/igarapava.sp.gov.br\/site\/wp-content\/uploads\/2025\/05\/PRORROGACAO-IGARAPAVA-2025.pdf\",\"displayPreview\":true} --><\/p>\n<div><a href=\"https:\/\/igarapava.sp.gov.br\/site\/wp-content\/uploads\/2025\/05\/PRORROGACAO-IGARAPAVA-2025.pdf\">PRORROGA\u00c7\u00c3O IGARAPAVA 2025<\/a><a href=\"https:\/\/igarapava.sp.gov.br\/site\/wp-content\/uploads\/2025\/05\/PRORROGACAO-IGARAPAVA-2025.pdf\" download=\"\" aria-describedby=\"wp-block-file--media-8fcda99f-2785-457b-8138-d203735720c5\">Baixar<\/a><\/div>\n<p><!-- \/wp:file --><!-- wp:columns --><\/p>\n<div>\n<p><!-- wp:column {\"width\":\"100%\"} --><\/p>\n<div style=\"flex-basis: 100%;\">\n<p><!-- wp:file {\"id\":2727,\"href\":\"https:\/\/igarapava.sp.gov.br\/site\/wp-content\/uploads\/2025\/05\/1-ANEXO-I-VALORES-IGARAPAVA-1-1-1.pdf\",\"displayPreview\":true,\"previewHeight\":601} --><\/p>\n<div><a href=\"https:\/\/igarapava.sp.gov.br\/site\/wp-content\/uploads\/2025\/05\/1-ANEXO-I-VALORES-IGARAPAVA-1-1-1.pdf\" target=\"_blank\" rel=\"noreferrer noopener\">1 ANEXO I VALORES IGARAPAVA-1 (1)<\/a><a href=\"https:\/\/igarapava.sp.gov.br\/site\/wp-content\/uploads\/2025\/05\/1-ANEXO-I-VALORES-IGARAPAVA-1-1-1.pdf\" download=\"\" aria-describedby=\"wp-block-file--media-91bca941-b875-4070-a19e-9cf3e8c91c66\">Baixar<\/a><\/div>\n<p><!-- \/wp:file --><\/p>\n<\/div>\n<p><!-- \/wp:column --><\/p>\n<\/div>\n<p><!-- \/wp:columns --><!-- wp:file {\"id\":2728,\"href\":\"https:\/\/igarapava.sp.gov.br\/site\/wp-content\/uploads\/2025\/05\/EDITAL-FOMENTO-IGARAPAVA-original-publicado-1.pdf\",\"displayPreview\":true} --><\/p>\n<div><a href=\"https:\/\/igarapava.sp.gov.br\/site\/wp-content\/uploads\/2025\/05\/EDITAL-FOMENTO-IGARAPAVA-original-publicado-1.pdf\">EDITAL FOMENTO IGARAPAVA original publicado<\/a><a href=\"https:\/\/igarapava.sp.gov.br\/site\/wp-content\/uploads\/2025\/05\/EDITAL-FOMENTO-IGARAPAVA-original-publicado-1.pdf\" download=\"\" aria-describedby=\"wp-block-file--media-74093de2-90f4-45ba-a164-2c276d22b8db\">Baixar<\/a><\/div>\n<p><!-- \/wp:file --><!-- wp:file {\"id\":2737,\"href\":\"https:\/\/igarapava.sp.gov.br\/site\/wp-content\/uploads\/2025\/05\/ANEXO-IX-MODELO-DE-RECURSO-IGARAPAVA-1.docx\"} --><\/p>\n<div><a href=\"https:\/\/igarapava.sp.gov.br\/site\/wp-content\/uploads\/2025\/05\/ANEXO-IX-MODELO-DE-RECURSO-IGARAPAVA-1.docx\">ANEXO IX MODELO DE RECURSO IGARAPAVA<\/a><a href=\"https:\/\/igarapava.sp.gov.br\/site\/wp-content\/uploads\/2025\/05\/ANEXO-IX-MODELO-DE-RECURSO-IGARAPAVA-1.docx\" download=\"\" aria-describedby=\"wp-block-file--media-61e2eb35-ef93-4033-ace0-852a8ed035b3\">Baixar<\/a><\/div>\n<p><!-- \/wp:file --><!-- wp:file {\"id\":2740,\"href\":\"https:\/\/igarapava.sp.gov.br\/site\/wp-content\/uploads\/2025\/05\/ANEXO-II-INSCRICAO-IGARAPAVA-1.docx\"} --><\/p>\n<div><a href=\"https:\/\/igarapava.sp.gov.br\/site\/wp-content\/uploads\/2025\/05\/ANEXO-II-INSCRICAO-IGARAPAVA-1.docx\">ANEXO II INSCRI\u00c7\u00c3O IGARAPAVA<\/a><a href=\"https:\/\/igarapava.sp.gov.br\/site\/wp-content\/uploads\/2025\/05\/ANEXO-II-INSCRICAO-IGARAPAVA-1.docx\" download=\"\" aria-describedby=\"wp-block-file--media-4d8a2cb4-ae72-48a7-b89a-35965a7f05f5\">Baixar<\/a><\/div>\n<p><!-- \/wp:file --><!-- wp:file {\"id\":2739,\"href\":\"https:\/\/igarapava.sp.gov.br\/site\/wp-content\/uploads\/2025\/05\/ANEXO-III-CRITERIOS-PEREIRA-IGARAPAVA-1-1.docx\"} --><\/p>\n<div><a href=\"https:\/\/igarapava.sp.gov.br\/site\/wp-content\/uploads\/2025\/05\/ANEXO-III-CRITERIOS-PEREIRA-IGARAPAVA-1-1.docx\">ANEXO III CRIT\u00c9RIOS PEREIRA IGARAPAVA (1)<\/a><a href=\"https:\/\/igarapava.sp.gov.br\/site\/wp-content\/uploads\/2025\/05\/ANEXO-III-CRITERIOS-PEREIRA-IGARAPAVA-1-1.docx\" download=\"\" aria-describedby=\"wp-block-file--media-968c1437-5ebb-4395-a9a1-b1bc1aaee372\">Baixar<\/a><\/div>\n<p><!-- \/wp:file --><!-- wp:file {\"id\":2742,\"href\":\"https:\/\/igarapava.sp.gov.br\/site\/wp-content\/uploads\/2025\/05\/ANEXO-IV-TERMO-EXECUCAO-IGARAPAVA-1.docx\"} --><\/p>\n<div><a href=\"https:\/\/igarapava.sp.gov.br\/site\/wp-content\/uploads\/2025\/05\/ANEXO-IV-TERMO-EXECUCAO-IGARAPAVA-1.docx\">ANEXO IV TERMO EXECU\u00c7\u00c3O IGARAPAVA<\/a><a href=\"https:\/\/igarapava.sp.gov.br\/site\/wp-content\/uploads\/2025\/05\/ANEXO-IV-TERMO-EXECUCAO-IGARAPAVA-1.docx\" download=\"\" aria-describedby=\"wp-block-file--media-aab645ea-97f4-4e80-a4be-125b2cad4d0f\">Baixar<\/a><\/div>\n<p><!-- \/wp:file --><!-- wp:file {\"id\":2743,\"href\":\"https:\/\/igarapava.sp.gov.br\/site\/wp-content\/uploads\/2025\/05\/ANEXO-V-RELATORIO-FINAL-POS-TERMINO-PROJETOS-IGARAPAVA-1.docx\"} --><\/p>\n<div><a href=\"https:\/\/igarapava.sp.gov.br\/site\/wp-content\/uploads\/2025\/05\/ANEXO-V-RELATORIO-FINAL-POS-TERMINO-PROJETOS-IGARAPAVA-1.docx\">ANEXO V RELAT\u00d3RIO FINAL P\u00d3S T\u00c9RMINO PROJETOS IGARAPAVA<\/a><a href=\"https:\/\/igarapava.sp.gov.br\/site\/wp-content\/uploads\/2025\/05\/ANEXO-V-RELATORIO-FINAL-POS-TERMINO-PROJETOS-IGARAPAVA-1.docx\" download=\"\" aria-describedby=\"wp-block-file--media-408fbce4-a1aa-4c80-af73-1e89ec92943e\">Baixar<\/a><\/div>\n<p><!-- \/wp:file --><!-- wp:file {\"id\":2738,\"href\":\"https:\/\/igarapava.sp.gov.br\/site\/wp-content\/uploads\/2025\/05\/ANEXO-VI-REPRESENTACAO-GRUPOS-IGARAPAVA-1.docx\"} --><\/p>\n<div><a href=\"https:\/\/igarapava.sp.gov.br\/site\/wp-content\/uploads\/2025\/05\/ANEXO-VI-REPRESENTACAO-GRUPOS-IGARAPAVA-1.docx\">ANEXO VI REPRESENTA\u00c7\u00c3O GRUPOS IGARAPAVA<\/a><a href=\"https:\/\/igarapava.sp.gov.br\/site\/wp-content\/uploads\/2025\/05\/ANEXO-VI-REPRESENTACAO-GRUPOS-IGARAPAVA-1.docx\" download=\"\" aria-describedby=\"wp-block-file--media-7d47d788-7887-4544-9b06-79d53a6ab0ca\">Baixar<\/a><\/div>\n<p><!-- \/wp:file --><!-- wp:file {\"id\":2741,\"href\":\"https:\/\/igarapava.sp.gov.br\/site\/wp-content\/uploads\/2025\/05\/ANEXO-VII-COTAS-IGARAPAVA-1.docx\"} --><\/p>\n<div><a href=\"https:\/\/igarapava.sp.gov.br\/site\/wp-content\/uploads\/2025\/05\/ANEXO-VII-COTAS-IGARAPAVA-1.docx\">ANEXO VII COTAS IGARAPAVA<\/a><a href=\"https:\/\/igarapava.sp.gov.br\/site\/wp-content\/uploads\/2025\/05\/ANEXO-VII-COTAS-IGARAPAVA-1.docx\" download=\"\" aria-describedby=\"wp-block-file--media-e2baef9a-7060-4d5c-a0b3-540f6d3732d5\">Baixar<\/a><\/div>\n<p><!-- \/wp:file --><!-- wp:file {\"id\":2744,\"href\":\"https:\/\/igarapava.sp.gov.br\/site\/wp-content\/uploads\/2025\/05\/ANEXO-VIII-MODELO-PROJETO-IGARAPAVA-1-1.docx\"} --><\/p>\n<div><a href=\"https:\/\/igarapava.sp.gov.br\/site\/?attachment_id=2744\" target=\"_blank\" rel=\"noreferrer noopener\">ANEXO VIII MODELO PROJETO IGARAPAVA (1)<\/a><a href=\"https:\/\/igarapava.sp.gov.br\/site\/wp-content\/uploads\/2025\/05\/ANEXO-VIII-MODELO-PROJETO-IGARAPAVA-1-1.docx\" download=\"\" aria-describedby=\"wp-block-file--media-1f9f1572-ef17-4abb-9d9b-de20a750d973\">Baixar<\/a><\/div>\n<p><!-- \/wp:file --><!-- wp:paragraph {\"fontSize\":\"small\"} --><\/p>\n<h2><strong>CICLO 02<\/strong><\/h2>\n<p><!-- \/wp:paragraph --><!-- wp:paragraph --><\/p>\n<p><!-- \/wp:paragraph --><\/p>\t\t\t\t\t\t\t\t<\/div>\n\t\t\t\t<div class=\"elementor-element elementor-element-47d4e2e elementor-widget elementor-widget-button\" data-id=\"47d4e2e\" data-element_type=\"widget\" data-e-type=\"widget\" data-widget_type=\"button.default\">\n\t\t\t\t\t\t\t\t\t\t<a class=\"elementor-button elementor-button-link elementor-size-sm\" href=\"https:\/\/igarapava.sp.gov.br\/site\/wp-content\/uploads\/2025\/08\/Lista-de-Presenca.pdf\" target=\"_blank\">\n\t\t\t\t\t\t<span class=\"elementor-button-content-wrapper\">\n\t\t\t\t\t\t\t\t\t<span class=\"elementor-button-text\">LISTA DE PRESEN\u00c7A PNAB CICLO 2<\/span>\n\t\t\t\t\t<\/span>\n\t\t\t\t\t<\/a>\n\t\t\t\t\t\t\t\t<\/div>\n\t\t\t\t<div class=\"elementor-element elementor-element-82870cb elementor-widget elementor-widget-button\" data-id=\"82870cb\" data-element_type=\"widget\" data-e-type=\"widget\" data-widget_type=\"button.default\">\n\t\t\t\t\t\t\t\t\t\t<a class=\"elementor-button elementor-button-link elementor-size-sm\" href=\"https:\/\/igarapava.sp.gov.br\/site\/wp-content\/uploads\/2025\/08\/ATA-ASSEMBLEIA-PNAB-CICLO-2.pdf\" target=\"_blank\">\n\t\t\t\t\t\t<span class=\"elementor-button-content-wrapper\">\n\t\t\t\t\t\t\t\t\t<span class=\"elementor-button-text\">ATA ASSEMBL\u00c9IA PNAB CICLO 2<\/span>\n\t\t\t\t\t<\/span>\n\t\t\t\t\t<\/a>\n\t\t\t\t\t\t\t\t<\/div>\n\t\t\t\t<div class=\"elementor-element elementor-element-80bb81f elementor-widget elementor-widget-button\" data-id=\"80bb81f\" data-element_type=\"widget\" data-e-type=\"widget\" data-widget_type=\"button.default\">\n\t\t\t\t\t\t\t\t\t\t<a class=\"elementor-button elementor-button-link elementor-size-sm\" href=\"https:\/\/igarapava.sp.gov.br\/site\/wp-content\/uploads\/2025\/08\/DIVULGACAO-Consulta-publica-PNAB.pdf\" target=\"_blank\">\n\t\t\t\t\t\t<span class=\"elementor-button-content-wrapper\">\n\t\t\t\t\t\t\t\t\t<span class=\"elementor-button-text\">DIVULGA\u00c7\u00c3O  Consulta p\u00fablica PNAB<\/span>\n\t\t\t\t\t<\/span>\n\t\t\t\t\t<\/a>\n\t\t\t\t\t\t\t\t<\/div>\n\t\t\t\t<div class=\"elementor-element elementor-element-8b76c99 elementor-widget elementor-widget-button\" data-id=\"8b76c99\" data-element_type=\"widget\" data-e-type=\"widget\" data-widget_type=\"button.default\">\n\t\t\t\t\t\t\t\t\t\t<a class=\"elementor-button elementor-button-link elementor-size-sm\" href=\"https:\/\/igarapava.sp.gov.br\/site\/wp-content\/uploads\/2025\/11\/EXTRATO-PAR-CICLO2-IGARAPAVA.pdf\" target=\"_blank\">\n\t\t\t\t\t\t<span class=\"elementor-button-content-wrapper\">\n\t\t\t\t\t\t\t\t\t<span class=\"elementor-button-text\">EXTRATO PAR CICLO2 IGARAPAVA<\/span>\n\t\t\t\t\t<\/span>\n\t\t\t\t\t<\/a>\n\t\t\t\t\t\t\t\t<\/div>\n\t\t\t\t<div class=\"elementor-element elementor-element-cac6075 elementor-widget elementor-widget-button\" data-id=\"cac6075\" data-element_type=\"widget\" data-e-type=\"widget\" data-widget_type=\"button.default\">\n\t\t\t\t\t\t\t\t\t\t<a class=\"elementor-button elementor-button-link elementor-size-sm\" href=\"https:\/\/igarapava.sp.gov.br\/site\/wp-content\/uploads\/2025\/11\/FOTO-DA-ASSEMBLEIA-PNAB-CICLO-2.pdf\" target=\"_blank\">\n\t\t\t\t\t\t<span class=\"elementor-button-content-wrapper\">\n\t\t\t\t\t\t\t\t\t<span class=\"elementor-button-text\">FOTO DA ASSEMBL\u00c9IA PNAB CICLO 2<\/span>\n\t\t\t\t\t<\/span>\n\t\t\t\t\t<\/a>\n\t\t\t\t\t\t\t\t<\/div>\n\t\t\t\t<\/div>\n\t\t\t\t\t<\/details>\n\t\t\t\t\t<\/div>\n\t\t\t\t\t\t<\/div>\n\t\t\t\t\t<\/div>\n\t\t\t\t<\/div>\n\t\t\t\t<\/div>\n\t\t","protected":false},"excerpt":{"rendered":"<p>A Lei n\u00ba 14.399, de 8 de julho de 2022, que cria a Pol\u00edtica Nacional Aldir Blanc de Fomento \u00e0 Cultura &#8211; PNAB (Pol\u00edtica Nacional Aldir Blanc de Fomento \u00e0 Cultura) de 2024 \u00e9 uma iniciativa do governo federal que visa apoiar o setor cultural de forma cont\u00ednua, atrav\u00e9s de repasses de recursos da Uni\u00e3o [&hellip;]<\/p>\n","protected":false},"author":2,"featured_media":2719,"parent":0,"menu_order":0,"comment_status":"closed","ping_status":"closed","template":"","meta":{"footnotes":""},"class_list":["post-2724","page","type-page","status-publish","has-post-thumbnail","hentry"],"_links":{"self":[{"href":"https:\/\/igarapava.sp.gov.br\/site\/wp-json\/wp\/v2\/pages\/2724","targetHints":{"allow":["GET"]}}],"collection":[{"href":"https:\/\/igarapava.sp.gov.br\/site\/wp-json\/wp\/v2\/pages"}],"about":[{"href":"https:\/\/igarapava.sp.gov.br\/site\/wp-json\/wp\/v2\/types\/page"}],"author":[{"embeddable":true,"href":"https:\/\/igarapava.sp.gov.br\/site\/wp-json\/wp\/v2\/users\/2"}],"replies":[{"embeddable":true,"href":"https:\/\/igarapava.sp.gov.br\/site\/wp-json\/wp\/v2\/comments?post=2724"}],"version-history":[{"count":77,"href":"https:\/\/igarapava.sp.gov.br\/site\/wp-json\/wp\/v2\/pages\/2724\/revisions"}],"predecessor-version":[{"id":5375,"href":"https:\/\/igarapava.sp.gov.br\/site\/wp-json\/wp\/v2\/pages\/2724\/revisions\/5375"}],"wp:featuredmedia":[{"embeddable":true,"href":"https:\/\/igarapava.sp.gov.br\/site\/wp-json\/wp\/v2\/media\/2719"}],"wp:attachment":[{"href":"https:\/\/igarapava.sp.gov.br\/site\/wp-json\/wp\/v2\/media?parent=2724"}],"curies":[{"name":"wp","href":"https:\/\/api.w.org\/{rel}","templated":true}]}}