{"id":2698,"date":"2025-04-30T10:31:02","date_gmt":"2025-04-30T13:31:02","guid":{"rendered":"https:\/\/igarapava.sp.gov.br\/site\/?page_id=2698"},"modified":"2025-04-30T10:44:12","modified_gmt":"2025-04-30T13:44:12","slug":"valor-da-terra-nua","status":"publish","type":"page","link":"https:\/\/igarapava.sp.gov.br\/site\/valor-da-terra-nua\/","title":{"rendered":"Valor da Terra Nua"},"content":{"rendered":"\t\t<div data-elementor-type=\"wp-page\" data-elementor-id=\"2698\" class=\"elementor elementor-2698\" data-elementor-post-type=\"page\">\n\t\t\t\t<div class=\"elementor-element elementor-element-8712dde e-flex e-con-boxed e-con e-parent\" data-id=\"8712dde\" data-element_type=\"container\" data-e-type=\"container\">\n\t\t\t\t\t<div class=\"e-con-inner\">\n\t\t\t\t<div class=\"elementor-element elementor-element-4e997c1 elementor-widget elementor-widget-text-editor\" data-id=\"4e997c1\" data-element_type=\"widget\" data-e-type=\"widget\" data-widget_type=\"text-editor.default\">\n\t\t\t\t\t\t\t\t\t<p>A Prefeitura Municipal de Igarapava disponibiliza anualmente os Valores de Terra Nua (VTN) referentes ao munic\u00edpio.<\/p><p>Este valor \u00e9 fundamental para o c\u00e1lculo do Imposto sobre a Propriedade Territorial Rural (ITR). A correta utiliza\u00e7\u00e3o do VTN na declara\u00e7\u00e3o do ITR \u00e9 essencial para que os propriet\u00e1rios rurais estejam em conformidade com a legisla\u00e7\u00e3o tribut\u00e1ria federal e municipal.<\/p><p>Os valores s\u00e3o definidos com base em levantamento t\u00e9cnico realizado no munic\u00edpio, seguindo as normas estabelecidas pela Receita Federal do Brasil, e refletem as diferentes aptid\u00f5es agr\u00edcolas do solo em Igarapava.<\/p><p>Consulte abaixo os links para download dos Valores de Terra Nua (VTN) por ano:<\/p>\t\t\t\t\t\t\t\t<\/div>\n\t\t\t\t<div class=\"elementor-element elementor-element-ac9a068 elementor-widget elementor-widget-text-editor\" data-id=\"ac9a068\" data-element_type=\"widget\" data-e-type=\"widget\" data-widget_type=\"text-editor.default\">\n\t\t\t\t\t\t\t\t\t<a  data-e-Disable-Page-Transition=\"true\" class=\"download-link\" title=\"\" href=\"https:\/\/igarapava.sp.gov.br\/site\/baixar\/2708\/?tmstv=1776445254\" rel=\"nofollow\" id=\"download-link-2708\" data-redirect=\"false\" >\n\tVTN 2025.pdf<\/a>\n\n<p><a  data-e-Disable-Page-Transition=\"true\" class=\"download-link\" title=\"\" href=\"https:\/\/igarapava.sp.gov.br\/site\/baixar\/2705\/?tmstv=1776445254\" rel=\"nofollow\" id=\"download-link-2705\" data-redirect=\"false\" >\n\tVTN-2024.pdf<\/a>\n<br><br><br><\/p>\t\t\t\t\t\t\t\t<\/div>\n\t\t\t\t\t<\/div>\n\t\t\t\t<\/div>\n\t\t\t\t<\/div>\n\t\t","protected":false},"excerpt":{"rendered":"<p>A Prefeitura Municipal de Igarapava disponibiliza anualmente os Valores de Terra Nua (VTN) referentes ao munic\u00edpio. Este valor \u00e9 fundamental para o c\u00e1lculo do Imposto sobre a Propriedade Territorial Rural (ITR). A correta utiliza\u00e7\u00e3o do VTN na declara\u00e7\u00e3o do ITR \u00e9 essencial para que os propriet\u00e1rios rurais estejam em conformidade com a legisla\u00e7\u00e3o tribut\u00e1ria federal [&hellip;]<\/p>\n","protected":false},"author":1,"featured_media":0,"parent":0,"menu_order":0,"comment_status":"closed","ping_status":"closed","template":"","meta":{"footnotes":""},"class_list":["post-2698","page","type-page","status-publish","hentry"],"_links":{"self":[{"href":"https:\/\/igarapava.sp.gov.br\/site\/wp-json\/wp\/v2\/pages\/2698","targetHints":{"allow":["GET"]}}],"collection":[{"href":"https:\/\/igarapava.sp.gov.br\/site\/wp-json\/wp\/v2\/pages"}],"about":[{"href":"https:\/\/igarapava.sp.gov.br\/site\/wp-json\/wp\/v2\/types\/page"}],"author":[{"embeddable":true,"href":"https:\/\/igarapava.sp.gov.br\/site\/wp-json\/wp\/v2\/users\/1"}],"replies":[{"embeddable":true,"href":"https:\/\/igarapava.sp.gov.br\/site\/wp-json\/wp\/v2\/comments?post=2698"}],"version-history":[{"count":4,"href":"https:\/\/igarapava.sp.gov.br\/site\/wp-json\/wp\/v2\/pages\/2698\/revisions"}],"predecessor-version":[{"id":2712,"href":"https:\/\/igarapava.sp.gov.br\/site\/wp-json\/wp\/v2\/pages\/2698\/revisions\/2712"}],"wp:attachment":[{"href":"https:\/\/igarapava.sp.gov.br\/site\/wp-json\/wp\/v2\/media?parent=2698"}],"curies":[{"name":"wp","href":"https:\/\/api.w.org\/{rel}","templated":true}]}}