{"id":22,"date":"2025-01-14T20:59:17","date_gmt":"2025-01-14T20:59:17","guid":{"rendered":"https:\/\/igarapava.sp.gov.br\/portal\/?page_id=22"},"modified":"2025-01-16T14:01:16","modified_gmt":"2025-01-16T14:01:16","slug":"sobre-a-cidade","status":"publish","type":"page","link":"https:\/\/igarapava.sp.gov.br\/site\/sobre-a-cidade\/","title":{"rendered":"Hist\u00f3ria"},"content":{"rendered":"\n<blockquote class=\"wp-block-quote is-layout-flow wp-block-quote-is-layout-flow\">\n<p>As terras onde hoje se localiza o munic\u00edpio de Igarapava foram local de passagem e descanso dos bandeirantes paulistas rumo \u00e0s minas dos \u00edndios goiazes. Essas terras foram doadas pela Coroa Portuguesa, por volta de 1720, aos bandeirantes Bartolomeu Bueno da Silva (o Anhanguera) e Jo\u00e3o Leite da Silva Ortiz.<\/p>\n\n\n\n<p>Em 1842, o capit\u00e3o Anselmo Ferreira de Barcelos, que nestas terras j\u00e1 residia na Fazenda Vargem Alegre (foragido que veio de Franca, onde era acusado de matar uma pessoa, e de atentar contra a vida do juiz de paz daquela localidade), juntamente com o padre Zeferino Baptista do Carmo, erigiram a Capela de Santa Rita do Para\u00edso. O citado capit\u00e3o doou parte de suas terras ao patrim\u00f4nio da santa.<\/p>\n\n\n\n<p>Em 7 de fevereiro de 1851, a Lei Sete elevou o povoado \u00e0 categoria de distrito. Em 25 de agosto de 1892, pela Lei Estadual Oitenta, foi criada a Comarca de Santa Rita do Para\u00edso. Em 19 de dezembro de 1906, Santa Rita do Para\u00edso foi elevada \u00e0 categoria de munic\u00edpio pela Lei Estadual 1 038. Em 4 de novembro de 1907, pela Lei Estadual 1 097, o munic\u00edpio e comarca de Santa Rita do Para\u00edso teve seu nome mudado para<strong>&nbsp;Igarapava<\/strong>.<\/p>\n\n\n\n<p>O Munic\u00edpio de Igarapava se localiza na bacia hidrogr\u00e1fica do Vale do Rio Grande. Regi\u00e3o com forte potencial tur\u00edstico.<\/p>\n<\/blockquote>\n\n\n\n<p><\/p>\n","protected":false},"excerpt":{"rendered":"<p>As terras onde hoje se localiza o munic\u00edpio de Igarapava foram local de passagem e descanso dos bandeirantes paulistas rumo \u00e0s minas dos \u00edndios goiazes. Essas terras foram doadas pela Coroa Portuguesa, por volta de 1720, aos bandeirantes Bartolomeu Bueno da Silva (o Anhanguera) e Jo\u00e3o Leite da Silva Ortiz. Em 1842, o capit\u00e3o Anselmo [&hellip;]<\/p>\n","protected":false},"author":1,"featured_media":0,"parent":0,"menu_order":0,"comment_status":"closed","ping_status":"closed","template":"","meta":{"footnotes":""},"class_list":["post-22","page","type-page","status-publish","hentry"],"_links":{"self":[{"href":"https:\/\/igarapava.sp.gov.br\/site\/wp-json\/wp\/v2\/pages\/22","targetHints":{"allow":["GET"]}}],"collection":[{"href":"https:\/\/igarapava.sp.gov.br\/site\/wp-json\/wp\/v2\/pages"}],"about":[{"href":"https:\/\/igarapava.sp.gov.br\/site\/wp-json\/wp\/v2\/types\/page"}],"author":[{"embeddable":true,"href":"https:\/\/igarapava.sp.gov.br\/site\/wp-json\/wp\/v2\/users\/1"}],"replies":[{"embeddable":true,"href":"https:\/\/igarapava.sp.gov.br\/site\/wp-json\/wp\/v2\/comments?post=22"}],"version-history":[{"count":3,"href":"https:\/\/igarapava.sp.gov.br\/site\/wp-json\/wp\/v2\/pages\/22\/revisions"}],"predecessor-version":[{"id":365,"href":"https:\/\/igarapava.sp.gov.br\/site\/wp-json\/wp\/v2\/pages\/22\/revisions\/365"}],"wp:attachment":[{"href":"https:\/\/igarapava.sp.gov.br\/site\/wp-json\/wp\/v2\/media?parent=22"}],"curies":[{"name":"wp","href":"https:\/\/api.w.org\/{rel}","templated":true}]}}