{"id":1783,"date":"2025-02-14T15:37:52","date_gmt":"2025-02-14T18:37:52","guid":{"rendered":"https:\/\/igarapava.sp.gov.br\/site\/?page_id=1783"},"modified":"2026-02-20T12:23:48","modified_gmt":"2026-02-20T15:23:48","slug":"santa-casa-de-misericordia-de-ituverava","status":"publish","type":"page","link":"https:\/\/igarapava.sp.gov.br\/site\/santa-casa-de-misericordia-de-ituverava\/","title":{"rendered":"Santa Casa de Miseric\u00f3rdia de Ituverava"},"content":{"rendered":"\t\t<div data-elementor-type=\"wp-page\" data-elementor-id=\"1783\" class=\"elementor elementor-1783\" data-elementor-post-type=\"page\">\n\t\t\t\t<div class=\"elementor-element elementor-element-f39153f e-flex e-con-boxed e-con e-parent\" data-id=\"f39153f\" data-element_type=\"container\" data-e-type=\"container\">\n\t\t\t\t\t<div class=\"e-con-inner\">\n\t\t\t\t<div class=\"elementor-element elementor-element-a7b7d46 elementor-widget elementor-widget-image\" data-id=\"a7b7d46\" data-element_type=\"widget\" data-e-type=\"widget\" data-widget_type=\"image.default\">\n\t\t\t\t\t\t\t\t\t\t\t\t\t\t\t<img decoding=\"async\" width=\"300\" height=\"97\" src=\"https:\/\/igarapava.sp.gov.br\/site\/wp-content\/uploads\/2026\/02\/santa_casa_ituverava-300x97.png\" class=\"attachment-medium size-medium wp-image-5213\" alt=\"\" srcset=\"https:\/\/igarapava.sp.gov.br\/site\/wp-content\/uploads\/2026\/02\/santa_casa_ituverava-300x97.png 300w, https:\/\/igarapava.sp.gov.br\/site\/wp-content\/uploads\/2026\/02\/santa_casa_ituverava-1024x333.png 1024w, https:\/\/igarapava.sp.gov.br\/site\/wp-content\/uploads\/2026\/02\/santa_casa_ituverava-768x250.png 768w, https:\/\/igarapava.sp.gov.br\/site\/wp-content\/uploads\/2026\/02\/santa_casa_ituverava-1536x499.png 1536w, https:\/\/igarapava.sp.gov.br\/site\/wp-content\/uploads\/2026\/02\/santa_casa_ituverava-2048x665.png 2048w\" sizes=\"(max-width: 300px) 100vw, 300px\" \/>\t\t\t\t\t\t\t\t\t\t\t\t\t\t\t<\/div>\n\t\t\t\t<div class=\"elementor-element elementor-element-f47573c elementor-widget elementor-widget-text-editor\" data-id=\"f47573c\" data-element_type=\"widget\" data-e-type=\"widget\" data-widget_type=\"text-editor.default\">\n\t\t\t\t\t\t\t\t\t<h5>A Santa Casa de Miseric\u00f3rdia de Ituverava \u00e9 uma institui\u00e7\u00e3o filantr\u00f3pica dedicada \u00e0 presta\u00e7\u00e3o de servi\u00e7os de sa\u00fade \u00e0 comunidade. Localizada na Pra\u00e7a Monsenhor Jo\u00e3o Rulli, 729, Centro, Ituverava &#8211; SP, CEP: 14500-000, a Santa Casa oferece atendimento m\u00e9dico de qualidade, com foco na humaniza\u00e7\u00e3o e no bem-estar dos pacientes.\u00a0<\/h5><p>Mais informa\u00e7\u00f5es: <a href=\"https:\/\/santacasaituverava.com.br\/\">https:\/\/santacasaituverava.com.br\/<\/a>\u00a0<\/p>\t\t\t\t\t\t\t\t<\/div>\n\t\t\t\t\t<\/div>\n\t\t\t\t<\/div>\n\t\t<div class=\"elementor-element elementor-element-7da54b2 e-flex e-con-boxed e-con e-parent\" data-id=\"7da54b2\" data-element_type=\"container\" data-e-type=\"container\">\n\t\t\t\t\t<div class=\"e-con-inner\">\n\t\t<div class=\"elementor-element elementor-element-893d31d e-con-full e-flex e-con e-child\" data-id=\"893d31d\" data-element_type=\"container\" data-e-type=\"container\">\n\t\t\t\t<div class=\"elementor-element elementor-element-4813c57 elementor-widget elementor-widget-heading\" data-id=\"4813c57\" data-element_type=\"widget\" data-e-type=\"widget\" data-widget_type=\"heading.default\">\n\t\t\t\t\t<h2 class=\"elementor-heading-title elementor-size-default\">Documentos Auxiliares<\/h2>\t\t\t\t<\/div>\n\t\t\t\t<div class=\"elementor-element elementor-element-cc2ca01 elementor-widget elementor-widget-spacer\" data-id=\"cc2ca01\" data-element_type=\"widget\" data-e-type=\"widget\" data-widget_type=\"spacer.default\">\n\t\t\t\t\t\t\t<div class=\"elementor-spacer\">\n\t\t\t<div class=\"elementor-spacer-inner\"><\/div>\n\t\t<\/div>\n\t\t\t\t\t\t<\/div>\n\t\t\t\t<div class=\"elementor-element elementor-element-0abc0ed elementor-widget elementor-widget-n-accordion\" data-id=\"0abc0ed\" data-element_type=\"widget\" data-e-type=\"widget\" data-settings=\"{&quot;default_state&quot;:&quot;all_collapsed&quot;,&quot;max_items_expended&quot;:&quot;one&quot;,&quot;n_accordion_animation_duration&quot;:{&quot;unit&quot;:&quot;ms&quot;,&quot;size&quot;:400,&quot;sizes&quot;:[]}}\" data-widget_type=\"nested-accordion.default\">\n\t\t\t\t\t\t\t<div class=\"e-n-accordion\" aria-label=\"Accordion. Open links with Enter or Space, close with Escape, and navigate with Arrow Keys\">\n\t\t\t\t\t\t<details id=\"e-n-accordion-item-1120\" class=\"e-n-accordion-item\" >\n\t\t\t\t<summary class=\"e-n-accordion-item-title\" data-accordion-index=\"1\" tabindex=\"0\" aria-expanded=\"false\" aria-controls=\"e-n-accordion-item-1120\" >\n\t\t\t\t\t<span class='e-n-accordion-item-title-header'><div class=\"e-n-accordion-item-title-text\"> Exerc\u00edcio de 2025 <\/div><\/span>\n\t\t\t\t\t\t\t<span class='e-n-accordion-item-title-icon'>\n\t\t\t<span class='e-opened' ><svg aria-hidden=\"true\" class=\"e-font-icon-svg e-fas-minus\" viewBox=\"0 0 448 512\" xmlns=\"http:\/\/www.w3.org\/2000\/svg\"><path d=\"M416 208H32c-17.67 0-32 14.33-32 32v32c0 17.67 14.33 32 32 32h384c17.67 0 32-14.33 32-32v-32c0-17.67-14.33-32-32-32z\"><\/path><\/svg><\/span>\n\t\t\t<span class='e-closed'><svg aria-hidden=\"true\" class=\"e-font-icon-svg e-fas-plus\" viewBox=\"0 0 448 512\" xmlns=\"http:\/\/www.w3.org\/2000\/svg\"><path d=\"M416 208H272V64c0-17.67-14.33-32-32-32h-32c-17.67 0-32 14.33-32 32v144H32c-17.67 0-32 14.33-32 32v32c0 17.67 14.33 32 32 32h144v144c0 17.67 14.33 32 32 32h32c17.67 0 32-14.33 32-32V304h144c17.67 0 32-14.33 32-32v-32c0-17.67-14.33-32-32-32z\"><\/path><\/svg><\/span>\n\t\t<\/span>\n\n\t\t\t\t\t\t<\/summary>\n\t\t\t\t<div role=\"region\" aria-labelledby=\"e-n-accordion-item-1120\" class=\"elementor-element elementor-element-6b04676 e-con-full e-flex e-con e-child\" data-id=\"6b04676\" data-element_type=\"container\" data-e-type=\"container\">\n\t\t\t\t<div class=\"elementor-element elementor-element-73ff5f4 elementor-widget elementor-widget-n-accordion\" data-id=\"73ff5f4\" data-element_type=\"widget\" data-e-type=\"widget\" data-settings=\"{&quot;default_state&quot;:&quot;all_collapsed&quot;,&quot;max_items_expended&quot;:&quot;one&quot;,&quot;n_accordion_animation_duration&quot;:{&quot;unit&quot;:&quot;ms&quot;,&quot;size&quot;:400,&quot;sizes&quot;:[]}}\" data-widget_type=\"nested-accordion.default\">\n\t\t\t\t\t\t\t<div class=\"e-n-accordion\" aria-label=\"Accordion. Open links with Enter or Space, close with Escape, and navigate with Arrow Keys\">\n\t\t\t\t\t\t<details id=\"e-n-accordion-item-1210\" class=\"e-n-accordion-item\" >\n\t\t\t\t<summary class=\"e-n-accordion-item-title\" data-accordion-index=\"1\" tabindex=\"0\" aria-expanded=\"false\" aria-controls=\"e-n-accordion-item-1210\" >\n\t\t\t\t\t<span class='e-n-accordion-item-title-header'><div class=\"e-n-accordion-item-title-text\"> Conv\u00eanio \u2013 01\/2024 <\/div><\/span>\n\t\t\t\t\t\t\t<span class='e-n-accordion-item-title-icon'>\n\t\t\t<span class='e-opened' ><svg aria-hidden=\"true\" class=\"e-font-icon-svg e-fas-minus\" viewBox=\"0 0 448 512\" xmlns=\"http:\/\/www.w3.org\/2000\/svg\"><path d=\"M416 208H32c-17.67 0-32 14.33-32 32v32c0 17.67 14.33 32 32 32h384c17.67 0 32-14.33 32-32v-32c0-17.67-14.33-32-32-32z\"><\/path><\/svg><\/span>\n\t\t\t<span class='e-closed'><svg aria-hidden=\"true\" class=\"e-font-icon-svg e-fas-plus\" viewBox=\"0 0 448 512\" xmlns=\"http:\/\/www.w3.org\/2000\/svg\"><path d=\"M416 208H272V64c0-17.67-14.33-32-32-32h-32c-17.67 0-32 14.33-32 32v144H32c-17.67 0-32 14.33-32 32v32c0 17.67 14.33 32 32 32h144v144c0 17.67 14.33 32 32 32h32c17.67 0 32-14.33 32-32V304h144c17.67 0 32-14.33 32-32v-32c0-17.67-14.33-32-32-32z\"><\/path><\/svg><\/span>\n\t\t<\/span>\n\n\t\t\t\t\t\t<\/summary>\n\t\t\t\t<div role=\"region region\" aria-labelledby=\"e-n-accordion-item-1120 e-n-accordion-item-1210\" class=\"elementor-element elementor-element-a56ae38 e-con-full e-flex e-con e-child\" data-id=\"a56ae38\" data-element_type=\"container\" data-e-type=\"container\">\n\t\t\t\t<div class=\"elementor-element elementor-element-fc128c1 elementor-widget elementor-widget-shortcode\" data-id=\"fc128c1\" data-element_type=\"widget\" data-e-type=\"widget\" data-widget_type=\"shortcode.default\">\n\t\t\t\t\t\t\t<div class=\"elementor-shortcode\"><ul class=\"dlm-downloads\"><li><a  data-e-Disable-Page-Transition=\"true\" class=\"download-link\" title=\"\" href=\"https:\/\/igarapava.sp.gov.br\/site\/baixar\/3718\/?tmstv=1776452102\" rel=\"nofollow\" id=\"download-link-3718\" data-redirect=\"false\" >\n\tPLANO DE TRABALHO 1\u00ba ADITIVO CONV 01-2024<\/a>\n<\/li><li><a  data-e-Disable-Page-Transition=\"true\" class=\"download-link\" title=\"\" href=\"https:\/\/igarapava.sp.gov.br\/site\/baixar\/3715\/?tmstv=1776452102\" rel=\"nofollow\" id=\"download-link-3715\" data-redirect=\"false\" >\n\t1\u00ba ADITIVO AO TERMO DE CONV\u00caNIO 01-2024<\/a>\n<\/li><\/ul>\n\t\t\t\t<\/div>\n\t\t\t\t\t\t<\/div>\n\t\t\t\t<\/div>\n\t\t\t\t\t<\/details>\n\t\t\t\t\t<\/div>\n\t\t\t\t\t\t<\/div>\n\t\t\t\t<\/div>\n\t\t\t\t\t<\/details>\n\t\t\t\t\t\t<details id=\"e-n-accordion-item-1121\" class=\"e-n-accordion-item\" >\n\t\t\t\t<summary class=\"e-n-accordion-item-title\" data-accordion-index=\"2\" tabindex=\"-1\" aria-expanded=\"false\" aria-controls=\"e-n-accordion-item-1121\" >\n\t\t\t\t\t<span class='e-n-accordion-item-title-header'><div class=\"e-n-accordion-item-title-text\"> Exerc\u00edcio de 2024 <\/div><\/span>\n\t\t\t\t\t\t\t<span class='e-n-accordion-item-title-icon'>\n\t\t\t<span class='e-opened' ><svg aria-hidden=\"true\" class=\"e-font-icon-svg e-fas-minus\" viewBox=\"0 0 448 512\" xmlns=\"http:\/\/www.w3.org\/2000\/svg\"><path d=\"M416 208H32c-17.67 0-32 14.33-32 32v32c0 17.67 14.33 32 32 32h384c17.67 0 32-14.33 32-32v-32c0-17.67-14.33-32-32-32z\"><\/path><\/svg><\/span>\n\t\t\t<span class='e-closed'><svg aria-hidden=\"true\" class=\"e-font-icon-svg e-fas-plus\" viewBox=\"0 0 448 512\" xmlns=\"http:\/\/www.w3.org\/2000\/svg\"><path d=\"M416 208H272V64c0-17.67-14.33-32-32-32h-32c-17.67 0-32 14.33-32 32v144H32c-17.67 0-32 14.33-32 32v32c0 17.67 14.33 32 32 32h144v144c0 17.67 14.33 32 32 32h32c17.67 0 32-14.33 32-32V304h144c17.67 0 32-14.33 32-32v-32c0-17.67-14.33-32-32-32z\"><\/path><\/svg><\/span>\n\t\t<\/span>\n\n\t\t\t\t\t\t<\/summary>\n\t\t\t\t<div role=\"region\" aria-labelledby=\"e-n-accordion-item-1121\" class=\"elementor-element elementor-element-3e46ed6 e-con-full e-flex e-con e-child\" data-id=\"3e46ed6\" data-element_type=\"container\" data-e-type=\"container\">\n\t\t\t\t<div class=\"elementor-element elementor-element-39e92a1 elementor-widget elementor-widget-n-accordion\" data-id=\"39e92a1\" data-element_type=\"widget\" data-e-type=\"widget\" data-settings=\"{&quot;default_state&quot;:&quot;all_collapsed&quot;,&quot;max_items_expended&quot;:&quot;one&quot;,&quot;n_accordion_animation_duration&quot;:{&quot;unit&quot;:&quot;ms&quot;,&quot;size&quot;:400,&quot;sizes&quot;:[]}}\" data-widget_type=\"nested-accordion.default\">\n\t\t\t\t\t\t\t<div class=\"e-n-accordion\" aria-label=\"Accordion. Open links with Enter or Space, close with Escape, and navigate with Arrow Keys\">\n\t\t\t\t\t\t<details id=\"e-n-accordion-item-6070\" class=\"e-n-accordion-item\" >\n\t\t\t\t<summary class=\"e-n-accordion-item-title\" data-accordion-index=\"1\" tabindex=\"0\" aria-expanded=\"false\" aria-controls=\"e-n-accordion-item-6070\" >\n\t\t\t\t\t<span class='e-n-accordion-item-title-header'><div class=\"e-n-accordion-item-title-text\"> Conv\u00eanio \u2013 01\/2024 <\/div><\/span>\n\t\t\t\t\t\t\t<span class='e-n-accordion-item-title-icon'>\n\t\t\t<span class='e-opened' ><svg aria-hidden=\"true\" class=\"e-font-icon-svg e-fas-minus\" viewBox=\"0 0 448 512\" xmlns=\"http:\/\/www.w3.org\/2000\/svg\"><path d=\"M416 208H32c-17.67 0-32 14.33-32 32v32c0 17.67 14.33 32 32 32h384c17.67 0 32-14.33 32-32v-32c0-17.67-14.33-32-32-32z\"><\/path><\/svg><\/span>\n\t\t\t<span class='e-closed'><svg aria-hidden=\"true\" class=\"e-font-icon-svg e-fas-plus\" viewBox=\"0 0 448 512\" xmlns=\"http:\/\/www.w3.org\/2000\/svg\"><path d=\"M416 208H272V64c0-17.67-14.33-32-32-32h-32c-17.67 0-32 14.33-32 32v144H32c-17.67 0-32 14.33-32 32v32c0 17.67 14.33 32 32 32h144v144c0 17.67 14.33 32 32 32h32c17.67 0 32-14.33 32-32V304h144c17.67 0 32-14.33 32-32v-32c0-17.67-14.33-32-32-32z\"><\/path><\/svg><\/span>\n\t\t<\/span>\n\n\t\t\t\t\t\t<\/summary>\n\t\t\t\t<div role=\"region region\" aria-labelledby=\"e-n-accordion-item-1121 e-n-accordion-item-6070\" class=\"elementor-element elementor-element-1bd5c8e e-con-full e-flex e-con e-child\" data-id=\"1bd5c8e\" data-element_type=\"container\" data-e-type=\"container\">\n\t\t\t\t<div class=\"elementor-element elementor-element-98888a4 elementor-widget elementor-widget-shortcode\" data-id=\"98888a4\" data-element_type=\"widget\" data-e-type=\"widget\" data-widget_type=\"shortcode.default\">\n\t\t\t\t\t\t\t<div class=\"elementor-shortcode\"><ul class=\"dlm-downloads\"><li><a  data-e-Disable-Page-Transition=\"true\" class=\"download-link\" title=\"Vers\u00e3o conv\" href=\"https:\/\/igarapava.sp.gov.br\/site\/baixar\/3907\/?tmstv=1776452102\" rel=\"nofollow\" id=\"download-link-3907\" data-redirect=\"false\" >\n\tPARECER CONCLUSIVO 2024<\/a>\n<\/li><li><a  data-e-Disable-Page-Transition=\"true\" class=\"download-link\" title=\"Vers\u00e3o demonstra\u00c7\u00d5es cont\u00c1beis\" href=\"https:\/\/igarapava.sp.gov.br\/site\/baixar\/3901\/?tmstv=1776452102\" rel=\"nofollow\" id=\"download-link-3901\" data-redirect=\"false\" >\n\tDEMONSTRA\u00c7\u00d5ES CONT\u00c1BEIS 2024<\/a>\n<\/li><li><a  data-e-Disable-Page-Transition=\"true\" class=\"download-link\" title=\"Vers\u00e3o dirigentes\" href=\"https:\/\/igarapava.sp.gov.br\/site\/baixar\/3712\/?tmstv=1776452102\" rel=\"nofollow\" id=\"download-link-3712\" data-redirect=\"false\" >\n\tDIRIGENTES 2024<\/a>\n<\/li><li><a  data-e-Disable-Page-Transition=\"true\" class=\"download-link\" title=\"Vers\u00e3o 2024\" href=\"https:\/\/igarapava.sp.gov.br\/site\/baixar\/3055\/?tmstv=1776452102\" rel=\"nofollow\" id=\"download-link-3055\" data-redirect=\"false\" >\n\tDEMONSTRATIVO INTEGRAL DAS RECEITAS E DESPESAS<\/a>\n<\/li><li><a  data-e-Disable-Page-Transition=\"true\" class=\"download-link\" title=\"Vers\u00e3o 2024\" href=\"https:\/\/igarapava.sp.gov.br\/site\/baixar\/3052\/?tmstv=1776452102\" rel=\"nofollow\" id=\"download-link-3052\" data-redirect=\"false\" >\n\t1\u00ba APOSTILAMENTO DO CONV\u00caNIO 01-2024<\/a>\n<\/li><li><a  data-e-Disable-Page-Transition=\"true\" class=\"download-link\" title=\"Vers\u00e3o 2024\" href=\"https:\/\/igarapava.sp.gov.br\/site\/baixar\/3049\/?tmstv=1776452102\" rel=\"nofollow\" id=\"download-link-3049\" data-redirect=\"false\" >\n\tPLANO DE TRABALHO TERMO DE CONV\u00caNIO 01-2024<\/a>\n<\/li><li><a  data-e-Disable-Page-Transition=\"true\" class=\"download-link\" title=\"Vers\u00e3o 2024\" href=\"https:\/\/igarapava.sp.gov.br\/site\/baixar\/3046\/?tmstv=1776452102\" rel=\"nofollow\" id=\"download-link-3046\" data-redirect=\"false\" >\n\tTERMO DE CONV\u00caNIO 01-2024<\/a>\n<\/li><\/ul>\n\t\t\t\t<\/div>\n\t\t\t\t\t\t<\/div>\n\t\t\t\t<\/div>\n\t\t\t\t\t<\/details>\n\t\t\t\t\t<\/div>\n\t\t\t\t\t\t<\/div>\n\t\t\t\t<\/div>\n\t\t\t\t\t<\/details>\n\t\t\t\t\t<\/div>\n\t\t\t\t\t\t<\/div>\n\t\t\t\t<\/div>\n\t\t\t\t\t<\/div>\n\t\t\t\t<\/div>\n\t\t\t\t<\/div>\n\t\t","protected":false},"excerpt":{"rendered":"<p>A Santa Casa de Miseric\u00f3rdia de Ituverava \u00e9 uma institui\u00e7\u00e3o filantr\u00f3pica dedicada \u00e0 presta\u00e7\u00e3o de servi\u00e7os de sa\u00fade \u00e0 comunidade. Localizada na Pra\u00e7a Monsenhor Jo\u00e3o Rulli, 729, Centro, Ituverava &#8211; SP, CEP: 14500-000, a Santa Casa oferece atendimento m\u00e9dico de qualidade, com foco na humaniza\u00e7\u00e3o e no bem-estar dos pacientes.\u00a0 Mais informa\u00e7\u00f5es: https:\/\/santacasaituverava.com.br\/\u00a0 Documentos Auxiliares [&hellip;]<\/p>\n","protected":false},"author":1,"featured_media":0,"parent":0,"menu_order":0,"comment_status":"closed","ping_status":"closed","template":"","meta":{"footnotes":""},"class_list":["post-1783","page","type-page","status-publish","hentry"],"_links":{"self":[{"href":"https:\/\/igarapava.sp.gov.br\/site\/wp-json\/wp\/v2\/pages\/1783","targetHints":{"allow":["GET"]}}],"collection":[{"href":"https:\/\/igarapava.sp.gov.br\/site\/wp-json\/wp\/v2\/pages"}],"about":[{"href":"https:\/\/igarapava.sp.gov.br\/site\/wp-json\/wp\/v2\/types\/page"}],"author":[{"embeddable":true,"href":"https:\/\/igarapava.sp.gov.br\/site\/wp-json\/wp\/v2\/users\/1"}],"replies":[{"embeddable":true,"href":"https:\/\/igarapava.sp.gov.br\/site\/wp-json\/wp\/v2\/comments?post=1783"}],"version-history":[{"count":7,"href":"https:\/\/igarapava.sp.gov.br\/site\/wp-json\/wp\/v2\/pages\/1783\/revisions"}],"predecessor-version":[{"id":5217,"href":"https:\/\/igarapava.sp.gov.br\/site\/wp-json\/wp\/v2\/pages\/1783\/revisions\/5217"}],"wp:attachment":[{"href":"https:\/\/igarapava.sp.gov.br\/site\/wp-json\/wp\/v2\/media?parent=1783"}],"curies":[{"name":"wp","href":"https:\/\/api.w.org\/{rel}","templated":true}]}}